{"id":1038,"date":"2017-08-07T07:49:12","date_gmt":"2017-08-07T07:49:12","guid":{"rendered":"http:\/\/demo.harutheme.com\/clarivo\/my-account\/"},"modified":"2025-04-01T12:26:51","modified_gmt":"2025-04-01T10:26:51","slug":"services-clientele","status":"publish","type":"page","link":"https:\/\/lapharmaciexpress.com\/?page_id=1038","title":{"rendered":"Nos services"},"content":{"rendered":"<section class=\"wpb-content-wrapper\"><p>[vc_row][vc_column][vc_column_text]<\/p>\r\n<h3 class=\"wp-block-heading\">UN SERVICE CLIENT\u00c8LE AU SERVICE DES CONSOMMATEURS<\/h3>\r\n<div class=\"flex max-w-full flex-col flex-grow\">\r\n<div class=\"min-h-8 text-message relative flex w-full flex-col items-end gap-2 whitespace-normal break-words text-start [.text-message+&amp;]:mt-5\" dir=\"auto\" data-message-author-role=\"assistant\" data-message-id=\"9e0cb14f-4cb9-4c88-bc13-7ef93afbc30d\" data-message-model-slug=\"gpt-4o-mini\">\r\n<div class=\"flex w-full flex-col gap-1 empty:hidden first:pt-[3px]\">\r\n<div class=\"markdown prose w-full break-words dark:prose-invert light\">\r\n<p data-start=\"44\" data-end=\"110\"><strong data-start=\"44\" data-end=\"110\">Un service client\u00e8le d\u00e9di\u00e9 \u00e0 la satisfaction des consommateurs<\/strong><\/p>\r\n<p data-start=\"112\" data-end=\"646\">Tout client m\u00e9rite des r\u00e9ponses claires et pr\u00e9cises concernant les produits qu\u2019il envisage d\u2019acheter, ainsi que des informations utiles li\u00e9es \u00e0 leur utilisation. Cela inclut des d\u00e9tails sur la qualit\u00e9 du produit, son fonctionnement, la commande et la livraison. Afin d\u2019assurer une enti\u00e8re satisfaction, nous avons mis en place un service client\u00e8le qui est \u00e0 votre disposition pour r\u00e9pondre \u00e0 toutes vos questions. Vous pouvez y obtenir toutes les informations dont vous avez besoin concernant les produits que vous souhaitez acqu\u00e9rir.<\/p>\r\n<p data-start=\"648\" data-end=\"696\"><strong data-start=\"648\" data-end=\"696\">Une disponibilit\u00e9 constante pour nos clients<\/strong><\/p>\r\n<p data-start=\"698\" data-end=\"1603\">Pour nous, le client est au c\u0153ur de notre entreprise. C\u2019est pourquoi nous avons constitu\u00e9 des \u00e9quipes d\u00e9di\u00e9es \u00e0 la satisfaction des consommateurs, pr\u00eates \u00e0 r\u00e9pondre \u00e0 toutes vos questions concernant nos produits. Notre service client\u00e8le est disponible en permanence. Vous pouvez nous contacter directement via la rubrique <em data-start=\"1020\" data-end=\"1029\">Contact<\/em> de notre site web : <a href=\"https:\/\/lapharmaciexpress.com\/\" target=\"_new\" rel=\"noopener\" data-start=\"1050\" data-end=\"1114\">https:\/\/lapharmaciexpress.com\/<\/a>. Il vous suffit de soumettre votre question via le formulaire, en remplissant les informations demand\u00e9es (nom, pr\u00e9nom et adresse e-mail), et vous recevrez une r\u00e9ponse adapt\u00e9e \u00e0 votre demande. Vous pouvez \u00e9galement nous joindre par t\u00e9l\u00e9phone \u00e0 tout moment. Peu importe l&#8217;heure ou le jour, notre \u00e9quipe se fera un plaisir de r\u00e9pondre \u00e0 toutes vos interrogations. Que vous nous contactiez par \u00e9crit ou par t\u00e9l\u00e9phone, vous serez toujours en contact avec un professionnel pr\u00eat \u00e0 vous assister.<\/p>\r\n<p data-start=\"1605\" data-end=\"1660\"><strong data-start=\"1605\" data-end=\"1660\">Des services en ligne pour r\u00e9pondre \u00e0 vos questions<\/strong><\/p>\r\n<p data-start=\"1662\" data-end=\"2381\">Nous mettons \u00e0 votre disposition divers moyens de communication en ligne pour poser toutes vos questions concernant nos produits. Nous traiterons toutes vos pr\u00e9occupations, que ce soit sur la conception, la qualit\u00e9 ou l\u2019efficacit\u00e9 des produits. Nous vous fournirons des r\u00e9ponses pr\u00e9cises concernant la commande : comment la passer, quels sont les moyens de paiement disponibles et si une annulation est possible. Enfin, nous clarifierons toutes vos questions concernant la livraison : d\u00e9lais, moyens d\u2019exp\u00e9dition, modifications d\u2019adresse et co\u00fbts de livraison. Chaque d\u00e9tail est essentiel pour vous, et notre service client\u00e8le est l\u00e0 pour vous fournir des r\u00e9ponses claires et fiables \u00e0 chaque \u00e9tape de votre exp\u00e9rience.<\/p>\r\n<p data-start=\"2383\" data-end=\"2441\"><strong data-start=\"2383\" data-end=\"2441\">Une \u00e9quipe professionnelle et r\u00e9active \u00e0 votre service<\/strong><\/p>\r\n<p data-start=\"2443\" data-end=\"3105\" data-is-last-node=\"\" data-is-only-node=\"\">Dans notre entreprise, la priorit\u00e9 est donn\u00e9e au client. Nous nous assurons que vous disposez de toutes les informations n\u00e9cessaires pour utiliser et appr\u00e9cier pleinement nos produits. C\u2019est pourquoi nous avons mis en place une \u00e9quipe de service client\u00e8le comp\u00e9tente et r\u00e9active, pr\u00eate \u00e0 r\u00e9pondre \u00e0 toutes vos questions. Elle est disponible \u00e0 tout moment pour vous fournir l\u2019assistance dont vous avez besoin. Si vous \u00eates d\u00e9j\u00e0 client ou souhaitez acqu\u00e9rir l&#8217;un de nos produits, n\u2019h\u00e9sitez pas \u00e0 nous contacter par <strong>WhatsApp<\/strong> au <span style=\"color: #0000ff;\"><strong>+33669935055<\/strong> <\/span>ou par email \u00e0 <span style=\"color: #0000ff;\"><strong><a style=\"color: #0000ff;\" rel=\"noopener\" data-start=\"2996\" data-end=\"3023\">lapharmaciexpress@gmail.com<\/a><\/strong><\/span>. Nous serons ravis de vous fournir toutes les informations dont vous avez besoin.<\/p>\r\n<\/div>\r\n<\/div>\r\n<\/div>\r\n<\/div>\r\n<div class=\"mb-2 flex gap-3 -ml-2\" tabindex=\"0\">\r\n<div class=\"flex items-center justify-start rounded-xl p-1\">\r\n<div>\r\n<div class=\"flex items-center transition-opacity group-hover\/turn:opacity-100 opacity-100\">\u00a0<\/div>\r\n<\/div>\r\n<\/div>\r\n<\/div>\r\n<p>[\/vc_column_text][\/vc_column][\/vc_row]<\/p><\/section>","protected":false},"excerpt":{"rendered":"<p>[vc_row][vc_column][vc_column_text] UN SERVICE CLIENT\u00c8LE AU SERVICE DES CONSOMMATEURS Un service client\u00e8le d\u00e9di\u00e9 \u00e0 la satisfaction des consommateurs Tout client m\u00e9rite des r\u00e9ponses claires et pr\u00e9cises concernant les produits qu\u2019il envisage d\u2019acheter, ainsi que des informations utiles li\u00e9es \u00e0 leur utilisation. Cela inclut des d\u00e9tails sur la qualit\u00e9 du produit, son fonctionnement, la commande et la [&hellip;]<\/p>\n","protected":false},"author":1,"featured_media":0,"parent":0,"menu_order":0,"comment_status":"closed","ping_status":"closed","template":"","meta":{"footnotes":""},"class_list":["post-1038","page","type-page","status-publish","hentry","clearfix"],"yoast_head":"<!-- This site is optimized with the Yoast SEO plugin v27.4 - https:\/\/yoast.com\/product\/yoast-seo-wordpress\/ -->\n<title>Nos services - La Pharmacie Express<\/title>\n<meta name=\"description\" content=\"D\u00e9couvrez les services d\u00e9di\u00e9s \u00e0 votre satisfaction sur lapharmaciexpress.com : service client\u00e8le r\u00e9actif, conseils personnalis\u00e9s, informations sur nos produits, commandes en ligne s\u00e9curis\u00e9es, et livraison rapide. Nous sommes l\u00e0 pour vous accompagner \u00e0 chaque \u00e9tape.\" \/>\n<meta name=\"robots\" content=\"index, follow, max-snippet:-1, max-image-preview:large, max-video-preview:-1\" \/>\n<link rel=\"canonical\" href=\"https:\/\/lapharmaciexpress.com\/?page_id=1038\" \/>\n<meta property=\"og:locale\" content=\"fr_FR\" \/>\n<meta property=\"og:type\" content=\"article\" \/>\n<meta property=\"og:title\" content=\"Nos services - La Pharmacie Express\" \/>\n<meta property=\"og:description\" content=\"D\u00e9couvrez les services d\u00e9di\u00e9s \u00e0 votre satisfaction sur lapharmaciexpress.com : service client\u00e8le r\u00e9actif, conseils personnalis\u00e9s, informations sur nos produits, commandes en ligne s\u00e9curis\u00e9es, et livraison rapide. Nous sommes l\u00e0 pour vous accompagner \u00e0 chaque \u00e9tape.\" \/>\n<meta property=\"og:url\" content=\"https:\/\/lapharmaciexpress.com\/?page_id=1038\" \/>\n<meta property=\"og:site_name\" content=\"La Pharmacie Express\" \/>\n<meta property=\"article:modified_time\" content=\"2025-04-01T10:26:51+00:00\" \/>\n<meta name=\"twitter:card\" content=\"summary_large_image\" \/>\n<meta name=\"twitter:label1\" content=\"Dur\u00e9e de lecture estim\u00e9e\" \/>\n\t<meta name=\"twitter:data1\" content=\"3 minutes\" \/>\n<script type=\"application\/ld+json\" class=\"yoast-schema-graph\">{\"@context\":\"https:\\\/\\\/schema.org\",\"@graph\":[{\"@type\":\"WebPage\",\"@id\":\"https:\\\/\\\/lapharmaciexpress.com\\\/?page_id=1038\",\"url\":\"https:\\\/\\\/lapharmaciexpress.com\\\/?page_id=1038\",\"name\":\"Nos services - La Pharmacie Express\",\"isPartOf\":{\"@id\":\"https:\\\/\\\/lapharmaciexpress.com\\\/#website\"},\"datePublished\":\"2017-08-07T07:49:12+00:00\",\"dateModified\":\"2025-04-01T10:26:51+00:00\",\"description\":\"D\u00e9couvrez les services d\u00e9di\u00e9s \u00e0 votre satisfaction sur lapharmaciexpress.com : service client\u00e8le r\u00e9actif, conseils personnalis\u00e9s, informations sur nos produits, commandes en ligne s\u00e9curis\u00e9es, et livraison rapide. Nous sommes l\u00e0 pour vous accompagner \u00e0 chaque \u00e9tape.\",\"breadcrumb\":{\"@id\":\"https:\\\/\\\/lapharmaciexpress.com\\\/?page_id=1038#breadcrumb\"},\"inLanguage\":\"fr-FR\",\"potentialAction\":[{\"@type\":\"ReadAction\",\"target\":[\"https:\\\/\\\/lapharmaciexpress.com\\\/?page_id=1038\"]}]},{\"@type\":\"BreadcrumbList\",\"@id\":\"https:\\\/\\\/lapharmaciexpress.com\\\/?page_id=1038#breadcrumb\",\"itemListElement\":[{\"@type\":\"ListItem\",\"position\":1,\"name\":\"Accueil\",\"item\":\"https:\\\/\\\/lapharmaciexpress.com\\\/\"},{\"@type\":\"ListItem\",\"position\":2,\"name\":\"Nos services\"}]},{\"@type\":\"WebSite\",\"@id\":\"https:\\\/\\\/lapharmaciexpress.com\\\/#website\",\"url\":\"https:\\\/\\\/lapharmaciexpress.com\\\/\",\"name\":\"La Pharmacie Express\",\"description\":\"La pharmacie en ligne\",\"publisher\":{\"@id\":\"https:\\\/\\\/lapharmaciexpress.com\\\/#organization\"},\"potentialAction\":[{\"@type\":\"SearchAction\",\"target\":{\"@type\":\"EntryPoint\",\"urlTemplate\":\"https:\\\/\\\/lapharmaciexpress.com\\\/?s={search_term_string}\"},\"query-input\":{\"@type\":\"PropertyValueSpecification\",\"valueRequired\":true,\"valueName\":\"search_term_string\"}}],\"inLanguage\":\"fr-FR\"},{\"@type\":\"Organization\",\"@id\":\"https:\\\/\\\/lapharmaciexpress.com\\\/#organization\",\"name\":\"La Pharmacie Express\",\"url\":\"https:\\\/\\\/lapharmaciexpress.com\\\/\",\"logo\":{\"@type\":\"ImageObject\",\"inLanguage\":\"fr-FR\",\"@id\":\"https:\\\/\\\/lapharmaciexpress.com\\\/#\\\/schema\\\/logo\\\/image\\\/\",\"url\":\"https:\\\/\\\/lapharmaciexpress.com\\\/wp-content\\\/uploads\\\/2019\\\/07\\\/ico-Lapharmacie-express.png\",\"contentUrl\":\"https:\\\/\\\/lapharmaciexpress.com\\\/wp-content\\\/uploads\\\/2019\\\/07\\\/ico-Lapharmacie-express.png\",\"width\":362,\"height\":300,\"caption\":\"La Pharmacie Express\"},\"image\":{\"@id\":\"https:\\\/\\\/lapharmaciexpress.com\\\/#\\\/schema\\\/logo\\\/image\\\/\"}}]}<\/script>\n<!-- \/ Yoast SEO plugin. -->","yoast_head_json":{"title":"Nos services - La Pharmacie Express","description":"D\u00e9couvrez les services d\u00e9di\u00e9s \u00e0 votre satisfaction sur lapharmaciexpress.com : service client\u00e8le r\u00e9actif, conseils personnalis\u00e9s, informations sur nos produits, commandes en ligne s\u00e9curis\u00e9es, et livraison rapide. Nous sommes l\u00e0 pour vous accompagner \u00e0 chaque \u00e9tape.","robots":{"index":"index","follow":"follow","max-snippet":"max-snippet:-1","max-image-preview":"max-image-preview:large","max-video-preview":"max-video-preview:-1"},"canonical":"https:\/\/lapharmaciexpress.com\/?page_id=1038","og_locale":"fr_FR","og_type":"article","og_title":"Nos services - La Pharmacie Express","og_description":"D\u00e9couvrez les services d\u00e9di\u00e9s \u00e0 votre satisfaction sur lapharmaciexpress.com : service client\u00e8le r\u00e9actif, conseils personnalis\u00e9s, informations sur nos produits, commandes en ligne s\u00e9curis\u00e9es, et livraison rapide. Nous sommes l\u00e0 pour vous accompagner \u00e0 chaque \u00e9tape.","og_url":"https:\/\/lapharmaciexpress.com\/?page_id=1038","og_site_name":"La Pharmacie Express","article_modified_time":"2025-04-01T10:26:51+00:00","twitter_card":"summary_large_image","twitter_misc":{"Dur\u00e9e de lecture estim\u00e9e":"3 minutes"},"schema":{"@context":"https:\/\/schema.org","@graph":[{"@type":"WebPage","@id":"https:\/\/lapharmaciexpress.com\/?page_id=1038","url":"https:\/\/lapharmaciexpress.com\/?page_id=1038","name":"Nos services - La Pharmacie Express","isPartOf":{"@id":"https:\/\/lapharmaciexpress.com\/#website"},"datePublished":"2017-08-07T07:49:12+00:00","dateModified":"2025-04-01T10:26:51+00:00","description":"D\u00e9couvrez les services d\u00e9di\u00e9s \u00e0 votre satisfaction sur lapharmaciexpress.com : service client\u00e8le r\u00e9actif, conseils personnalis\u00e9s, informations sur nos produits, commandes en ligne s\u00e9curis\u00e9es, et livraison rapide. Nous sommes l\u00e0 pour vous accompagner \u00e0 chaque \u00e9tape.","breadcrumb":{"@id":"https:\/\/lapharmaciexpress.com\/?page_id=1038#breadcrumb"},"inLanguage":"fr-FR","potentialAction":[{"@type":"ReadAction","target":["https:\/\/lapharmaciexpress.com\/?page_id=1038"]}]},{"@type":"BreadcrumbList","@id":"https:\/\/lapharmaciexpress.com\/?page_id=1038#breadcrumb","itemListElement":[{"@type":"ListItem","position":1,"name":"Accueil","item":"https:\/\/lapharmaciexpress.com\/"},{"@type":"ListItem","position":2,"name":"Nos services"}]},{"@type":"WebSite","@id":"https:\/\/lapharmaciexpress.com\/#website","url":"https:\/\/lapharmaciexpress.com\/","name":"La Pharmacie Express","description":"La pharmacie en ligne","publisher":{"@id":"https:\/\/lapharmaciexpress.com\/#organization"},"potentialAction":[{"@type":"SearchAction","target":{"@type":"EntryPoint","urlTemplate":"https:\/\/lapharmaciexpress.com\/?s={search_term_string}"},"query-input":{"@type":"PropertyValueSpecification","valueRequired":true,"valueName":"search_term_string"}}],"inLanguage":"fr-FR"},{"@type":"Organization","@id":"https:\/\/lapharmaciexpress.com\/#organization","name":"La Pharmacie Express","url":"https:\/\/lapharmaciexpress.com\/","logo":{"@type":"ImageObject","inLanguage":"fr-FR","@id":"https:\/\/lapharmaciexpress.com\/#\/schema\/logo\/image\/","url":"https:\/\/lapharmaciexpress.com\/wp-content\/uploads\/2019\/07\/ico-Lapharmacie-express.png","contentUrl":"https:\/\/lapharmaciexpress.com\/wp-content\/uploads\/2019\/07\/ico-Lapharmacie-express.png","width":362,"height":300,"caption":"La Pharmacie Express"},"image":{"@id":"https:\/\/lapharmaciexpress.com\/#\/schema\/logo\/image\/"}}]}},"jetpack_sharing_enabled":true,"_links":{"self":[{"href":"https:\/\/lapharmaciexpress.com\/index.php?rest_route=\/wp\/v2\/pages\/1038","targetHints":{"allow":["GET"]}}],"collection":[{"href":"https:\/\/lapharmaciexpress.com\/index.php?rest_route=\/wp\/v2\/pages"}],"about":[{"href":"https:\/\/lapharmaciexpress.com\/index.php?rest_route=\/wp\/v2\/types\/page"}],"author":[{"embeddable":true,"href":"https:\/\/lapharmaciexpress.com\/index.php?rest_route=\/wp\/v2\/users\/1"}],"replies":[{"embeddable":true,"href":"https:\/\/lapharmaciexpress.com\/index.php?rest_route=%2Fwp%2Fv2%2Fcomments&post=1038"}],"version-history":[{"count":7,"href":"https:\/\/lapharmaciexpress.com\/index.php?rest_route=\/wp\/v2\/pages\/1038\/revisions"}],"predecessor-version":[{"id":3858,"href":"https:\/\/lapharmaciexpress.com\/index.php?rest_route=\/wp\/v2\/pages\/1038\/revisions\/3858"}],"wp:attachment":[{"href":"https:\/\/lapharmaciexpress.com\/index.php?rest_route=%2Fwp%2Fv2%2Fmedia&parent=1038"}],"curies":[{"name":"wp","href":"https:\/\/api.w.org\/{rel}","templated":true}]}}