{"id":1554,"date":"2019-05-30T17:01:12","date_gmt":"2019-05-30T15:01:12","guid":{"rendered":"http:\/\/lapharmaciexpress.com\/?page_id=1554"},"modified":"2025-07-04T12:28:54","modified_gmt":"2025-07-04T10:28:54","slug":"conditions-generales","status":"publish","type":"page","link":"https:\/\/lapharmaciexpress.com\/?page_id=1554","title":{"rendered":"Conditions G\u00e9n\u00e9rales de vente"},"content":{"rendered":"\n<p><strong>Conditions G\u00e9n\u00e9rales :<\/strong><\/p>\n\n\n\n<p>Merci de lire attentivement les termes et conditions suivants avant d&#8217;utiliser ce site Web. En acc\u00e9dant \u00e0 ce site, vous acceptez ces conditions d&#8217;utilisation. Si vous n&#8217;\u00eates pas d&#8217;accord, nous vous prions de quitter le site et d&#8217;ignorer les informations pr\u00e9sentes dans ce document.<\/p>\n\n\n\n<p>Nous nous r\u00e9servons le droit de modifier, en tout ou en partie, ces conditions g\u00e9n\u00e9rales \u00e0 tout moment et sans pr\u00e9avis. Il est donc recommand\u00e9 de consulter r\u00e9guli\u00e8rement cette page avant d&#8217;utiliser ce site et\/ou ses services, afin de vous assurer de bien comprendre les conditions d&#8217;acc\u00e8s.<\/p>\n\n\n\n<p><strong>Utilisation de notre site Web<\/strong><\/p>\n\n\n\n<p>En utilisant ce site, il vous est interdit de modifier, distribuer, transmettre, reproduire, publier, octroyer une licence, transf\u00e9rer ou vendre toute information, produit ou service obtenu ou consult\u00e9 sur ce site. Toutefois, vous \u00eates autoris\u00e9 \u00e0 afficher, t\u00e9l\u00e9charger ou imprimer des copies pour un usage personnel et non commercial, \u00e0 condition de ne pas modifier le contenu et de ne pas supprimer les mentions de droit d&#8217;auteur, marques ou autres avis de propri\u00e9t\u00e9. Toute autre utilisation des informations pr\u00e9sentes sur ce site est interdite sans notre autorisation \u00e9crite pr\u00e9alable.<\/p>\n\n\n\n<p><strong>Utilisation des informations<\/strong><\/p>\n\n\n\n<p>Les informations pr\u00e9sentes sur ce site ne sont pas destin\u00e9es \u00e0 \u00eatre utilis\u00e9es pour diagnostiquer une pathologie ou une maladie. Il est important de consulter votre m\u00e9decin pour toute question de sant\u00e9, condition m\u00e9dicale ou maladie, ainsi qu\u2019avant de prendre un nouveau m\u00e9dicament ou de modifier la posologie de ceux que vous prenez actuellement. Lisez toujours attentivement les informations fournies avec vos m\u00e9dicaments.<\/p>\n\n\n\n<p>Nous nous r\u00e9servons le droit de corriger toute inexactitude ou erreur typographique dans les informations publi\u00e9es sur ce site et d\u00e9clinons toute responsabilit\u00e9 \u00e0 cet \u00e9gard. Les informations peuvent \u00eatre modifi\u00e9es ou mises \u00e0 jour sans pr\u00e9avis. Les prix et la disponibilit\u00e9 des produits et services peuvent \u00e9galement \u00eatre modifi\u00e9s sans pr\u00e9avis.<\/p>\n\n\n\n<p><strong>Propri\u00e9t\u00e9 intellectuelle<\/strong><\/p>\n\n\n\n<p>Nous d\u00e9tenons les droits d\u2019auteur sur tout le contenu pr\u00e9sent sur ce site. Vous \u00eates autoris\u00e9 \u00e0 stocker, t\u00e9l\u00e9charger et utiliser le contenu pour votre usage personnel et vos recherches. Vous vous engagez \u00e0 ne pas republier, redistribuer ou rendre ce contenu accessible \u00e0 une tierce partie, ni \u00e0 le publier sous forme imprim\u00e9e ou sur tout autre support sans notre consentement expr\u00e8s, pr\u00e9alable et \u00e9crit.<\/p>\n\n\n\n<p><strong>Disponibilit\u00e9 de notre site Web<\/strong><\/p>\n\n\n\n<p>Le contenu de ce site est destin\u00e9 exclusivement aux personnes souhaitant s&#8217;informer sur nos produits ou services. Si vous n&#8217;acc\u00e9dez pas \u00e0 ce site dans ce but, vous n&#8217;\u00eates pas autoris\u00e9 \u00e0 l&#8217;utiliser. Nous nous effor\u00e7ons de garantir une disponibilit\u00e9 continue de notre site 24 heures sur 24, 7 jours sur 7, 365 jours par an.<\/p>\n","protected":false},"excerpt":{"rendered":"<p>Conditions G\u00e9n\u00e9rales : Merci de lire attentivement les termes et conditions suivants avant d&#8217;utiliser ce site Web. En acc\u00e9dant \u00e0 ce site, vous acceptez ces conditions d&#8217;utilisation. Si vous n&#8217;\u00eates pas d&#8217;accord, nous vous prions de quitter le site et d&#8217;ignorer les informations pr\u00e9sentes dans ce document. Nous nous r\u00e9servons le droit de modifier, en [&hellip;]<\/p>\n","protected":false},"author":1,"featured_media":0,"parent":0,"menu_order":0,"comment_status":"closed","ping_status":"closed","template":"","meta":{"footnotes":""},"class_list":["post-1554","page","type-page","status-publish","hentry","clearfix"],"yoast_head":"<!-- This site is optimized with the Yoast SEO plugin v27.4 - https:\/\/yoast.com\/product\/yoast-seo-wordpress\/ -->\n<title>Conditions G\u00e9n\u00e9rales de vente - La Pharmacie Express<\/title>\n<meta name=\"description\" content=\"Consultez les conditions g\u00e9n\u00e9rales de vente de lapharmaciexpress.com pour en savoir plus sur l&#039;utilisation du site, les modalit\u00e9s de paiement. Votre s\u00e9curit\u00e9 et satisfaction sont notre priorit\u00e9.\" \/>\n<meta name=\"robots\" content=\"index, follow, max-snippet:-1, max-image-preview:large, max-video-preview:-1\" \/>\n<link rel=\"canonical\" href=\"https:\/\/lapharmaciexpress.com\/?page_id=1554\" \/>\n<meta property=\"og:locale\" content=\"fr_FR\" \/>\n<meta property=\"og:type\" content=\"article\" \/>\n<meta property=\"og:title\" content=\"Conditions G\u00e9n\u00e9rales de vente - La Pharmacie Express\" \/>\n<meta property=\"og:description\" content=\"Consultez les conditions g\u00e9n\u00e9rales de vente de lapharmaciexpress.com pour en savoir plus sur l&#039;utilisation du site, les modalit\u00e9s de paiement. Votre s\u00e9curit\u00e9 et satisfaction sont notre priorit\u00e9.\" \/>\n<meta property=\"og:url\" content=\"https:\/\/lapharmaciexpress.com\/?page_id=1554\" \/>\n<meta property=\"og:site_name\" content=\"La Pharmacie Express\" \/>\n<meta property=\"article:modified_time\" content=\"2025-07-04T10:28:54+00:00\" \/>\n<meta name=\"twitter:card\" content=\"summary_large_image\" \/>\n<meta name=\"twitter:label1\" content=\"Dur\u00e9e de lecture estim\u00e9e\" \/>\n\t<meta name=\"twitter:data1\" content=\"3 minutes\" \/>\n<script type=\"application\/ld+json\" class=\"yoast-schema-graph\">{\"@context\":\"https:\\\/\\\/schema.org\",\"@graph\":[{\"@type\":\"WebPage\",\"@id\":\"https:\\\/\\\/lapharmaciexpress.com\\\/?page_id=1554\",\"url\":\"https:\\\/\\\/lapharmaciexpress.com\\\/?page_id=1554\",\"name\":\"Conditions G\u00e9n\u00e9rales de vente - La Pharmacie Express\",\"isPartOf\":{\"@id\":\"https:\\\/\\\/lapharmaciexpress.com\\\/#website\"},\"datePublished\":\"2019-05-30T15:01:12+00:00\",\"dateModified\":\"2025-07-04T10:28:54+00:00\",\"description\":\"Consultez les conditions g\u00e9n\u00e9rales de vente de lapharmaciexpress.com pour en savoir plus sur l'utilisation du site, les modalit\u00e9s de paiement. Votre s\u00e9curit\u00e9 et satisfaction sont notre priorit\u00e9.\",\"breadcrumb\":{\"@id\":\"https:\\\/\\\/lapharmaciexpress.com\\\/?page_id=1554#breadcrumb\"},\"inLanguage\":\"fr-FR\",\"potentialAction\":[{\"@type\":\"ReadAction\",\"target\":[\"https:\\\/\\\/lapharmaciexpress.com\\\/?page_id=1554\"]}]},{\"@type\":\"BreadcrumbList\",\"@id\":\"https:\\\/\\\/lapharmaciexpress.com\\\/?page_id=1554#breadcrumb\",\"itemListElement\":[{\"@type\":\"ListItem\",\"position\":1,\"name\":\"Accueil\",\"item\":\"https:\\\/\\\/lapharmaciexpress.com\\\/\"},{\"@type\":\"ListItem\",\"position\":2,\"name\":\"Conditions G\u00e9n\u00e9rales de vente\"}]},{\"@type\":\"WebSite\",\"@id\":\"https:\\\/\\\/lapharmaciexpress.com\\\/#website\",\"url\":\"https:\\\/\\\/lapharmaciexpress.com\\\/\",\"name\":\"La Pharmacie Express\",\"description\":\"La pharmacie en ligne\",\"publisher\":{\"@id\":\"https:\\\/\\\/lapharmaciexpress.com\\\/#organization\"},\"potentialAction\":[{\"@type\":\"SearchAction\",\"target\":{\"@type\":\"EntryPoint\",\"urlTemplate\":\"https:\\\/\\\/lapharmaciexpress.com\\\/?s={search_term_string}\"},\"query-input\":{\"@type\":\"PropertyValueSpecification\",\"valueRequired\":true,\"valueName\":\"search_term_string\"}}],\"inLanguage\":\"fr-FR\"},{\"@type\":\"Organization\",\"@id\":\"https:\\\/\\\/lapharmaciexpress.com\\\/#organization\",\"name\":\"La Pharmacie Express\",\"url\":\"https:\\\/\\\/lapharmaciexpress.com\\\/\",\"logo\":{\"@type\":\"ImageObject\",\"inLanguage\":\"fr-FR\",\"@id\":\"https:\\\/\\\/lapharmaciexpress.com\\\/#\\\/schema\\\/logo\\\/image\\\/\",\"url\":\"https:\\\/\\\/lapharmaciexpress.com\\\/wp-content\\\/uploads\\\/2019\\\/07\\\/ico-Lapharmacie-express.png\",\"contentUrl\":\"https:\\\/\\\/lapharmaciexpress.com\\\/wp-content\\\/uploads\\\/2019\\\/07\\\/ico-Lapharmacie-express.png\",\"width\":362,\"height\":300,\"caption\":\"La Pharmacie Express\"},\"image\":{\"@id\":\"https:\\\/\\\/lapharmaciexpress.com\\\/#\\\/schema\\\/logo\\\/image\\\/\"}}]}<\/script>\n<!-- \/ Yoast SEO plugin. -->","yoast_head_json":{"title":"Conditions G\u00e9n\u00e9rales de vente - La Pharmacie Express","description":"Consultez les conditions g\u00e9n\u00e9rales de vente de lapharmaciexpress.com pour en savoir plus sur l'utilisation du site, les modalit\u00e9s de paiement. Votre s\u00e9curit\u00e9 et satisfaction sont notre priorit\u00e9.","robots":{"index":"index","follow":"follow","max-snippet":"max-snippet:-1","max-image-preview":"max-image-preview:large","max-video-preview":"max-video-preview:-1"},"canonical":"https:\/\/lapharmaciexpress.com\/?page_id=1554","og_locale":"fr_FR","og_type":"article","og_title":"Conditions G\u00e9n\u00e9rales de vente - La Pharmacie Express","og_description":"Consultez les conditions g\u00e9n\u00e9rales de vente de lapharmaciexpress.com pour en savoir plus sur l'utilisation du site, les modalit\u00e9s de paiement. Votre s\u00e9curit\u00e9 et satisfaction sont notre priorit\u00e9.","og_url":"https:\/\/lapharmaciexpress.com\/?page_id=1554","og_site_name":"La Pharmacie Express","article_modified_time":"2025-07-04T10:28:54+00:00","twitter_card":"summary_large_image","twitter_misc":{"Dur\u00e9e de lecture estim\u00e9e":"3 minutes"},"schema":{"@context":"https:\/\/schema.org","@graph":[{"@type":"WebPage","@id":"https:\/\/lapharmaciexpress.com\/?page_id=1554","url":"https:\/\/lapharmaciexpress.com\/?page_id=1554","name":"Conditions G\u00e9n\u00e9rales de vente - La Pharmacie Express","isPartOf":{"@id":"https:\/\/lapharmaciexpress.com\/#website"},"datePublished":"2019-05-30T15:01:12+00:00","dateModified":"2025-07-04T10:28:54+00:00","description":"Consultez les conditions g\u00e9n\u00e9rales de vente de lapharmaciexpress.com pour en savoir plus sur l'utilisation du site, les modalit\u00e9s de paiement. Votre s\u00e9curit\u00e9 et satisfaction sont notre priorit\u00e9.","breadcrumb":{"@id":"https:\/\/lapharmaciexpress.com\/?page_id=1554#breadcrumb"},"inLanguage":"fr-FR","potentialAction":[{"@type":"ReadAction","target":["https:\/\/lapharmaciexpress.com\/?page_id=1554"]}]},{"@type":"BreadcrumbList","@id":"https:\/\/lapharmaciexpress.com\/?page_id=1554#breadcrumb","itemListElement":[{"@type":"ListItem","position":1,"name":"Accueil","item":"https:\/\/lapharmaciexpress.com\/"},{"@type":"ListItem","position":2,"name":"Conditions G\u00e9n\u00e9rales de vente"}]},{"@type":"WebSite","@id":"https:\/\/lapharmaciexpress.com\/#website","url":"https:\/\/lapharmaciexpress.com\/","name":"La Pharmacie Express","description":"La pharmacie en ligne","publisher":{"@id":"https:\/\/lapharmaciexpress.com\/#organization"},"potentialAction":[{"@type":"SearchAction","target":{"@type":"EntryPoint","urlTemplate":"https:\/\/lapharmaciexpress.com\/?s={search_term_string}"},"query-input":{"@type":"PropertyValueSpecification","valueRequired":true,"valueName":"search_term_string"}}],"inLanguage":"fr-FR"},{"@type":"Organization","@id":"https:\/\/lapharmaciexpress.com\/#organization","name":"La Pharmacie Express","url":"https:\/\/lapharmaciexpress.com\/","logo":{"@type":"ImageObject","inLanguage":"fr-FR","@id":"https:\/\/lapharmaciexpress.com\/#\/schema\/logo\/image\/","url":"https:\/\/lapharmaciexpress.com\/wp-content\/uploads\/2019\/07\/ico-Lapharmacie-express.png","contentUrl":"https:\/\/lapharmaciexpress.com\/wp-content\/uploads\/2019\/07\/ico-Lapharmacie-express.png","width":362,"height":300,"caption":"La Pharmacie Express"},"image":{"@id":"https:\/\/lapharmaciexpress.com\/#\/schema\/logo\/image\/"}}]}},"jetpack_sharing_enabled":true,"_links":{"self":[{"href":"https:\/\/lapharmaciexpress.com\/index.php?rest_route=\/wp\/v2\/pages\/1554","targetHints":{"allow":["GET"]}}],"collection":[{"href":"https:\/\/lapharmaciexpress.com\/index.php?rest_route=\/wp\/v2\/pages"}],"about":[{"href":"https:\/\/lapharmaciexpress.com\/index.php?rest_route=\/wp\/v2\/types\/page"}],"author":[{"embeddable":true,"href":"https:\/\/lapharmaciexpress.com\/index.php?rest_route=\/wp\/v2\/users\/1"}],"replies":[{"embeddable":true,"href":"https:\/\/lapharmaciexpress.com\/index.php?rest_route=%2Fwp%2Fv2%2Fcomments&post=1554"}],"version-history":[{"count":4,"href":"https:\/\/lapharmaciexpress.com\/index.php?rest_route=\/wp\/v2\/pages\/1554\/revisions"}],"predecessor-version":[{"id":3856,"href":"https:\/\/lapharmaciexpress.com\/index.php?rest_route=\/wp\/v2\/pages\/1554\/revisions\/3856"}],"wp:attachment":[{"href":"https:\/\/lapharmaciexpress.com\/index.php?rest_route=%2Fwp%2Fv2%2Fmedia&parent=1554"}],"curies":[{"name":"wp","href":"https:\/\/api.w.org\/{rel}","templated":true}]}}