{"id":3,"date":"2019-05-15T12:49:50","date_gmt":"2019-05-15T10:49:50","guid":{"rendered":"http:\/\/lapharmaciexpresscom.com\/?page_id=3"},"modified":"2025-07-04T12:39:43","modified_gmt":"2025-07-04T10:39:43","slug":"politique-de-confidentialite","status":"publish","type":"page","link":"https:\/\/lapharmaciexpress.com\/?page_id=3","title":{"rendered":"Politique de confidentialit\u00e9"},"content":{"rendered":"<section class=\"wpb-content-wrapper\"><p>[vc_row][vc_column][vc_column_text]<\/p>\r\n<h3 class=\"wp-block-heading\" data-start=\"40\" data-end=\"65\"><strong data-start=\"44\" data-end=\"65\">Qui sommes-nous ?<\/strong><\/h3>\r\n<p data-start=\"67\" data-end=\"162\">L&#8217;adresse de notre site Web est : <strong><a href=\"http:\/\/lapharmaciexpress.com\" target=\"_new\" rel=\"noopener\" data-start=\"101\" data-end=\"161\">http:\/\/lapharmaciexpress.com<\/a><\/strong>.<\/p>\r\n<h3 data-start=\"164\" data-end=\"220\"><strong data-start=\"168\" data-end=\"220\">Collecte et utilisation des donn\u00e9es personnelles<\/strong><\/h3>\r\n<p data-start=\"222\" data-end=\"530\"><strong data-start=\"222\" data-end=\"238\">Commentaires<\/strong><br data-start=\"238\" data-end=\"241\" \/>Lorsque vous laissez un commentaire sur notre site, les informations que vous renseignez dans le formulaire de commentaire, ainsi que votre adresse IP et l\u2019agent utilisateur de votre navigateur, sont collect\u00e9es. Ces donn\u00e9es nous aident \u00e0 d\u00e9tecter et pr\u00e9venir les commentaires ind\u00e9sirables.<\/p>\r\n<p data-start=\"532\" data-end=\"945\">Une cha\u00eene anonymis\u00e9e, g\u00e9n\u00e9r\u00e9e \u00e0 partir de votre adresse e-mail (\u00e9galement appel\u00e9e &#8220;hash&#8221;), peut \u00eatre envoy\u00e9e au service Gravatar pour v\u00e9rifier si vous l\u2019utilisez. Vous pouvez consulter les politiques de confidentialit\u00e9 de Gravatar ici : <a href=\"https:\/\/automattic.com\/privacy\/\" target=\"_new\" rel=\"noopener\" data-start=\"770\" data-end=\"836\">https:\/\/automattic.com\/privacy\/<\/a>. Apr\u00e8s approbation de votre commentaire, votre photo de profil sera visible publiquement \u00e0 c\u00f4t\u00e9 de celui-ci.<\/p>\r\n<p data-start=\"947\" data-end=\"1275\"><strong data-start=\"947\" data-end=\"957\">M\u00e9dias<\/strong><br data-start=\"957\" data-end=\"960\" \/>Si vous \u00eates un utilisateur ou une utilisatrice enregistr\u00e9e et que vous t\u00e9l\u00e9chargez des images sur notre site, nous vous conseillons de ne pas inclure de donn\u00e9es EXIF contenant des informations de g\u00e9olocalisation. Les visiteurs de notre site peuvent en effet t\u00e9l\u00e9charger et extraire ces donn\u00e9es \u00e0 partir des images.<\/p>\r\n<p data-start=\"1277\" data-end=\"1613\"><strong data-start=\"1277\" data-end=\"1314\">Formulaires de contact et Cookies<\/strong><br data-start=\"1314\" data-end=\"1317\" \/>Lorsque vous d\u00e9posez un commentaire, vous pouvez choisir d\u2019enregistrer votre nom, votre adresse e-mail et votre site Web dans des cookies. Ces cookies sont uniquement destin\u00e9s \u00e0 votre confort, afin de ne pas avoir \u00e0 remplir ces informations \u00e0 chaque nouveau commentaire. Ils expirent apr\u00e8s un an.<\/p>\r\n<p data-start=\"1615\" data-end=\"1836\">Un cookie temporaire est cr\u00e9\u00e9 lorsque vous acc\u00e9dez \u00e0 la page de connexion pour v\u00e9rifier si votre navigateur accepte les cookies. Il ne contient aucune donn\u00e9e personnelle et est supprim\u00e9 \u00e0 la fermeture de votre navigateur.<\/p>\r\n<p data-start=\"1838\" data-end=\"2259\">Lorsque vous vous connectez, plusieurs cookies sont mis en place pour enregistrer vos informations de connexion et vos pr\u00e9f\u00e9rences d&#8217;affichage. Le cookie de connexion reste actif pendant deux jours, tandis que le cookie des pr\u00e9f\u00e9rences d&#8217;affichage est valide pendant un an. Si vous cochez &#8220;Se souvenir de moi&#8221;, votre session sera conserv\u00e9e pendant deux semaines. En vous d\u00e9connectant, le cookie de connexion est supprim\u00e9.<\/p>\r\n<p data-start=\"2261\" data-end=\"2441\">En modifiant ou publiant un article, un cookie suppl\u00e9mentaire est ajout\u00e9, contenant l\u2019ID de l\u2019article modifi\u00e9. Ce cookie n\u2019inclut aucune donn\u00e9e personnelle et expire apr\u00e8s un jour.<\/p>\r\n<p data-start=\"2443\" data-end=\"2880\"><strong data-start=\"2443\" data-end=\"2487\">Contenus embarqu\u00e9s depuis d&#8217;autres sites<\/strong><br data-start=\"2487\" data-end=\"2490\" \/>Nos articles peuvent inclure des contenus int\u00e9gr\u00e9s (vid\u00e9os, images, articles\u2026). Ce contenu se comporte de la m\u00eame mani\u00e8re que si vous visitiez directement l\u2019autre site. Ces sites peuvent collecter des donn\u00e9es vous concernant, utiliser des cookies, et embarquer des outils de suivi tiers pour analyser vos interactions avec ces contenus, notamment si vous disposez d\u2019un compte sur ces sites.<\/p>\r\n<p data-start=\"2882\" data-end=\"3047\"><strong data-start=\"2882\" data-end=\"2920\">Statistiques et mesures d\u2019audience<\/strong><br data-start=\"2920\" data-end=\"2923\" \/>Nous utilisons des outils de statistiques pour analyser l\u2019audience de notre site, afin d\u2019am\u00e9liorer l\u2019exp\u00e9rience utilisateur.<\/p>\r\n<h3 data-start=\"3049\" data-end=\"3097\"><strong data-start=\"3053\" data-end=\"3097\">Conservation de vos donn\u00e9es personnelles<\/strong><\/h3>\r\n<p data-start=\"3099\" data-end=\"3253\">Les commentaires et leurs m\u00e9tadonn\u00e9es sont conserv\u00e9s ind\u00e9finiment, ce qui nous permet de reconna\u00eetre et valider automatiquement les commentaires suivants.<\/p>\r\n<p data-start=\"3255\" data-end=\"3591\">Pour les utilisateurs enregistr\u00e9s, nous stockons \u00e9galement les donn\u00e9es personnelles pr\u00e9sentes dans leur profil. Chaque utilisateur peut \u00e0 tout moment consulter, modifier ou supprimer ses informations personnelles (\u00e0 l\u2019exception du nom d\u2019utilisateur). Les administrateurs du site peuvent \u00e9galement consulter et modifier ces informations.<\/p>\r\n<h3 data-start=\"3593\" data-end=\"3630\"><strong data-start=\"3597\" data-end=\"3630\">Droits concernant vos donn\u00e9es<\/strong><\/h3>\r\n<p data-start=\"3632\" data-end=\"4016\">Si vous avez un compte ou si vous avez laiss\u00e9 des commentaires sur notre site, vous pouvez demander un fichier contenant toutes les donn\u00e9es personnelles que nous d\u00e9tenons \u00e0 votre sujet, y compris celles que vous nous avez fournies. Vous pouvez aussi demander la suppression de ces donn\u00e9es, \u00e0 l&#8217;exception des informations n\u00e9cessaires \u00e0 des fins administratives, l\u00e9gales ou de s\u00e9curit\u00e9.<\/p>\r\n<h3 data-start=\"4018\" data-end=\"4066\"><strong data-start=\"4022\" data-end=\"4066\">Transmission de vos donn\u00e9es personnelles<\/strong><\/h3>\r\n<p data-start=\"4068\" data-end=\"4197\">Les commentaires des visiteurs peuvent \u00eatre v\u00e9rifi\u00e9s \u00e0 l\u2019aide d\u2019un service automatis\u00e9 de d\u00e9tection des commentaires ind\u00e9sirables.<\/p>\r\n<h3 data-start=\"4199\" data-end=\"4230\"><strong data-start=\"4203\" data-end=\"4230\">Informations de contact<\/strong><\/h3>\r\n<p data-start=\"4232\" data-end=\"4398\">Si vous avez des questions concernant la gestion de vos donn\u00e9es personnelles, n&#8217;h\u00e9sitez pas \u00e0 nous contacter par le biais des informations disponibles sur notre site.<\/p>\r\n\r\n<p>&nbsp;<\/p>\r\n<p>[\/vc_column_text][\/vc_column][\/vc_row]<\/p><\/section>","protected":false},"excerpt":{"rendered":"<p>[vc_row][vc_column][vc_column_text] Qui sommes-nous ? L&#8217;adresse de notre site Web est : http:\/\/lapharmaciexpress.com. Collecte et utilisation des donn\u00e9es personnelles CommentairesLorsque vous laissez un commentaire sur notre site, les informations que vous renseignez dans le formulaire de commentaire, ainsi que votre adresse IP et l\u2019agent utilisateur de votre navigateur, sont collect\u00e9es. Ces donn\u00e9es nous aident \u00e0 d\u00e9tecter [&hellip;]<\/p>\n","protected":false},"author":1,"featured_media":0,"parent":0,"menu_order":0,"comment_status":"closed","ping_status":"open","template":"","meta":{"footnotes":""},"class_list":["post-3","page","type-page","status-publish","hentry","clearfix"],"yoast_head":"<!-- This site is optimized with the Yoast SEO plugin v27.4 - https:\/\/yoast.com\/product\/yoast-seo-wordpress\/ -->\n<title>Politique de Confidentialit\u00e9 \u2013 Donn\u00e9es et S\u00e9curit\u00e9 - La Pharmacie Express<\/title>\n<meta name=\"description\" content=\"Votre vie priv\u00e9e est notre priorit\u00e9. D\u00e9couvrez comment La Pharmacie Express prot\u00e8ge vos donn\u00e9es personnelles et s\u00e9curise vos informations de commande.\" \/>\n<meta name=\"robots\" content=\"index, follow, max-snippet:-1, max-image-preview:large, max-video-preview:-1\" \/>\n<link rel=\"canonical\" href=\"https:\/\/lapharmaciexpress.com\/?page_id=3\" \/>\n<meta property=\"og:locale\" content=\"fr_FR\" \/>\n<meta property=\"og:type\" content=\"article\" \/>\n<meta property=\"og:title\" content=\"Politique de Confidentialit\u00e9 \u2013 Donn\u00e9es et S\u00e9curit\u00e9 - La Pharmacie Express\" \/>\n<meta property=\"og:description\" content=\"Votre vie priv\u00e9e est notre priorit\u00e9. D\u00e9couvrez comment La Pharmacie Express prot\u00e8ge vos donn\u00e9es personnelles et s\u00e9curise vos informations de commande.\" \/>\n<meta property=\"og:url\" content=\"https:\/\/lapharmaciexpress.com\/?page_id=3\" \/>\n<meta property=\"og:site_name\" content=\"La Pharmacie Express\" \/>\n<meta property=\"article:modified_time\" content=\"2025-07-04T10:39:43+00:00\" \/>\n<meta name=\"twitter:card\" content=\"summary_large_image\" \/>\n<meta name=\"twitter:label1\" content=\"Dur\u00e9e de lecture estim\u00e9e\" \/>\n\t<meta name=\"twitter:data1\" content=\"4 minutes\" \/>\n<script type=\"application\/ld+json\" class=\"yoast-schema-graph\">{\"@context\":\"https:\\\/\\\/schema.org\",\"@graph\":[{\"@type\":\"WebPage\",\"@id\":\"https:\\\/\\\/lapharmaciexpress.com\\\/?page_id=3\",\"url\":\"https:\\\/\\\/lapharmaciexpress.com\\\/?page_id=3\",\"name\":\"Politique de Confidentialit\u00e9 \u2013 Donn\u00e9es et S\u00e9curit\u00e9 - La Pharmacie Express\",\"isPartOf\":{\"@id\":\"https:\\\/\\\/lapharmaciexpress.com\\\/#website\"},\"datePublished\":\"2019-05-15T10:49:50+00:00\",\"dateModified\":\"2025-07-04T10:39:43+00:00\",\"description\":\"Votre vie priv\u00e9e est notre priorit\u00e9. D\u00e9couvrez comment La Pharmacie Express prot\u00e8ge vos donn\u00e9es personnelles et s\u00e9curise vos informations de commande.\",\"breadcrumb\":{\"@id\":\"https:\\\/\\\/lapharmaciexpress.com\\\/?page_id=3#breadcrumb\"},\"inLanguage\":\"fr-FR\",\"potentialAction\":[{\"@type\":\"ReadAction\",\"target\":[\"https:\\\/\\\/lapharmaciexpress.com\\\/?page_id=3\"]}]},{\"@type\":\"BreadcrumbList\",\"@id\":\"https:\\\/\\\/lapharmaciexpress.com\\\/?page_id=3#breadcrumb\",\"itemListElement\":[{\"@type\":\"ListItem\",\"position\":1,\"name\":\"Accueil\",\"item\":\"https:\\\/\\\/lapharmaciexpress.com\\\/\"},{\"@type\":\"ListItem\",\"position\":2,\"name\":\"Politique de confidentialit\u00e9\"}]},{\"@type\":\"WebSite\",\"@id\":\"https:\\\/\\\/lapharmaciexpress.com\\\/#website\",\"url\":\"https:\\\/\\\/lapharmaciexpress.com\\\/\",\"name\":\"La Pharmacie Express\",\"description\":\"La pharmacie en ligne\",\"publisher\":{\"@id\":\"https:\\\/\\\/lapharmaciexpress.com\\\/#organization\"},\"potentialAction\":[{\"@type\":\"SearchAction\",\"target\":{\"@type\":\"EntryPoint\",\"urlTemplate\":\"https:\\\/\\\/lapharmaciexpress.com\\\/?s={search_term_string}\"},\"query-input\":{\"@type\":\"PropertyValueSpecification\",\"valueRequired\":true,\"valueName\":\"search_term_string\"}}],\"inLanguage\":\"fr-FR\"},{\"@type\":\"Organization\",\"@id\":\"https:\\\/\\\/lapharmaciexpress.com\\\/#organization\",\"name\":\"La Pharmacie Express\",\"url\":\"https:\\\/\\\/lapharmaciexpress.com\\\/\",\"logo\":{\"@type\":\"ImageObject\",\"inLanguage\":\"fr-FR\",\"@id\":\"https:\\\/\\\/lapharmaciexpress.com\\\/#\\\/schema\\\/logo\\\/image\\\/\",\"url\":\"https:\\\/\\\/lapharmaciexpress.com\\\/wp-content\\\/uploads\\\/2019\\\/07\\\/ico-Lapharmacie-express.png\",\"contentUrl\":\"https:\\\/\\\/lapharmaciexpress.com\\\/wp-content\\\/uploads\\\/2019\\\/07\\\/ico-Lapharmacie-express.png\",\"width\":362,\"height\":300,\"caption\":\"La Pharmacie Express\"},\"image\":{\"@id\":\"https:\\\/\\\/lapharmaciexpress.com\\\/#\\\/schema\\\/logo\\\/image\\\/\"}}]}<\/script>\n<!-- \/ Yoast SEO plugin. -->","yoast_head_json":{"title":"Politique de Confidentialit\u00e9 \u2013 Donn\u00e9es et S\u00e9curit\u00e9 - La Pharmacie Express","description":"Votre vie priv\u00e9e est notre priorit\u00e9. D\u00e9couvrez comment La Pharmacie Express prot\u00e8ge vos donn\u00e9es personnelles et s\u00e9curise vos informations de commande.","robots":{"index":"index","follow":"follow","max-snippet":"max-snippet:-1","max-image-preview":"max-image-preview:large","max-video-preview":"max-video-preview:-1"},"canonical":"https:\/\/lapharmaciexpress.com\/?page_id=3","og_locale":"fr_FR","og_type":"article","og_title":"Politique de Confidentialit\u00e9 \u2013 Donn\u00e9es et S\u00e9curit\u00e9 - La Pharmacie Express","og_description":"Votre vie priv\u00e9e est notre priorit\u00e9. D\u00e9couvrez comment La Pharmacie Express prot\u00e8ge vos donn\u00e9es personnelles et s\u00e9curise vos informations de commande.","og_url":"https:\/\/lapharmaciexpress.com\/?page_id=3","og_site_name":"La Pharmacie Express","article_modified_time":"2025-07-04T10:39:43+00:00","twitter_card":"summary_large_image","twitter_misc":{"Dur\u00e9e de lecture estim\u00e9e":"4 minutes"},"schema":{"@context":"https:\/\/schema.org","@graph":[{"@type":"WebPage","@id":"https:\/\/lapharmaciexpress.com\/?page_id=3","url":"https:\/\/lapharmaciexpress.com\/?page_id=3","name":"Politique de Confidentialit\u00e9 \u2013 Donn\u00e9es et S\u00e9curit\u00e9 - La Pharmacie Express","isPartOf":{"@id":"https:\/\/lapharmaciexpress.com\/#website"},"datePublished":"2019-05-15T10:49:50+00:00","dateModified":"2025-07-04T10:39:43+00:00","description":"Votre vie priv\u00e9e est notre priorit\u00e9. D\u00e9couvrez comment La Pharmacie Express prot\u00e8ge vos donn\u00e9es personnelles et s\u00e9curise vos informations de commande.","breadcrumb":{"@id":"https:\/\/lapharmaciexpress.com\/?page_id=3#breadcrumb"},"inLanguage":"fr-FR","potentialAction":[{"@type":"ReadAction","target":["https:\/\/lapharmaciexpress.com\/?page_id=3"]}]},{"@type":"BreadcrumbList","@id":"https:\/\/lapharmaciexpress.com\/?page_id=3#breadcrumb","itemListElement":[{"@type":"ListItem","position":1,"name":"Accueil","item":"https:\/\/lapharmaciexpress.com\/"},{"@type":"ListItem","position":2,"name":"Politique de confidentialit\u00e9"}]},{"@type":"WebSite","@id":"https:\/\/lapharmaciexpress.com\/#website","url":"https:\/\/lapharmaciexpress.com\/","name":"La Pharmacie Express","description":"La pharmacie en ligne","publisher":{"@id":"https:\/\/lapharmaciexpress.com\/#organization"},"potentialAction":[{"@type":"SearchAction","target":{"@type":"EntryPoint","urlTemplate":"https:\/\/lapharmaciexpress.com\/?s={search_term_string}"},"query-input":{"@type":"PropertyValueSpecification","valueRequired":true,"valueName":"search_term_string"}}],"inLanguage":"fr-FR"},{"@type":"Organization","@id":"https:\/\/lapharmaciexpress.com\/#organization","name":"La Pharmacie Express","url":"https:\/\/lapharmaciexpress.com\/","logo":{"@type":"ImageObject","inLanguage":"fr-FR","@id":"https:\/\/lapharmaciexpress.com\/#\/schema\/logo\/image\/","url":"https:\/\/lapharmaciexpress.com\/wp-content\/uploads\/2019\/07\/ico-Lapharmacie-express.png","contentUrl":"https:\/\/lapharmaciexpress.com\/wp-content\/uploads\/2019\/07\/ico-Lapharmacie-express.png","width":362,"height":300,"caption":"La Pharmacie Express"},"image":{"@id":"https:\/\/lapharmaciexpress.com\/#\/schema\/logo\/image\/"}}]}},"jetpack_sharing_enabled":true,"_links":{"self":[{"href":"https:\/\/lapharmaciexpress.com\/index.php?rest_route=\/wp\/v2\/pages\/3","targetHints":{"allow":["GET"]}}],"collection":[{"href":"https:\/\/lapharmaciexpress.com\/index.php?rest_route=\/wp\/v2\/pages"}],"about":[{"href":"https:\/\/lapharmaciexpress.com\/index.php?rest_route=\/wp\/v2\/types\/page"}],"author":[{"embeddable":true,"href":"https:\/\/lapharmaciexpress.com\/index.php?rest_route=\/wp\/v2\/users\/1"}],"replies":[{"embeddable":true,"href":"https:\/\/lapharmaciexpress.com\/index.php?rest_route=%2Fwp%2Fv2%2Fcomments&post=3"}],"version-history":[{"count":3,"href":"https:\/\/lapharmaciexpress.com\/index.php?rest_route=\/wp\/v2\/pages\/3\/revisions"}],"predecessor-version":[{"id":3862,"href":"https:\/\/lapharmaciexpress.com\/index.php?rest_route=\/wp\/v2\/pages\/3\/revisions\/3862"}],"wp:attachment":[{"href":"https:\/\/lapharmaciexpress.com\/index.php?rest_route=%2Fwp%2Fv2%2Fmedia&parent=3"}],"curies":[{"name":"wp","href":"https:\/\/api.w.org\/{rel}","templated":true}]}}