{"id":1330,"date":"2019-05-19T14:50:56","date_gmt":"2019-05-19T12:50:56","guid":{"rendered":"http:\/\/lapharmaciexpresscom.com\/?post_type=product&#038;p=1330"},"modified":"2025-12-16T11:01:11","modified_gmt":"2025-12-16T10:01:11","slug":"viagra-50mg","status":"publish","type":"product","link":"https:\/\/lapharmaciexpress.com\/?product=viagra-50mg","title":{"rendered":"Viagra 50Mg"},"content":{"rendered":"<p>Le viagra fonctionne uniquement comme une r\u00e9ponse \u00e0 la stimulation sexuelle. Une fois que le sexe est termin\u00e9, l\u2019\u00e9rection dispara\u00eet.<\/p>\n<p>Le prix du Viagra G\u00e9n\u00e9rique (Sild\u00e9nafil) est en fonction du nombre de paquets command\u00e9s. Plus de paquets vous achetez en une fois moins cher sera le co\u00fbt de chaque comprim\u00e9.<\/p>\n<p><strong>Comment fonctionne le Viagra G\u00e9n\u00e9rique?<\/strong><\/p>\n<p>Le Viagra g\u00e9n\u00e9rique augmente l\u2019\u00e9rection par le flux sanguin coulant vers le p\u00e9nis. Les art\u00e8res du p\u00e9nis rel\u00e2chent et s\u2019\u00e9largissent, ce qui entra\u00eene plus de sang vers le p\u00e9nis qui se redresse et se durcit, \u00e7a permet au membre de prendre la forme d\u2019\u00e9rection et de la garder pour une longue dur\u00e9e.<\/p>\n<p>Les hommes souffrant de probl\u00e8me de dysfonction \u00e9rectile ont les terminaisons nerveuses et les vaisseaux sanguins qui fonctionnent mal, ce qui provoque la dysfonction sexuelle. Le Viagra aide \u00e0 r\u00e9tablir le processus d\u2019\u00e9rection naturelle, il y a plus de sang qui commence \u00e0 couler vers le p\u00e9nis. Apr\u00e8s la prise de Viagra la plupart des hommes obtiennent une \u00e9rection qui se produit d\u2019une fa\u00e7on naturelle (le membre devient \u00e9lastique et rigide) quelque soit la gravit\u00e9 du probl\u00e8me d\u2019\u00e9rection.<\/p>\n<p>Les \u00e9tudes effectu\u00e9es ont montr\u00e9 que l\u2019effet du Viagra appara\u00eet assez rapidement, chez certains hommes l\u2019effet est observ\u00e9 14 minutes apr\u00e8s la prise, la majorit\u00e9 sentent l\u2019effet du m\u00e9dicament dans 30 minutes. L\u2019action de Viagra dure 4 heures, donc vous aurez assez de temps pour le sexe.<\/p>\n<p>Une grande partie d\u2019hommes peuvent ressentir l\u2019effet du Viagra tout de suite apr\u00e8s la premi\u00e8re dose, d\u2019autres devront le prendre \u00e0 plusieurs reprises. D\u2019apr\u00e8s les donn\u00e9es de 10 ans d\u2019essais cliniques, 8 hommes sur 10 prenant Viagra subissent son effet.<\/p>\n<p>Il est \u00e0 noter que lors de l\u2019utilisation du Viagra l\u2019\u00e9rection normale se produit uniquement \u00e0 l\u2019 excitation ou \u00e0 la stimulation sexuelle naturelle. Le Viagra n\u2019augmente pas votre libido.<\/p>\n<p><strong>Comment prendre le Viagra G\u00e9n\u00e9rique?<\/strong><\/p>\n<p>Le Viagra G\u00e9n\u00e9rique doit \u00eatre pris environ 1 heure avant le rapport sexuel et avec beaucoup d\u2019eau. Apr\u00e8s la prise, l\u2019ingr\u00e9dient actif de Viagra connu comme le citrate de sild\u00e9nafil est rapidement absorb\u00e9 et commence \u00e0 fonctionner dans l\u2019intervalle allant de 30 \u00e0 60 minutes. Chez certains hommes l\u2019effet du m\u00e9dicament est constat\u00e9 au bout de 14 minutes. La plupart des hommes peuvent prendre du Viagra chaque jour, mais pour une utilisation quotidienne sans risque ils devraient consulter quand-m\u00eame leur m\u00e9decins.<\/p>\n<p>La dose initiale recommand\u00e9e est de 50 mg, mais si vous ne voyez pas de changement quant \u00e0 l\u2019\u00e9rection il vous faudra voir votre m\u00e9decin pour qu\u2019il vous aide dans l\u2019attribution de la dose correcte. Compte tenu de certains facteurs (\u00e2ge, \u00e9tat de sant\u00e9) le m\u00e9decin peut vous prescrire une faible dose et 25 mg. La dose quotidienne maximale est de 100 mg. Les hommes \u00e2g\u00e9s de plus de 65 ans ne devraient pas prendre plus de 25 mg de Viagra en l\u2019espace de 24 heures. Ne prenez pas le m\u00e9dicament plus d\u2019une fois par jour et plus que prescrit par votre m\u00e9decin.<\/p>\n<p><strong>L\u2019interaction de Viagra G\u00e9n\u00e9rique avec d\u2019autres m\u00e9dicaments<\/strong><\/p>\n<p>Dans la plupart des cas le Viagra peut \u00eatre pris avec d\u2019autres m\u00e9dicaments, mais il faudra \u00e9viter sa prise si vous prenez d\u00e9j\u00e0 des m\u00e9dicaments tels que:<\/p>\n<ul>\n<li>m\u00e9dicaments contenant des nitrates (par exemple, la nitroglyc\u00e9rine);<\/li>\n<li>alpha-bloquants;<\/li>\n<li>d\u2019autres m\u00e9dicaments contenant le citrate de Sild\u00e9nafil (citrate de Sild\u00e9nafil);<\/li>\n<li>substances r\u00e9cr\u00e9atives (Poppers);<\/li>\n<li>m\u00e9dicaments pour le traitement de la dysfonction \u00e9rectile.<\/li>\n<\/ul>\n<p>Au cas o\u00f9 vous prenez de tels m\u00e9dicaments ou ne savez pas si ces m\u00e9dicaments contiennent les \u00e9l\u00e9ments mentionn\u00e9s ci-haut, vous devriez consulter votre m\u00e9decin concernant la possibilit\u00e9 de prise de Viagra ou de l\u2019utiliser \u00e0 petites doses.<\/p>\n<p><strong>Comment obtenir les meilleurs r\u00e9sultats de la prise de Viagra G\u00e9n\u00e9rique?<\/strong><\/p>\n<p>Lors de prise de Viagra demande de suivre les choses suivantes qui vous permettront sans doute d\u2019am\u00e9liorer les r\u00e9sultats obtenus:<\/p>\n<ul>\n<li>Mettez-vous sur une onde positive avant l\u2019intimit\u00e9 sexuelle. Le Viagra ne fonctionne que lors de votre excitation naturelle.<\/li>\n<li>Ne consommez pas trop d\u2019aliments gras et de l\u2019alcool, ils peuvent r\u00e9duire consid\u00e9rablement le temps de d\u00e9but d\u2019action du m\u00e9dicament. La meilleure solution c\u2019est de ne pas manger pendant environ deux heures avant l\u2019acte sexuel.<\/li>\n<li>Pour la plupart des hommes le Viagra fonctionne \u00e0 partir de la premi\u00e8re ou de la deuxi\u00e8me fois, alors ne vous inqui\u00e9tez pas si vous ne r\u00e9ussissez pas, essayez \u00e0 nouveau. Si vous ne sentez pas toujours de r\u00e9sultat positif, consultez le m\u00e9decin, pour qu\u2019il revoie la dose.<\/li>\n<\/ul>\n<p><strong>Pr\u00e9cautions<\/strong><\/p>\n<p>Avant de prendre Viagra, vous devriez consulter votre m\u00e9decin au sujet du probl\u00e8me de la dysfonction \u00e9rectile et la possibilit\u00e9 de l\u2019utilisation de Viagra pour r\u00e9soudre ce probl\u00e8me.<\/p>\n<p>Demande lors de prise du Viagra, d\u2019\u00e9viter la consommation excessive d\u2019aliments riches en mati\u00e8res grasses. Ces aliments peuvent ralentir consid\u00e9rablement la propagation du Viagra dans le corps par la diminution du temps de r\u00e9action au m\u00e9dicament. La prise de Viagra est \u00e9galement d\u00e9conseill\u00e9e lors de la consommation de beaucoup d\u2019alcool, \u00e7a peut mener \u00e0 l\u2019\u00e9chec pour obtenir l\u2019\u00e9rection, comme si vous ne l\u2019avez pas pris. Demande de ne pas d\u00e9passer la dose prescrite par votre m\u00e9decin.<\/p>\n<p>Viagra est utilis\u00e9 avec succ\u00e8s pour traiter le probl\u00e8me de la dysfonction \u00e9rectile, mais il ne peut pas aider tout le monde. Si vous utilisez des m\u00e9dicaments contenant des nitrates (ces m\u00e9dicaments sont souvent utilis\u00e9s pour traiter de diff\u00e9rentes douleurs dans la poitrine, l\u2019angine), vous ne pouvez pas prendre du Viagra parce qu\u2019il peut faire descendre la pression art\u00e9rielle \u00e0 un niveau critique.<\/p>\n<p><strong>Les effets secondaires du Viagra (Sild\u00e9nafil)<\/strong><\/p>\n<p>Les effets secondaires les plus fr\u00e9quents du Viagra sont pr\u00e9sent\u00e9s par les maux de t\u00eate, rougeur de la peau du visage et les maux d\u2019estomac. Il y a moins de probl\u00e8mes avec la vue \u2013 violation de la couleur, obscurit\u00e9 ou la sensibilit\u00e9 \u00e0 la lumi\u00e8re. Les effets secondaires de Viagra apparaissent d\u2019habitude sous forme mod\u00e9r\u00e9e et passent au bout d\u2019un certain temps.<\/p>\n<p>Au cas o\u00f9 apr\u00e8s la prise de Viagra vous ressentez des douleurs thoraciques, des naus\u00e9es ou tout autre malaise, ou si vous avez une \u00e9rection qui dure plus de 4 heures consultez imm\u00e9diatement votre m\u00e9decin.<\/p>\n<p><strong>D\u00e9lai de stockage de conservation<\/strong><\/p>\n<p>La dur\u00e9e de conservation de Viagra G\u00e9n\u00e9rique est de 3 ans \u00e0 partir de la date de fabrication. Les comprim\u00e9s doivent \u00eatre conserv\u00e9s dans un endroit sombre \u00e0 une temp\u00e9rature de 15 \u00e0 30 degr\u00e9s. \u00c0 garder hors de la port\u00e9e des enfants.<\/p>\n","protected":false},"excerpt":{"rendered":"<p>Viagra (Generique) est une copie du m\u00e9dicament c\u00e9l\u00e8bre et, par cons\u00e9quent, un petit comprim\u00e9 bleu contient le m\u00eame composant principal \u2013 le\u00a0<strong>citrate de Sild\u00e9nafil<\/strong>. Il augmente le flux sanguin vers les vaisseaux du bassin, r\u00e9sultant en une relaxation du muscle lisse du p\u00e9nis et une augmentation de l\u2019influx de sang dans les corps caverneux et cela cr\u00e9e une \u00e9rection. Plus le flux sanguin est intense, plus l\u2019\u00e9rection est forte.<\/p>\n","protected":false},"featured_media":2532,"comment_status":"open","ping_status":"closed","template":"","meta":[],"pwb-brand":[],"product_brand":[],"product_cat":[19],"product_tag":[130],"class_list":{"0":"post-1330","1":"product","2":"type-product","3":"status-publish","4":"has-post-thumbnail","6":"product_cat-dysfonction-erectile","7":"product_tag-viagra","8":"clearfix","10":"first","11":"instock","12":"sale","13":"taxable","14":"shipping-taxable","15":"purchasable","16":"product-type-variable","17":"has-default-attributes"},"yoast_head":"<!-- This site is optimized with the Yoast SEO plugin v27.4 - https:\/\/yoast.com\/product\/yoast-seo-wordpress\/ -->\n<title>Viagra 50Mg - La Pharmacie Express<\/title>\n<meta name=\"description\" content=\"Faite vos achats de Dysfonction \u00e9rectile, viagra, cialis, kamagra, levitra, vitamine produits de femme, antibiotique en toute discretion sur la pharamacie express en ligne, livraison gratuite.\" \/>\n<meta name=\"robots\" content=\"index, follow, max-snippet:-1, max-image-preview:large, max-video-preview:-1\" \/>\n<link rel=\"canonical\" href=\"https:\/\/lapharmaciexpress.com\/?product=viagra-50mg\" \/>\n<meta property=\"og:locale\" content=\"fr_FR\" \/>\n<meta property=\"og:type\" content=\"article\" \/>\n<meta property=\"og:title\" content=\"Viagra 50Mg - La Pharmacie Express\" \/>\n<meta property=\"og:description\" content=\"Faite vos achats de Dysfonction \u00e9rectile, viagra, cialis, kamagra, levitra, vitamine produits de femme, antibiotique en toute discretion sur la pharamacie express en ligne, livraison gratuite.\" \/>\n<meta property=\"og:url\" content=\"https:\/\/lapharmaciexpress.com\/?product=viagra-50mg\" \/>\n<meta property=\"og:site_name\" content=\"La Pharmacie Express\" \/>\n<meta property=\"article:modified_time\" content=\"2025-12-16T10:01:11+00:00\" \/>\n<meta property=\"og:image\" content=\"https:\/\/lapharmaciexpress.com\/wp-content\/uploads\/2019\/08\/Viagra.jpg?wsr\" \/>\n\t<meta property=\"og:image:width\" content=\"600\" \/>\n\t<meta property=\"og:image:height\" content=\"600\" \/>\n\t<meta property=\"og:image:type\" content=\"image\/jpeg\" \/>\n<meta name=\"twitter:card\" content=\"summary_large_image\" \/>\n<meta name=\"twitter:label1\" content=\"Dur\u00e9e de lecture estim\u00e9e\" \/>\n\t<meta name=\"twitter:data1\" content=\"6 minutes\" \/>\n<script type=\"application\/ld+json\" class=\"yoast-schema-graph\">{\"@context\":\"https:\\\/\\\/schema.org\",\"@graph\":[{\"@type\":\"WebPage\",\"@id\":\"https:\\\/\\\/lapharmaciexpress.com\\\/?product=viagra-50mg\",\"url\":\"https:\\\/\\\/lapharmaciexpress.com\\\/?product=viagra-50mg\",\"name\":\"Viagra 50Mg - La Pharmacie Express\",\"isPartOf\":{\"@id\":\"https:\\\/\\\/lapharmaciexpress.com\\\/#website\"},\"primaryImageOfPage\":{\"@id\":\"https:\\\/\\\/lapharmaciexpress.com\\\/?product=viagra-50mg#primaryimage\"},\"image\":{\"@id\":\"https:\\\/\\\/lapharmaciexpress.com\\\/?product=viagra-50mg#primaryimage\"},\"thumbnailUrl\":\"https:\\\/\\\/lapharmaciexpress.com\\\/wp-content\\\/uploads\\\/2019\\\/08\\\/Viagra.jpg?wsr\",\"datePublished\":\"2019-05-19T12:50:56+00:00\",\"dateModified\":\"2025-12-16T10:01:11+00:00\",\"description\":\"Faite vos achats de Dysfonction \u00e9rectile, viagra, cialis, kamagra, levitra, vitamine produits de femme, antibiotique en toute discretion sur la pharamacie express en ligne, livraison gratuite.\",\"breadcrumb\":{\"@id\":\"https:\\\/\\\/lapharmaciexpress.com\\\/?product=viagra-50mg#breadcrumb\"},\"inLanguage\":\"fr-FR\",\"potentialAction\":[{\"@type\":\"ReadAction\",\"target\":[\"https:\\\/\\\/lapharmaciexpress.com\\\/?product=viagra-50mg\"]}]},{\"@type\":\"ImageObject\",\"inLanguage\":\"fr-FR\",\"@id\":\"https:\\\/\\\/lapharmaciexpress.com\\\/?product=viagra-50mg#primaryimage\",\"url\":\"https:\\\/\\\/lapharmaciexpress.com\\\/wp-content\\\/uploads\\\/2019\\\/08\\\/Viagra.jpg?wsr\",\"contentUrl\":\"https:\\\/\\\/lapharmaciexpress.com\\\/wp-content\\\/uploads\\\/2019\\\/08\\\/Viagra.jpg?wsr\",\"width\":600,\"height\":600},{\"@type\":\"BreadcrumbList\",\"@id\":\"https:\\\/\\\/lapharmaciexpress.com\\\/?product=viagra-50mg#breadcrumb\",\"itemListElement\":[{\"@type\":\"ListItem\",\"position\":1,\"name\":\"Accueil\",\"item\":\"https:\\\/\\\/lapharmaciexpress.com\\\/\"},{\"@type\":\"ListItem\",\"position\":2,\"name\":\"Boutique\",\"item\":\"https:\\\/\\\/lapharmaciexpress.com\\\/?page_id=6\"},{\"@type\":\"ListItem\",\"position\":3,\"name\":\"Viagra 50Mg\"}]},{\"@type\":\"WebSite\",\"@id\":\"https:\\\/\\\/lapharmaciexpress.com\\\/#website\",\"url\":\"https:\\\/\\\/lapharmaciexpress.com\\\/\",\"name\":\"La Pharmacie Express\",\"description\":\"La pharmacie en ligne\",\"publisher\":{\"@id\":\"https:\\\/\\\/lapharmaciexpress.com\\\/#organization\"},\"potentialAction\":[{\"@type\":\"SearchAction\",\"target\":{\"@type\":\"EntryPoint\",\"urlTemplate\":\"https:\\\/\\\/lapharmaciexpress.com\\\/?s={search_term_string}\"},\"query-input\":{\"@type\":\"PropertyValueSpecification\",\"valueRequired\":true,\"valueName\":\"search_term_string\"}}],\"inLanguage\":\"fr-FR\"},{\"@type\":\"Organization\",\"@id\":\"https:\\\/\\\/lapharmaciexpress.com\\\/#organization\",\"name\":\"La Pharmacie Express\",\"url\":\"https:\\\/\\\/lapharmaciexpress.com\\\/\",\"logo\":{\"@type\":\"ImageObject\",\"inLanguage\":\"fr-FR\",\"@id\":\"https:\\\/\\\/lapharmaciexpress.com\\\/#\\\/schema\\\/logo\\\/image\\\/\",\"url\":\"https:\\\/\\\/lapharmaciexpress.com\\\/wp-content\\\/uploads\\\/2019\\\/07\\\/ico-Lapharmacie-express.png\",\"contentUrl\":\"https:\\\/\\\/lapharmaciexpress.com\\\/wp-content\\\/uploads\\\/2019\\\/07\\\/ico-Lapharmacie-express.png\",\"width\":362,\"height\":300,\"caption\":\"La Pharmacie Express\"},\"image\":{\"@id\":\"https:\\\/\\\/lapharmaciexpress.com\\\/#\\\/schema\\\/logo\\\/image\\\/\"}}]}<\/script>\n<!-- \/ Yoast SEO plugin. -->","yoast_head_json":{"title":"Viagra 50Mg - La Pharmacie Express","description":"Faite vos achats de Dysfonction \u00e9rectile, viagra, cialis, kamagra, levitra, vitamine produits de femme, antibiotique en toute discretion sur la pharamacie express en ligne, livraison gratuite.","robots":{"index":"index","follow":"follow","max-snippet":"max-snippet:-1","max-image-preview":"max-image-preview:large","max-video-preview":"max-video-preview:-1"},"canonical":"https:\/\/lapharmaciexpress.com\/?product=viagra-50mg","og_locale":"fr_FR","og_type":"article","og_title":"Viagra 50Mg - La Pharmacie Express","og_description":"Faite vos achats de Dysfonction \u00e9rectile, viagra, cialis, kamagra, levitra, vitamine produits de femme, antibiotique en toute discretion sur la pharamacie express en ligne, livraison gratuite.","og_url":"https:\/\/lapharmaciexpress.com\/?product=viagra-50mg","og_site_name":"La Pharmacie Express","article_modified_time":"2025-12-16T10:01:11+00:00","og_image":[{"width":600,"height":600,"url":"https:\/\/lapharmaciexpress.com\/wp-content\/uploads\/2019\/08\/Viagra.jpg?wsr","type":"image\/jpeg"}],"twitter_card":"summary_large_image","twitter_misc":{"Dur\u00e9e de lecture estim\u00e9e":"6 minutes"},"schema":{"@context":"https:\/\/schema.org","@graph":[{"@type":"WebPage","@id":"https:\/\/lapharmaciexpress.com\/?product=viagra-50mg","url":"https:\/\/lapharmaciexpress.com\/?product=viagra-50mg","name":"Viagra 50Mg - La Pharmacie Express","isPartOf":{"@id":"https:\/\/lapharmaciexpress.com\/#website"},"primaryImageOfPage":{"@id":"https:\/\/lapharmaciexpress.com\/?product=viagra-50mg#primaryimage"},"image":{"@id":"https:\/\/lapharmaciexpress.com\/?product=viagra-50mg#primaryimage"},"thumbnailUrl":"https:\/\/lapharmaciexpress.com\/wp-content\/uploads\/2019\/08\/Viagra.jpg?wsr","datePublished":"2019-05-19T12:50:56+00:00","dateModified":"2025-12-16T10:01:11+00:00","description":"Faite vos achats de Dysfonction \u00e9rectile, viagra, cialis, kamagra, levitra, vitamine produits de femme, antibiotique en toute discretion sur la pharamacie express en ligne, livraison gratuite.","breadcrumb":{"@id":"https:\/\/lapharmaciexpress.com\/?product=viagra-50mg#breadcrumb"},"inLanguage":"fr-FR","potentialAction":[{"@type":"ReadAction","target":["https:\/\/lapharmaciexpress.com\/?product=viagra-50mg"]}]},{"@type":"ImageObject","inLanguage":"fr-FR","@id":"https:\/\/lapharmaciexpress.com\/?product=viagra-50mg#primaryimage","url":"https:\/\/lapharmaciexpress.com\/wp-content\/uploads\/2019\/08\/Viagra.jpg?wsr","contentUrl":"https:\/\/lapharmaciexpress.com\/wp-content\/uploads\/2019\/08\/Viagra.jpg?wsr","width":600,"height":600},{"@type":"BreadcrumbList","@id":"https:\/\/lapharmaciexpress.com\/?product=viagra-50mg#breadcrumb","itemListElement":[{"@type":"ListItem","position":1,"name":"Accueil","item":"https:\/\/lapharmaciexpress.com\/"},{"@type":"ListItem","position":2,"name":"Boutique","item":"https:\/\/lapharmaciexpress.com\/?page_id=6"},{"@type":"ListItem","position":3,"name":"Viagra 50Mg"}]},{"@type":"WebSite","@id":"https:\/\/lapharmaciexpress.com\/#website","url":"https:\/\/lapharmaciexpress.com\/","name":"La Pharmacie Express","description":"La pharmacie en ligne","publisher":{"@id":"https:\/\/lapharmaciexpress.com\/#organization"},"potentialAction":[{"@type":"SearchAction","target":{"@type":"EntryPoint","urlTemplate":"https:\/\/lapharmaciexpress.com\/?s={search_term_string}"},"query-input":{"@type":"PropertyValueSpecification","valueRequired":true,"valueName":"search_term_string"}}],"inLanguage":"fr-FR"},{"@type":"Organization","@id":"https:\/\/lapharmaciexpress.com\/#organization","name":"La Pharmacie Express","url":"https:\/\/lapharmaciexpress.com\/","logo":{"@type":"ImageObject","inLanguage":"fr-FR","@id":"https:\/\/lapharmaciexpress.com\/#\/schema\/logo\/image\/","url":"https:\/\/lapharmaciexpress.com\/wp-content\/uploads\/2019\/07\/ico-Lapharmacie-express.png","contentUrl":"https:\/\/lapharmaciexpress.com\/wp-content\/uploads\/2019\/07\/ico-Lapharmacie-express.png","width":362,"height":300,"caption":"La Pharmacie Express"},"image":{"@id":"https:\/\/lapharmaciexpress.com\/#\/schema\/logo\/image\/"}}]}},"jetpack_sharing_enabled":true,"brands":[],"_links":{"self":[{"href":"https:\/\/lapharmaciexpress.com\/index.php?rest_route=\/wp\/v2\/product\/1330","targetHints":{"allow":["GET"]}}],"collection":[{"href":"https:\/\/lapharmaciexpress.com\/index.php?rest_route=\/wp\/v2\/product"}],"about":[{"href":"https:\/\/lapharmaciexpress.com\/index.php?rest_route=\/wp\/v2\/types\/product"}],"replies":[{"embeddable":true,"href":"https:\/\/lapharmaciexpress.com\/index.php?rest_route=%2Fwp%2Fv2%2Fcomments&post=1330"}],"wp:featuredmedia":[{"embeddable":true,"href":"https:\/\/lapharmaciexpress.com\/index.php?rest_route=\/wp\/v2\/media\/2532"}],"wp:attachment":[{"href":"https:\/\/lapharmaciexpress.com\/index.php?rest_route=%2Fwp%2Fv2%2Fmedia&parent=1330"}],"wp:term":[{"taxonomy":"pwb-brand","embeddable":true,"href":"https:\/\/lapharmaciexpress.com\/index.php?rest_route=%2Fwp%2Fv2%2Fpwb-brand&post=1330"},{"taxonomy":"product_brand","embeddable":true,"href":"https:\/\/lapharmaciexpress.com\/index.php?rest_route=%2Fwp%2Fv2%2Fproduct_brand&post=1330"},{"taxonomy":"product_cat","embeddable":true,"href":"https:\/\/lapharmaciexpress.com\/index.php?rest_route=%2Fwp%2Fv2%2Fproduct_cat&post=1330"},{"taxonomy":"product_tag","embeddable":true,"href":"https:\/\/lapharmaciexpress.com\/index.php?rest_route=%2Fwp%2Fv2%2Fproduct_tag&post=1330"}],"curies":[{"name":"wp","href":"https:\/\/api.w.org\/{rel}","templated":true}]}}