{"id":1351,"date":"2019-05-19T15:42:55","date_gmt":"2019-05-19T13:42:55","guid":{"rendered":"http:\/\/lapharmaciexpresscom.com\/?post_type=product&#038;p=1351"},"modified":"2023-07-15T13:44:38","modified_gmt":"2023-07-15T11:44:38","slug":"cialis-5mg","status":"publish","type":"product","link":"https:\/\/lapharmaciexpress.com\/?product=cialis-5mg","title":{"rendered":"Cialis 5Mg"},"content":{"rendered":"<p>Cialis G\u00e9n\u00e9rique-courte description:<\/p>\n<ul>\n<li>Cialis G\u00e9n\u00e9rique est con\u00e7u pour les hommes \u00e2g\u00e9s de plus de 18 ans et qui ont des difficult\u00e9s avec l&#8217;\u00e9rection;<\/li>\n<li>Gr\u00e2ce \u00e0 l&#8217;assimilation rapide, l\u2019afflux de sang vers le p\u00e9nis commence 30-40 min apr\u00e8s la prise;<\/li>\n<li>Apr\u00e8s l\u2019achat et la prise de Cialis g\u00e9n\u00e9rique vous pouvez faire l\u2019amour plusieurs fois sans regarder le temps. L\u2019effet du m\u00e9dicament dure pendant 36 heures;<\/li>\n<li>L\u2019\u00e9rection est observ\u00e9e seulement \u00e0 l\u2019excitation;<\/li>\n<li>Le m\u00e9dicament est bien tol\u00e9r\u00e9 par l&#8217;organisme.<\/li>\n<\/ul>\n<p><strong>Posologie et proc\u00e9dures d\u2019administration<\/strong><\/p>\n<ul>\n<li>Le comprim\u00e9 est \u00e0 prendre avec de l&#8217;eau au moins 30 minutes avant le contact sexuel pr\u00e9sum\u00e9;<\/li>\n<li>L&#8217;effet du m\u00e9dicament dure pendant 36 heures;<\/li>\n<li>Pour les patients \u00e2g\u00e9s et d&#8217;\u00e2ge moyen la s\u00e9lection sp\u00e9ciale de dose n\u2019est pas n\u00e9cessaire;<\/li>\n<li>La dose quotidienne maximale de Cialis est de 20 mg (1 comprim\u00e9 ou un demi-comprim\u00e9 de 40 mg) qui est \u00e0 prendre pas plus d\u2019une fois par jour;<\/li>\n<li>Le m\u00e9dicament peut \u00eatre pris avec de la nourriture.<\/li>\n<\/ul>\n<p><strong>Principe de fonctionnement de Cialis G\u00e9n\u00e9rique<\/strong><\/p>\n<p>La base de Cialis est pr\u00e9sent\u00e9e par l\u2019inhibiteur s\u00e9lectif portant le nom de Tadalafil. Cette substance stimule la relaxation des muscles lisses du p\u00e9nis, augmente les art\u00e8res de sang et le flux sanguin dans le p\u00e9nis. Comme r\u00e9sultat le membre est fortement satur\u00e9 par le sang ce qui provoque une \u00e9rection stable et \u00e9lastique. En dehors de son action directe le Cialis g\u00e9n\u00e9rique contribue \u00e0 une d\u00e9tente psychologique, car pas besoin maintenant de craindre d\u2019un \u00e9chec \u00e9ventuel, donc, on peut facilement inviter la fille qui vous pla\u00eet pour une soir\u00e9e. Le fait que vous pouvez acheter Cialis sans ordonnance est la preuve de la s\u00e9curit\u00e9.<\/p>\n<p>Le Cialis G\u00e9n\u00e9rique est incroyablement efficace. Son action dure 36 heures. Ce m\u00e9dicament laisse tous les malentendus et les stress derri\u00e8re. Pour que tous vos complexes li\u00e9s \u00e0 l&#8217;impuissance restent dans votre &#8220;vie pass\u00e9e&#8221; il suffit d\u2019acheter le Tadalafil et de le garder avec soi. Ce produit ne r\u00e9agit pas \u00e0 la nourriture abondante et au vin, mais il est recommand\u00e9 quand-m\u00eame de le prendre \u00e0 l\u2019estomac vide.<\/p>\n<p>Le comprim\u00e9 de Cialis G\u00e9n\u00e9rique contient 20 mg de Tadalafil. C\u2019est la dose quotidienne maximale recommand\u00e9e par les m\u00e9decins. Au cas o\u00f9 vous prenez ce g\u00e9n\u00e9rique pour la premi\u00e8re fois vous pouvez commencer avec un demi-comprim\u00e9. La m\u00eame dose est recommand\u00e9e aux personnes souffrant de divers troubles des reins, de foie et du syst\u00e8me cardiovasculaire. Mais si la prise de Tadalafil n&#8217;a pas d\u2019effet voulu vous pouvez augmenter la dose. \u00c0 prendre 25-30 minutes avant le rapport sexuel.<\/p>\n<p><strong>Interactions avec d&#8217;autres m\u00e9dicaments<\/strong><\/p>\n<p>Des produits tels que le K\u00e9toconazole, Ritonavir, et peut \u00eatre, le Sacvinavir, l&#8217;itraconazole et l&#8217;\u00e9rythromycine augmentent la concentration du Tadalafil dans le sang.<\/p>\n<p>La Rifampicine qui est un inducteur du CYP3A4, au contraire, am\u00e8ne \u00e0 une diminution de l&#8217;effet pharmacologique du Cialis G\u00e9n\u00e9rique.<\/p>\n<p>ATTENTION! Ne prenez pas le Cialis g\u00e9n\u00e9rique avec des nitrates quelque soit leur formes et avec les donateurs d&#8217;oxyde d\u2019azote.<\/p>\n<p><strong>Effets secondaires de Cialis (Cialis)<\/strong><\/p>\n<p>Les effets secondaires les plus courrants sont des maux de t\u00eate, maux de dos et\/ou des douleurs musculaires, l\u2019indigestion, les afflux du sang dans la peau, et le rhume. Ces effets secondaires n\u2019apparaissent pas tous \u00e0 la fois, il peut y avoir plusieurs ou un sympt\u00f4me seulement.<\/p>\n<p>Ils peuvent survenir en fonction de l&#8217;organisme de chaque personne. Assez souvent ces sympt\u00f4mes disparaissent en quelques heures apr\u00e8s la prise du comprim\u00e9. Apr\u00e8s plusieurs prises de Cialis l\u2019organisme humain s\u2019habitue \u00e0 assimiler le m\u00e9dicament, donc \u00e0 l&#8217;avenir une faible manifestation \u00e9ventuelle des effets secondaires ou m\u00eame leur absence est tout \u00e0 fait possible.<\/p>\n<p>Au cas o\u00f9 vous constatez de temps \u00e0 autre une augmentation des effets secondaires, vous pouvez commencer \u00e0 prendre d&#8217;autres m\u00e9dicaments pour le traitement de la dysfonction \u00e9rectile ou consulter votre m\u00e9decin.<\/p>\n<p><strong>En prenant le Cialis rappelez-vous quelques simples r\u00e8gles:<\/strong><\/p>\n<ul>\n<li>Ne prenez pas d&#8217;autres m\u00e9dicaments destin\u00e9s pour am\u00e9liorer la puissance (dysfonction \u00e9rectile);<\/li>\n<li>Ne consommez pas trop d&#8217;alcool. L&#8217;abus d&#8217;alcool peut augmenter l&#8217;impact n\u00e9gatif des effets secondaires;<\/li>\n<li>Prenez le Cialis comme indiqu\u00e9 dans les instructions ou comme c\u2019est recommand\u00e9 par votre m\u00e9decin. Rappelez-vous que l&#8217;augmentation de la dose de Tadalafil g\u00e9n\u00e9rique ne m\u00e8ne pas \u00e0 une augmentation de ses actions.<\/li>\n<\/ul>\n<p>Le Tadalafil G\u00e9n\u00e9rique (Cialis) ne convient pas pour tous et est recommand\u00e9 pour les hommes de plus de 18 ans. Certains effets secondaires de Cialis peuvent nuire \u00e0 votre sant\u00e9. Si vous avez une bonne sant\u00e9 alors il y a aucun probl\u00e8me pour prendre le Cialis et am\u00e9liorer votre vie sexuelle.<\/p>\n<p>Au cas o\u00f9 vous avez des doutes ou vous n\u2019\u00eates pas s\u00fbr de votre sant\u00e9, nous vous recommandons avant de prendre le Cialis de consulter votre m\u00e9decin. Parlez-lui de vos probl\u00e8mes m\u00e9dicaux, et s\u2019il n&#8217;y a pas d&#8217;exigences particuli\u00e8res, alors vous pouvez commencer en toute s\u00e9curit\u00e9 de prendre Cialis.<\/p>\n<p><strong>Dur\u00e9e de stockage et de conservation<\/strong><\/p>\n<p>La dur\u00e9e de conservation de Cialis est de 3 ans \u00e0 partir de la date de fabrication. Les comprim\u00e9s doivent \u00eatre gard\u00e9s \u00e0 une temp\u00e9rature ambiante montant jusqu&#8217;\u00e0 30 degr\u00e9s, dans un endroit sombre et loin de la port\u00e9e des enfants.<\/p>\n","protected":false},"excerpt":{"rendered":"<p>Le Cialis est con\u00e7u pour le traitement de la dysfonction \u00e9rectile chez les hommes de tout \u00e2ge. Gr\u00e2ce \u00e0 la dur\u00e9e de son effet allant jusqu&#8217;\u00e0 36 heures les comprim\u00e9s de Cialis (Tadalafil) ont re\u00e7u le surnom de \u00abla pilule du week-end&#8221;.<\/p>\n","protected":false},"featured_media":1360,"comment_status":"open","ping_status":"closed","template":"","meta":[],"pwb-brand":[],"product_brand":[],"product_cat":[19],"product_tag":[131],"class_list":{"0":"post-1351","1":"product","2":"type-product","3":"status-publish","4":"has-post-thumbnail","6":"product_cat-dysfonction-erectile","7":"product_tag-cialis","8":"clearfix","10":"first","11":"instock","12":"taxable","13":"shipping-taxable","14":"purchasable","15":"product-type-variable"},"yoast_head":"<!-- This site is optimized with the Yoast SEO plugin v27.4 - https:\/\/yoast.com\/product\/yoast-seo-wordpress\/ -->\n<title>Cialis 5Mg - La Pharmacie Express<\/title>\n<meta name=\"description\" content=\"Faite vos achats de Dysfonction \u00e9rectile, viagra, cialis, kamagra, levitra, vitamine produits de femme, antibiotique en toute discretion sur la pharamacie express en ligne, livraison gratuite.\" \/>\n<meta name=\"robots\" content=\"index, follow, max-snippet:-1, max-image-preview:large, max-video-preview:-1\" \/>\n<link rel=\"canonical\" href=\"https:\/\/lapharmaciexpress.com\/?product=cialis-5mg\" \/>\n<meta property=\"og:locale\" content=\"fr_FR\" \/>\n<meta property=\"og:type\" content=\"article\" \/>\n<meta property=\"og:title\" content=\"Cialis 5Mg - La Pharmacie Express\" \/>\n<meta property=\"og:description\" content=\"Faite vos achats de Dysfonction \u00e9rectile, viagra, cialis, kamagra, levitra, vitamine produits de femme, antibiotique en toute discretion sur la pharamacie express en ligne, livraison gratuite.\" \/>\n<meta property=\"og:url\" content=\"https:\/\/lapharmaciexpress.com\/?product=cialis-5mg\" \/>\n<meta property=\"og:site_name\" content=\"La Pharmacie Express\" \/>\n<meta property=\"article:modified_time\" content=\"2023-07-15T11:44:38+00:00\" \/>\n<meta property=\"og:image\" content=\"https:\/\/lapharmaciexpress.com\/wp-content\/uploads\/2019\/05\/cialis-generique.jpg\" \/>\n\t<meta property=\"og:image:width\" content=\"600\" \/>\n\t<meta property=\"og:image:height\" content=\"600\" \/>\n\t<meta property=\"og:image:type\" content=\"image\/jpeg\" \/>\n<meta name=\"twitter:card\" content=\"summary_large_image\" \/>\n<meta name=\"twitter:label1\" content=\"Dur\u00e9e de lecture estim\u00e9e\" \/>\n\t<meta name=\"twitter:data1\" content=\"5 minutes\" \/>\n<script type=\"application\/ld+json\" class=\"yoast-schema-graph\">{\"@context\":\"https:\\\/\\\/schema.org\",\"@graph\":[{\"@type\":\"WebPage\",\"@id\":\"https:\\\/\\\/lapharmaciexpress.com\\\/?product=cialis-5mg\",\"url\":\"https:\\\/\\\/lapharmaciexpress.com\\\/?product=cialis-5mg\",\"name\":\"Cialis 5Mg - La Pharmacie Express\",\"isPartOf\":{\"@id\":\"https:\\\/\\\/lapharmaciexpress.com\\\/#website\"},\"primaryImageOfPage\":{\"@id\":\"https:\\\/\\\/lapharmaciexpress.com\\\/?product=cialis-5mg#primaryimage\"},\"image\":{\"@id\":\"https:\\\/\\\/lapharmaciexpress.com\\\/?product=cialis-5mg#primaryimage\"},\"thumbnailUrl\":\"https:\\\/\\\/lapharmaciexpress.com\\\/wp-content\\\/uploads\\\/2019\\\/05\\\/cialis-generique.jpg?wsr\",\"datePublished\":\"2019-05-19T13:42:55+00:00\",\"dateModified\":\"2023-07-15T11:44:38+00:00\",\"description\":\"Faite vos achats de Dysfonction \u00e9rectile, viagra, cialis, kamagra, levitra, vitamine produits de femme, antibiotique en toute discretion sur la pharamacie express en ligne, livraison gratuite.\",\"breadcrumb\":{\"@id\":\"https:\\\/\\\/lapharmaciexpress.com\\\/?product=cialis-5mg#breadcrumb\"},\"inLanguage\":\"fr-FR\",\"potentialAction\":[{\"@type\":\"ReadAction\",\"target\":[\"https:\\\/\\\/lapharmaciexpress.com\\\/?product=cialis-5mg\"]}]},{\"@type\":\"ImageObject\",\"inLanguage\":\"fr-FR\",\"@id\":\"https:\\\/\\\/lapharmaciexpress.com\\\/?product=cialis-5mg#primaryimage\",\"url\":\"https:\\\/\\\/lapharmaciexpress.com\\\/wp-content\\\/uploads\\\/2019\\\/05\\\/cialis-generique.jpg?wsr\",\"contentUrl\":\"https:\\\/\\\/lapharmaciexpress.com\\\/wp-content\\\/uploads\\\/2019\\\/05\\\/cialis-generique.jpg?wsr\",\"width\":600,\"height\":600},{\"@type\":\"BreadcrumbList\",\"@id\":\"https:\\\/\\\/lapharmaciexpress.com\\\/?product=cialis-5mg#breadcrumb\",\"itemListElement\":[{\"@type\":\"ListItem\",\"position\":1,\"name\":\"Accueil\",\"item\":\"https:\\\/\\\/lapharmaciexpress.com\\\/\"},{\"@type\":\"ListItem\",\"position\":2,\"name\":\"Boutique\",\"item\":\"https:\\\/\\\/lapharmaciexpress.com\\\/?page_id=6\"},{\"@type\":\"ListItem\",\"position\":3,\"name\":\"Cialis 5Mg\"}]},{\"@type\":\"WebSite\",\"@id\":\"https:\\\/\\\/lapharmaciexpress.com\\\/#website\",\"url\":\"https:\\\/\\\/lapharmaciexpress.com\\\/\",\"name\":\"La Pharmacie Express\",\"description\":\"La pharmacie en ligne\",\"publisher\":{\"@id\":\"https:\\\/\\\/lapharmaciexpress.com\\\/#organization\"},\"potentialAction\":[{\"@type\":\"SearchAction\",\"target\":{\"@type\":\"EntryPoint\",\"urlTemplate\":\"https:\\\/\\\/lapharmaciexpress.com\\\/?s={search_term_string}\"},\"query-input\":{\"@type\":\"PropertyValueSpecification\",\"valueRequired\":true,\"valueName\":\"search_term_string\"}}],\"inLanguage\":\"fr-FR\"},{\"@type\":\"Organization\",\"@id\":\"https:\\\/\\\/lapharmaciexpress.com\\\/#organization\",\"name\":\"La Pharmacie Express\",\"url\":\"https:\\\/\\\/lapharmaciexpress.com\\\/\",\"logo\":{\"@type\":\"ImageObject\",\"inLanguage\":\"fr-FR\",\"@id\":\"https:\\\/\\\/lapharmaciexpress.com\\\/#\\\/schema\\\/logo\\\/image\\\/\",\"url\":\"https:\\\/\\\/lapharmaciexpress.com\\\/wp-content\\\/uploads\\\/2019\\\/07\\\/ico-Lapharmacie-express.png\",\"contentUrl\":\"https:\\\/\\\/lapharmaciexpress.com\\\/wp-content\\\/uploads\\\/2019\\\/07\\\/ico-Lapharmacie-express.png\",\"width\":362,\"height\":300,\"caption\":\"La Pharmacie Express\"},\"image\":{\"@id\":\"https:\\\/\\\/lapharmaciexpress.com\\\/#\\\/schema\\\/logo\\\/image\\\/\"}}]}<\/script>\n<!-- \/ Yoast SEO plugin. -->","yoast_head_json":{"title":"Cialis 5Mg - La Pharmacie Express","description":"Faite vos achats de Dysfonction \u00e9rectile, viagra, cialis, kamagra, levitra, vitamine produits de femme, antibiotique en toute discretion sur la pharamacie express en ligne, livraison gratuite.","robots":{"index":"index","follow":"follow","max-snippet":"max-snippet:-1","max-image-preview":"max-image-preview:large","max-video-preview":"max-video-preview:-1"},"canonical":"https:\/\/lapharmaciexpress.com\/?product=cialis-5mg","og_locale":"fr_FR","og_type":"article","og_title":"Cialis 5Mg - La Pharmacie Express","og_description":"Faite vos achats de Dysfonction \u00e9rectile, viagra, cialis, kamagra, levitra, vitamine produits de femme, antibiotique en toute discretion sur la pharamacie express en ligne, livraison gratuite.","og_url":"https:\/\/lapharmaciexpress.com\/?product=cialis-5mg","og_site_name":"La Pharmacie Express","article_modified_time":"2023-07-15T11:44:38+00:00","og_image":[{"width":600,"height":600,"url":"https:\/\/lapharmaciexpress.com\/wp-content\/uploads\/2019\/05\/cialis-generique.jpg","type":"image\/jpeg"}],"twitter_card":"summary_large_image","twitter_misc":{"Dur\u00e9e de lecture estim\u00e9e":"5 minutes"},"schema":{"@context":"https:\/\/schema.org","@graph":[{"@type":"WebPage","@id":"https:\/\/lapharmaciexpress.com\/?product=cialis-5mg","url":"https:\/\/lapharmaciexpress.com\/?product=cialis-5mg","name":"Cialis 5Mg - La Pharmacie Express","isPartOf":{"@id":"https:\/\/lapharmaciexpress.com\/#website"},"primaryImageOfPage":{"@id":"https:\/\/lapharmaciexpress.com\/?product=cialis-5mg#primaryimage"},"image":{"@id":"https:\/\/lapharmaciexpress.com\/?product=cialis-5mg#primaryimage"},"thumbnailUrl":"https:\/\/lapharmaciexpress.com\/wp-content\/uploads\/2019\/05\/cialis-generique.jpg?wsr","datePublished":"2019-05-19T13:42:55+00:00","dateModified":"2023-07-15T11:44:38+00:00","description":"Faite vos achats de Dysfonction \u00e9rectile, viagra, cialis, kamagra, levitra, vitamine produits de femme, antibiotique en toute discretion sur la pharamacie express en ligne, livraison gratuite.","breadcrumb":{"@id":"https:\/\/lapharmaciexpress.com\/?product=cialis-5mg#breadcrumb"},"inLanguage":"fr-FR","potentialAction":[{"@type":"ReadAction","target":["https:\/\/lapharmaciexpress.com\/?product=cialis-5mg"]}]},{"@type":"ImageObject","inLanguage":"fr-FR","@id":"https:\/\/lapharmaciexpress.com\/?product=cialis-5mg#primaryimage","url":"https:\/\/lapharmaciexpress.com\/wp-content\/uploads\/2019\/05\/cialis-generique.jpg?wsr","contentUrl":"https:\/\/lapharmaciexpress.com\/wp-content\/uploads\/2019\/05\/cialis-generique.jpg?wsr","width":600,"height":600},{"@type":"BreadcrumbList","@id":"https:\/\/lapharmaciexpress.com\/?product=cialis-5mg#breadcrumb","itemListElement":[{"@type":"ListItem","position":1,"name":"Accueil","item":"https:\/\/lapharmaciexpress.com\/"},{"@type":"ListItem","position":2,"name":"Boutique","item":"https:\/\/lapharmaciexpress.com\/?page_id=6"},{"@type":"ListItem","position":3,"name":"Cialis 5Mg"}]},{"@type":"WebSite","@id":"https:\/\/lapharmaciexpress.com\/#website","url":"https:\/\/lapharmaciexpress.com\/","name":"La Pharmacie Express","description":"La pharmacie en ligne","publisher":{"@id":"https:\/\/lapharmaciexpress.com\/#organization"},"potentialAction":[{"@type":"SearchAction","target":{"@type":"EntryPoint","urlTemplate":"https:\/\/lapharmaciexpress.com\/?s={search_term_string}"},"query-input":{"@type":"PropertyValueSpecification","valueRequired":true,"valueName":"search_term_string"}}],"inLanguage":"fr-FR"},{"@type":"Organization","@id":"https:\/\/lapharmaciexpress.com\/#organization","name":"La Pharmacie Express","url":"https:\/\/lapharmaciexpress.com\/","logo":{"@type":"ImageObject","inLanguage":"fr-FR","@id":"https:\/\/lapharmaciexpress.com\/#\/schema\/logo\/image\/","url":"https:\/\/lapharmaciexpress.com\/wp-content\/uploads\/2019\/07\/ico-Lapharmacie-express.png","contentUrl":"https:\/\/lapharmaciexpress.com\/wp-content\/uploads\/2019\/07\/ico-Lapharmacie-express.png","width":362,"height":300,"caption":"La Pharmacie Express"},"image":{"@id":"https:\/\/lapharmaciexpress.com\/#\/schema\/logo\/image\/"}}]}},"jetpack_sharing_enabled":true,"brands":[],"_links":{"self":[{"href":"https:\/\/lapharmaciexpress.com\/index.php?rest_route=\/wp\/v2\/product\/1351","targetHints":{"allow":["GET"]}}],"collection":[{"href":"https:\/\/lapharmaciexpress.com\/index.php?rest_route=\/wp\/v2\/product"}],"about":[{"href":"https:\/\/lapharmaciexpress.com\/index.php?rest_route=\/wp\/v2\/types\/product"}],"replies":[{"embeddable":true,"href":"https:\/\/lapharmaciexpress.com\/index.php?rest_route=%2Fwp%2Fv2%2Fcomments&post=1351"}],"wp:featuredmedia":[{"embeddable":true,"href":"https:\/\/lapharmaciexpress.com\/index.php?rest_route=\/wp\/v2\/media\/1360"}],"wp:attachment":[{"href":"https:\/\/lapharmaciexpress.com\/index.php?rest_route=%2Fwp%2Fv2%2Fmedia&parent=1351"}],"wp:term":[{"taxonomy":"pwb-brand","embeddable":true,"href":"https:\/\/lapharmaciexpress.com\/index.php?rest_route=%2Fwp%2Fv2%2Fpwb-brand&post=1351"},{"taxonomy":"product_brand","embeddable":true,"href":"https:\/\/lapharmaciexpress.com\/index.php?rest_route=%2Fwp%2Fv2%2Fproduct_brand&post=1351"},{"taxonomy":"product_cat","embeddable":true,"href":"https:\/\/lapharmaciexpress.com\/index.php?rest_route=%2Fwp%2Fv2%2Fproduct_cat&post=1351"},{"taxonomy":"product_tag","embeddable":true,"href":"https:\/\/lapharmaciexpress.com\/index.php?rest_route=%2Fwp%2Fv2%2Fproduct_tag&post=1351"}],"curies":[{"name":"wp","href":"https:\/\/api.w.org\/{rel}","templated":true}]}}