{"id":1375,"date":"2019-05-20T04:36:11","date_gmt":"2019-05-20T02:36:11","guid":{"rendered":"http:\/\/lapharmaciexpresscom.com\/?post_type=product&#038;p=1375"},"modified":"2023-07-15T13:44:10","modified_gmt":"2023-07-15T11:44:10","slug":"kamagra-50mg","status":"publish","type":"product","link":"https:\/\/lapharmaciexpress.com\/?product=kamagra-50mg","title":{"rendered":"Kamagra 50Mg"},"content":{"rendered":"<p>Les r\u00e9sultats des essais cliniques ont montr\u00e9 que le composant actif du m\u00e9dicament, sild\u00e9nafil, permet de r\u00e9tablir l\u2019\u00e9rection dans 80% des cas (il y a le sens de prendre le Kamagra, si la dysfonction \u00e9rectile s\u2019est d\u00e9velopp\u00e9e suite aux troubles vasculaires ou porte le caract\u00e8re psychologique ou inconnu).<\/p>\n<p><strong>Indication<\/strong><\/p>\n<p>Dysfonction \u00e9rectile (troubles de l\u2019\u00e9rection), y compris son stade terminal, l\u2019impuissance.<\/p>\n<p><strong>Posologie et dosage<\/strong><\/p>\n<p>1 pilule (100 mg) du m\u00e9dicament est \u00e0 prendre par voie orale 45-60 minutes avant le moment envisag\u00e9 d\u2019activit\u00e9 sexuelle. Prendre avec de l\u2019eau. Il est fortement d\u00e9conseill\u00e9 d\u2019augmenter le dosage sans avoir consult\u00e9 le sp\u00e9cialiste. La prise simultan\u00e9e de l\u2019alcool peut affecter l\u2019efficacit\u00e9 du m\u00e9dicament.<\/p>\n<p><strong>Description<\/strong><\/p>\n<p>Kamagra ne comporte pas d\u2019hormones, n\u2019est pas un produit excitant, aphrodisiaque ou stimulant. Le m\u00e9dicament ne fait que r\u00e9tablir le m\u00e9canisme \u00e9rectile alt\u00e9r\u00e9 en rendant les rapports sexuels les plus naturels possibles. Le sild\u00e9nafil est un composant s\u00fbr et est rapidement \u00e9vacu\u00e9 de l&#8217;organisme. Il n\u2019apporte pas de modifications dans l\u2019\u00e9quilibre hormonal, le fonctionnement du syst\u00e8me nerveux ou cardiaque. Il n\u2019affecte nullement la production ou la qualit\u00e9 du sperme, l\u2019activit\u00e9 des spermatozo\u00efdes ou leur capacit\u00e9 de f\u00e9condation.<\/p>\n<p>Les premiers effets du Kamagra se ressentent pendant la premi\u00e8re heure apr\u00e8s la prise (g\u00e9n\u00e9ralement, dans 30 minutes), ce qui permet de le prendre peu de temps avant l\u2019activit\u00e9 sexuelle envisag\u00e9e.<\/p>\n<p>Le m\u00e9dicament s\u2019est montr\u00e9 particuli\u00e8rement efficace dans la cat\u00e9gorie des hommes m\u00fbrs.<\/p>\n<p><strong>Action pharmacologique<\/strong><\/p>\n<p>Le sild\u00e9nafil, substance active du Kamagra, commence \u00e0 stimuler les processus d\u2019irrigation sanguine d\u00e8s sa p\u00e9n\u00e9tration dans le sang. Il agit sur tout l\u2019appareil cardiovasculaire, mais l\u2019effet maximal est ressenti au niveau du petit bassin. En cons\u00e9quence, les corps caverneux du p\u00e9nis, incapables de se remplir avant la prise du m\u00e9dicament, re\u00e7oivent la quantit\u00e9 suffisante de sang pour une \u00e9rection de qualit\u00e9. Il ne faut pas oublier que le Kamagra ne donne pas d\u2019\u00e9rection momentan\u00e9e et que la stimulation sexuelle est imp\u00e9rative (excitation sexuelle, caresses).<\/p>\n<p><strong>Contre-indications<\/strong><\/p>\n<p>La prise du m\u00e9dicament est interdite aux femmes et aux mineurs. Les personnes souffrant des maladies cardiovasculaires, des d\u00e9formations du p\u00e9nis, du diab\u00e8te, du dysfonctionnement du foie et des reins doivent rester particuli\u00e8rement prudents et consulter imp\u00e9rativement leur m\u00e9decin.<\/p>\n<p><strong>Effets secondaires<\/strong><\/p>\n<p>Les effets secondaires du Kamagra sont insignifiants. Mais comme n\u2019importe quel m\u00e9dicament, il en a quelques-uns.<\/p>\n<p>Si vous ressentez des effets secondaires dus \u00e0 la prise du Kamagra, consultez imm\u00e9diatement votre m\u00e9decin. Les effets secondaires du Kamagra sont: vertiges et maux de t\u00eate, nez bouch\u00e9, diarrh\u00e9e, afflux du sang au visage, photosensibilit\u00e9, alt\u00e9ration de la perception des couleurs et certaines autres alt\u00e9rations visuelles.<\/p>\n","protected":false},"excerpt":{"rendered":"<p>Le m\u00e9dicament Kamagra est un des rem\u00e8des les plus efficaces contre la dysfonction \u00e9rectile que la m\u00e9decine moderne et la pharmacologie soient capables de proposer, il est vendu sous son propre nom, mais sa substance active, Sild\u00e9nafil, est identique \u00e0 celle pr\u00e9sente dans le Viagra connu dans le monde entier.<\/p>\n","protected":false},"featured_media":1384,"comment_status":"open","ping_status":"closed","template":"","meta":[],"pwb-brand":[],"product_brand":[],"product_cat":[19],"product_tag":[133],"class_list":{"0":"post-1375","1":"product","2":"type-product","3":"status-publish","4":"has-post-thumbnail","6":"product_cat-dysfonction-erectile","7":"product_tag-kamagra","8":"clearfix","10":"first","11":"instock","12":"taxable","13":"shipping-taxable","14":"purchasable","15":"product-type-variable"},"yoast_head":"<!-- This site is optimized with the Yoast SEO plugin v27.4 - https:\/\/yoast.com\/product\/yoast-seo-wordpress\/ -->\n<title>Kamagra 50Mg - La Pharmacie Express<\/title>\n<meta name=\"description\" content=\"Faite vos achats de Dysfonction \u00e9rectile, viagra, cialis, kamagra, levitra, vitamine produits de femme, antibiotique en toute discretion sur la pharamacie express en ligne, livraison gratuite.\" \/>\n<meta name=\"robots\" content=\"index, follow, max-snippet:-1, max-image-preview:large, max-video-preview:-1\" \/>\n<link rel=\"canonical\" href=\"https:\/\/lapharmaciexpress.com\/?product=kamagra-50mg\" \/>\n<meta property=\"og:locale\" content=\"fr_FR\" \/>\n<meta property=\"og:type\" content=\"article\" \/>\n<meta property=\"og:title\" content=\"Kamagra 50Mg - La Pharmacie Express\" \/>\n<meta property=\"og:description\" content=\"Faite vos achats de Dysfonction \u00e9rectile, viagra, cialis, kamagra, levitra, vitamine produits de femme, antibiotique en toute discretion sur la pharamacie express en ligne, livraison gratuite.\" \/>\n<meta property=\"og:url\" content=\"https:\/\/lapharmaciexpress.com\/?product=kamagra-50mg\" \/>\n<meta property=\"og:site_name\" content=\"La Pharmacie Express\" \/>\n<meta property=\"article:modified_time\" content=\"2023-07-15T11:44:10+00:00\" \/>\n<meta property=\"og:image\" content=\"https:\/\/lapharmaciexpress.com\/wp-content\/uploads\/2019\/05\/kamagra-pilules.jpg\" \/>\n\t<meta property=\"og:image:width\" content=\"600\" \/>\n\t<meta property=\"og:image:height\" content=\"600\" \/>\n\t<meta property=\"og:image:type\" content=\"image\/jpeg\" \/>\n<meta name=\"twitter:card\" content=\"summary_large_image\" \/>\n<meta name=\"twitter:label1\" content=\"Dur\u00e9e de lecture estim\u00e9e\" \/>\n\t<meta name=\"twitter:data1\" content=\"2 minutes\" \/>\n<script type=\"application\/ld+json\" class=\"yoast-schema-graph\">{\"@context\":\"https:\\\/\\\/schema.org\",\"@graph\":[{\"@type\":\"WebPage\",\"@id\":\"https:\\\/\\\/lapharmaciexpress.com\\\/?product=kamagra-50mg\",\"url\":\"https:\\\/\\\/lapharmaciexpress.com\\\/?product=kamagra-50mg\",\"name\":\"Kamagra 50Mg - La Pharmacie Express\",\"isPartOf\":{\"@id\":\"https:\\\/\\\/lapharmaciexpress.com\\\/#website\"},\"primaryImageOfPage\":{\"@id\":\"https:\\\/\\\/lapharmaciexpress.com\\\/?product=kamagra-50mg#primaryimage\"},\"image\":{\"@id\":\"https:\\\/\\\/lapharmaciexpress.com\\\/?product=kamagra-50mg#primaryimage\"},\"thumbnailUrl\":\"https:\\\/\\\/lapharmaciexpress.com\\\/wp-content\\\/uploads\\\/2019\\\/05\\\/kamagra-pilules.jpg?wsr\",\"datePublished\":\"2019-05-20T02:36:11+00:00\",\"dateModified\":\"2023-07-15T11:44:10+00:00\",\"description\":\"Faite vos achats de Dysfonction \u00e9rectile, viagra, cialis, kamagra, levitra, vitamine produits de femme, antibiotique en toute discretion sur la pharamacie express en ligne, livraison gratuite.\",\"breadcrumb\":{\"@id\":\"https:\\\/\\\/lapharmaciexpress.com\\\/?product=kamagra-50mg#breadcrumb\"},\"inLanguage\":\"fr-FR\",\"potentialAction\":[{\"@type\":\"ReadAction\",\"target\":[\"https:\\\/\\\/lapharmaciexpress.com\\\/?product=kamagra-50mg\"]}]},{\"@type\":\"ImageObject\",\"inLanguage\":\"fr-FR\",\"@id\":\"https:\\\/\\\/lapharmaciexpress.com\\\/?product=kamagra-50mg#primaryimage\",\"url\":\"https:\\\/\\\/lapharmaciexpress.com\\\/wp-content\\\/uploads\\\/2019\\\/05\\\/kamagra-pilules.jpg?wsr\",\"contentUrl\":\"https:\\\/\\\/lapharmaciexpress.com\\\/wp-content\\\/uploads\\\/2019\\\/05\\\/kamagra-pilules.jpg?wsr\",\"width\":600,\"height\":600},{\"@type\":\"BreadcrumbList\",\"@id\":\"https:\\\/\\\/lapharmaciexpress.com\\\/?product=kamagra-50mg#breadcrumb\",\"itemListElement\":[{\"@type\":\"ListItem\",\"position\":1,\"name\":\"Accueil\",\"item\":\"https:\\\/\\\/lapharmaciexpress.com\\\/\"},{\"@type\":\"ListItem\",\"position\":2,\"name\":\"Boutique\",\"item\":\"https:\\\/\\\/lapharmaciexpress.com\\\/?page_id=6\"},{\"@type\":\"ListItem\",\"position\":3,\"name\":\"Kamagra 50Mg\"}]},{\"@type\":\"WebSite\",\"@id\":\"https:\\\/\\\/lapharmaciexpress.com\\\/#website\",\"url\":\"https:\\\/\\\/lapharmaciexpress.com\\\/\",\"name\":\"La Pharmacie Express\",\"description\":\"La pharmacie en ligne\",\"publisher\":{\"@id\":\"https:\\\/\\\/lapharmaciexpress.com\\\/#organization\"},\"potentialAction\":[{\"@type\":\"SearchAction\",\"target\":{\"@type\":\"EntryPoint\",\"urlTemplate\":\"https:\\\/\\\/lapharmaciexpress.com\\\/?s={search_term_string}\"},\"query-input\":{\"@type\":\"PropertyValueSpecification\",\"valueRequired\":true,\"valueName\":\"search_term_string\"}}],\"inLanguage\":\"fr-FR\"},{\"@type\":\"Organization\",\"@id\":\"https:\\\/\\\/lapharmaciexpress.com\\\/#organization\",\"name\":\"La Pharmacie Express\",\"url\":\"https:\\\/\\\/lapharmaciexpress.com\\\/\",\"logo\":{\"@type\":\"ImageObject\",\"inLanguage\":\"fr-FR\",\"@id\":\"https:\\\/\\\/lapharmaciexpress.com\\\/#\\\/schema\\\/logo\\\/image\\\/\",\"url\":\"https:\\\/\\\/lapharmaciexpress.com\\\/wp-content\\\/uploads\\\/2019\\\/07\\\/ico-Lapharmacie-express.png\",\"contentUrl\":\"https:\\\/\\\/lapharmaciexpress.com\\\/wp-content\\\/uploads\\\/2019\\\/07\\\/ico-Lapharmacie-express.png\",\"width\":362,\"height\":300,\"caption\":\"La Pharmacie Express\"},\"image\":{\"@id\":\"https:\\\/\\\/lapharmaciexpress.com\\\/#\\\/schema\\\/logo\\\/image\\\/\"}}]}<\/script>\n<!-- \/ Yoast SEO plugin. -->","yoast_head_json":{"title":"Kamagra 50Mg - La Pharmacie Express","description":"Faite vos achats de Dysfonction \u00e9rectile, viagra, cialis, kamagra, levitra, vitamine produits de femme, antibiotique en toute discretion sur la pharamacie express en ligne, livraison gratuite.","robots":{"index":"index","follow":"follow","max-snippet":"max-snippet:-1","max-image-preview":"max-image-preview:large","max-video-preview":"max-video-preview:-1"},"canonical":"https:\/\/lapharmaciexpress.com\/?product=kamagra-50mg","og_locale":"fr_FR","og_type":"article","og_title":"Kamagra 50Mg - La Pharmacie Express","og_description":"Faite vos achats de Dysfonction \u00e9rectile, viagra, cialis, kamagra, levitra, vitamine produits de femme, antibiotique en toute discretion sur la pharamacie express en ligne, livraison gratuite.","og_url":"https:\/\/lapharmaciexpress.com\/?product=kamagra-50mg","og_site_name":"La Pharmacie Express","article_modified_time":"2023-07-15T11:44:10+00:00","og_image":[{"width":600,"height":600,"url":"https:\/\/lapharmaciexpress.com\/wp-content\/uploads\/2019\/05\/kamagra-pilules.jpg","type":"image\/jpeg"}],"twitter_card":"summary_large_image","twitter_misc":{"Dur\u00e9e de lecture estim\u00e9e":"2 minutes"},"schema":{"@context":"https:\/\/schema.org","@graph":[{"@type":"WebPage","@id":"https:\/\/lapharmaciexpress.com\/?product=kamagra-50mg","url":"https:\/\/lapharmaciexpress.com\/?product=kamagra-50mg","name":"Kamagra 50Mg - La Pharmacie Express","isPartOf":{"@id":"https:\/\/lapharmaciexpress.com\/#website"},"primaryImageOfPage":{"@id":"https:\/\/lapharmaciexpress.com\/?product=kamagra-50mg#primaryimage"},"image":{"@id":"https:\/\/lapharmaciexpress.com\/?product=kamagra-50mg#primaryimage"},"thumbnailUrl":"https:\/\/lapharmaciexpress.com\/wp-content\/uploads\/2019\/05\/kamagra-pilules.jpg?wsr","datePublished":"2019-05-20T02:36:11+00:00","dateModified":"2023-07-15T11:44:10+00:00","description":"Faite vos achats de Dysfonction \u00e9rectile, viagra, cialis, kamagra, levitra, vitamine produits de femme, antibiotique en toute discretion sur la pharamacie express en ligne, livraison gratuite.","breadcrumb":{"@id":"https:\/\/lapharmaciexpress.com\/?product=kamagra-50mg#breadcrumb"},"inLanguage":"fr-FR","potentialAction":[{"@type":"ReadAction","target":["https:\/\/lapharmaciexpress.com\/?product=kamagra-50mg"]}]},{"@type":"ImageObject","inLanguage":"fr-FR","@id":"https:\/\/lapharmaciexpress.com\/?product=kamagra-50mg#primaryimage","url":"https:\/\/lapharmaciexpress.com\/wp-content\/uploads\/2019\/05\/kamagra-pilules.jpg?wsr","contentUrl":"https:\/\/lapharmaciexpress.com\/wp-content\/uploads\/2019\/05\/kamagra-pilules.jpg?wsr","width":600,"height":600},{"@type":"BreadcrumbList","@id":"https:\/\/lapharmaciexpress.com\/?product=kamagra-50mg#breadcrumb","itemListElement":[{"@type":"ListItem","position":1,"name":"Accueil","item":"https:\/\/lapharmaciexpress.com\/"},{"@type":"ListItem","position":2,"name":"Boutique","item":"https:\/\/lapharmaciexpress.com\/?page_id=6"},{"@type":"ListItem","position":3,"name":"Kamagra 50Mg"}]},{"@type":"WebSite","@id":"https:\/\/lapharmaciexpress.com\/#website","url":"https:\/\/lapharmaciexpress.com\/","name":"La Pharmacie Express","description":"La pharmacie en ligne","publisher":{"@id":"https:\/\/lapharmaciexpress.com\/#organization"},"potentialAction":[{"@type":"SearchAction","target":{"@type":"EntryPoint","urlTemplate":"https:\/\/lapharmaciexpress.com\/?s={search_term_string}"},"query-input":{"@type":"PropertyValueSpecification","valueRequired":true,"valueName":"search_term_string"}}],"inLanguage":"fr-FR"},{"@type":"Organization","@id":"https:\/\/lapharmaciexpress.com\/#organization","name":"La Pharmacie Express","url":"https:\/\/lapharmaciexpress.com\/","logo":{"@type":"ImageObject","inLanguage":"fr-FR","@id":"https:\/\/lapharmaciexpress.com\/#\/schema\/logo\/image\/","url":"https:\/\/lapharmaciexpress.com\/wp-content\/uploads\/2019\/07\/ico-Lapharmacie-express.png","contentUrl":"https:\/\/lapharmaciexpress.com\/wp-content\/uploads\/2019\/07\/ico-Lapharmacie-express.png","width":362,"height":300,"caption":"La Pharmacie Express"},"image":{"@id":"https:\/\/lapharmaciexpress.com\/#\/schema\/logo\/image\/"}}]}},"jetpack_sharing_enabled":true,"brands":[],"_links":{"self":[{"href":"https:\/\/lapharmaciexpress.com\/index.php?rest_route=\/wp\/v2\/product\/1375","targetHints":{"allow":["GET"]}}],"collection":[{"href":"https:\/\/lapharmaciexpress.com\/index.php?rest_route=\/wp\/v2\/product"}],"about":[{"href":"https:\/\/lapharmaciexpress.com\/index.php?rest_route=\/wp\/v2\/types\/product"}],"replies":[{"embeddable":true,"href":"https:\/\/lapharmaciexpress.com\/index.php?rest_route=%2Fwp%2Fv2%2Fcomments&post=1375"}],"wp:featuredmedia":[{"embeddable":true,"href":"https:\/\/lapharmaciexpress.com\/index.php?rest_route=\/wp\/v2\/media\/1384"}],"wp:attachment":[{"href":"https:\/\/lapharmaciexpress.com\/index.php?rest_route=%2Fwp%2Fv2%2Fmedia&parent=1375"}],"wp:term":[{"taxonomy":"pwb-brand","embeddable":true,"href":"https:\/\/lapharmaciexpress.com\/index.php?rest_route=%2Fwp%2Fv2%2Fpwb-brand&post=1375"},{"taxonomy":"product_brand","embeddable":true,"href":"https:\/\/lapharmaciexpress.com\/index.php?rest_route=%2Fwp%2Fv2%2Fproduct_brand&post=1375"},{"taxonomy":"product_cat","embeddable":true,"href":"https:\/\/lapharmaciexpress.com\/index.php?rest_route=%2Fwp%2Fv2%2Fproduct_cat&post=1375"},{"taxonomy":"product_tag","embeddable":true,"href":"https:\/\/lapharmaciexpress.com\/index.php?rest_route=%2Fwp%2Fv2%2Fproduct_tag&post=1375"}],"curies":[{"name":"wp","href":"https:\/\/api.w.org\/{rel}","templated":true}]}}