{"id":1387,"date":"2019-05-20T05:08:31","date_gmt":"2019-05-20T03:08:31","guid":{"rendered":"http:\/\/lapharmaciexpresscom.com\/?post_type=product&#038;p=1387"},"modified":"2023-07-15T13:44:10","modified_gmt":"2023-07-15T11:44:10","slug":"levitra-10mg","status":"publish","type":"product","link":"https:\/\/lapharmaciexpress.com\/?product=levitra-10mg","title":{"rendered":"Levitra 10Mg"},"content":{"rendered":"<p><strong>Courte description<\/strong><\/p>\n<p>Levitra est con\u00e7u pour augmenter et maintenir la puissance, ainsi que pour traiter le dysfonctionnement \u00e9rectile;<\/p>\n<p>Gr\u00e2ce l&#8217;assimilation rapide par l\u2019organisme du vard\u00e9nafil le flux sanguin vers le p\u00e9nis a lieu dans 30-60 minutes;<\/p>\n<p>L\u2019\u00e9rection appara\u00eet uniquement \u00e0 l\u2019excitation;<\/p>\n<p>Levitra est appel\u00e9 \u00e0 avoir des merveilleuses f\u00eates avec un rapport sexuel inoubliable. L\u2019action de vard\u00e9nafil dure au moins de 10 \u00e0 12 heures;<\/p>\n<p>Le produit peut \u00eatre consomm\u00e9 avec des boissons alcoolis\u00e9es;<\/p>\n<p>L\u2019organisme r\u00e9cup\u00e8re tr\u00e8s vite entre les actes sexuels;<\/p>\n<p>Levitra est bien tol\u00e9r\u00e9 tant \u00e0 la premi\u00e8re qu\u2019\u00e0 la deuxi\u00e8me prises.<\/p>\n<p><strong>Comment fonctionne le Levitra G\u00e9n\u00e9rique?<\/strong><\/p>\n<p>Le Vard\u00e9nafil qui est contenu dans les comprim\u00e9s Levitra augmente l\u2019afflux de sang vers le p\u00e9nis, gr\u00e2ce \u00e0 quoi l&#8217;excitation sexuelle m\u00e8ne \u00e0 une \u00e9rection naturelle qui dure assez longtemps pour avoir des rapports sexuels.<\/p>\n<p>Contrairement \u00e0 d&#8217;autres substances de ce groupe le vard\u00e9nafil est caract\u00e9ris\u00e9 par un \u00e9troit vecteur d\u2019action, voil\u00e0 pourquoi il n\u2019affecte pas les organes internes et la r\u00e9tine. En outre, l&#8217;efficacit\u00e9 de Levitra d\u00e9passe 10 fois l&#8217;efficacit\u00e9 d&#8217;autres m\u00e9dicaments d&#8217;action similaire (Viagra, Cialis).<\/p>\n<p><strong>Levitra G\u00e9n\u00e9rique \u2013 l\u2019efficacit\u00e9 prouv\u00e9e<\/strong><\/p>\n<p>L&#8217;efficacit\u00e9 prouv\u00e9e de Levitra g\u00e9n\u00e9rique chez les hommes en bonne sant\u00e9 est d&#8217;environ 85-92%. Chez les patients ayants des comorbidit\u00e9s et des maladies elle est un peu plus faible, mais a toujours un niveau assez \u00e9lev\u00e9: chez les diab\u00e9tiques &#8211; 72%, au cas de prostatectomie &#8211; 71%, \u00e0 l&#8217;impuissance grave &#8211; 72%. Lors du traitement des patients dont les organismes n\u2019assimilaient pas le m\u00e9dicament Viagra on a constat\u00e9 que l&#8217;effet de la prise de Levitra g\u00e9n\u00e9rique a \u00e9t\u00e9 positif dans 62% des cas.<\/p>\n<p><strong>Utilisation de Levitra G\u00e9n\u00e9rique<\/strong><\/p>\n<p>Levitra G\u00e9n\u00e9rique ne diminue pas la r\u00e9action, ce qui garantit une s\u00e9curit\u00e9 absolue aux patients ayant pris ce m\u00e9dicament, dont le travail est li\u00e9 \u00e0 la conduite de la voiture ou d&#8217;autres m\u00e9canismes.<\/p>\n<p>Levitra devrait \u00eatre pris par voie orale avec un peu d&#8217;eau quel que soit le repas. Nous vous recommandons de le prendre 15-25 minutes avant le rapport sexuel. Il est important d&#8217;observer cette exigence temporaire car le Levitra g\u00e9n\u00e9rique r\u00e9agit tr\u00e8s vite.<\/p>\n<p>La dose initiale recommand\u00e9e est de 10 mg par jour. En fonction de votre \u00e9tat de sant\u00e9 et en tenant compte de l&#8217;efficacit\u00e9 et de la tol\u00e9rance du m\u00e9dicament par votre organisme le m\u00e9decin peut recommander l\u2019augmentition de la dose jusqu\u2019\u00e0 20 mg ou sa r\u00e9duction \u00e0 5 mg. Ne d\u00e9passez pas la dose recommand\u00e9e par votre m\u00e9decin, la dose maximale du m\u00e9dicament est de 20 mg en 24 heures. Pour les hommes \u00e2g\u00e9s et ceux qui ont des probl\u00e8mes avec reins\/foie la dose initiale ne doit pas d\u00e9passer 5 mg par jour.<\/p>\n<p><strong>Contre-indications \u00e0 l\u2019usage<\/strong><\/p>\n<p>La prise simultan\u00e9e de Levitra g\u00e9n\u00e9rique avec les m\u00e9dicaments contenant des nitrates et les donateurs de l&#8217;oxyde de l\u2019azote est strictement interdit, car \u00e7a peut causer \u00e0 votre sant\u00e9 un mal grave et provoquer des effets ind\u00e9sirables. Le m\u00e9dicament n&#8217;a absolument aucun effet sur la coagulation du sang et sous r\u00e9serve de respect des doses recommand\u00e9es et des exigences de son utilisation il ne porte pas de danger \u00e0 la sant\u00e9 et aide les hommes \u00e0 retrouver leur confiance dans leur potentiel sexuel.<\/p>\n<p>Levitra G\u00e9n\u00e9rique n\u2019est pas con\u00e7u pour les enfants et adolescents, il peut \u00eatre recommand\u00e9 aux patients qui ont atteint l&#8217;\u00e2ge de 18 ans.<\/p>\n<p>Une prise limit\u00e9e sous surveillance m\u00e9dicale est possible dans les cas suivants:<\/p>\n<p>probl\u00e8me h\u00e9patique anormale;<\/p>\n<p>d\u00e9formation anatomique du p\u00e9nis;<\/p>\n<p>tendance \u00e0 une \u00e9rection prolong\u00e9e sans excitation sexuelle (priapisme);<\/p>\n<p>\u00e0 l&#8217;extension du temps de la systole \u00e9lectrique du c\u0153ur (l&#8217;intervalle QT).<\/p>\n<p><strong>Effets secondaires<\/strong><\/p>\n<p>Comme c\u2019est le cas de nombreux m\u00e9dicaments ce stimulant sexuel peut provoquer des effets secondaires sous forme de faibles vertiges, rougeur de la peau du visage, des \u00e9ruptions cutan\u00e9es et des d\u00e9mangeaisons. Ces sympt\u00f4mes ne sont pas importants, ils sont de courte dur\u00e9e et d\u2019habitude ne causent pas de probl\u00e8mes notables au patient. Assez rare on constate des troubles digestifs et la congestion nasale qui semblent insignifiants.<\/p>\n<p><strong>Dur\u00e9e de conservation et le stockage de Levitra<\/strong><\/p>\n<p>La dur\u00e9e de conservation du Levitra G\u00e9n\u00e9rique (Vard\u00e9nafil) est de 3 ans \u00e0 partir de la date de fabrication. Levitra devrait \u00eatre stock\u00e9 dans un endroit sec et sombre \u00e0 la temp\u00e9rature ambiante mais pas plus de 30 \u00b0 C. \u00c0 garder loin de la port\u00e9e des enfants.<\/p>\n","protected":false},"excerpt":{"rendered":"<div>\n<p>Levitra est le plus r\u00e9cent m\u00e9dicament pour traiter les dysfonctions \u00e9rectiles. Il a beaucoup d&#8217;avantages par rapport aux m\u00e9dicaments similaires (Viagra et Cialis): il peut \u00eatre pris avec de l&#8217;alcool et de la nourriture abondante, son efficacit\u00e9 est de 8 \u00e0 12 heures, les effets secondaires sont minimes.<\/p>\n<\/div>\n<div><\/div>\n","protected":false},"featured_media":1396,"comment_status":"open","ping_status":"closed","template":"","meta":[],"pwb-brand":[],"product_brand":[],"product_cat":[19],"product_tag":[132],"class_list":{"0":"post-1387","1":"product","2":"type-product","3":"status-publish","4":"has-post-thumbnail","6":"product_cat-dysfonction-erectile","7":"product_tag-levitra","8":"clearfix","10":"first","11":"instock","12":"taxable","13":"shipping-taxable","14":"purchasable","15":"product-type-variable"},"yoast_head":"<!-- This site is optimized with the Yoast SEO plugin v27.4 - https:\/\/yoast.com\/product\/yoast-seo-wordpress\/ -->\n<title>Levitra 10Mg - La Pharmacie Express<\/title>\n<meta name=\"description\" content=\"Faite vos achats de Dysfonction \u00e9rectile, viagra, cialis, kamagra, levitra, vitamine produits de femme, antibiotique en toute discretion sur la pharamacie express en ligne, livraison gratuite.\" \/>\n<meta name=\"robots\" content=\"index, follow, max-snippet:-1, max-image-preview:large, max-video-preview:-1\" \/>\n<link rel=\"canonical\" href=\"https:\/\/lapharmaciexpress.com\/?product=levitra-10mg\" \/>\n<meta property=\"og:locale\" content=\"fr_FR\" \/>\n<meta property=\"og:type\" content=\"article\" \/>\n<meta property=\"og:title\" content=\"Levitra 10Mg - La Pharmacie Express\" \/>\n<meta property=\"og:description\" content=\"Faite vos achats de Dysfonction \u00e9rectile, viagra, cialis, kamagra, levitra, vitamine produits de femme, antibiotique en toute discretion sur la pharamacie express en ligne, livraison gratuite.\" \/>\n<meta property=\"og:url\" content=\"https:\/\/lapharmaciexpress.com\/?product=levitra-10mg\" \/>\n<meta property=\"og:site_name\" content=\"La Pharmacie Express\" \/>\n<meta property=\"article:modified_time\" content=\"2023-07-15T11:44:10+00:00\" \/>\n<meta property=\"og:image\" content=\"https:\/\/lapharmaciexpress.com\/wp-content\/uploads\/2019\/05\/levitra-pilules.jpg\" \/>\n\t<meta property=\"og:image:width\" content=\"600\" \/>\n\t<meta property=\"og:image:height\" content=\"600\" \/>\n\t<meta property=\"og:image:type\" content=\"image\/jpeg\" \/>\n<meta name=\"twitter:card\" content=\"summary_large_image\" \/>\n<meta name=\"twitter:label1\" content=\"Dur\u00e9e de lecture estim\u00e9e\" \/>\n\t<meta name=\"twitter:data1\" content=\"4 minutes\" \/>\n<script type=\"application\/ld+json\" class=\"yoast-schema-graph\">{\"@context\":\"https:\\\/\\\/schema.org\",\"@graph\":[{\"@type\":\"WebPage\",\"@id\":\"https:\\\/\\\/lapharmaciexpress.com\\\/?product=levitra-10mg\",\"url\":\"https:\\\/\\\/lapharmaciexpress.com\\\/?product=levitra-10mg\",\"name\":\"Levitra 10Mg - La Pharmacie Express\",\"isPartOf\":{\"@id\":\"https:\\\/\\\/lapharmaciexpress.com\\\/#website\"},\"primaryImageOfPage\":{\"@id\":\"https:\\\/\\\/lapharmaciexpress.com\\\/?product=levitra-10mg#primaryimage\"},\"image\":{\"@id\":\"https:\\\/\\\/lapharmaciexpress.com\\\/?product=levitra-10mg#primaryimage\"},\"thumbnailUrl\":\"https:\\\/\\\/lapharmaciexpress.com\\\/wp-content\\\/uploads\\\/2019\\\/05\\\/levitra-pilules.jpg?wsr\",\"datePublished\":\"2019-05-20T03:08:31+00:00\",\"dateModified\":\"2023-07-15T11:44:10+00:00\",\"description\":\"Faite vos achats de Dysfonction \u00e9rectile, viagra, cialis, kamagra, levitra, vitamine produits de femme, antibiotique en toute discretion sur la pharamacie express en ligne, livraison gratuite.\",\"breadcrumb\":{\"@id\":\"https:\\\/\\\/lapharmaciexpress.com\\\/?product=levitra-10mg#breadcrumb\"},\"inLanguage\":\"fr-FR\",\"potentialAction\":[{\"@type\":\"ReadAction\",\"target\":[\"https:\\\/\\\/lapharmaciexpress.com\\\/?product=levitra-10mg\"]}]},{\"@type\":\"ImageObject\",\"inLanguage\":\"fr-FR\",\"@id\":\"https:\\\/\\\/lapharmaciexpress.com\\\/?product=levitra-10mg#primaryimage\",\"url\":\"https:\\\/\\\/lapharmaciexpress.com\\\/wp-content\\\/uploads\\\/2019\\\/05\\\/levitra-pilules.jpg?wsr\",\"contentUrl\":\"https:\\\/\\\/lapharmaciexpress.com\\\/wp-content\\\/uploads\\\/2019\\\/05\\\/levitra-pilules.jpg?wsr\",\"width\":600,\"height\":600},{\"@type\":\"BreadcrumbList\",\"@id\":\"https:\\\/\\\/lapharmaciexpress.com\\\/?product=levitra-10mg#breadcrumb\",\"itemListElement\":[{\"@type\":\"ListItem\",\"position\":1,\"name\":\"Accueil\",\"item\":\"https:\\\/\\\/lapharmaciexpress.com\\\/\"},{\"@type\":\"ListItem\",\"position\":2,\"name\":\"Boutique\",\"item\":\"https:\\\/\\\/lapharmaciexpress.com\\\/?page_id=6\"},{\"@type\":\"ListItem\",\"position\":3,\"name\":\"Levitra 10Mg\"}]},{\"@type\":\"WebSite\",\"@id\":\"https:\\\/\\\/lapharmaciexpress.com\\\/#website\",\"url\":\"https:\\\/\\\/lapharmaciexpress.com\\\/\",\"name\":\"La Pharmacie Express\",\"description\":\"La pharmacie en ligne\",\"publisher\":{\"@id\":\"https:\\\/\\\/lapharmaciexpress.com\\\/#organization\"},\"potentialAction\":[{\"@type\":\"SearchAction\",\"target\":{\"@type\":\"EntryPoint\",\"urlTemplate\":\"https:\\\/\\\/lapharmaciexpress.com\\\/?s={search_term_string}\"},\"query-input\":{\"@type\":\"PropertyValueSpecification\",\"valueRequired\":true,\"valueName\":\"search_term_string\"}}],\"inLanguage\":\"fr-FR\"},{\"@type\":\"Organization\",\"@id\":\"https:\\\/\\\/lapharmaciexpress.com\\\/#organization\",\"name\":\"La Pharmacie Express\",\"url\":\"https:\\\/\\\/lapharmaciexpress.com\\\/\",\"logo\":{\"@type\":\"ImageObject\",\"inLanguage\":\"fr-FR\",\"@id\":\"https:\\\/\\\/lapharmaciexpress.com\\\/#\\\/schema\\\/logo\\\/image\\\/\",\"url\":\"https:\\\/\\\/lapharmaciexpress.com\\\/wp-content\\\/uploads\\\/2019\\\/07\\\/ico-Lapharmacie-express.png\",\"contentUrl\":\"https:\\\/\\\/lapharmaciexpress.com\\\/wp-content\\\/uploads\\\/2019\\\/07\\\/ico-Lapharmacie-express.png\",\"width\":362,\"height\":300,\"caption\":\"La Pharmacie Express\"},\"image\":{\"@id\":\"https:\\\/\\\/lapharmaciexpress.com\\\/#\\\/schema\\\/logo\\\/image\\\/\"}}]}<\/script>\n<!-- \/ Yoast SEO plugin. -->","yoast_head_json":{"title":"Levitra 10Mg - La Pharmacie Express","description":"Faite vos achats de Dysfonction \u00e9rectile, viagra, cialis, kamagra, levitra, vitamine produits de femme, antibiotique en toute discretion sur la pharamacie express en ligne, livraison gratuite.","robots":{"index":"index","follow":"follow","max-snippet":"max-snippet:-1","max-image-preview":"max-image-preview:large","max-video-preview":"max-video-preview:-1"},"canonical":"https:\/\/lapharmaciexpress.com\/?product=levitra-10mg","og_locale":"fr_FR","og_type":"article","og_title":"Levitra 10Mg - La Pharmacie Express","og_description":"Faite vos achats de Dysfonction \u00e9rectile, viagra, cialis, kamagra, levitra, vitamine produits de femme, antibiotique en toute discretion sur la pharamacie express en ligne, livraison gratuite.","og_url":"https:\/\/lapharmaciexpress.com\/?product=levitra-10mg","og_site_name":"La Pharmacie Express","article_modified_time":"2023-07-15T11:44:10+00:00","og_image":[{"width":600,"height":600,"url":"https:\/\/lapharmaciexpress.com\/wp-content\/uploads\/2019\/05\/levitra-pilules.jpg","type":"image\/jpeg"}],"twitter_card":"summary_large_image","twitter_misc":{"Dur\u00e9e de lecture estim\u00e9e":"4 minutes"},"schema":{"@context":"https:\/\/schema.org","@graph":[{"@type":"WebPage","@id":"https:\/\/lapharmaciexpress.com\/?product=levitra-10mg","url":"https:\/\/lapharmaciexpress.com\/?product=levitra-10mg","name":"Levitra 10Mg - La Pharmacie Express","isPartOf":{"@id":"https:\/\/lapharmaciexpress.com\/#website"},"primaryImageOfPage":{"@id":"https:\/\/lapharmaciexpress.com\/?product=levitra-10mg#primaryimage"},"image":{"@id":"https:\/\/lapharmaciexpress.com\/?product=levitra-10mg#primaryimage"},"thumbnailUrl":"https:\/\/lapharmaciexpress.com\/wp-content\/uploads\/2019\/05\/levitra-pilules.jpg?wsr","datePublished":"2019-05-20T03:08:31+00:00","dateModified":"2023-07-15T11:44:10+00:00","description":"Faite vos achats de Dysfonction \u00e9rectile, viagra, cialis, kamagra, levitra, vitamine produits de femme, antibiotique en toute discretion sur la pharamacie express en ligne, livraison gratuite.","breadcrumb":{"@id":"https:\/\/lapharmaciexpress.com\/?product=levitra-10mg#breadcrumb"},"inLanguage":"fr-FR","potentialAction":[{"@type":"ReadAction","target":["https:\/\/lapharmaciexpress.com\/?product=levitra-10mg"]}]},{"@type":"ImageObject","inLanguage":"fr-FR","@id":"https:\/\/lapharmaciexpress.com\/?product=levitra-10mg#primaryimage","url":"https:\/\/lapharmaciexpress.com\/wp-content\/uploads\/2019\/05\/levitra-pilules.jpg?wsr","contentUrl":"https:\/\/lapharmaciexpress.com\/wp-content\/uploads\/2019\/05\/levitra-pilules.jpg?wsr","width":600,"height":600},{"@type":"BreadcrumbList","@id":"https:\/\/lapharmaciexpress.com\/?product=levitra-10mg#breadcrumb","itemListElement":[{"@type":"ListItem","position":1,"name":"Accueil","item":"https:\/\/lapharmaciexpress.com\/"},{"@type":"ListItem","position":2,"name":"Boutique","item":"https:\/\/lapharmaciexpress.com\/?page_id=6"},{"@type":"ListItem","position":3,"name":"Levitra 10Mg"}]},{"@type":"WebSite","@id":"https:\/\/lapharmaciexpress.com\/#website","url":"https:\/\/lapharmaciexpress.com\/","name":"La Pharmacie Express","description":"La pharmacie en ligne","publisher":{"@id":"https:\/\/lapharmaciexpress.com\/#organization"},"potentialAction":[{"@type":"SearchAction","target":{"@type":"EntryPoint","urlTemplate":"https:\/\/lapharmaciexpress.com\/?s={search_term_string}"},"query-input":{"@type":"PropertyValueSpecification","valueRequired":true,"valueName":"search_term_string"}}],"inLanguage":"fr-FR"},{"@type":"Organization","@id":"https:\/\/lapharmaciexpress.com\/#organization","name":"La Pharmacie Express","url":"https:\/\/lapharmaciexpress.com\/","logo":{"@type":"ImageObject","inLanguage":"fr-FR","@id":"https:\/\/lapharmaciexpress.com\/#\/schema\/logo\/image\/","url":"https:\/\/lapharmaciexpress.com\/wp-content\/uploads\/2019\/07\/ico-Lapharmacie-express.png","contentUrl":"https:\/\/lapharmaciexpress.com\/wp-content\/uploads\/2019\/07\/ico-Lapharmacie-express.png","width":362,"height":300,"caption":"La Pharmacie Express"},"image":{"@id":"https:\/\/lapharmaciexpress.com\/#\/schema\/logo\/image\/"}}]}},"jetpack_sharing_enabled":true,"brands":[],"_links":{"self":[{"href":"https:\/\/lapharmaciexpress.com\/index.php?rest_route=\/wp\/v2\/product\/1387","targetHints":{"allow":["GET"]}}],"collection":[{"href":"https:\/\/lapharmaciexpress.com\/index.php?rest_route=\/wp\/v2\/product"}],"about":[{"href":"https:\/\/lapharmaciexpress.com\/index.php?rest_route=\/wp\/v2\/types\/product"}],"replies":[{"embeddable":true,"href":"https:\/\/lapharmaciexpress.com\/index.php?rest_route=%2Fwp%2Fv2%2Fcomments&post=1387"}],"wp:featuredmedia":[{"embeddable":true,"href":"https:\/\/lapharmaciexpress.com\/index.php?rest_route=\/wp\/v2\/media\/1396"}],"wp:attachment":[{"href":"https:\/\/lapharmaciexpress.com\/index.php?rest_route=%2Fwp%2Fv2%2Fmedia&parent=1387"}],"wp:term":[{"taxonomy":"pwb-brand","embeddable":true,"href":"https:\/\/lapharmaciexpress.com\/index.php?rest_route=%2Fwp%2Fv2%2Fpwb-brand&post=1387"},{"taxonomy":"product_brand","embeddable":true,"href":"https:\/\/lapharmaciexpress.com\/index.php?rest_route=%2Fwp%2Fv2%2Fproduct_brand&post=1387"},{"taxonomy":"product_cat","embeddable":true,"href":"https:\/\/lapharmaciexpress.com\/index.php?rest_route=%2Fwp%2Fv2%2Fproduct_cat&post=1387"},{"taxonomy":"product_tag","embeddable":true,"href":"https:\/\/lapharmaciexpress.com\/index.php?rest_route=%2Fwp%2Fv2%2Fproduct_tag&post=1387"}],"curies":[{"name":"wp","href":"https:\/\/api.w.org\/{rel}","templated":true}]}}