{"id":14,"date":"2019-05-18T21:58:55","date_gmt":"2019-05-18T19:58:55","guid":{"rendered":"http:\/\/lapharmaciexpresscom.com\/?post_type=product&#038;p=14"},"modified":"2023-09-05T10:14:02","modified_gmt":"2023-09-05T08:14:02","slug":"revital","status":"publish","type":"product","link":"https:\/\/lapharmaciexpress.com\/?product=revital","title":{"rendered":"Revital"},"content":{"rendered":"<p>Revital est un suppl\u00e9ment sant\u00e9 multivitamines tr\u00e8s populaire en Europe. Il r\u00e9pond aux besoins quotidiens en nutriments afin de fournir un corps sain et \u00e9nergique. C\u2019est un riche m\u00e9lange de diverses vitamines et min\u00e9raux essentiels qui vous permettent de rester charg\u00e9 toute la journ\u00e9e. Il am\u00e9liore votre digestion, augmente votre app\u00e9tit et am\u00e9liore le m\u00e9tabolisme de votre corps pour vous garder en forme. Vos organes fonctionnent mieux et acqui\u00e8rent une immunit\u00e9 sup\u00e9rieure contre les maladies courantes.<\/p>\n<p><strong>Composition de Revital:<\/strong><br \/>\nRevital est constitu\u00e9 de dix vitamines essentielles &#8211; Vitamine A, Vitamine B2, Vitamine B3, Vitamine B6, Vitamine B12, Vitamine C, Vitamine D, Vitamine E, Acide folique, Extrait de racine de ginseng et de neuf min\u00e9raux essentiels tels que potassium, calcium, magn\u00e9sium, fer , zinc, phosphore, mangan\u00e8se, iode et cuivre. Ces ingr\u00e9dients actifs contenus dans la capsule remplissent la dose quotidienne de tous les principaux nutriments qui ne peuvent pas \u00eatre fournis par la prise de nourriture. Il garde les personnes en bonne sant\u00e9 et en forme.<\/p>\n","protected":false},"excerpt":{"rendered":"<p>Revital (vitamines et min\u00e9raux de ginseng) &#8220;utilis\u00e9 chez les hommes pour induire la vitalit\u00e9, la vigueur, d\u00e9tend le syst\u00e8me nerveux central et arr\u00eate le stress, jeunes et vieux<\/p>\n<p><strong>Traitement:<\/strong> syst\u00e8me immunitaire<br \/>\n<strong>Forme:<\/strong> capsule<br \/>\n<strong>Quantit\u00e9:<\/strong> 60<br \/>\n<strong>Genre:<\/strong> masculin<br \/>\n<strong>Marque:<\/strong> Renbexy<\/p>\n","protected":false},"featured_media":1297,"comment_status":"open","ping_status":"closed","template":"","meta":[],"pwb-brand":[44],"product_brand":[],"product_cat":[20],"product_tag":[],"class_list":{"0":"post-14","1":"product","2":"type-product","3":"status-publish","4":"has-post-thumbnail","6":"pwb-brand-renbexy","7":"product_cat-deficience-masculine-et-feminine","8":"clearfix","10":"first","11":"instock","12":"taxable","13":"shipping-taxable","14":"purchasable","15":"product-type-simple"},"yoast_head":"<!-- This site is optimized with the Yoast SEO plugin v27.4 - https:\/\/yoast.com\/product\/yoast-seo-wordpress\/ -->\n<title>Revital - La Pharmacie Express<\/title>\n<meta name=\"description\" content=\"Faite vos achats de Dysfonction \u00e9rectile, viagra, cialis, kamagra, levitra, vitamine produits de femme, antibiotique en toute discretion sur la pharamacie express en ligne, livraison gratuite.\" \/>\n<meta name=\"robots\" content=\"index, follow, max-snippet:-1, max-image-preview:large, max-video-preview:-1\" \/>\n<link rel=\"canonical\" href=\"https:\/\/lapharmaciexpress.com\/?product=revital\" \/>\n<meta property=\"og:locale\" content=\"fr_FR\" \/>\n<meta property=\"og:type\" content=\"article\" \/>\n<meta property=\"og:title\" content=\"Revital - La Pharmacie Express\" \/>\n<meta property=\"og:description\" content=\"Faite vos achats de Dysfonction \u00e9rectile, viagra, cialis, kamagra, levitra, vitamine produits de femme, antibiotique en toute discretion sur la pharamacie express en ligne, livraison gratuite.\" \/>\n<meta property=\"og:url\" content=\"https:\/\/lapharmaciexpress.com\/?product=revital\" \/>\n<meta property=\"og:site_name\" content=\"La Pharmacie Express\" \/>\n<meta property=\"article:modified_time\" content=\"2023-09-05T08:14:02+00:00\" \/>\n<meta property=\"og:image\" content=\"https:\/\/lapharmaciexpress.com\/wp-content\/uploads\/2019\/05\/Revital.jpg\" \/>\n\t<meta property=\"og:image:width\" content=\"600\" \/>\n\t<meta property=\"og:image:height\" content=\"600\" \/>\n\t<meta property=\"og:image:type\" content=\"image\/jpeg\" \/>\n<meta name=\"twitter:card\" content=\"summary_large_image\" \/>\n<meta name=\"twitter:label1\" content=\"Dur\u00e9e de lecture estim\u00e9e\" \/>\n\t<meta name=\"twitter:data1\" content=\"1 minute\" \/>\n<script type=\"application\/ld+json\" class=\"yoast-schema-graph\">{\"@context\":\"https:\\\/\\\/schema.org\",\"@graph\":[{\"@type\":\"WebPage\",\"@id\":\"https:\\\/\\\/lapharmaciexpress.com\\\/?product=revital\",\"url\":\"https:\\\/\\\/lapharmaciexpress.com\\\/?product=revital\",\"name\":\"Revital - La Pharmacie Express\",\"isPartOf\":{\"@id\":\"https:\\\/\\\/lapharmaciexpress.com\\\/#website\"},\"primaryImageOfPage\":{\"@id\":\"https:\\\/\\\/lapharmaciexpress.com\\\/?product=revital#primaryimage\"},\"image\":{\"@id\":\"https:\\\/\\\/lapharmaciexpress.com\\\/?product=revital#primaryimage\"},\"thumbnailUrl\":\"https:\\\/\\\/lapharmaciexpress.com\\\/wp-content\\\/uploads\\\/2019\\\/05\\\/Revital.jpg?wsr\",\"datePublished\":\"2019-05-18T19:58:55+00:00\",\"dateModified\":\"2023-09-05T08:14:02+00:00\",\"description\":\"Faite vos achats de Dysfonction \u00e9rectile, viagra, cialis, kamagra, levitra, vitamine produits de femme, antibiotique en toute discretion sur la pharamacie express en ligne, livraison gratuite.\",\"breadcrumb\":{\"@id\":\"https:\\\/\\\/lapharmaciexpress.com\\\/?product=revital#breadcrumb\"},\"inLanguage\":\"fr-FR\",\"potentialAction\":[{\"@type\":\"ReadAction\",\"target\":[\"https:\\\/\\\/lapharmaciexpress.com\\\/?product=revital\"]}]},{\"@type\":\"ImageObject\",\"inLanguage\":\"fr-FR\",\"@id\":\"https:\\\/\\\/lapharmaciexpress.com\\\/?product=revital#primaryimage\",\"url\":\"https:\\\/\\\/lapharmaciexpress.com\\\/wp-content\\\/uploads\\\/2019\\\/05\\\/Revital.jpg?wsr\",\"contentUrl\":\"https:\\\/\\\/lapharmaciexpress.com\\\/wp-content\\\/uploads\\\/2019\\\/05\\\/Revital.jpg?wsr\",\"width\":600,\"height\":600},{\"@type\":\"BreadcrumbList\",\"@id\":\"https:\\\/\\\/lapharmaciexpress.com\\\/?product=revital#breadcrumb\",\"itemListElement\":[{\"@type\":\"ListItem\",\"position\":1,\"name\":\"Accueil\",\"item\":\"https:\\\/\\\/lapharmaciexpress.com\\\/\"},{\"@type\":\"ListItem\",\"position\":2,\"name\":\"Boutique\",\"item\":\"https:\\\/\\\/lapharmaciexpress.com\\\/?page_id=6\"},{\"@type\":\"ListItem\",\"position\":3,\"name\":\"Revital\"}]},{\"@type\":\"WebSite\",\"@id\":\"https:\\\/\\\/lapharmaciexpress.com\\\/#website\",\"url\":\"https:\\\/\\\/lapharmaciexpress.com\\\/\",\"name\":\"La Pharmacie Express\",\"description\":\"La pharmacie en ligne\",\"publisher\":{\"@id\":\"https:\\\/\\\/lapharmaciexpress.com\\\/#organization\"},\"potentialAction\":[{\"@type\":\"SearchAction\",\"target\":{\"@type\":\"EntryPoint\",\"urlTemplate\":\"https:\\\/\\\/lapharmaciexpress.com\\\/?s={search_term_string}\"},\"query-input\":{\"@type\":\"PropertyValueSpecification\",\"valueRequired\":true,\"valueName\":\"search_term_string\"}}],\"inLanguage\":\"fr-FR\"},{\"@type\":\"Organization\",\"@id\":\"https:\\\/\\\/lapharmaciexpress.com\\\/#organization\",\"name\":\"La Pharmacie Express\",\"url\":\"https:\\\/\\\/lapharmaciexpress.com\\\/\",\"logo\":{\"@type\":\"ImageObject\",\"inLanguage\":\"fr-FR\",\"@id\":\"https:\\\/\\\/lapharmaciexpress.com\\\/#\\\/schema\\\/logo\\\/image\\\/\",\"url\":\"https:\\\/\\\/lapharmaciexpress.com\\\/wp-content\\\/uploads\\\/2019\\\/07\\\/ico-Lapharmacie-express.png\",\"contentUrl\":\"https:\\\/\\\/lapharmaciexpress.com\\\/wp-content\\\/uploads\\\/2019\\\/07\\\/ico-Lapharmacie-express.png\",\"width\":362,\"height\":300,\"caption\":\"La Pharmacie Express\"},\"image\":{\"@id\":\"https:\\\/\\\/lapharmaciexpress.com\\\/#\\\/schema\\\/logo\\\/image\\\/\"}}]}<\/script>\n<!-- \/ Yoast SEO plugin. -->","yoast_head_json":{"title":"Revital - La Pharmacie Express","description":"Faite vos achats de Dysfonction \u00e9rectile, viagra, cialis, kamagra, levitra, vitamine produits de femme, antibiotique en toute discretion sur la pharamacie express en ligne, livraison gratuite.","robots":{"index":"index","follow":"follow","max-snippet":"max-snippet:-1","max-image-preview":"max-image-preview:large","max-video-preview":"max-video-preview:-1"},"canonical":"https:\/\/lapharmaciexpress.com\/?product=revital","og_locale":"fr_FR","og_type":"article","og_title":"Revital - La Pharmacie Express","og_description":"Faite vos achats de Dysfonction \u00e9rectile, viagra, cialis, kamagra, levitra, vitamine produits de femme, antibiotique en toute discretion sur la pharamacie express en ligne, livraison gratuite.","og_url":"https:\/\/lapharmaciexpress.com\/?product=revital","og_site_name":"La Pharmacie Express","article_modified_time":"2023-09-05T08:14:02+00:00","og_image":[{"width":600,"height":600,"url":"https:\/\/lapharmaciexpress.com\/wp-content\/uploads\/2019\/05\/Revital.jpg","type":"image\/jpeg"}],"twitter_card":"summary_large_image","twitter_misc":{"Dur\u00e9e de lecture estim\u00e9e":"1 minute"},"schema":{"@context":"https:\/\/schema.org","@graph":[{"@type":"WebPage","@id":"https:\/\/lapharmaciexpress.com\/?product=revital","url":"https:\/\/lapharmaciexpress.com\/?product=revital","name":"Revital - La Pharmacie Express","isPartOf":{"@id":"https:\/\/lapharmaciexpress.com\/#website"},"primaryImageOfPage":{"@id":"https:\/\/lapharmaciexpress.com\/?product=revital#primaryimage"},"image":{"@id":"https:\/\/lapharmaciexpress.com\/?product=revital#primaryimage"},"thumbnailUrl":"https:\/\/lapharmaciexpress.com\/wp-content\/uploads\/2019\/05\/Revital.jpg?wsr","datePublished":"2019-05-18T19:58:55+00:00","dateModified":"2023-09-05T08:14:02+00:00","description":"Faite vos achats de Dysfonction \u00e9rectile, viagra, cialis, kamagra, levitra, vitamine produits de femme, antibiotique en toute discretion sur la pharamacie express en ligne, livraison gratuite.","breadcrumb":{"@id":"https:\/\/lapharmaciexpress.com\/?product=revital#breadcrumb"},"inLanguage":"fr-FR","potentialAction":[{"@type":"ReadAction","target":["https:\/\/lapharmaciexpress.com\/?product=revital"]}]},{"@type":"ImageObject","inLanguage":"fr-FR","@id":"https:\/\/lapharmaciexpress.com\/?product=revital#primaryimage","url":"https:\/\/lapharmaciexpress.com\/wp-content\/uploads\/2019\/05\/Revital.jpg?wsr","contentUrl":"https:\/\/lapharmaciexpress.com\/wp-content\/uploads\/2019\/05\/Revital.jpg?wsr","width":600,"height":600},{"@type":"BreadcrumbList","@id":"https:\/\/lapharmaciexpress.com\/?product=revital#breadcrumb","itemListElement":[{"@type":"ListItem","position":1,"name":"Accueil","item":"https:\/\/lapharmaciexpress.com\/"},{"@type":"ListItem","position":2,"name":"Boutique","item":"https:\/\/lapharmaciexpress.com\/?page_id=6"},{"@type":"ListItem","position":3,"name":"Revital"}]},{"@type":"WebSite","@id":"https:\/\/lapharmaciexpress.com\/#website","url":"https:\/\/lapharmaciexpress.com\/","name":"La Pharmacie Express","description":"La pharmacie en ligne","publisher":{"@id":"https:\/\/lapharmaciexpress.com\/#organization"},"potentialAction":[{"@type":"SearchAction","target":{"@type":"EntryPoint","urlTemplate":"https:\/\/lapharmaciexpress.com\/?s={search_term_string}"},"query-input":{"@type":"PropertyValueSpecification","valueRequired":true,"valueName":"search_term_string"}}],"inLanguage":"fr-FR"},{"@type":"Organization","@id":"https:\/\/lapharmaciexpress.com\/#organization","name":"La Pharmacie Express","url":"https:\/\/lapharmaciexpress.com\/","logo":{"@type":"ImageObject","inLanguage":"fr-FR","@id":"https:\/\/lapharmaciexpress.com\/#\/schema\/logo\/image\/","url":"https:\/\/lapharmaciexpress.com\/wp-content\/uploads\/2019\/07\/ico-Lapharmacie-express.png","contentUrl":"https:\/\/lapharmaciexpress.com\/wp-content\/uploads\/2019\/07\/ico-Lapharmacie-express.png","width":362,"height":300,"caption":"La Pharmacie Express"},"image":{"@id":"https:\/\/lapharmaciexpress.com\/#\/schema\/logo\/image\/"}}]}},"jetpack_sharing_enabled":true,"brands":[{"id":44,"name":"Renbexy","slug":"renbexy"}],"_links":{"self":[{"href":"https:\/\/lapharmaciexpress.com\/index.php?rest_route=\/wp\/v2\/product\/14","targetHints":{"allow":["GET"]}}],"collection":[{"href":"https:\/\/lapharmaciexpress.com\/index.php?rest_route=\/wp\/v2\/product"}],"about":[{"href":"https:\/\/lapharmaciexpress.com\/index.php?rest_route=\/wp\/v2\/types\/product"}],"replies":[{"embeddable":true,"href":"https:\/\/lapharmaciexpress.com\/index.php?rest_route=%2Fwp%2Fv2%2Fcomments&post=14"}],"wp:featuredmedia":[{"embeddable":true,"href":"https:\/\/lapharmaciexpress.com\/index.php?rest_route=\/wp\/v2\/media\/1297"}],"wp:attachment":[{"href":"https:\/\/lapharmaciexpress.com\/index.php?rest_route=%2Fwp%2Fv2%2Fmedia&parent=14"}],"wp:term":[{"taxonomy":"pwb-brand","embeddable":true,"href":"https:\/\/lapharmaciexpress.com\/index.php?rest_route=%2Fwp%2Fv2%2Fpwb-brand&post=14"},{"taxonomy":"product_brand","embeddable":true,"href":"https:\/\/lapharmaciexpress.com\/index.php?rest_route=%2Fwp%2Fv2%2Fproduct_brand&post=14"},{"taxonomy":"product_cat","embeddable":true,"href":"https:\/\/lapharmaciexpress.com\/index.php?rest_route=%2Fwp%2Fv2%2Fproduct_cat&post=14"},{"taxonomy":"product_tag","embeddable":true,"href":"https:\/\/lapharmaciexpress.com\/index.php?rest_route=%2Fwp%2Fv2%2Fproduct_tag&post=14"}],"curies":[{"name":"wp","href":"https:\/\/api.w.org\/{rel}","templated":true}]}}