{"id":1420,"date":"2019-05-20T12:20:47","date_gmt":"2019-05-20T10:20:47","guid":{"rendered":"http:\/\/lapharmaciexpresscom.com\/?post_type=product&#038;p=1420"},"modified":"2025-02-14T12:12:18","modified_gmt":"2025-02-14T11:12:18","slug":"viagra-soft-100mg-achter-express","status":"publish","type":"product","link":"https:\/\/lapharmaciexpress.com\/?product=viagra-soft-100mg-achter-express","title":{"rendered":"Viagra soft 100Mg"},"content":{"rendered":"<p>Viagra Soft 100 mg<br \/>\nViagra Soft 100 mg est une version \u00e0 action rapide du c\u00e9l\u00e8bre traitement contre les troubles de l&#8217;\u00e9rection. Gr\u00e2ce \u00e0 sa formule sublinguale, il se dissout rapidement sous la langue, permettant une absorption plus rapide et des effets ressentis en seulement 15 \u00e0 20 minutes. Id\u00e9al pour les hommes souhaitant une alternative pratique et efficace, le Viagra Soft assure des \u00e9rections fermes et durables en stimulant la circulation sanguine vers le p\u00e9nis.<br \/>\nAvantages :<\/p>\n<p>Effet rapide gr\u00e2ce \u00e0 la technologie \u00ab Soft \u00bb (lib\u00e9ration sublinguale).<\/p>\n<p>Discr\u00e9tion optimale avec une prise sans eau.<\/p>\n<p>Dosage puissant (100mg) pour une efficacit\u00e9 maximale.<br \/>\nUtilisation : Prendre 1 comprim\u00e9 30 \u00e0 60 minutes avant une activit\u00e9 sexuelle. Respecter la posologie prescrite par un m\u00e9decin.<br \/>\nPr\u00e9cautions : R\u00e9serv\u00e9 aux hommes adultes. Contre-indiqu\u00e9 en cas de probl\u00e8mes cardiaques ou de prise de nitrates. Consultez un professionnel de sant\u00e9 avant utilisation.<br \/>\nLa Pharmacie Express vous garantit des produits authentiques, livr\u00e9s rapidement et en toute confidentialit\u00e9.<\/p>\n","protected":false},"excerpt":{"rendered":"<p>Le viagra Soft poss\u00e8de les m\u00eames propri\u00e9t\u00e9s pharmacologiques que son analogue bien connu ayant pour vocation de rem\u00e9dier efficacement \u00e0 la dysfonction \u00e9rectile et de stimuler la puissance jusqu\u2019au niveau n\u00e9cessaire pour avoir des rapports sexuels de qualit\u00e9. Le Viagra Soft est extr\u00eamement efficace. Sa formulation douce accro\u00eet l\u2019afflux de sang vers le p\u00e9nis en d\u00e9clenchant une forte \u00e9rection. Son action dure 4h minimum, et se prolonge parfois jusqu\u2019\u00e0 5-6 heures.<\/p>\n","protected":false},"featured_media":2533,"comment_status":"open","ping_status":"closed","template":"","meta":[],"pwb-brand":[],"product_brand":[],"product_cat":[19],"product_tag":[130],"class_list":{"0":"post-1420","1":"product","2":"type-product","3":"status-publish","4":"has-post-thumbnail","6":"product_cat-dysfonction-erectile","7":"product_tag-viagra","8":"clearfix","10":"first","11":"instock","12":"taxable","13":"shipping-taxable","14":"purchasable","15":"product-type-variable"},"yoast_head":"<!-- This site is optimized with the Yoast SEO plugin v27.4 - https:\/\/yoast.com\/product\/yoast-seo-wordpress\/ -->\n<title>Acheter viagra soft 100mg en ligne - La Pharmacie Express<\/title>\n<meta name=\"description\" content=\"Achetez Viagra Soft 100mg en ligne sur La Pharmacie Express : traitement discret et rapide contre la dysfonction \u00e9rectile. Livraison discr\u00e8te.\" \/>\n<meta name=\"robots\" content=\"index, follow, max-snippet:-1, max-image-preview:large, max-video-preview:-1\" \/>\n<link rel=\"canonical\" href=\"https:\/\/lapharmaciexpress.com\/?product=viagra-soft-100mg-achter-express\" \/>\n<meta property=\"og:locale\" content=\"fr_FR\" \/>\n<meta property=\"og:type\" content=\"article\" \/>\n<meta property=\"og:title\" content=\"Acheter viagra soft 100mg en ligne - La Pharmacie Express\" \/>\n<meta property=\"og:description\" content=\"Achetez Viagra Soft 100mg en ligne sur La Pharmacie Express : traitement discret et rapide contre la dysfonction \u00e9rectile. Livraison discr\u00e8te.\" \/>\n<meta property=\"og:url\" content=\"https:\/\/lapharmaciexpress.com\/?product=viagra-soft-100mg-achter-express\" \/>\n<meta property=\"og:site_name\" content=\"La Pharmacie Express\" \/>\n<meta property=\"article:modified_time\" content=\"2025-02-14T11:12:18+00:00\" \/>\n<meta property=\"og:image\" content=\"https:\/\/lapharmaciexpress.com\/wp-content\/uploads\/2019\/08\/Viagra-Soft.jpg\" \/>\n\t<meta property=\"og:image:width\" content=\"600\" \/>\n\t<meta property=\"og:image:height\" content=\"600\" \/>\n\t<meta property=\"og:image:type\" content=\"image\/jpeg\" \/>\n<meta name=\"twitter:card\" content=\"summary_large_image\" \/>\n<meta name=\"twitter:label1\" content=\"Dur\u00e9e de lecture estim\u00e9e\" \/>\n\t<meta name=\"twitter:data1\" content=\"1 minute\" \/>\n<script type=\"application\/ld+json\" class=\"yoast-schema-graph\">{\"@context\":\"https:\\\/\\\/schema.org\",\"@graph\":[{\"@type\":\"WebPage\",\"@id\":\"https:\\\/\\\/lapharmaciexpress.com\\\/?product=viagra-soft-100mg-achter-express\",\"url\":\"https:\\\/\\\/lapharmaciexpress.com\\\/?product=viagra-soft-100mg-achter-express\",\"name\":\"Acheter viagra soft 100mg en ligne - La Pharmacie Express\",\"isPartOf\":{\"@id\":\"https:\\\/\\\/lapharmaciexpress.com\\\/#website\"},\"primaryImageOfPage\":{\"@id\":\"https:\\\/\\\/lapharmaciexpress.com\\\/?product=viagra-soft-100mg-achter-express#primaryimage\"},\"image\":{\"@id\":\"https:\\\/\\\/lapharmaciexpress.com\\\/?product=viagra-soft-100mg-achter-express#primaryimage\"},\"thumbnailUrl\":\"https:\\\/\\\/lapharmaciexpress.com\\\/wp-content\\\/uploads\\\/2019\\\/08\\\/Viagra-Soft.jpg?wsr\",\"datePublished\":\"2019-05-20T10:20:47+00:00\",\"dateModified\":\"2025-02-14T11:12:18+00:00\",\"description\":\"Achetez Viagra Soft 100mg en ligne sur La Pharmacie Express : traitement discret et rapide contre la dysfonction \u00e9rectile. Livraison discr\u00e8te.\",\"breadcrumb\":{\"@id\":\"https:\\\/\\\/lapharmaciexpress.com\\\/?product=viagra-soft-100mg-achter-express#breadcrumb\"},\"inLanguage\":\"fr-FR\",\"potentialAction\":[{\"@type\":\"ReadAction\",\"target\":[\"https:\\\/\\\/lapharmaciexpress.com\\\/?product=viagra-soft-100mg-achter-express\"]}]},{\"@type\":\"ImageObject\",\"inLanguage\":\"fr-FR\",\"@id\":\"https:\\\/\\\/lapharmaciexpress.com\\\/?product=viagra-soft-100mg-achter-express#primaryimage\",\"url\":\"https:\\\/\\\/lapharmaciexpress.com\\\/wp-content\\\/uploads\\\/2019\\\/08\\\/Viagra-Soft.jpg?wsr\",\"contentUrl\":\"https:\\\/\\\/lapharmaciexpress.com\\\/wp-content\\\/uploads\\\/2019\\\/08\\\/Viagra-Soft.jpg?wsr\",\"width\":600,\"height\":600},{\"@type\":\"BreadcrumbList\",\"@id\":\"https:\\\/\\\/lapharmaciexpress.com\\\/?product=viagra-soft-100mg-achter-express#breadcrumb\",\"itemListElement\":[{\"@type\":\"ListItem\",\"position\":1,\"name\":\"Accueil\",\"item\":\"https:\\\/\\\/lapharmaciexpress.com\\\/\"},{\"@type\":\"ListItem\",\"position\":2,\"name\":\"Boutique\",\"item\":\"https:\\\/\\\/lapharmaciexpress.com\\\/?page_id=6\"},{\"@type\":\"ListItem\",\"position\":3,\"name\":\"Viagra soft 100Mg\"}]},{\"@type\":\"WebSite\",\"@id\":\"https:\\\/\\\/lapharmaciexpress.com\\\/#website\",\"url\":\"https:\\\/\\\/lapharmaciexpress.com\\\/\",\"name\":\"La Pharmacie Express\",\"description\":\"La pharmacie en ligne\",\"publisher\":{\"@id\":\"https:\\\/\\\/lapharmaciexpress.com\\\/#organization\"},\"potentialAction\":[{\"@type\":\"SearchAction\",\"target\":{\"@type\":\"EntryPoint\",\"urlTemplate\":\"https:\\\/\\\/lapharmaciexpress.com\\\/?s={search_term_string}\"},\"query-input\":{\"@type\":\"PropertyValueSpecification\",\"valueRequired\":true,\"valueName\":\"search_term_string\"}}],\"inLanguage\":\"fr-FR\"},{\"@type\":\"Organization\",\"@id\":\"https:\\\/\\\/lapharmaciexpress.com\\\/#organization\",\"name\":\"La Pharmacie Express\",\"url\":\"https:\\\/\\\/lapharmaciexpress.com\\\/\",\"logo\":{\"@type\":\"ImageObject\",\"inLanguage\":\"fr-FR\",\"@id\":\"https:\\\/\\\/lapharmaciexpress.com\\\/#\\\/schema\\\/logo\\\/image\\\/\",\"url\":\"https:\\\/\\\/lapharmaciexpress.com\\\/wp-content\\\/uploads\\\/2019\\\/07\\\/ico-Lapharmacie-express.png\",\"contentUrl\":\"https:\\\/\\\/lapharmaciexpress.com\\\/wp-content\\\/uploads\\\/2019\\\/07\\\/ico-Lapharmacie-express.png\",\"width\":362,\"height\":300,\"caption\":\"La Pharmacie Express\"},\"image\":{\"@id\":\"https:\\\/\\\/lapharmaciexpress.com\\\/#\\\/schema\\\/logo\\\/image\\\/\"}}]}<\/script>\n<!-- \/ Yoast SEO plugin. -->","yoast_head_json":{"title":"Acheter viagra soft 100mg en ligne - La Pharmacie Express","description":"Achetez Viagra Soft 100mg en ligne sur La Pharmacie Express : traitement discret et rapide contre la dysfonction \u00e9rectile. Livraison discr\u00e8te.","robots":{"index":"index","follow":"follow","max-snippet":"max-snippet:-1","max-image-preview":"max-image-preview:large","max-video-preview":"max-video-preview:-1"},"canonical":"https:\/\/lapharmaciexpress.com\/?product=viagra-soft-100mg-achter-express","og_locale":"fr_FR","og_type":"article","og_title":"Acheter viagra soft 100mg en ligne - La Pharmacie Express","og_description":"Achetez Viagra Soft 100mg en ligne sur La Pharmacie Express : traitement discret et rapide contre la dysfonction \u00e9rectile. Livraison discr\u00e8te.","og_url":"https:\/\/lapharmaciexpress.com\/?product=viagra-soft-100mg-achter-express","og_site_name":"La Pharmacie Express","article_modified_time":"2025-02-14T11:12:18+00:00","og_image":[{"width":600,"height":600,"url":"https:\/\/lapharmaciexpress.com\/wp-content\/uploads\/2019\/08\/Viagra-Soft.jpg","type":"image\/jpeg"}],"twitter_card":"summary_large_image","twitter_misc":{"Dur\u00e9e de lecture estim\u00e9e":"1 minute"},"schema":{"@context":"https:\/\/schema.org","@graph":[{"@type":"WebPage","@id":"https:\/\/lapharmaciexpress.com\/?product=viagra-soft-100mg-achter-express","url":"https:\/\/lapharmaciexpress.com\/?product=viagra-soft-100mg-achter-express","name":"Acheter viagra soft 100mg en ligne - La Pharmacie Express","isPartOf":{"@id":"https:\/\/lapharmaciexpress.com\/#website"},"primaryImageOfPage":{"@id":"https:\/\/lapharmaciexpress.com\/?product=viagra-soft-100mg-achter-express#primaryimage"},"image":{"@id":"https:\/\/lapharmaciexpress.com\/?product=viagra-soft-100mg-achter-express#primaryimage"},"thumbnailUrl":"https:\/\/lapharmaciexpress.com\/wp-content\/uploads\/2019\/08\/Viagra-Soft.jpg?wsr","datePublished":"2019-05-20T10:20:47+00:00","dateModified":"2025-02-14T11:12:18+00:00","description":"Achetez Viagra Soft 100mg en ligne sur La Pharmacie Express : traitement discret et rapide contre la dysfonction \u00e9rectile. Livraison discr\u00e8te.","breadcrumb":{"@id":"https:\/\/lapharmaciexpress.com\/?product=viagra-soft-100mg-achter-express#breadcrumb"},"inLanguage":"fr-FR","potentialAction":[{"@type":"ReadAction","target":["https:\/\/lapharmaciexpress.com\/?product=viagra-soft-100mg-achter-express"]}]},{"@type":"ImageObject","inLanguage":"fr-FR","@id":"https:\/\/lapharmaciexpress.com\/?product=viagra-soft-100mg-achter-express#primaryimage","url":"https:\/\/lapharmaciexpress.com\/wp-content\/uploads\/2019\/08\/Viagra-Soft.jpg?wsr","contentUrl":"https:\/\/lapharmaciexpress.com\/wp-content\/uploads\/2019\/08\/Viagra-Soft.jpg?wsr","width":600,"height":600},{"@type":"BreadcrumbList","@id":"https:\/\/lapharmaciexpress.com\/?product=viagra-soft-100mg-achter-express#breadcrumb","itemListElement":[{"@type":"ListItem","position":1,"name":"Accueil","item":"https:\/\/lapharmaciexpress.com\/"},{"@type":"ListItem","position":2,"name":"Boutique","item":"https:\/\/lapharmaciexpress.com\/?page_id=6"},{"@type":"ListItem","position":3,"name":"Viagra soft 100Mg"}]},{"@type":"WebSite","@id":"https:\/\/lapharmaciexpress.com\/#website","url":"https:\/\/lapharmaciexpress.com\/","name":"La Pharmacie Express","description":"La pharmacie en ligne","publisher":{"@id":"https:\/\/lapharmaciexpress.com\/#organization"},"potentialAction":[{"@type":"SearchAction","target":{"@type":"EntryPoint","urlTemplate":"https:\/\/lapharmaciexpress.com\/?s={search_term_string}"},"query-input":{"@type":"PropertyValueSpecification","valueRequired":true,"valueName":"search_term_string"}}],"inLanguage":"fr-FR"},{"@type":"Organization","@id":"https:\/\/lapharmaciexpress.com\/#organization","name":"La Pharmacie Express","url":"https:\/\/lapharmaciexpress.com\/","logo":{"@type":"ImageObject","inLanguage":"fr-FR","@id":"https:\/\/lapharmaciexpress.com\/#\/schema\/logo\/image\/","url":"https:\/\/lapharmaciexpress.com\/wp-content\/uploads\/2019\/07\/ico-Lapharmacie-express.png","contentUrl":"https:\/\/lapharmaciexpress.com\/wp-content\/uploads\/2019\/07\/ico-Lapharmacie-express.png","width":362,"height":300,"caption":"La Pharmacie Express"},"image":{"@id":"https:\/\/lapharmaciexpress.com\/#\/schema\/logo\/image\/"}}]}},"jetpack_sharing_enabled":true,"brands":[],"_links":{"self":[{"href":"https:\/\/lapharmaciexpress.com\/index.php?rest_route=\/wp\/v2\/product\/1420","targetHints":{"allow":["GET"]}}],"collection":[{"href":"https:\/\/lapharmaciexpress.com\/index.php?rest_route=\/wp\/v2\/product"}],"about":[{"href":"https:\/\/lapharmaciexpress.com\/index.php?rest_route=\/wp\/v2\/types\/product"}],"replies":[{"embeddable":true,"href":"https:\/\/lapharmaciexpress.com\/index.php?rest_route=%2Fwp%2Fv2%2Fcomments&post=1420"}],"wp:featuredmedia":[{"embeddable":true,"href":"https:\/\/lapharmaciexpress.com\/index.php?rest_route=\/wp\/v2\/media\/2533"}],"wp:attachment":[{"href":"https:\/\/lapharmaciexpress.com\/index.php?rest_route=%2Fwp%2Fv2%2Fmedia&parent=1420"}],"wp:term":[{"taxonomy":"pwb-brand","embeddable":true,"href":"https:\/\/lapharmaciexpress.com\/index.php?rest_route=%2Fwp%2Fv2%2Fpwb-brand&post=1420"},{"taxonomy":"product_brand","embeddable":true,"href":"https:\/\/lapharmaciexpress.com\/index.php?rest_route=%2Fwp%2Fv2%2Fproduct_brand&post=1420"},{"taxonomy":"product_cat","embeddable":true,"href":"https:\/\/lapharmaciexpress.com\/index.php?rest_route=%2Fwp%2Fv2%2Fproduct_cat&post=1420"},{"taxonomy":"product_tag","embeddable":true,"href":"https:\/\/lapharmaciexpress.com\/index.php?rest_route=%2Fwp%2Fv2%2Fproduct_tag&post=1420"}],"curies":[{"name":"wp","href":"https:\/\/api.w.org\/{rel}","templated":true}]}}