{"id":1474,"date":"2019-05-29T15:51:49","date_gmt":"2019-05-29T13:51:49","guid":{"rendered":"http:\/\/lapharmaciexpress.com\/?post_type=product&#038;p=1474"},"modified":"2025-02-09T13:43:45","modified_gmt":"2025-02-09T12:43:45","slug":"acheter-cialis-10mg-en-ligne-dosage-modere","status":"publish","type":"product","link":"https:\/\/lapharmaciexpress.com\/?product=acheter-cialis-10mg-en-ligne-dosage-modere","title":{"rendered":"Cialis 10Mg"},"content":{"rendered":"<p>Cialis 10 mg est un traitement de la dysfonction \u00e9rectile, con\u00e7u pour les hommes recherchant une solution efficace avec un dosage mod\u00e9r\u00e9. Son ingr\u00e9dient actif, le tadalafil 10 mg, am\u00e9liore la circulation sanguine vers le p\u00e9nis, permettant une \u00e9rection naturelle et durable en r\u00e9ponse \u00e0 une stimulation sexuelle. Son effet peut durer jusqu&#8217;\u00e0 36 heures, offrant plus de flexibilit\u00e9 et de spontan\u00e9it\u00e9 pour vos rapports intimes.<br \/>\nCe dosage est id\u00e9al pour les utilisateurs d\u00e9butants ou ceux qui ne n\u00e9cessitent pas une dose plus \u00e9lev\u00e9e. Cialis 10 mg garantit une bonne tol\u00e9rance et moins d\u2019effets secondaires tout en restant efficace.<br \/>\nPosologie et Administration :<br \/>\nPrenez 1 comprim\u00e9 de Cialis 10 mg avec un verre d\u2019eau, 30 \u00e0 60 minutes avant l\u2019activit\u00e9 sexuelle<br \/>\nNe d\u00e9passez pas une prise par jour<br \/>\nEffets Secondaires Possibles :<br \/>\nMaux de t\u00eate, rougeurs du visage<br \/>\nTroubles digestifs, congestion nasale<br \/>\nL\u00e9ger vertige ou fluctuations de la pression art\u00e9rielle.<\/p>\n","protected":false},"excerpt":{"rendered":"<p>Cialis 10 mg est un traitement adapt\u00e9 aux hommes recherchant un dosage mod\u00e9r\u00e9 de tadalafil pour traiter la dysfonction \u00e9rectile. Son effet longue dur\u00e9e jusqu\u2019\u00e0 36 heures garantit une \u00e9rection naturelle et durable. Achetez Cialis 10 mg sur la Pharmacie Express, avec une livraison rapide et s\u00e9curis\u00e9e.<\/p>\n","protected":false},"featured_media":1360,"comment_status":"open","ping_status":"closed","template":"","meta":[],"pwb-brand":[145],"product_brand":[],"product_cat":[19],"product_tag":[131],"class_list":{"0":"post-1474","1":"product","2":"type-product","3":"status-publish","4":"has-post-thumbnail","6":"pwb-brand-cipla","7":"product_cat-dysfonction-erectile","8":"product_tag-cialis","9":"clearfix","11":"first","12":"instock","13":"taxable","14":"shipping-taxable","15":"purchasable","16":"product-type-variable"},"yoast_head":"<!-- This site is optimized with the Yoast SEO plugin v27.5 - https:\/\/yoast.com\/product\/yoast-seo-wordpress\/ -->\n<title>Acheter Cialis 10 mg en Ligne \u2013 Traitement Mod\u00e9r\u00e9 et Efficace - La Pharmacie Express<\/title>\n<meta name=\"description\" content=\"Commandez Cialis 10 mg sur Pharmacie Express pour une solution douce et efficace contre la dysfonction \u00e9rectile. Effet longue dur\u00e9e et une livraison rapide.\" \/>\n<meta name=\"robots\" content=\"index, follow, max-snippet:-1, max-image-preview:large, max-video-preview:-1\" \/>\n<link rel=\"canonical\" href=\"https:\/\/lapharmaciexpress.com\/?product=acheter-cialis-10mg-en-ligne-dosage-modere\" \/>\n<meta property=\"og:locale\" content=\"fr_FR\" \/>\n<meta property=\"og:type\" content=\"article\" \/>\n<meta property=\"og:title\" content=\"Acheter Cialis 10 mg en Ligne \u2013 Traitement Mod\u00e9r\u00e9 et Efficace - La Pharmacie Express\" \/>\n<meta property=\"og:description\" content=\"Commandez Cialis 10 mg sur Pharmacie Express pour une solution douce et efficace contre la dysfonction \u00e9rectile. Effet longue dur\u00e9e et une livraison rapide.\" \/>\n<meta property=\"og:url\" content=\"https:\/\/lapharmaciexpress.com\/?product=acheter-cialis-10mg-en-ligne-dosage-modere\" \/>\n<meta property=\"og:site_name\" content=\"La Pharmacie Express\" \/>\n<meta property=\"article:modified_time\" content=\"2025-02-09T12:43:45+00:00\" \/>\n<meta property=\"og:image\" content=\"https:\/\/lapharmaciexpress.com\/wp-content\/uploads\/2019\/05\/cialis-generique.jpg\" \/>\n\t<meta property=\"og:image:width\" content=\"600\" \/>\n\t<meta property=\"og:image:height\" content=\"600\" \/>\n\t<meta property=\"og:image:type\" content=\"image\/jpeg\" \/>\n<meta name=\"twitter:card\" content=\"summary_large_image\" \/>\n<meta name=\"twitter:label1\" content=\"Dur\u00e9e de lecture estim\u00e9e\" \/>\n\t<meta name=\"twitter:data1\" content=\"5 minutes\" \/>\n<script type=\"application\/ld+json\" class=\"yoast-schema-graph\">{\"@context\":\"https:\\\/\\\/schema.org\",\"@graph\":[{\"@type\":\"WebPage\",\"@id\":\"https:\\\/\\\/lapharmaciexpress.com\\\/?product=acheter-cialis-10mg-en-ligne-dosage-modere\",\"url\":\"https:\\\/\\\/lapharmaciexpress.com\\\/?product=acheter-cialis-10mg-en-ligne-dosage-modere\",\"name\":\"Acheter Cialis 10 mg en Ligne \u2013 Traitement Mod\u00e9r\u00e9 et Efficace - La Pharmacie Express\",\"isPartOf\":{\"@id\":\"https:\\\/\\\/lapharmaciexpress.com\\\/#website\"},\"primaryImageOfPage\":{\"@id\":\"https:\\\/\\\/lapharmaciexpress.com\\\/?product=acheter-cialis-10mg-en-ligne-dosage-modere#primaryimage\"},\"image\":{\"@id\":\"https:\\\/\\\/lapharmaciexpress.com\\\/?product=acheter-cialis-10mg-en-ligne-dosage-modere#primaryimage\"},\"thumbnailUrl\":\"https:\\\/\\\/lapharmaciexpress.com\\\/wp-content\\\/uploads\\\/2019\\\/05\\\/cialis-generique.jpg?wsr\",\"datePublished\":\"2019-05-29T13:51:49+00:00\",\"dateModified\":\"2025-02-09T12:43:45+00:00\",\"description\":\"Commandez Cialis 10 mg sur Pharmacie Express pour une solution douce et efficace contre la dysfonction \u00e9rectile. Effet longue dur\u00e9e et une livraison rapide.\",\"breadcrumb\":{\"@id\":\"https:\\\/\\\/lapharmaciexpress.com\\\/?product=acheter-cialis-10mg-en-ligne-dosage-modere#breadcrumb\"},\"inLanguage\":\"fr-FR\",\"potentialAction\":[{\"@type\":\"ReadAction\",\"target\":[\"https:\\\/\\\/lapharmaciexpress.com\\\/?product=acheter-cialis-10mg-en-ligne-dosage-modere\"]}]},{\"@type\":\"ImageObject\",\"inLanguage\":\"fr-FR\",\"@id\":\"https:\\\/\\\/lapharmaciexpress.com\\\/?product=acheter-cialis-10mg-en-ligne-dosage-modere#primaryimage\",\"url\":\"https:\\\/\\\/lapharmaciexpress.com\\\/wp-content\\\/uploads\\\/2019\\\/05\\\/cialis-generique.jpg?wsr\",\"contentUrl\":\"https:\\\/\\\/lapharmaciexpress.com\\\/wp-content\\\/uploads\\\/2019\\\/05\\\/cialis-generique.jpg?wsr\",\"width\":600,\"height\":600},{\"@type\":\"BreadcrumbList\",\"@id\":\"https:\\\/\\\/lapharmaciexpress.com\\\/?product=acheter-cialis-10mg-en-ligne-dosage-modere#breadcrumb\",\"itemListElement\":[{\"@type\":\"ListItem\",\"position\":1,\"name\":\"Accueil\",\"item\":\"https:\\\/\\\/lapharmaciexpress.com\\\/\"},{\"@type\":\"ListItem\",\"position\":2,\"name\":\"Boutique\",\"item\":\"https:\\\/\\\/lapharmaciexpress.com\\\/?page_id=6\"},{\"@type\":\"ListItem\",\"position\":3,\"name\":\"Cialis 10Mg\"}]},{\"@type\":\"WebSite\",\"@id\":\"https:\\\/\\\/lapharmaciexpress.com\\\/#website\",\"url\":\"https:\\\/\\\/lapharmaciexpress.com\\\/\",\"name\":\"La Pharmacie Express\",\"description\":\"La pharmacie en ligne\",\"publisher\":{\"@id\":\"https:\\\/\\\/lapharmaciexpress.com\\\/#organization\"},\"potentialAction\":[{\"@type\":\"SearchAction\",\"target\":{\"@type\":\"EntryPoint\",\"urlTemplate\":\"https:\\\/\\\/lapharmaciexpress.com\\\/?s={search_term_string}\"},\"query-input\":{\"@type\":\"PropertyValueSpecification\",\"valueRequired\":true,\"valueName\":\"search_term_string\"}}],\"inLanguage\":\"fr-FR\"},{\"@type\":\"Organization\",\"@id\":\"https:\\\/\\\/lapharmaciexpress.com\\\/#organization\",\"name\":\"La Pharmacie Express\",\"url\":\"https:\\\/\\\/lapharmaciexpress.com\\\/\",\"logo\":{\"@type\":\"ImageObject\",\"inLanguage\":\"fr-FR\",\"@id\":\"https:\\\/\\\/lapharmaciexpress.com\\\/#\\\/schema\\\/logo\\\/image\\\/\",\"url\":\"https:\\\/\\\/lapharmaciexpress.com\\\/wp-content\\\/uploads\\\/2019\\\/07\\\/ico-Lapharmacie-express.png\",\"contentUrl\":\"https:\\\/\\\/lapharmaciexpress.com\\\/wp-content\\\/uploads\\\/2019\\\/07\\\/ico-Lapharmacie-express.png\",\"width\":362,\"height\":300,\"caption\":\"La Pharmacie Express\"},\"image\":{\"@id\":\"https:\\\/\\\/lapharmaciexpress.com\\\/#\\\/schema\\\/logo\\\/image\\\/\"}}]}<\/script>\n<!-- \/ Yoast SEO plugin. -->","yoast_head_json":{"title":"Acheter Cialis 10 mg en Ligne \u2013 Traitement Mod\u00e9r\u00e9 et Efficace - La Pharmacie Express","description":"Commandez Cialis 10 mg sur Pharmacie Express pour une solution douce et efficace contre la dysfonction \u00e9rectile. Effet longue dur\u00e9e et une livraison rapide.","robots":{"index":"index","follow":"follow","max-snippet":"max-snippet:-1","max-image-preview":"max-image-preview:large","max-video-preview":"max-video-preview:-1"},"canonical":"https:\/\/lapharmaciexpress.com\/?product=acheter-cialis-10mg-en-ligne-dosage-modere","og_locale":"fr_FR","og_type":"article","og_title":"Acheter Cialis 10 mg en Ligne \u2013 Traitement Mod\u00e9r\u00e9 et Efficace - La Pharmacie Express","og_description":"Commandez Cialis 10 mg sur Pharmacie Express pour une solution douce et efficace contre la dysfonction \u00e9rectile. Effet longue dur\u00e9e et une livraison rapide.","og_url":"https:\/\/lapharmaciexpress.com\/?product=acheter-cialis-10mg-en-ligne-dosage-modere","og_site_name":"La Pharmacie Express","article_modified_time":"2025-02-09T12:43:45+00:00","og_image":[{"width":600,"height":600,"url":"https:\/\/lapharmaciexpress.com\/wp-content\/uploads\/2019\/05\/cialis-generique.jpg","type":"image\/jpeg"}],"twitter_card":"summary_large_image","twitter_misc":{"Dur\u00e9e de lecture estim\u00e9e":"5 minutes"},"schema":{"@context":"https:\/\/schema.org","@graph":[{"@type":"WebPage","@id":"https:\/\/lapharmaciexpress.com\/?product=acheter-cialis-10mg-en-ligne-dosage-modere","url":"https:\/\/lapharmaciexpress.com\/?product=acheter-cialis-10mg-en-ligne-dosage-modere","name":"Acheter Cialis 10 mg en Ligne \u2013 Traitement Mod\u00e9r\u00e9 et Efficace - La Pharmacie Express","isPartOf":{"@id":"https:\/\/lapharmaciexpress.com\/#website"},"primaryImageOfPage":{"@id":"https:\/\/lapharmaciexpress.com\/?product=acheter-cialis-10mg-en-ligne-dosage-modere#primaryimage"},"image":{"@id":"https:\/\/lapharmaciexpress.com\/?product=acheter-cialis-10mg-en-ligne-dosage-modere#primaryimage"},"thumbnailUrl":"https:\/\/lapharmaciexpress.com\/wp-content\/uploads\/2019\/05\/cialis-generique.jpg?wsr","datePublished":"2019-05-29T13:51:49+00:00","dateModified":"2025-02-09T12:43:45+00:00","description":"Commandez Cialis 10 mg sur Pharmacie Express pour une solution douce et efficace contre la dysfonction \u00e9rectile. Effet longue dur\u00e9e et une livraison rapide.","breadcrumb":{"@id":"https:\/\/lapharmaciexpress.com\/?product=acheter-cialis-10mg-en-ligne-dosage-modere#breadcrumb"},"inLanguage":"fr-FR","potentialAction":[{"@type":"ReadAction","target":["https:\/\/lapharmaciexpress.com\/?product=acheter-cialis-10mg-en-ligne-dosage-modere"]}]},{"@type":"ImageObject","inLanguage":"fr-FR","@id":"https:\/\/lapharmaciexpress.com\/?product=acheter-cialis-10mg-en-ligne-dosage-modere#primaryimage","url":"https:\/\/lapharmaciexpress.com\/wp-content\/uploads\/2019\/05\/cialis-generique.jpg?wsr","contentUrl":"https:\/\/lapharmaciexpress.com\/wp-content\/uploads\/2019\/05\/cialis-generique.jpg?wsr","width":600,"height":600},{"@type":"BreadcrumbList","@id":"https:\/\/lapharmaciexpress.com\/?product=acheter-cialis-10mg-en-ligne-dosage-modere#breadcrumb","itemListElement":[{"@type":"ListItem","position":1,"name":"Accueil","item":"https:\/\/lapharmaciexpress.com\/"},{"@type":"ListItem","position":2,"name":"Boutique","item":"https:\/\/lapharmaciexpress.com\/?page_id=6"},{"@type":"ListItem","position":3,"name":"Cialis 10Mg"}]},{"@type":"WebSite","@id":"https:\/\/lapharmaciexpress.com\/#website","url":"https:\/\/lapharmaciexpress.com\/","name":"La Pharmacie Express","description":"La pharmacie en ligne","publisher":{"@id":"https:\/\/lapharmaciexpress.com\/#organization"},"potentialAction":[{"@type":"SearchAction","target":{"@type":"EntryPoint","urlTemplate":"https:\/\/lapharmaciexpress.com\/?s={search_term_string}"},"query-input":{"@type":"PropertyValueSpecification","valueRequired":true,"valueName":"search_term_string"}}],"inLanguage":"fr-FR"},{"@type":"Organization","@id":"https:\/\/lapharmaciexpress.com\/#organization","name":"La Pharmacie Express","url":"https:\/\/lapharmaciexpress.com\/","logo":{"@type":"ImageObject","inLanguage":"fr-FR","@id":"https:\/\/lapharmaciexpress.com\/#\/schema\/logo\/image\/","url":"https:\/\/lapharmaciexpress.com\/wp-content\/uploads\/2019\/07\/ico-Lapharmacie-express.png","contentUrl":"https:\/\/lapharmaciexpress.com\/wp-content\/uploads\/2019\/07\/ico-Lapharmacie-express.png","width":362,"height":300,"caption":"La Pharmacie Express"},"image":{"@id":"https:\/\/lapharmaciexpress.com\/#\/schema\/logo\/image\/"}}]}},"jetpack_sharing_enabled":true,"brands":[{"id":145,"name":"Cipla","slug":"cipla"}],"_links":{"self":[{"href":"https:\/\/lapharmaciexpress.com\/index.php?rest_route=\/wp\/v2\/product\/1474","targetHints":{"allow":["GET"]}}],"collection":[{"href":"https:\/\/lapharmaciexpress.com\/index.php?rest_route=\/wp\/v2\/product"}],"about":[{"href":"https:\/\/lapharmaciexpress.com\/index.php?rest_route=\/wp\/v2\/types\/product"}],"replies":[{"embeddable":true,"href":"https:\/\/lapharmaciexpress.com\/index.php?rest_route=%2Fwp%2Fv2%2Fcomments&post=1474"}],"wp:featuredmedia":[{"embeddable":true,"href":"https:\/\/lapharmaciexpress.com\/index.php?rest_route=\/wp\/v2\/media\/1360"}],"wp:attachment":[{"href":"https:\/\/lapharmaciexpress.com\/index.php?rest_route=%2Fwp%2Fv2%2Fmedia&parent=1474"}],"wp:term":[{"taxonomy":"pwb-brand","embeddable":true,"href":"https:\/\/lapharmaciexpress.com\/index.php?rest_route=%2Fwp%2Fv2%2Fpwb-brand&post=1474"},{"taxonomy":"product_brand","embeddable":true,"href":"https:\/\/lapharmaciexpress.com\/index.php?rest_route=%2Fwp%2Fv2%2Fproduct_brand&post=1474"},{"taxonomy":"product_cat","embeddable":true,"href":"https:\/\/lapharmaciexpress.com\/index.php?rest_route=%2Fwp%2Fv2%2Fproduct_cat&post=1474"},{"taxonomy":"product_tag","embeddable":true,"href":"https:\/\/lapharmaciexpress.com\/index.php?rest_route=%2Fwp%2Fv2%2Fproduct_tag&post=1474"}],"curies":[{"name":"wp","href":"https:\/\/api.w.org\/{rel}","templated":true}]}}