{"id":1678,"date":"2019-06-03T14:09:28","date_gmt":"2019-06-03T12:09:28","guid":{"rendered":"http:\/\/lapharmaciexpress.com\/?post_type=product&#038;p=1678"},"modified":"2026-01-06T19:51:49","modified_gmt":"2026-01-06T18:51:49","slug":"kamagra-effervescent","status":"publish","type":"product","link":"https:\/\/lapharmaciexpress.com\/?product=kamagra-effervescent","title":{"rendered":"Kamagra Effervescent 100mg"},"content":{"rendered":"<h3>Les points forts du rem\u00e8de :<\/h3>\n<p>L\u0435 double effet \u2015 efficace lorsque la dysfonction \u00e9rectile et lors de l&#8217;\u00e9jaculation rapide.<\/p>\n<p>L\u2019effet\u00a0 prolong\u00e9 (environ 6 heures ).<\/p>\n<p>L\u2019effet rapide du rem\u00e8de gr\u00e2ce \u00e0 une absorption rapide\u00a0\u00a0(pendant 5 minutes )<\/p>\n<p>La consommation facile et agr\u00e9able pour les gens qui on la peine avec des pilules non solubles.<\/p>\n<h3>Le dosage<\/h3>\n<p>Kamagra effervescent contient\u00a0\u00a0100 mg\u00a0de la substance active, c&#8217;est pourquoi il est recommand\u00e9 de prendre tout d&#8217;abord\u00a0 50 mg, et puis encore 50 mg \u00e0 condition que vous voulez accro\u00eetre l&#8217;efficacit\u00e9 des m\u00e9dicaments. Il ne faut pas oublier que le taux journalier de la substance active Sild\u00e9nafil est 100 mg et cela ne doit pas \u00eatre d\u00e9pass\u00e9e. La substance active assure le flux de sang vers le p\u00e9nis et offre comme le r\u00e9sultat une \u00e9rection de longue dur\u00e9e\u00a0 et l&#8217;orgasme remarquable. Si la prise de ce m\u00e9dicament s&#8217;accomplit au moment de l&#8217;excitation sexuelle on peut atteindre un maximum d&#8217;effet. Avant la consommation\u00a0 plongez des comprim\u00e9s\u00a0 dans un verre d&#8217;eau. Le m\u00e9dicament apr\u00e8s la prise et la p\u00e9n\u00e9tration de sild\u00e9nafil \u00e0 l&#8217;int\u00e9rieur du corps est rapidement absorb\u00e9. Lors de la consommation de l&#8217;outil \u00e0 jeun, l&#8217;absorption et donc la vitesse de l&#8217;effet du produit augmentent.<\/p>\n<h3><strong>Les contre-indications de Kamagra<\/strong><\/h3>\n<p>L&#8217;instruction de\u00a0 Kamagra\u00a0 comprend les contre-indications du m\u00e9dicament aux patients qui ont une sensibilit\u00e9 accrue \u00e0 son substance actuel ou auxiliaire. Quant aux personnes souffrant de maladies cardiaques, il est recommand\u00e9 de consulter le docteur avant de consommer des pilules. Il est proscrit de dissoudre les comprim\u00e9s dans les boissons alcoolis\u00e9es,\u00a0parce que le m\u00e9dicament n&#8217;est pas compatible avec l&#8217;alcool. Ce produit efficace peut \u00eatre utilis\u00e9 comme avant ou apr\u00e8s les repas.<\/p>\n<h3>Les conditions de conservation<\/h3>\n<p>Les m\u00e9dicaments\u00a0 doivent toujours \u00eatre stock\u00e9s dans un endroit frais et sec, il faut donc les mettre dans une bo\u00eete qui ne sera pas \u00e0 proximit\u00e9 de sources de chaleur. Il faut prot\u00e9ger le rem\u00e8de contre les rayons directs du soleil. Si le produit est stock\u00e9 plus que 2 ans, \u00e7a vaut la peine de le jeter.<\/p>\n<div class=\"tb\"><\/div>\n","protected":false},"excerpt":{"rendered":"<p>Le Kamagra effervescent 100 mg a \u00e9t\u00e9 con\u00e7u pour pallier aux dysfonctions de l&#8217;\u00e9rection chez les hommes. La dysfonction \u00e9rectile est souvent une carence de circulation sanguine dans le p\u00e9nis. Ces dysfonctions conduisent \u00e0 l&#8217;impossibilit\u00e9 de maintenir une \u00e9rection du p\u00e9nis lors d&#8217;un rapport sexuel. Le Kamagra effervescent 100 mg d\u00e9tend les vaisseaux sanguins et am\u00e9liore ainsi le flux sanguin conduisant \u00e0 l&#8217;\u00e9rection. Toutefois, kamagra est efficace uniquement si vous \u00eates sexuellement sollicit\u00e9.<\/p>\n","protected":false},"featured_media":1686,"comment_status":"open","ping_status":"closed","template":"","meta":[],"pwb-brand":[],"product_brand":[],"product_cat":[19],"product_tag":[133],"class_list":{"0":"post-1678","1":"product","2":"type-product","3":"status-publish","4":"has-post-thumbnail","6":"product_cat-dysfonction-erectile","7":"product_tag-kamagra","8":"clearfix","10":"first","11":"instock","12":"taxable","13":"shipping-taxable","14":"purchasable","15":"product-type-variable"},"yoast_head":"<!-- This site is optimized with the Yoast SEO plugin v27.4 - https:\/\/yoast.com\/product\/yoast-seo-wordpress\/ -->\n<title>Kamagra Effervescent 100mg - La Pharmacie Express<\/title>\n<meta name=\"description\" content=\"Faite vos achats de Dysfonction \u00e9rectile, viagra, cialis, kamagra, levitra, vitamine produits de femme, antibiotique en toute discretion sur la pharamacie express en ligne, livraison gratuite.\" \/>\n<meta name=\"robots\" content=\"index, follow, max-snippet:-1, max-image-preview:large, max-video-preview:-1\" \/>\n<link rel=\"canonical\" href=\"https:\/\/lapharmaciexpress.com\/?product=kamagra-effervescent\" \/>\n<meta property=\"og:locale\" content=\"fr_FR\" \/>\n<meta property=\"og:type\" content=\"article\" \/>\n<meta property=\"og:title\" content=\"Kamagra Effervescent 100mg - La Pharmacie Express\" \/>\n<meta property=\"og:description\" content=\"Faite vos achats de Dysfonction \u00e9rectile, viagra, cialis, kamagra, levitra, vitamine produits de femme, antibiotique en toute discretion sur la pharamacie express en ligne, livraison gratuite.\" \/>\n<meta property=\"og:url\" content=\"https:\/\/lapharmaciexpress.com\/?product=kamagra-effervescent\" \/>\n<meta property=\"og:site_name\" content=\"La Pharmacie Express\" \/>\n<meta property=\"article:modified_time\" content=\"2026-01-06T18:51:49+00:00\" \/>\n<meta property=\"og:image\" content=\"https:\/\/lapharmaciexpress.com\/wp-content\/uploads\/2019\/06\/Kamagra-Effervescent.jpg?wsr\" \/>\n\t<meta property=\"og:image:width\" content=\"600\" \/>\n\t<meta property=\"og:image:height\" content=\"600\" \/>\n\t<meta property=\"og:image:type\" content=\"image\/jpeg\" \/>\n<meta name=\"twitter:card\" content=\"summary_large_image\" \/>\n<meta name=\"twitter:label1\" content=\"Dur\u00e9e de lecture estim\u00e9e\" \/>\n\t<meta name=\"twitter:data1\" content=\"2 minutes\" \/>\n<script type=\"application\/ld+json\" class=\"yoast-schema-graph\">{\"@context\":\"https:\\\/\\\/schema.org\",\"@graph\":[{\"@type\":\"WebPage\",\"@id\":\"https:\\\/\\\/lapharmaciexpress.com\\\/?product=kamagra-effervescent\",\"url\":\"https:\\\/\\\/lapharmaciexpress.com\\\/?product=kamagra-effervescent\",\"name\":\"Kamagra Effervescent 100mg - La Pharmacie Express\",\"isPartOf\":{\"@id\":\"https:\\\/\\\/lapharmaciexpress.com\\\/#website\"},\"primaryImageOfPage\":{\"@id\":\"https:\\\/\\\/lapharmaciexpress.com\\\/?product=kamagra-effervescent#primaryimage\"},\"image\":{\"@id\":\"https:\\\/\\\/lapharmaciexpress.com\\\/?product=kamagra-effervescent#primaryimage\"},\"thumbnailUrl\":\"https:\\\/\\\/lapharmaciexpress.com\\\/wp-content\\\/uploads\\\/2019\\\/06\\\/Kamagra-Effervescent.jpg?wsr\",\"datePublished\":\"2019-06-03T12:09:28+00:00\",\"dateModified\":\"2026-01-06T18:51:49+00:00\",\"description\":\"Faite vos achats de Dysfonction \u00e9rectile, viagra, cialis, kamagra, levitra, vitamine produits de femme, antibiotique en toute discretion sur la pharamacie express en ligne, livraison gratuite.\",\"breadcrumb\":{\"@id\":\"https:\\\/\\\/lapharmaciexpress.com\\\/?product=kamagra-effervescent#breadcrumb\"},\"inLanguage\":\"fr-FR\",\"potentialAction\":[{\"@type\":\"ReadAction\",\"target\":[\"https:\\\/\\\/lapharmaciexpress.com\\\/?product=kamagra-effervescent\"]}]},{\"@type\":\"ImageObject\",\"inLanguage\":\"fr-FR\",\"@id\":\"https:\\\/\\\/lapharmaciexpress.com\\\/?product=kamagra-effervescent#primaryimage\",\"url\":\"https:\\\/\\\/lapharmaciexpress.com\\\/wp-content\\\/uploads\\\/2019\\\/06\\\/Kamagra-Effervescent.jpg?wsr\",\"contentUrl\":\"https:\\\/\\\/lapharmaciexpress.com\\\/wp-content\\\/uploads\\\/2019\\\/06\\\/Kamagra-Effervescent.jpg?wsr\",\"width\":600,\"height\":600},{\"@type\":\"BreadcrumbList\",\"@id\":\"https:\\\/\\\/lapharmaciexpress.com\\\/?product=kamagra-effervescent#breadcrumb\",\"itemListElement\":[{\"@type\":\"ListItem\",\"position\":1,\"name\":\"Accueil\",\"item\":\"https:\\\/\\\/lapharmaciexpress.com\\\/\"},{\"@type\":\"ListItem\",\"position\":2,\"name\":\"Boutique\",\"item\":\"https:\\\/\\\/lapharmaciexpress.com\\\/?page_id=6\"},{\"@type\":\"ListItem\",\"position\":3,\"name\":\"Kamagra Effervescent 100mg\"}]},{\"@type\":\"WebSite\",\"@id\":\"https:\\\/\\\/lapharmaciexpress.com\\\/#website\",\"url\":\"https:\\\/\\\/lapharmaciexpress.com\\\/\",\"name\":\"La Pharmacie Express\",\"description\":\"La pharmacie en ligne\",\"publisher\":{\"@id\":\"https:\\\/\\\/lapharmaciexpress.com\\\/#organization\"},\"potentialAction\":[{\"@type\":\"SearchAction\",\"target\":{\"@type\":\"EntryPoint\",\"urlTemplate\":\"https:\\\/\\\/lapharmaciexpress.com\\\/?s={search_term_string}\"},\"query-input\":{\"@type\":\"PropertyValueSpecification\",\"valueRequired\":true,\"valueName\":\"search_term_string\"}}],\"inLanguage\":\"fr-FR\"},{\"@type\":\"Organization\",\"@id\":\"https:\\\/\\\/lapharmaciexpress.com\\\/#organization\",\"name\":\"La Pharmacie Express\",\"url\":\"https:\\\/\\\/lapharmaciexpress.com\\\/\",\"logo\":{\"@type\":\"ImageObject\",\"inLanguage\":\"fr-FR\",\"@id\":\"https:\\\/\\\/lapharmaciexpress.com\\\/#\\\/schema\\\/logo\\\/image\\\/\",\"url\":\"https:\\\/\\\/lapharmaciexpress.com\\\/wp-content\\\/uploads\\\/2019\\\/07\\\/ico-Lapharmacie-express.png\",\"contentUrl\":\"https:\\\/\\\/lapharmaciexpress.com\\\/wp-content\\\/uploads\\\/2019\\\/07\\\/ico-Lapharmacie-express.png\",\"width\":362,\"height\":300,\"caption\":\"La Pharmacie Express\"},\"image\":{\"@id\":\"https:\\\/\\\/lapharmaciexpress.com\\\/#\\\/schema\\\/logo\\\/image\\\/\"}}]}<\/script>\n<!-- \/ Yoast SEO plugin. -->","yoast_head_json":{"title":"Kamagra Effervescent 100mg - La Pharmacie Express","description":"Faite vos achats de Dysfonction \u00e9rectile, viagra, cialis, kamagra, levitra, vitamine produits de femme, antibiotique en toute discretion sur la pharamacie express en ligne, livraison gratuite.","robots":{"index":"index","follow":"follow","max-snippet":"max-snippet:-1","max-image-preview":"max-image-preview:large","max-video-preview":"max-video-preview:-1"},"canonical":"https:\/\/lapharmaciexpress.com\/?product=kamagra-effervescent","og_locale":"fr_FR","og_type":"article","og_title":"Kamagra Effervescent 100mg - La Pharmacie Express","og_description":"Faite vos achats de Dysfonction \u00e9rectile, viagra, cialis, kamagra, levitra, vitamine produits de femme, antibiotique en toute discretion sur la pharamacie express en ligne, livraison gratuite.","og_url":"https:\/\/lapharmaciexpress.com\/?product=kamagra-effervescent","og_site_name":"La Pharmacie Express","article_modified_time":"2026-01-06T18:51:49+00:00","og_image":[{"width":600,"height":600,"url":"https:\/\/lapharmaciexpress.com\/wp-content\/uploads\/2019\/06\/Kamagra-Effervescent.jpg?wsr","type":"image\/jpeg"}],"twitter_card":"summary_large_image","twitter_misc":{"Dur\u00e9e de lecture estim\u00e9e":"2 minutes"},"schema":{"@context":"https:\/\/schema.org","@graph":[{"@type":"WebPage","@id":"https:\/\/lapharmaciexpress.com\/?product=kamagra-effervescent","url":"https:\/\/lapharmaciexpress.com\/?product=kamagra-effervescent","name":"Kamagra Effervescent 100mg - La Pharmacie Express","isPartOf":{"@id":"https:\/\/lapharmaciexpress.com\/#website"},"primaryImageOfPage":{"@id":"https:\/\/lapharmaciexpress.com\/?product=kamagra-effervescent#primaryimage"},"image":{"@id":"https:\/\/lapharmaciexpress.com\/?product=kamagra-effervescent#primaryimage"},"thumbnailUrl":"https:\/\/lapharmaciexpress.com\/wp-content\/uploads\/2019\/06\/Kamagra-Effervescent.jpg?wsr","datePublished":"2019-06-03T12:09:28+00:00","dateModified":"2026-01-06T18:51:49+00:00","description":"Faite vos achats de Dysfonction \u00e9rectile, viagra, cialis, kamagra, levitra, vitamine produits de femme, antibiotique en toute discretion sur la pharamacie express en ligne, livraison gratuite.","breadcrumb":{"@id":"https:\/\/lapharmaciexpress.com\/?product=kamagra-effervescent#breadcrumb"},"inLanguage":"fr-FR","potentialAction":[{"@type":"ReadAction","target":["https:\/\/lapharmaciexpress.com\/?product=kamagra-effervescent"]}]},{"@type":"ImageObject","inLanguage":"fr-FR","@id":"https:\/\/lapharmaciexpress.com\/?product=kamagra-effervescent#primaryimage","url":"https:\/\/lapharmaciexpress.com\/wp-content\/uploads\/2019\/06\/Kamagra-Effervescent.jpg?wsr","contentUrl":"https:\/\/lapharmaciexpress.com\/wp-content\/uploads\/2019\/06\/Kamagra-Effervescent.jpg?wsr","width":600,"height":600},{"@type":"BreadcrumbList","@id":"https:\/\/lapharmaciexpress.com\/?product=kamagra-effervescent#breadcrumb","itemListElement":[{"@type":"ListItem","position":1,"name":"Accueil","item":"https:\/\/lapharmaciexpress.com\/"},{"@type":"ListItem","position":2,"name":"Boutique","item":"https:\/\/lapharmaciexpress.com\/?page_id=6"},{"@type":"ListItem","position":3,"name":"Kamagra Effervescent 100mg"}]},{"@type":"WebSite","@id":"https:\/\/lapharmaciexpress.com\/#website","url":"https:\/\/lapharmaciexpress.com\/","name":"La Pharmacie Express","description":"La pharmacie en ligne","publisher":{"@id":"https:\/\/lapharmaciexpress.com\/#organization"},"potentialAction":[{"@type":"SearchAction","target":{"@type":"EntryPoint","urlTemplate":"https:\/\/lapharmaciexpress.com\/?s={search_term_string}"},"query-input":{"@type":"PropertyValueSpecification","valueRequired":true,"valueName":"search_term_string"}}],"inLanguage":"fr-FR"},{"@type":"Organization","@id":"https:\/\/lapharmaciexpress.com\/#organization","name":"La Pharmacie Express","url":"https:\/\/lapharmaciexpress.com\/","logo":{"@type":"ImageObject","inLanguage":"fr-FR","@id":"https:\/\/lapharmaciexpress.com\/#\/schema\/logo\/image\/","url":"https:\/\/lapharmaciexpress.com\/wp-content\/uploads\/2019\/07\/ico-Lapharmacie-express.png","contentUrl":"https:\/\/lapharmaciexpress.com\/wp-content\/uploads\/2019\/07\/ico-Lapharmacie-express.png","width":362,"height":300,"caption":"La Pharmacie Express"},"image":{"@id":"https:\/\/lapharmaciexpress.com\/#\/schema\/logo\/image\/"}}]}},"jetpack_sharing_enabled":true,"brands":[],"_links":{"self":[{"href":"https:\/\/lapharmaciexpress.com\/index.php?rest_route=\/wp\/v2\/product\/1678","targetHints":{"allow":["GET"]}}],"collection":[{"href":"https:\/\/lapharmaciexpress.com\/index.php?rest_route=\/wp\/v2\/product"}],"about":[{"href":"https:\/\/lapharmaciexpress.com\/index.php?rest_route=\/wp\/v2\/types\/product"}],"replies":[{"embeddable":true,"href":"https:\/\/lapharmaciexpress.com\/index.php?rest_route=%2Fwp%2Fv2%2Fcomments&post=1678"}],"wp:featuredmedia":[{"embeddable":true,"href":"https:\/\/lapharmaciexpress.com\/index.php?rest_route=\/wp\/v2\/media\/1686"}],"wp:attachment":[{"href":"https:\/\/lapharmaciexpress.com\/index.php?rest_route=%2Fwp%2Fv2%2Fmedia&parent=1678"}],"wp:term":[{"taxonomy":"pwb-brand","embeddable":true,"href":"https:\/\/lapharmaciexpress.com\/index.php?rest_route=%2Fwp%2Fv2%2Fpwb-brand&post=1678"},{"taxonomy":"product_brand","embeddable":true,"href":"https:\/\/lapharmaciexpress.com\/index.php?rest_route=%2Fwp%2Fv2%2Fproduct_brand&post=1678"},{"taxonomy":"product_cat","embeddable":true,"href":"https:\/\/lapharmaciexpress.com\/index.php?rest_route=%2Fwp%2Fv2%2Fproduct_cat&post=1678"},{"taxonomy":"product_tag","embeddable":true,"href":"https:\/\/lapharmaciexpress.com\/index.php?rest_route=%2Fwp%2Fv2%2Fproduct_tag&post=1678"}],"curies":[{"name":"wp","href":"https:\/\/api.w.org\/{rel}","templated":true}]}}