{"id":1727,"date":"2019-06-14T17:08:08","date_gmt":"2019-06-14T15:08:08","guid":{"rendered":"http:\/\/lapharmaciexpress.com\/?post_type=product&#038;p=1727"},"modified":"2023-07-15T13:44:10","modified_gmt":"2023-07-15T11:44:10","slug":"silagra","status":"publish","type":"product","link":"https:\/\/lapharmaciexpress.com\/?product=silagra","title":{"rendered":"Silagra"},"content":{"rendered":"<div class=\"product_detaled_text\">La composante principale de Silagra est Sild\u00e9nafil.<br \/>\nSild\u00e9nafil affecte la r\u00e9ponse \u00e0 la stimulation sexuelle.<br \/>\nCe m\u00e9dicament est utilis\u00e9 pour traiter le dysfonction \u00e9rectile (l&#8217;impuissance) chez les hommes et pour le traitement d&#8217;hypertension art\u00e9rielle pulmonaire.<br \/>\nSild\u00e9nafil peut aussi \u00eatre utilis\u00e9 pour les autres buts.<\/div>\n<h3 class=\"product_detaled_title\">Dosage et administration<\/h3>\n<div class=\"product_detaled_text\">La dose recommand\u00e9e est 50 mgs. Il est pris environ 30 minues \u00e01 heure avant l&#8217;activit\u00e9 sexuelle. Sild\u00e9nafil ne doit pas \u00eatre pris plus d&#8217;une fois par jour.<br \/>\nUn gros repas peut retarder le temps du d\u00e9but des effets de ce m\u00e9dicament.<br \/>\n\u00c9vitez de manger du pamplemousse ou boire du jus de pamplemousse pendant que l&#8217;on vous traite avec ce m\u00e9dicament.<\/div>\n<h3 class=\"product_detaled_title\">Pr\u00e9cautions<\/h3>\n<div class=\"product_detaled_text\">Avant de prendre du Silagra, dites \u00e0 votre m\u00e9decin traitant si vous \u00eates allergiques \u00e0 Sildenafil; ou si vous avez autres allergies.<br \/>\nLes personnes \u00e2g\u00e9es peuvent \u00eatre plus sensibles aux Effets secondaires possibles du m\u00e9dicament.<\/div>\n<h3 class=\"product_detaled_title\">Contre-indications<\/h3>\n<div class=\"product_detaled_text\">Silagra est contre-indiqu\u00e9 chez les patients prenant une autre m\u00e9dicament pour traiter l&#8217;impuissance ou utilisant un m\u00e9dicament \u00e0 base de nitrate.<br \/>\nCe m\u00e9dicament ne doit pas \u00eatre utilis\u00e9e par les femmes ou les enfants aussi que par les patients ayant manifest\u00e9 une r\u00e9action d&#8217;hypersensibilit\u00e9 au Sild\u00e9nafil.<\/div>\n<h3 class=\"product_detaled_title\">Effets secondaires possibles<\/h3>\n<div class=\"product_detaled_text\">Les Effets secondaires possibles possibles sont fatigue excessive, naus\u00e9e ou vomissements, jaunissement des yeux ou de la peau, diminution d&#8217;app\u00e9tit, diarrh\u00e9e, bouff\u00e9es de chaleur, etc.<br \/>\nBeaucoup de personnes utilisant ce m\u00e9dicament n&#8217;ont pas d&#8217;Effets secondaires possibles s\u00e9rieux. .<br \/>\nVotre docteur a prescrit cette m\u00e9dication parce qu il y a plus d&#8217;avantage que le risque d&#8217;Effets secondaires possibles pour le patient .<br \/>\nUne r\u00e9action allergique tr\u00e8s s\u00e9rieuse \u00e0 ce m\u00e9dicament est improbable, mais avertir votre m\u00e9decin imm\u00e9diatement s&#8217;il cela se produit<br \/>\nContactez votre m\u00e9decin traitant pour plus de d\u00e9tails.<\/div>\n<h3 class=\"product_detaled_title\">Interaction des m\u00e9dicaments<\/h3>\n<div class=\"product_detaled_text\">Ce m\u00e9dicament ne doit pas \u00eatre utilis\u00e9 avec des nitrates et des m\u00e9dicaments r\u00e9cr\u00e9atifs appel\u00e9s &#8220;des pressions&#8221; contenant de l&#8217;amyle ou du butyle nitrite; m\u00e9dications alpha-bloquants; d&#8217;autres m\u00e9dications pour l&#8217;impuissance; m\u00e9decines d&#8217;hypertension, etc. Consultez votre m\u00e9decin traitant pour plus de d\u00e9tails.<\/div>\n<h3 class=\"product_detaled_title\">Omission de dose<\/h3>\n<div class=\"product_detaled_text\">Silagra est utilis\u00e9 quand n\u00e9cessaire, donc vous n&#8217;aurez pas un programme de dosage.<\/div>\n<h3 class=\"product_detaled_title\">Surdosage<\/h3>\n<div class=\"product_detaled_text\">Avertisser imm\u00e9diatment les secours d&#8217;urgence(m\u00e9decins ,pompier..) si vous croyez que vous avez trop utilis\u00e9 ce m\u00e9dicament<br \/>\nLes sympt\u00f4mes d&#8217;overdose peuvent inclure : la nervosit\u00e9 suadation extr\u00eame excessive, le battement de coeur rapide\/irr\u00e9gulier, la douleur de poitrine, les saisies.<\/div>\n<h3 class=\"product_detaled_title\">Conservation<\/h3>\n<div class=\"product_detaled_text\">Entreposer \u00e0 la temp\u00e9rature ambiante entre 15 et 30 degr\u00e9s Celsius (59 et 86 degr\u00e9s Fahrenheit). Garder le contenant bien ferm\u00e9 hors de la port\u00e9e des enfants.<\/div>\n","protected":false},"excerpt":{"rendered":"<div><\/div>\n<div class=\"product_detaled_text\">Silagra est un m\u00e9dicament qui est fabriqu\u00e9e par Cipla.\u00a0 Il permet de lutter contre le dysfonctionnement de l&#8217;\u00e9rection masculine.<\/div>\n","protected":false},"featured_media":1743,"comment_status":"open","ping_status":"closed","template":"","meta":[],"pwb-brand":[],"product_brand":[],"product_cat":[19],"product_tag":[130],"class_list":{"0":"post-1727","1":"product","2":"type-product","3":"status-publish","4":"has-post-thumbnail","6":"product_cat-dysfonction-erectile","7":"product_tag-viagra","8":"clearfix","10":"first","11":"instock","12":"taxable","13":"shipping-taxable","14":"purchasable","15":"product-type-variable"},"yoast_head":"<!-- This site is optimized with the Yoast SEO plugin v27.3 - https:\/\/yoast.com\/product\/yoast-seo-wordpress\/ -->\n<title>Silagra - La Pharmacie Express<\/title>\n<meta name=\"description\" content=\"Faite vos achats de Dysfonction \u00e9rectile, viagra, cialis, kamagra, levitra, vitamine produits de femme, antibiotique en toute discretion sur la pharamacie express en ligne, livraison gratuite.\" \/>\n<meta name=\"robots\" content=\"index, follow, max-snippet:-1, max-image-preview:large, max-video-preview:-1\" \/>\n<link rel=\"canonical\" href=\"https:\/\/lapharmaciexpress.com\/?product=silagra\" \/>\n<meta property=\"og:locale\" content=\"fr_FR\" \/>\n<meta property=\"og:type\" content=\"article\" \/>\n<meta property=\"og:title\" content=\"Silagra - La Pharmacie Express\" \/>\n<meta property=\"og:description\" content=\"Faite vos achats de Dysfonction \u00e9rectile, viagra, cialis, kamagra, levitra, vitamine produits de femme, antibiotique en toute discretion sur la pharamacie express en ligne, livraison gratuite.\" \/>\n<meta property=\"og:url\" content=\"https:\/\/lapharmaciexpress.com\/?product=silagra\" \/>\n<meta property=\"og:site_name\" content=\"La Pharmacie Express\" \/>\n<meta property=\"article:modified_time\" content=\"2023-07-15T11:44:10+00:00\" \/>\n<meta property=\"og:image\" content=\"https:\/\/lapharmaciexpress.com\/wp-content\/uploads\/2019\/06\/silagra.jpg\" \/>\n\t<meta property=\"og:image:width\" content=\"600\" \/>\n\t<meta property=\"og:image:height\" content=\"600\" \/>\n\t<meta property=\"og:image:type\" content=\"image\/jpeg\" \/>\n<meta name=\"twitter:card\" content=\"summary_large_image\" \/>\n<meta name=\"twitter:label1\" content=\"Dur\u00e9e de lecture estim\u00e9e\" \/>\n\t<meta name=\"twitter:data1\" content=\"2 minutes\" \/>\n<script type=\"application\/ld+json\" class=\"yoast-schema-graph\">{\"@context\":\"https:\\\/\\\/schema.org\",\"@graph\":[{\"@type\":\"WebPage\",\"@id\":\"https:\\\/\\\/lapharmaciexpress.com\\\/?product=silagra\",\"url\":\"https:\\\/\\\/lapharmaciexpress.com\\\/?product=silagra\",\"name\":\"Silagra - La Pharmacie Express\",\"isPartOf\":{\"@id\":\"https:\\\/\\\/lapharmaciexpress.com\\\/#website\"},\"primaryImageOfPage\":{\"@id\":\"https:\\\/\\\/lapharmaciexpress.com\\\/?product=silagra#primaryimage\"},\"image\":{\"@id\":\"https:\\\/\\\/lapharmaciexpress.com\\\/?product=silagra#primaryimage\"},\"thumbnailUrl\":\"https:\\\/\\\/lapharmaciexpress.com\\\/wp-content\\\/uploads\\\/2019\\\/06\\\/silagra.jpg?wsr\",\"datePublished\":\"2019-06-14T15:08:08+00:00\",\"dateModified\":\"2023-07-15T11:44:10+00:00\",\"description\":\"Faite vos achats de Dysfonction \u00e9rectile, viagra, cialis, kamagra, levitra, vitamine produits de femme, antibiotique en toute discretion sur la pharamacie express en ligne, livraison gratuite.\",\"breadcrumb\":{\"@id\":\"https:\\\/\\\/lapharmaciexpress.com\\\/?product=silagra#breadcrumb\"},\"inLanguage\":\"fr-FR\",\"potentialAction\":[{\"@type\":\"ReadAction\",\"target\":[\"https:\\\/\\\/lapharmaciexpress.com\\\/?product=silagra\"]}]},{\"@type\":\"ImageObject\",\"inLanguage\":\"fr-FR\",\"@id\":\"https:\\\/\\\/lapharmaciexpress.com\\\/?product=silagra#primaryimage\",\"url\":\"https:\\\/\\\/lapharmaciexpress.com\\\/wp-content\\\/uploads\\\/2019\\\/06\\\/silagra.jpg?wsr\",\"contentUrl\":\"https:\\\/\\\/lapharmaciexpress.com\\\/wp-content\\\/uploads\\\/2019\\\/06\\\/silagra.jpg?wsr\",\"width\":600,\"height\":600},{\"@type\":\"BreadcrumbList\",\"@id\":\"https:\\\/\\\/lapharmaciexpress.com\\\/?product=silagra#breadcrumb\",\"itemListElement\":[{\"@type\":\"ListItem\",\"position\":1,\"name\":\"Accueil\",\"item\":\"https:\\\/\\\/lapharmaciexpress.com\\\/\"},{\"@type\":\"ListItem\",\"position\":2,\"name\":\"Boutique\",\"item\":\"https:\\\/\\\/lapharmaciexpress.com\\\/?page_id=6\"},{\"@type\":\"ListItem\",\"position\":3,\"name\":\"Silagra\"}]},{\"@type\":\"WebSite\",\"@id\":\"https:\\\/\\\/lapharmaciexpress.com\\\/#website\",\"url\":\"https:\\\/\\\/lapharmaciexpress.com\\\/\",\"name\":\"La Pharmacie Express\",\"description\":\"La pharmacie en ligne\",\"publisher\":{\"@id\":\"https:\\\/\\\/lapharmaciexpress.com\\\/#organization\"},\"potentialAction\":[{\"@type\":\"SearchAction\",\"target\":{\"@type\":\"EntryPoint\",\"urlTemplate\":\"https:\\\/\\\/lapharmaciexpress.com\\\/?s={search_term_string}\"},\"query-input\":{\"@type\":\"PropertyValueSpecification\",\"valueRequired\":true,\"valueName\":\"search_term_string\"}}],\"inLanguage\":\"fr-FR\"},{\"@type\":\"Organization\",\"@id\":\"https:\\\/\\\/lapharmaciexpress.com\\\/#organization\",\"name\":\"La Pharmacie Express\",\"url\":\"https:\\\/\\\/lapharmaciexpress.com\\\/\",\"logo\":{\"@type\":\"ImageObject\",\"inLanguage\":\"fr-FR\",\"@id\":\"https:\\\/\\\/lapharmaciexpress.com\\\/#\\\/schema\\\/logo\\\/image\\\/\",\"url\":\"https:\\\/\\\/lapharmaciexpress.com\\\/wp-content\\\/uploads\\\/2019\\\/07\\\/ico-Lapharmacie-express.png\",\"contentUrl\":\"https:\\\/\\\/lapharmaciexpress.com\\\/wp-content\\\/uploads\\\/2019\\\/07\\\/ico-Lapharmacie-express.png\",\"width\":362,\"height\":300,\"caption\":\"La Pharmacie Express\"},\"image\":{\"@id\":\"https:\\\/\\\/lapharmaciexpress.com\\\/#\\\/schema\\\/logo\\\/image\\\/\"}}]}<\/script>\n<!-- \/ Yoast SEO plugin. -->","yoast_head_json":{"title":"Silagra - La Pharmacie Express","description":"Faite vos achats de Dysfonction \u00e9rectile, viagra, cialis, kamagra, levitra, vitamine produits de femme, antibiotique en toute discretion sur la pharamacie express en ligne, livraison gratuite.","robots":{"index":"index","follow":"follow","max-snippet":"max-snippet:-1","max-image-preview":"max-image-preview:large","max-video-preview":"max-video-preview:-1"},"canonical":"https:\/\/lapharmaciexpress.com\/?product=silagra","og_locale":"fr_FR","og_type":"article","og_title":"Silagra - La Pharmacie Express","og_description":"Faite vos achats de Dysfonction \u00e9rectile, viagra, cialis, kamagra, levitra, vitamine produits de femme, antibiotique en toute discretion sur la pharamacie express en ligne, livraison gratuite.","og_url":"https:\/\/lapharmaciexpress.com\/?product=silagra","og_site_name":"La Pharmacie Express","article_modified_time":"2023-07-15T11:44:10+00:00","og_image":[{"width":600,"height":600,"url":"https:\/\/lapharmaciexpress.com\/wp-content\/uploads\/2019\/06\/silagra.jpg","type":"image\/jpeg"}],"twitter_card":"summary_large_image","twitter_misc":{"Dur\u00e9e de lecture estim\u00e9e":"2 minutes"},"schema":{"@context":"https:\/\/schema.org","@graph":[{"@type":"WebPage","@id":"https:\/\/lapharmaciexpress.com\/?product=silagra","url":"https:\/\/lapharmaciexpress.com\/?product=silagra","name":"Silagra - La Pharmacie Express","isPartOf":{"@id":"https:\/\/lapharmaciexpress.com\/#website"},"primaryImageOfPage":{"@id":"https:\/\/lapharmaciexpress.com\/?product=silagra#primaryimage"},"image":{"@id":"https:\/\/lapharmaciexpress.com\/?product=silagra#primaryimage"},"thumbnailUrl":"https:\/\/lapharmaciexpress.com\/wp-content\/uploads\/2019\/06\/silagra.jpg?wsr","datePublished":"2019-06-14T15:08:08+00:00","dateModified":"2023-07-15T11:44:10+00:00","description":"Faite vos achats de Dysfonction \u00e9rectile, viagra, cialis, kamagra, levitra, vitamine produits de femme, antibiotique en toute discretion sur la pharamacie express en ligne, livraison gratuite.","breadcrumb":{"@id":"https:\/\/lapharmaciexpress.com\/?product=silagra#breadcrumb"},"inLanguage":"fr-FR","potentialAction":[{"@type":"ReadAction","target":["https:\/\/lapharmaciexpress.com\/?product=silagra"]}]},{"@type":"ImageObject","inLanguage":"fr-FR","@id":"https:\/\/lapharmaciexpress.com\/?product=silagra#primaryimage","url":"https:\/\/lapharmaciexpress.com\/wp-content\/uploads\/2019\/06\/silagra.jpg?wsr","contentUrl":"https:\/\/lapharmaciexpress.com\/wp-content\/uploads\/2019\/06\/silagra.jpg?wsr","width":600,"height":600},{"@type":"BreadcrumbList","@id":"https:\/\/lapharmaciexpress.com\/?product=silagra#breadcrumb","itemListElement":[{"@type":"ListItem","position":1,"name":"Accueil","item":"https:\/\/lapharmaciexpress.com\/"},{"@type":"ListItem","position":2,"name":"Boutique","item":"https:\/\/lapharmaciexpress.com\/?page_id=6"},{"@type":"ListItem","position":3,"name":"Silagra"}]},{"@type":"WebSite","@id":"https:\/\/lapharmaciexpress.com\/#website","url":"https:\/\/lapharmaciexpress.com\/","name":"La Pharmacie Express","description":"La pharmacie en ligne","publisher":{"@id":"https:\/\/lapharmaciexpress.com\/#organization"},"potentialAction":[{"@type":"SearchAction","target":{"@type":"EntryPoint","urlTemplate":"https:\/\/lapharmaciexpress.com\/?s={search_term_string}"},"query-input":{"@type":"PropertyValueSpecification","valueRequired":true,"valueName":"search_term_string"}}],"inLanguage":"fr-FR"},{"@type":"Organization","@id":"https:\/\/lapharmaciexpress.com\/#organization","name":"La Pharmacie Express","url":"https:\/\/lapharmaciexpress.com\/","logo":{"@type":"ImageObject","inLanguage":"fr-FR","@id":"https:\/\/lapharmaciexpress.com\/#\/schema\/logo\/image\/","url":"https:\/\/lapharmaciexpress.com\/wp-content\/uploads\/2019\/07\/ico-Lapharmacie-express.png","contentUrl":"https:\/\/lapharmaciexpress.com\/wp-content\/uploads\/2019\/07\/ico-Lapharmacie-express.png","width":362,"height":300,"caption":"La Pharmacie Express"},"image":{"@id":"https:\/\/lapharmaciexpress.com\/#\/schema\/logo\/image\/"}}]}},"jetpack_sharing_enabled":true,"brands":[],"_links":{"self":[{"href":"https:\/\/lapharmaciexpress.com\/index.php?rest_route=\/wp\/v2\/product\/1727","targetHints":{"allow":["GET"]}}],"collection":[{"href":"https:\/\/lapharmaciexpress.com\/index.php?rest_route=\/wp\/v2\/product"}],"about":[{"href":"https:\/\/lapharmaciexpress.com\/index.php?rest_route=\/wp\/v2\/types\/product"}],"replies":[{"embeddable":true,"href":"https:\/\/lapharmaciexpress.com\/index.php?rest_route=%2Fwp%2Fv2%2Fcomments&post=1727"}],"wp:featuredmedia":[{"embeddable":true,"href":"https:\/\/lapharmaciexpress.com\/index.php?rest_route=\/wp\/v2\/media\/1743"}],"wp:attachment":[{"href":"https:\/\/lapharmaciexpress.com\/index.php?rest_route=%2Fwp%2Fv2%2Fmedia&parent=1727"}],"wp:term":[{"taxonomy":"pwb-brand","embeddable":true,"href":"https:\/\/lapharmaciexpress.com\/index.php?rest_route=%2Fwp%2Fv2%2Fpwb-brand&post=1727"},{"taxonomy":"product_brand","embeddable":true,"href":"https:\/\/lapharmaciexpress.com\/index.php?rest_route=%2Fwp%2Fv2%2Fproduct_brand&post=1727"},{"taxonomy":"product_cat","embeddable":true,"href":"https:\/\/lapharmaciexpress.com\/index.php?rest_route=%2Fwp%2Fv2%2Fproduct_cat&post=1727"},{"taxonomy":"product_tag","embeddable":true,"href":"https:\/\/lapharmaciexpress.com\/index.php?rest_route=%2Fwp%2Fv2%2Fproduct_tag&post=1727"}],"curies":[{"name":"wp","href":"https:\/\/api.w.org\/{rel}","templated":true}]}}