{"id":1747,"date":"2019-06-15T11:01:36","date_gmt":"2019-06-15T09:01:36","guid":{"rendered":"http:\/\/lapharmaciexpress.com\/?post_type=product&#038;p=1747"},"modified":"2023-07-15T13:43:56","modified_gmt":"2023-07-15T11:43:56","slug":"ca-atra-10mg","status":"publish","type":"product","link":"https:\/\/lapharmaciexpress.com\/?product=ca-atra-10mg","title":{"rendered":"CA Atra 10Mg"},"content":{"rendered":"<p><strong>A quoi sert l&#8217;ATRA:<\/strong><br \/>\nATRA est utilis\u00e9 pour traiter la leuc\u00e9mie promy\u00e9locytaire aigu\u00eb (APL, APML).<br \/>\nRemarque: si un m\u00e9dicament a \u00e9t\u00e9 approuv\u00e9 pour un usage unique, les m\u00e9decins choisissent parfois d\u2019utiliser ce m\u00eame m\u00e9dicament pour d\u2019autres probl\u00e8mes s\u2019ils estiment que cela pourrait \u00eatre utile.<\/p>\n<p><strong>Comment l&#8217;ATRA est-il administr\u00e9?<\/strong><br \/>\nATRA est administr\u00e9 par voie orale (sous forme de capsule).<br \/>\nCapsule \u00e0 une taille &#8211; 10 mg, ne pas \u00e9craser les capsules \u00e0 m\u00e2cher ou \u00e0 dissoudre. Prot\u00e9ger de la lumi\u00e8re.<br \/>\nPrenez ATRA avec de la nourriture.<br \/>\nIl est \u00e9galement utilis\u00e9 comme une lotion (topique) pour les patients souffrant d\u2019acn\u00e9 et de certaines \u00e9ruptions cutan\u00e9es.<br \/>\nLa quantit\u00e9 d\u2019ATRA que vous recevrez d\u00e9pend de nombreux facteurs, notamment votre taille et votre poids, votre \u00e9tat de sant\u00e9 g\u00e9n\u00e9ral ou d\u2019autres probl\u00e8mes de sant\u00e9 et le type de cancer que vous avez. Votre m\u00e9decin d\u00e9terminera votre posologie et votre calendrier.<br \/>\n<strong>Effets secondaires de l&#8217;ATRA:<\/strong><br \/>\nPoints importants \u00e0 retenir concernant les effets secondaires de l&#8217;ATRA:<\/p>\n<p>La plupart des gens ne ressentent pas tous les effets secondaires mentionn\u00e9s.<br \/>\nLes effets secondaires sont souvent pr\u00e9visibles en termes d&#8217;apparition et de dur\u00e9e.<br \/>\nLes effets secondaires sont presque toujours r\u00e9versibles et dispara\u00eetront une fois le traitement termin\u00e9.<br \/>\nIl existe de nombreuses options pour minimiser ou pr\u00e9venir les effets secondaires.<br \/>\nIl n&#8217;y a pas de relation entre la pr\u00e9sence ou la gravit\u00e9 des effets secondaires et l&#8217;efficacit\u00e9 du m\u00e9dicament.<br \/>\nLes effets ind\u00e9sirables suivants sont fr\u00e9quents (chez plus de 30% des patients) sous ATRA:<\/p>\n<p>Toxicit\u00e9 typique des r\u00e9tino\u00efdes (sympt\u00f4mes similaires \u00e0 ceux observ\u00e9s chez les patients prenant de fortes doses de vitamine A): maux de t\u00eate, fi\u00e8vre, peau s\u00e8che, muqueuses s\u00e8ches (bouche, nez), douleurs osseuses, naus\u00e9es et vomissements, \u00e9ruption cutan\u00e9e, ulc\u00e8res buccaux, d\u00e9mangeaisons , transpiration, changements de vision<br \/>\nSympt\u00f4mes pseudo-grippaux: malaise, frissons<br \/>\nProbl\u00e8mes de saignement<br \/>\nLes infections<br \/>\nGonflement des pieds ou des chevilles<br \/>\nDouleur (douleurs osseuses et articulaires, g\u00eane thoracique)<br \/>\nDouleur abdominale<br \/>\nLes effets ind\u00e9sirables suivants (qui surviennent chez 10 \u00e0 29% des patients trait\u00e9s par ATRA) sont moins fr\u00e9quents:<\/p>\n<p>Prise de poids<br \/>\nIrr\u00e9gularit\u00e9s de la fr\u00e9quence cardiaque (arythmies &#8211; voir probl\u00e8mes cardiaques)<br \/>\nRin\u00e7age<br \/>\nPetit app\u00e9tit<br \/>\nPerte de poids<br \/>\nMal d&#8217;oreille ou sensation de pl\u00e9nitude dans les oreilles<br \/>\nLa diarrh\u00e9e<br \/>\nVertiges<br \/>\nConstipation<br \/>\nEngourdissement et picotements dans les mains et les pieds<br \/>\nAnxi\u00e9t\u00e9<br \/>\nBr\u00fblures d&#8217;estomac<br \/>\nPression art\u00e9rielle faible<br \/>\nInsomnie<br \/>\nD\u00e9pression<br \/>\nHypertension art\u00e9rielle<br \/>\nConfusion<br \/>\nLe syndrome de diff\u00e9renciation des APL est un effet ind\u00e9sirable tr\u00e8s grave qui peut \u00eatre \u00e9vit\u00e9 gr\u00e2ce \u00e0 une surveillance ad\u00e9quate et \u00e0 un traitement imm\u00e9diat. Ce syndrome est une r\u00e9action entre le m\u00e9dicament et la leuc\u00e9mie. Ce syndrome provoque de la fi\u00e8vre, des difficult\u00e9s respiratoires, un gain de poids, des probl\u00e8mes pulmonaires et cardiaques. Il est g\u00e9n\u00e9ralement trait\u00e9 avec des st\u00e9ro\u00efdes \u00e0 forte dose. Dans la plupart des cas, le traitement par ATRA sera poursuivi. Assurez-vous d&#8217;informer votre professionnel de la sant\u00e9 si vous pr\u00e9sentez une fi\u00e8vre de 100,4 \u00b0 F ou 38 \u00b0 C, une difficult\u00e9 \u00e0 respirer ou un gain de poids soudain. Le syndrome survient g\u00e9n\u00e9ralement au cours du premier mois de traitement, certains cas \u00e9tant rapport\u00e9s apr\u00e8s la premi\u00e8re dose.<\/p>\n<p>Tous les effets ind\u00e9sirables ne sont pas \u00e9num\u00e9r\u00e9s ci-dessus, certains effets rares (survenant chez moins de 10% des patients) ne sont pas \u00e9num\u00e9r\u00e9s ici. Cependant, vous devez toujours informer votre fournisseur de soins de sant\u00e9 si vous pr\u00e9sentez des sympt\u00f4mes inhabituels.<\/p>\n<p><strong>Quand contacter votre m\u00e9decin ou votre fournisseur de soins de sant\u00e9:<\/strong><br \/>\nContactez votre fournisseur de soins de sant\u00e9 imm\u00e9diatement, jour et nuit, si vous ressentez l&#8217;un des sympt\u00f4mes suivants:<\/p>\n<p>Fi\u00e8vre de 38 \u00b0 C (100.4 \u00b0 F), frissons (signes d&#8217;infection possibles)<br \/>\nDifficult\u00e9 \u00e0 respirer, prise de poids soudaine, gonflement, modification de la vision<br \/>\nTout signe de saignement, y compris des selles noires ou goudronneuses, ou du sang dans les selles ou l&#8217;urine<br \/>\nDouleur abdominale s\u00e9v\u00e8re<br \/>\nLes sympt\u00f4mes suivants n\u00e9cessitent des soins m\u00e9dicaux, mais ne constituent pas des situations d&#8217;urgence. Contactez votre fournisseur de soins de sant\u00e9 dans les 24 heures qui suivent l\u2019un des cas suivants:<\/p>\n<p>Naus\u00e9e (interf\u00e8re avec la capacit\u00e9 de manger et non soulag\u00e9 avec les m\u00e9dicaments prescrits)<br \/>\nVomissements (vomissements plus de 4 \u00e0 5 fois par p\u00e9riode de 24 heures)<br \/>\nPlaies dans la bouche (rougeur douloureuse, gonflement ou ulc\u00e8res)<br \/>\nDiarrh\u00e9e (4-6 \u00e9pisodes sur une p\u00e9riode de 24 heures)<br \/>\nConstipation non soulag\u00e9e par l&#8217;utilisation de laxatifs<br \/>\nLes signes d&#8217;infection tels que rougeur ou gonflement, douleur \u00e0 avaler, cracher du mucus ou miction douloureuse.<br \/>\nGonflement des pieds ou des chevilles.<br \/>\nPrise de poids soudaine<br \/>\nDouleur osseuse ou articulaire<br \/>\nJaunissement de la peau ou des yeux<br \/>\nInformez toujours votre fournisseur de soins de sant\u00e9 si vous pr\u00e9sentez des sympt\u00f4mes inhabituels.<\/p>\n<p><strong>Pr\u00e9cautions ATRA:<\/strong><br \/>\nAvant de commencer le traitement par ATRA, assurez-vous d&#8217;informer votre m\u00e9decin de tout autre m\u00e9dicament que vous prenez (y compris une ordonnance, des m\u00e9dicaments en vente libre, des vitamines, des rem\u00e8des \u00e0 base de plantes, etc.).<br \/>\nNe recevez aucun type d&#8217;immunisation ou de vaccination sans l&#8217;approbation de votre m\u00e9decin pendant que vous prenez ATRA.<br \/>\nInformez votre professionnel de la sant\u00e9 si vous \u00eates enceinte ou pourriez l&#8217;\u00eatre avant de commencer ce traitement. Cat\u00e9gorie de grossesse D (l&#8217;ATRA peut \u00eatre dangereux pour le f\u0153tus. Les femmes enceintes ou qui tombent enceintes doivent \u00eatre inform\u00e9es du danger potentiel pour le f\u0153tus).<\/p>\n<p><strong>Conseils ATRA Self Care:<\/strong><br \/>\nBuvez 2 \u00e0 3 litres de liquide toutes les 24 heures, \u00e0 moins que l&#8217;on vous dise de limiter votre consommation de liquide et de rester bien nourri. Cela diminuera vos chances d&#8217;\u00eatre constip\u00e9 et pr\u00e9viendra la d\u00e9shydratation. \u00c9vitez l&#8217;exposition au soleil. Portez une cr\u00e8me solaire et des v\u00eatements de protection avec un \u00e9cran solaire de 15 ou plus.<\/p>\n<p><strong>Remarque:<\/strong> nous vous encourageons vivement \u00e0 discuter avec votre professionnel de la sant\u00e9 de votre maladie et de vos traitements. Les informations contenues sur ce site Web sont cens\u00e9es \u00eatre utiles et \u00e9ducatives, mais ne sauraient se substituer \u00e0 un avis m\u00e9dical.<\/p>\n","protected":false},"excerpt":{"rendered":"<p><strong>Nom g\u00e9n\u00e9rique:<\/strong> Tr\u00e9tino\u00efne<br \/>\n<strong>Nom commercial:<\/strong> Vesanoid \u00ae<br \/>\n<strong>Autre nom:<\/strong> acide r\u00e9tino\u00efque tout-trans<br \/>\nLa tr\u00e9tino\u00efne est le nom g\u00e9n\u00e9rique du nom commercial du m\u00e9dicament Vesanoid\u00ae. Dans certains cas, les professionnels de la sant\u00e9 peuvent utiliser le nom commercial Vesanoid\u00ae ou Acide r\u00e9tino\u00efque tout-trans (ATRA) pour d\u00e9signer le nom g\u00e9n\u00e9rique du m\u00e9dicament tr\u00e9tino\u00efne.<\/p>\n","protected":false},"featured_media":1748,"comment_status":"open","ping_status":"closed","template":"","meta":[],"pwb-brand":[],"product_brand":[],"product_cat":[16],"product_tag":[],"class_list":{"0":"post-1747","1":"product","2":"type-product","3":"status-publish","4":"has-post-thumbnail","6":"product_cat-medicaments-contre-le-cancer","7":"clearfix","9":"first","10":"instock","11":"taxable","12":"shipping-taxable","13":"purchasable","14":"product-type-simple"},"yoast_head":"<!-- This site is optimized with the Yoast SEO plugin v27.4 - https:\/\/yoast.com\/product\/yoast-seo-wordpress\/ -->\n<title>CA Atra 10Mg - La Pharmacie Express<\/title>\n<meta name=\"description\" content=\"Faite vos achats de Dysfonction \u00e9rectile, viagra, cialis, kamagra, levitra, vitamine produits de femme, antibiotique en toute discretion sur la pharamacie express en ligne, livraison gratuite.\" \/>\n<meta name=\"robots\" content=\"index, follow, max-snippet:-1, max-image-preview:large, max-video-preview:-1\" \/>\n<link rel=\"canonical\" href=\"https:\/\/lapharmaciexpress.com\/?product=ca-atra-10mg\" \/>\n<meta property=\"og:locale\" content=\"fr_FR\" \/>\n<meta property=\"og:type\" content=\"article\" \/>\n<meta property=\"og:title\" content=\"CA Atra 10Mg - La Pharmacie Express\" \/>\n<meta property=\"og:description\" content=\"Faite vos achats de Dysfonction \u00e9rectile, viagra, cialis, kamagra, levitra, vitamine produits de femme, antibiotique en toute discretion sur la pharamacie express en ligne, livraison gratuite.\" \/>\n<meta property=\"og:url\" content=\"https:\/\/lapharmaciexpress.com\/?product=ca-atra-10mg\" \/>\n<meta property=\"og:site_name\" content=\"La Pharmacie Express\" \/>\n<meta property=\"article:modified_time\" content=\"2023-07-15T11:43:56+00:00\" \/>\n<meta property=\"og:image\" content=\"https:\/\/lapharmaciexpress.com\/wp-content\/uploads\/2019\/06\/vesanoid.jpg\" \/>\n\t<meta property=\"og:image:width\" content=\"600\" \/>\n\t<meta property=\"og:image:height\" content=\"600\" \/>\n\t<meta property=\"og:image:type\" content=\"image\/jpeg\" \/>\n<meta name=\"twitter:card\" content=\"summary_large_image\" \/>\n<meta name=\"twitter:label1\" content=\"Dur\u00e9e de lecture estim\u00e9e\" \/>\n\t<meta name=\"twitter:data1\" content=\"5 minutes\" \/>\n<script type=\"application\/ld+json\" class=\"yoast-schema-graph\">{\"@context\":\"https:\\\/\\\/schema.org\",\"@graph\":[{\"@type\":\"WebPage\",\"@id\":\"https:\\\/\\\/lapharmaciexpress.com\\\/?product=ca-atra-10mg\",\"url\":\"https:\\\/\\\/lapharmaciexpress.com\\\/?product=ca-atra-10mg\",\"name\":\"CA Atra 10Mg - La Pharmacie Express\",\"isPartOf\":{\"@id\":\"https:\\\/\\\/lapharmaciexpress.com\\\/#website\"},\"primaryImageOfPage\":{\"@id\":\"https:\\\/\\\/lapharmaciexpress.com\\\/?product=ca-atra-10mg#primaryimage\"},\"image\":{\"@id\":\"https:\\\/\\\/lapharmaciexpress.com\\\/?product=ca-atra-10mg#primaryimage\"},\"thumbnailUrl\":\"https:\\\/\\\/lapharmaciexpress.com\\\/wp-content\\\/uploads\\\/2019\\\/06\\\/vesanoid.jpg?wsr\",\"datePublished\":\"2019-06-15T09:01:36+00:00\",\"dateModified\":\"2023-07-15T11:43:56+00:00\",\"description\":\"Faite vos achats de Dysfonction \u00e9rectile, viagra, cialis, kamagra, levitra, vitamine produits de femme, antibiotique en toute discretion sur la pharamacie express en ligne, livraison gratuite.\",\"breadcrumb\":{\"@id\":\"https:\\\/\\\/lapharmaciexpress.com\\\/?product=ca-atra-10mg#breadcrumb\"},\"inLanguage\":\"fr-FR\",\"potentialAction\":[{\"@type\":\"ReadAction\",\"target\":[\"https:\\\/\\\/lapharmaciexpress.com\\\/?product=ca-atra-10mg\"]}]},{\"@type\":\"ImageObject\",\"inLanguage\":\"fr-FR\",\"@id\":\"https:\\\/\\\/lapharmaciexpress.com\\\/?product=ca-atra-10mg#primaryimage\",\"url\":\"https:\\\/\\\/lapharmaciexpress.com\\\/wp-content\\\/uploads\\\/2019\\\/06\\\/vesanoid.jpg?wsr\",\"contentUrl\":\"https:\\\/\\\/lapharmaciexpress.com\\\/wp-content\\\/uploads\\\/2019\\\/06\\\/vesanoid.jpg?wsr\",\"width\":600,\"height\":600},{\"@type\":\"BreadcrumbList\",\"@id\":\"https:\\\/\\\/lapharmaciexpress.com\\\/?product=ca-atra-10mg#breadcrumb\",\"itemListElement\":[{\"@type\":\"ListItem\",\"position\":1,\"name\":\"Accueil\",\"item\":\"https:\\\/\\\/lapharmaciexpress.com\\\/\"},{\"@type\":\"ListItem\",\"position\":2,\"name\":\"Boutique\",\"item\":\"https:\\\/\\\/lapharmaciexpress.com\\\/?page_id=6\"},{\"@type\":\"ListItem\",\"position\":3,\"name\":\"CA Atra 10Mg\"}]},{\"@type\":\"WebSite\",\"@id\":\"https:\\\/\\\/lapharmaciexpress.com\\\/#website\",\"url\":\"https:\\\/\\\/lapharmaciexpress.com\\\/\",\"name\":\"La Pharmacie Express\",\"description\":\"La pharmacie en ligne\",\"publisher\":{\"@id\":\"https:\\\/\\\/lapharmaciexpress.com\\\/#organization\"},\"potentialAction\":[{\"@type\":\"SearchAction\",\"target\":{\"@type\":\"EntryPoint\",\"urlTemplate\":\"https:\\\/\\\/lapharmaciexpress.com\\\/?s={search_term_string}\"},\"query-input\":{\"@type\":\"PropertyValueSpecification\",\"valueRequired\":true,\"valueName\":\"search_term_string\"}}],\"inLanguage\":\"fr-FR\"},{\"@type\":\"Organization\",\"@id\":\"https:\\\/\\\/lapharmaciexpress.com\\\/#organization\",\"name\":\"La Pharmacie Express\",\"url\":\"https:\\\/\\\/lapharmaciexpress.com\\\/\",\"logo\":{\"@type\":\"ImageObject\",\"inLanguage\":\"fr-FR\",\"@id\":\"https:\\\/\\\/lapharmaciexpress.com\\\/#\\\/schema\\\/logo\\\/image\\\/\",\"url\":\"https:\\\/\\\/lapharmaciexpress.com\\\/wp-content\\\/uploads\\\/2019\\\/07\\\/ico-Lapharmacie-express.png\",\"contentUrl\":\"https:\\\/\\\/lapharmaciexpress.com\\\/wp-content\\\/uploads\\\/2019\\\/07\\\/ico-Lapharmacie-express.png\",\"width\":362,\"height\":300,\"caption\":\"La Pharmacie Express\"},\"image\":{\"@id\":\"https:\\\/\\\/lapharmaciexpress.com\\\/#\\\/schema\\\/logo\\\/image\\\/\"}}]}<\/script>\n<!-- \/ Yoast SEO plugin. -->","yoast_head_json":{"title":"CA Atra 10Mg - La Pharmacie Express","description":"Faite vos achats de Dysfonction \u00e9rectile, viagra, cialis, kamagra, levitra, vitamine produits de femme, antibiotique en toute discretion sur la pharamacie express en ligne, livraison gratuite.","robots":{"index":"index","follow":"follow","max-snippet":"max-snippet:-1","max-image-preview":"max-image-preview:large","max-video-preview":"max-video-preview:-1"},"canonical":"https:\/\/lapharmaciexpress.com\/?product=ca-atra-10mg","og_locale":"fr_FR","og_type":"article","og_title":"CA Atra 10Mg - La Pharmacie Express","og_description":"Faite vos achats de Dysfonction \u00e9rectile, viagra, cialis, kamagra, levitra, vitamine produits de femme, antibiotique en toute discretion sur la pharamacie express en ligne, livraison gratuite.","og_url":"https:\/\/lapharmaciexpress.com\/?product=ca-atra-10mg","og_site_name":"La Pharmacie Express","article_modified_time":"2023-07-15T11:43:56+00:00","og_image":[{"width":600,"height":600,"url":"https:\/\/lapharmaciexpress.com\/wp-content\/uploads\/2019\/06\/vesanoid.jpg","type":"image\/jpeg"}],"twitter_card":"summary_large_image","twitter_misc":{"Dur\u00e9e de lecture estim\u00e9e":"5 minutes"},"schema":{"@context":"https:\/\/schema.org","@graph":[{"@type":"WebPage","@id":"https:\/\/lapharmaciexpress.com\/?product=ca-atra-10mg","url":"https:\/\/lapharmaciexpress.com\/?product=ca-atra-10mg","name":"CA Atra 10Mg - La Pharmacie Express","isPartOf":{"@id":"https:\/\/lapharmaciexpress.com\/#website"},"primaryImageOfPage":{"@id":"https:\/\/lapharmaciexpress.com\/?product=ca-atra-10mg#primaryimage"},"image":{"@id":"https:\/\/lapharmaciexpress.com\/?product=ca-atra-10mg#primaryimage"},"thumbnailUrl":"https:\/\/lapharmaciexpress.com\/wp-content\/uploads\/2019\/06\/vesanoid.jpg?wsr","datePublished":"2019-06-15T09:01:36+00:00","dateModified":"2023-07-15T11:43:56+00:00","description":"Faite vos achats de Dysfonction \u00e9rectile, viagra, cialis, kamagra, levitra, vitamine produits de femme, antibiotique en toute discretion sur la pharamacie express en ligne, livraison gratuite.","breadcrumb":{"@id":"https:\/\/lapharmaciexpress.com\/?product=ca-atra-10mg#breadcrumb"},"inLanguage":"fr-FR","potentialAction":[{"@type":"ReadAction","target":["https:\/\/lapharmaciexpress.com\/?product=ca-atra-10mg"]}]},{"@type":"ImageObject","inLanguage":"fr-FR","@id":"https:\/\/lapharmaciexpress.com\/?product=ca-atra-10mg#primaryimage","url":"https:\/\/lapharmaciexpress.com\/wp-content\/uploads\/2019\/06\/vesanoid.jpg?wsr","contentUrl":"https:\/\/lapharmaciexpress.com\/wp-content\/uploads\/2019\/06\/vesanoid.jpg?wsr","width":600,"height":600},{"@type":"BreadcrumbList","@id":"https:\/\/lapharmaciexpress.com\/?product=ca-atra-10mg#breadcrumb","itemListElement":[{"@type":"ListItem","position":1,"name":"Accueil","item":"https:\/\/lapharmaciexpress.com\/"},{"@type":"ListItem","position":2,"name":"Boutique","item":"https:\/\/lapharmaciexpress.com\/?page_id=6"},{"@type":"ListItem","position":3,"name":"CA Atra 10Mg"}]},{"@type":"WebSite","@id":"https:\/\/lapharmaciexpress.com\/#website","url":"https:\/\/lapharmaciexpress.com\/","name":"La Pharmacie Express","description":"La pharmacie en ligne","publisher":{"@id":"https:\/\/lapharmaciexpress.com\/#organization"},"potentialAction":[{"@type":"SearchAction","target":{"@type":"EntryPoint","urlTemplate":"https:\/\/lapharmaciexpress.com\/?s={search_term_string}"},"query-input":{"@type":"PropertyValueSpecification","valueRequired":true,"valueName":"search_term_string"}}],"inLanguage":"fr-FR"},{"@type":"Organization","@id":"https:\/\/lapharmaciexpress.com\/#organization","name":"La Pharmacie Express","url":"https:\/\/lapharmaciexpress.com\/","logo":{"@type":"ImageObject","inLanguage":"fr-FR","@id":"https:\/\/lapharmaciexpress.com\/#\/schema\/logo\/image\/","url":"https:\/\/lapharmaciexpress.com\/wp-content\/uploads\/2019\/07\/ico-Lapharmacie-express.png","contentUrl":"https:\/\/lapharmaciexpress.com\/wp-content\/uploads\/2019\/07\/ico-Lapharmacie-express.png","width":362,"height":300,"caption":"La Pharmacie Express"},"image":{"@id":"https:\/\/lapharmaciexpress.com\/#\/schema\/logo\/image\/"}}]}},"jetpack_sharing_enabled":true,"brands":[],"_links":{"self":[{"href":"https:\/\/lapharmaciexpress.com\/index.php?rest_route=\/wp\/v2\/product\/1747","targetHints":{"allow":["GET"]}}],"collection":[{"href":"https:\/\/lapharmaciexpress.com\/index.php?rest_route=\/wp\/v2\/product"}],"about":[{"href":"https:\/\/lapharmaciexpress.com\/index.php?rest_route=\/wp\/v2\/types\/product"}],"replies":[{"embeddable":true,"href":"https:\/\/lapharmaciexpress.com\/index.php?rest_route=%2Fwp%2Fv2%2Fcomments&post=1747"}],"wp:featuredmedia":[{"embeddable":true,"href":"https:\/\/lapharmaciexpress.com\/index.php?rest_route=\/wp\/v2\/media\/1748"}],"wp:attachment":[{"href":"https:\/\/lapharmaciexpress.com\/index.php?rest_route=%2Fwp%2Fv2%2Fmedia&parent=1747"}],"wp:term":[{"taxonomy":"pwb-brand","embeddable":true,"href":"https:\/\/lapharmaciexpress.com\/index.php?rest_route=%2Fwp%2Fv2%2Fpwb-brand&post=1747"},{"taxonomy":"product_brand","embeddable":true,"href":"https:\/\/lapharmaciexpress.com\/index.php?rest_route=%2Fwp%2Fv2%2Fproduct_brand&post=1747"},{"taxonomy":"product_cat","embeddable":true,"href":"https:\/\/lapharmaciexpress.com\/index.php?rest_route=%2Fwp%2Fv2%2Fproduct_cat&post=1747"},{"taxonomy":"product_tag","embeddable":true,"href":"https:\/\/lapharmaciexpress.com\/index.php?rest_route=%2Fwp%2Fv2%2Fproduct_tag&post=1747"}],"curies":[{"name":"wp","href":"https:\/\/api.w.org\/{rel}","templated":true}]}}