{"id":1751,"date":"2019-06-15T11:57:57","date_gmt":"2019-06-15T09:57:57","guid":{"rendered":"http:\/\/lapharmaciexpress.com\/?post_type=product&#038;p=1751"},"modified":"2023-07-15T13:44:53","modified_gmt":"2023-07-15T11:44:53","slug":"erlotinib-150mg","status":"publish","type":"product","link":"https:\/\/lapharmaciexpress.com\/?product=erlotinib-150mg","title":{"rendered":"Erlotinib 150Mg"},"content":{"rendered":"<p><strong>Pourquoi Erlotinib est-il utilis\u00e9?<\/strong><br \/>\nTraitement des patients atteints d&#8217;un cancer du poumon non \u00e0 petites cellules localement avanc\u00e9 ou m\u00e9tastatique (CBNPC).<br \/>\nTraitement des patients atteints d&#8217;un cancer du pancr\u00e9as localement avanc\u00e9, non r\u00e9s\u00e9cable ou m\u00e9tastatique.<br \/>\nRemarque: si un m\u00e9dicament a \u00e9t\u00e9 approuv\u00e9 pour un usage unique, les m\u00e9decins peuvent choisir d&#8217;utiliser ce m\u00eame m\u00e9dicament pour traiter d&#8217;autres probl\u00e8mes s&#8217;ils estiment que cela peut \u00eatre utile.<\/p>\n<p><strong>Comment Erlotinib est-il administr\u00e9?<\/strong><br \/>\nErlotinib est administr\u00e9 sous forme de comprim\u00e9 \u00e0 prendre par voie orale au moins une heure avant ou deux heures apr\u00e8s le repas. Les comprim\u00e9s sont fournis en concentrations de 25 mg, 100 mg et 150 mg. La quantit\u00e9 d&#8217;erlotinib que vous recevrez d\u00e9pendra de nombreux facteurs, y compris votre \u00e9tat de sant\u00e9 g\u00e9n\u00e9ral ou d&#8217;autres probl\u00e8mes de sant\u00e9, et du type de cancer ou d&#8217;affection trait\u00e9. Votre m\u00e9decin d\u00e9terminera votre dose et votre calendrier.<\/p>\n<p><strong>Effets secondaires:<\/strong><br \/>\nPoints importants \u00e0 retenir concernant les effets secondaires de l&#8217;erlotinib:<br \/>\nLa plupart des gens ne ressentent pas tous les effets secondaires mentionn\u00e9s.<br \/>\nLes effets secondaires sont souvent pr\u00e9visibles en termes d&#8217;apparition et de dur\u00e9e.<br \/>\nLes effets secondaires sont presque toujours r\u00e9versibles et dispara\u00eetront une fois le traitement termin\u00e9.<br \/>\nIl existe de nombreuses options pour minimiser ou pr\u00e9venir les effets secondaires.<br \/>\nLes effets ind\u00e9sirables suivants sont fr\u00e9quents (dans plus de 30% des cas) chez les patients prenant Erlotinib:<br \/>\nT\u00e9m\u00e9raire<br \/>\nLa diarrh\u00e9e<br \/>\nPetit app\u00e9tit<br \/>\nFatigue<br \/>\nEssoufflement<br \/>\nLa toux<br \/>\nNaus\u00e9e et vomissements<br \/>\nCes effets ind\u00e9sirables sont des effets ind\u00e9sirables moins fr\u00e9quents (survenant chez environ 10 \u00e0 29%) des patients trait\u00e9s par Erlotinib:<br \/>\nInfection<br \/>\nPlaies dans la bouche<br \/>\nD\u00e9mangeaisons<br \/>\nPeau s\u00e8che<br \/>\nIrritation de l&#8217;oeil<br \/>\nDouleur abdominale<br \/>\nTous les effets secondaires ne sont pas \u00e9num\u00e9r\u00e9s ci-dessus. Certains cas rares (survenant chez moins de 10% des patients) ne sont pas \u00e9num\u00e9r\u00e9s ici. Cependant, vous devez toujours informer votre fournisseur de soins de sant\u00e9 si vous pr\u00e9sentez des sympt\u00f4mes inhabituels.<\/p>\n<p><strong>Quand contacter votre m\u00e9decin ou votre fournisseur de soins de sant\u00e9:<\/strong><br \/>\nContactez votre fournisseur de soins de sant\u00e9 imm\u00e9diatement, jour et nuit, si vous ressentez l&#8217;un des sympt\u00f4mes suivants:<br \/>\nApparition ou aggravation d&#8217;un essoufflement ou d&#8217;une toux inexpliqu\u00e9e.<br \/>\nLes sympt\u00f4mes suivants n\u00e9cessitent des soins m\u00e9dicaux, mais ne constituent pas une urgence. Contactez votre fournisseur de soins de sant\u00e9 dans les 24 heures qui suivent l\u2019un des cas suivants:<br \/>\nNaus\u00e9e (interf\u00e8re avec la capacit\u00e9 de manger et non soulag\u00e9 avec les m\u00e9dicaments prescrits).<br \/>\nVomissements (vomissements plus de 4 \u00e0 5 fois par p\u00e9riode de 24 heures).<br \/>\nDiarrh\u00e9e (4 \u00e0 6 \u00e9pisodes sur une p\u00e9riode de 24 heures).<br \/>\nFatigue extr\u00eame (incapacit\u00e9 de mener des activit\u00e9s de soins personnels).<br \/>\nPlaies dans la bouche (rougeur douloureuse, gonflement ou ulc\u00e8res).<br \/>\nIrritation de l&#8217;oeil.<br \/>\nIncapable de manger ou de boire pendant 24 heures ou d&#8217;avoir des signes de d\u00e9shydratation: fatigue, soif, bouche s\u00e8che, p\u00e9nombre et diminution de la quantit\u00e9 d&#8217;urine ou vertiges.<br \/>\nInformez toujours votre fournisseur de soins de sant\u00e9 si vous pr\u00e9sentez des sympt\u00f4mes inhabituels.<\/p>\n<p><strong>Pr\u00e9cautions:<\/strong><br \/>\nAvant de commencer le traitement par l&#8217;erlotinib, assurez-vous d&#8217;informer votre m\u00e9decin de tout autre m\u00e9dicament que vous prenez (y compris une ordonnance, des m\u00e9dicaments en vente libre, des vitamines, des rem\u00e8des \u00e0 base de plantes, etc.). Certains m\u00e9dicaments peuvent interf\u00e9rer avec les niveaux \/ effets de l&#8217;erlotinib. Il est important que votre oncologue connaisse tous les m\u00e9dicaments. Ne prenez pas d\u2019aspirine ni de produits contenant de l\u2019aspirine sauf si votre m\u00e9decin vous le permet.<br \/>\nNe recevez aucun type d&#8217;immunisation ou de vaccination sans l&#8217;approbation de votre m\u00e9decin tout en prenant de l&#8217;erlotinib.<br \/>\nInformez votre professionnel de la sant\u00e9 si vous \u00eates enceinte ou pourriez l&#8217;\u00eatre avant de commencer ce traitement. Cat\u00e9gorie de grossesse D (l&#8217;erlotinib peut \u00eatre dangereux pour le f\u0153tus. Les femmes enceintes ou qui tombent enceintes doivent \u00eatre inform\u00e9es du danger potentiel pour le f\u0153tus.) Discutez avec votre m\u00e9decin de la possibilit\u00e9 de devenir enceinte ou de concevoir un enfant apr\u00e8s le traitement.<br \/>\nN&#8217;allaitez pas pendant que vous prenez ce m\u00e9dicament.<\/p>\n<p><strong>Conseils d&#8217;autosoins:<\/strong><br \/>\nErlotinib doit \u00eatre pris \u00e0 jeun, 1 heure avant ou 2 heures apr\u00e8s avoir mang\u00e9.<br \/>\nBuvez au moins deux \u00e0 trois litres de liquide toutes les 24 heures, sauf indication contraire.<br \/>\nVous pouvez pr\u00e9senter un risque d&#8217;infection, de fi\u00e8vre ou tout autre signe d&#8217;infection imm\u00e9diatement chez votre fournisseur de soins de sant\u00e9.<\/p>\n<p><strong>Remarque:<\/strong> nous vous encourageons vivement \u00e0 discuter avec votre professionnel de la sant\u00e9 de votre maladie et de vos traitements. Les informations contenues sur ce site Web sont cens\u00e9es \u00eatre utiles et \u00e9ducatives, mais ne sauraient se substituer \u00e0 un avis m\u00e9dical.<\/p>\n","protected":false},"excerpt":{"rendered":"<p><strong>Nom commercial:<\/strong> Tarceva\u00ae<br \/>\n<strong>Forme:<\/strong> pilule<br \/>\n<strong>Quantit\u00e9:<\/strong> 30<br \/>\n<strong>Marque:\u00a0<\/strong>Erlonat<\/p>\n<p>Tarceva est le nom commercial du nom de m\u00e9dicament g\u00e9n\u00e9rique Erlotinib. Dans certains cas, les professionnels de la sant\u00e9 peuvent utiliser le nom commercial Tarceva pour d\u00e9signer le nom g\u00e9n\u00e9rique du m\u00e9dicament Erlotinib.<br \/>\nErlotinib est une th\u00e9rapie cibl\u00e9e. L&#8217;erlotinib est class\u00e9 comme inhibiteur du r\u00e9cepteur du facteur de croissance \u00e9pidermique (EGFR) &#8211; inhibiteur de la prot\u00e9ine-tyrosine kinase.<\/p>\n","protected":false},"featured_media":1752,"comment_status":"open","ping_status":"closed","template":"","meta":[],"pwb-brand":[144],"product_brand":[],"product_cat":[16],"product_tag":[],"class_list":{"0":"post-1751","1":"product","2":"type-product","3":"status-publish","4":"has-post-thumbnail","6":"pwb-brand-natco-pharma-limited","7":"product_cat-medicaments-contre-le-cancer","8":"clearfix","10":"first","11":"instock","12":"taxable","13":"shipping-taxable","14":"purchasable","15":"product-type-simple"},"yoast_head":"<!-- This site is optimized with the Yoast SEO plugin v27.6 - https:\/\/yoast.com\/product\/yoast-seo-wordpress\/ -->\n<title>Erlotinib 150Mg - La Pharmacie Express<\/title>\n<meta name=\"description\" content=\"Faite vos achats de Dysfonction \u00e9rectile, viagra, cialis, kamagra, levitra, vitamine produits de femme, antibiotique en toute discretion sur la pharamacie express en ligne, livraison gratuite.\" \/>\n<meta name=\"robots\" content=\"index, follow, max-snippet:-1, max-image-preview:large, max-video-preview:-1\" \/>\n<link rel=\"canonical\" href=\"https:\/\/lapharmaciexpress.com\/?product=erlotinib-150mg\" \/>\n<meta property=\"og:locale\" content=\"fr_FR\" \/>\n<meta property=\"og:type\" content=\"article\" \/>\n<meta property=\"og:title\" content=\"Erlotinib 150Mg - La Pharmacie Express\" \/>\n<meta property=\"og:description\" content=\"Faite vos achats de Dysfonction \u00e9rectile, viagra, cialis, kamagra, levitra, vitamine produits de femme, antibiotique en toute discretion sur la pharamacie express en ligne, livraison gratuite.\" \/>\n<meta property=\"og:url\" content=\"https:\/\/lapharmaciexpress.com\/?product=erlotinib-150mg\" \/>\n<meta property=\"og:site_name\" content=\"La Pharmacie Express\" \/>\n<meta property=\"article:modified_time\" content=\"2023-07-15T11:44:53+00:00\" \/>\n<meta property=\"og:image\" content=\"https:\/\/lapharmaciexpress.com\/wp-content\/uploads\/2019\/06\/Erlonat-150mg.jpg\" \/>\n\t<meta property=\"og:image:width\" content=\"600\" \/>\n\t<meta property=\"og:image:height\" content=\"600\" \/>\n\t<meta property=\"og:image:type\" content=\"image\/jpeg\" \/>\n<meta name=\"twitter:card\" content=\"summary_large_image\" \/>\n<meta name=\"twitter:label1\" content=\"Dur\u00e9e de lecture estim\u00e9e\" \/>\n\t<meta name=\"twitter:data1\" content=\"4 minutes\" \/>\n<script type=\"application\/ld+json\" class=\"yoast-schema-graph\">{\"@context\":\"https:\\\/\\\/schema.org\",\"@graph\":[{\"@type\":\"WebPage\",\"@id\":\"https:\\\/\\\/lapharmaciexpress.com\\\/?product=erlotinib-150mg\",\"url\":\"https:\\\/\\\/lapharmaciexpress.com\\\/?product=erlotinib-150mg\",\"name\":\"Erlotinib 150Mg - La Pharmacie Express\",\"isPartOf\":{\"@id\":\"https:\\\/\\\/lapharmaciexpress.com\\\/#website\"},\"primaryImageOfPage\":{\"@id\":\"https:\\\/\\\/lapharmaciexpress.com\\\/?product=erlotinib-150mg#primaryimage\"},\"image\":{\"@id\":\"https:\\\/\\\/lapharmaciexpress.com\\\/?product=erlotinib-150mg#primaryimage\"},\"thumbnailUrl\":\"https:\\\/\\\/lapharmaciexpress.com\\\/wp-content\\\/uploads\\\/2019\\\/06\\\/Erlonat-150mg.jpg?wsr\",\"datePublished\":\"2019-06-15T09:57:57+00:00\",\"dateModified\":\"2023-07-15T11:44:53+00:00\",\"description\":\"Faite vos achats de Dysfonction \u00e9rectile, viagra, cialis, kamagra, levitra, vitamine produits de femme, antibiotique en toute discretion sur la pharamacie express en ligne, livraison gratuite.\",\"breadcrumb\":{\"@id\":\"https:\\\/\\\/lapharmaciexpress.com\\\/?product=erlotinib-150mg#breadcrumb\"},\"inLanguage\":\"fr-FR\",\"potentialAction\":[{\"@type\":\"ReadAction\",\"target\":[\"https:\\\/\\\/lapharmaciexpress.com\\\/?product=erlotinib-150mg\"]}]},{\"@type\":\"ImageObject\",\"inLanguage\":\"fr-FR\",\"@id\":\"https:\\\/\\\/lapharmaciexpress.com\\\/?product=erlotinib-150mg#primaryimage\",\"url\":\"https:\\\/\\\/lapharmaciexpress.com\\\/wp-content\\\/uploads\\\/2019\\\/06\\\/Erlonat-150mg.jpg?wsr\",\"contentUrl\":\"https:\\\/\\\/lapharmaciexpress.com\\\/wp-content\\\/uploads\\\/2019\\\/06\\\/Erlonat-150mg.jpg?wsr\",\"width\":600,\"height\":600},{\"@type\":\"BreadcrumbList\",\"@id\":\"https:\\\/\\\/lapharmaciexpress.com\\\/?product=erlotinib-150mg#breadcrumb\",\"itemListElement\":[{\"@type\":\"ListItem\",\"position\":1,\"name\":\"Accueil\",\"item\":\"https:\\\/\\\/lapharmaciexpress.com\\\/\"},{\"@type\":\"ListItem\",\"position\":2,\"name\":\"Boutique\",\"item\":\"https:\\\/\\\/lapharmaciexpress.com\\\/?page_id=6\"},{\"@type\":\"ListItem\",\"position\":3,\"name\":\"Erlotinib 150Mg\"}]},{\"@type\":\"WebSite\",\"@id\":\"https:\\\/\\\/lapharmaciexpress.com\\\/#website\",\"url\":\"https:\\\/\\\/lapharmaciexpress.com\\\/\",\"name\":\"La Pharmacie Express\",\"description\":\"La pharmacie en ligne\",\"publisher\":{\"@id\":\"https:\\\/\\\/lapharmaciexpress.com\\\/#organization\"},\"potentialAction\":[{\"@type\":\"SearchAction\",\"target\":{\"@type\":\"EntryPoint\",\"urlTemplate\":\"https:\\\/\\\/lapharmaciexpress.com\\\/?s={search_term_string}\"},\"query-input\":{\"@type\":\"PropertyValueSpecification\",\"valueRequired\":true,\"valueName\":\"search_term_string\"}}],\"inLanguage\":\"fr-FR\"},{\"@type\":\"Organization\",\"@id\":\"https:\\\/\\\/lapharmaciexpress.com\\\/#organization\",\"name\":\"La Pharmacie Express\",\"url\":\"https:\\\/\\\/lapharmaciexpress.com\\\/\",\"logo\":{\"@type\":\"ImageObject\",\"inLanguage\":\"fr-FR\",\"@id\":\"https:\\\/\\\/lapharmaciexpress.com\\\/#\\\/schema\\\/logo\\\/image\\\/\",\"url\":\"https:\\\/\\\/lapharmaciexpress.com\\\/wp-content\\\/uploads\\\/2019\\\/07\\\/ico-Lapharmacie-express.png\",\"contentUrl\":\"https:\\\/\\\/lapharmaciexpress.com\\\/wp-content\\\/uploads\\\/2019\\\/07\\\/ico-Lapharmacie-express.png\",\"width\":362,\"height\":300,\"caption\":\"La Pharmacie Express\"},\"image\":{\"@id\":\"https:\\\/\\\/lapharmaciexpress.com\\\/#\\\/schema\\\/logo\\\/image\\\/\"}}]}<\/script>\n<!-- \/ Yoast SEO plugin. -->","yoast_head_json":{"title":"Erlotinib 150Mg - La Pharmacie Express","description":"Faite vos achats de Dysfonction \u00e9rectile, viagra, cialis, kamagra, levitra, vitamine produits de femme, antibiotique en toute discretion sur la pharamacie express en ligne, livraison gratuite.","robots":{"index":"index","follow":"follow","max-snippet":"max-snippet:-1","max-image-preview":"max-image-preview:large","max-video-preview":"max-video-preview:-1"},"canonical":"https:\/\/lapharmaciexpress.com\/?product=erlotinib-150mg","og_locale":"fr_FR","og_type":"article","og_title":"Erlotinib 150Mg - La Pharmacie Express","og_description":"Faite vos achats de Dysfonction \u00e9rectile, viagra, cialis, kamagra, levitra, vitamine produits de femme, antibiotique en toute discretion sur la pharamacie express en ligne, livraison gratuite.","og_url":"https:\/\/lapharmaciexpress.com\/?product=erlotinib-150mg","og_site_name":"La Pharmacie Express","article_modified_time":"2023-07-15T11:44:53+00:00","og_image":[{"width":600,"height":600,"url":"https:\/\/lapharmaciexpress.com\/wp-content\/uploads\/2019\/06\/Erlonat-150mg.jpg","type":"image\/jpeg"}],"twitter_card":"summary_large_image","twitter_misc":{"Dur\u00e9e de lecture estim\u00e9e":"4 minutes"},"schema":{"@context":"https:\/\/schema.org","@graph":[{"@type":"WebPage","@id":"https:\/\/lapharmaciexpress.com\/?product=erlotinib-150mg","url":"https:\/\/lapharmaciexpress.com\/?product=erlotinib-150mg","name":"Erlotinib 150Mg - La Pharmacie Express","isPartOf":{"@id":"https:\/\/lapharmaciexpress.com\/#website"},"primaryImageOfPage":{"@id":"https:\/\/lapharmaciexpress.com\/?product=erlotinib-150mg#primaryimage"},"image":{"@id":"https:\/\/lapharmaciexpress.com\/?product=erlotinib-150mg#primaryimage"},"thumbnailUrl":"https:\/\/lapharmaciexpress.com\/wp-content\/uploads\/2019\/06\/Erlonat-150mg.jpg?wsr","datePublished":"2019-06-15T09:57:57+00:00","dateModified":"2023-07-15T11:44:53+00:00","description":"Faite vos achats de Dysfonction \u00e9rectile, viagra, cialis, kamagra, levitra, vitamine produits de femme, antibiotique en toute discretion sur la pharamacie express en ligne, livraison gratuite.","breadcrumb":{"@id":"https:\/\/lapharmaciexpress.com\/?product=erlotinib-150mg#breadcrumb"},"inLanguage":"fr-FR","potentialAction":[{"@type":"ReadAction","target":["https:\/\/lapharmaciexpress.com\/?product=erlotinib-150mg"]}]},{"@type":"ImageObject","inLanguage":"fr-FR","@id":"https:\/\/lapharmaciexpress.com\/?product=erlotinib-150mg#primaryimage","url":"https:\/\/lapharmaciexpress.com\/wp-content\/uploads\/2019\/06\/Erlonat-150mg.jpg?wsr","contentUrl":"https:\/\/lapharmaciexpress.com\/wp-content\/uploads\/2019\/06\/Erlonat-150mg.jpg?wsr","width":600,"height":600},{"@type":"BreadcrumbList","@id":"https:\/\/lapharmaciexpress.com\/?product=erlotinib-150mg#breadcrumb","itemListElement":[{"@type":"ListItem","position":1,"name":"Accueil","item":"https:\/\/lapharmaciexpress.com\/"},{"@type":"ListItem","position":2,"name":"Boutique","item":"https:\/\/lapharmaciexpress.com\/?page_id=6"},{"@type":"ListItem","position":3,"name":"Erlotinib 150Mg"}]},{"@type":"WebSite","@id":"https:\/\/lapharmaciexpress.com\/#website","url":"https:\/\/lapharmaciexpress.com\/","name":"La Pharmacie Express","description":"La pharmacie en ligne","publisher":{"@id":"https:\/\/lapharmaciexpress.com\/#organization"},"potentialAction":[{"@type":"SearchAction","target":{"@type":"EntryPoint","urlTemplate":"https:\/\/lapharmaciexpress.com\/?s={search_term_string}"},"query-input":{"@type":"PropertyValueSpecification","valueRequired":true,"valueName":"search_term_string"}}],"inLanguage":"fr-FR"},{"@type":"Organization","@id":"https:\/\/lapharmaciexpress.com\/#organization","name":"La Pharmacie Express","url":"https:\/\/lapharmaciexpress.com\/","logo":{"@type":"ImageObject","inLanguage":"fr-FR","@id":"https:\/\/lapharmaciexpress.com\/#\/schema\/logo\/image\/","url":"https:\/\/lapharmaciexpress.com\/wp-content\/uploads\/2019\/07\/ico-Lapharmacie-express.png","contentUrl":"https:\/\/lapharmaciexpress.com\/wp-content\/uploads\/2019\/07\/ico-Lapharmacie-express.png","width":362,"height":300,"caption":"La Pharmacie Express"},"image":{"@id":"https:\/\/lapharmaciexpress.com\/#\/schema\/logo\/image\/"}}]}},"jetpack_sharing_enabled":true,"brands":[{"id":144,"name":"Natco Pharma Limited","slug":"natco-pharma-limited"}],"_links":{"self":[{"href":"https:\/\/lapharmaciexpress.com\/index.php?rest_route=\/wp\/v2\/product\/1751","targetHints":{"allow":["GET"]}}],"collection":[{"href":"https:\/\/lapharmaciexpress.com\/index.php?rest_route=\/wp\/v2\/product"}],"about":[{"href":"https:\/\/lapharmaciexpress.com\/index.php?rest_route=\/wp\/v2\/types\/product"}],"replies":[{"embeddable":true,"href":"https:\/\/lapharmaciexpress.com\/index.php?rest_route=%2Fwp%2Fv2%2Fcomments&post=1751"}],"wp:featuredmedia":[{"embeddable":true,"href":"https:\/\/lapharmaciexpress.com\/index.php?rest_route=\/wp\/v2\/media\/1752"}],"wp:attachment":[{"href":"https:\/\/lapharmaciexpress.com\/index.php?rest_route=%2Fwp%2Fv2%2Fmedia&parent=1751"}],"wp:term":[{"taxonomy":"pwb-brand","embeddable":true,"href":"https:\/\/lapharmaciexpress.com\/index.php?rest_route=%2Fwp%2Fv2%2Fpwb-brand&post=1751"},{"taxonomy":"product_brand","embeddable":true,"href":"https:\/\/lapharmaciexpress.com\/index.php?rest_route=%2Fwp%2Fv2%2Fproduct_brand&post=1751"},{"taxonomy":"product_cat","embeddable":true,"href":"https:\/\/lapharmaciexpress.com\/index.php?rest_route=%2Fwp%2Fv2%2Fproduct_cat&post=1751"},{"taxonomy":"product_tag","embeddable":true,"href":"https:\/\/lapharmaciexpress.com\/index.php?rest_route=%2Fwp%2Fv2%2Fproduct_tag&post=1751"}],"curies":[{"name":"wp","href":"https:\/\/api.w.org\/{rel}","templated":true}]}}