{"id":1758,"date":"2019-06-17T15:19:45","date_gmt":"2019-06-17T13:19:45","guid":{"rendered":"http:\/\/lapharmaciexpress.com\/?post_type=product&#038;p=1758"},"modified":"2025-11-23T20:37:58","modified_gmt":"2025-11-23T19:37:58","slug":"acheter-levitra-professionnel-20mg-en-ligne-dysfonction-erectile","status":"publish","type":"product","link":"https:\/\/lapharmaciexpress.com\/?product=acheter-levitra-professionnel-20mg-en-ligne-dysfonction-erectile","title":{"rendered":"Levitra Professional 20mg"},"content":{"rendered":"<p>Levitra Professionnel 20 mg est un traitement puissant contre la dysfonction \u00e9rectile. Gr\u00e2ce \u00e0 son principe actif, le vard\u00e9nafil, il am\u00e9liore la circulation sanguine vers le p\u00e9nis, favorisant une \u00e9rection ferme et durable en r\u00e9ponse \u00e0 une stimulation sexuelle. Sa formule avanc\u00e9e offre une absorption plus rapide et une efficacit\u00e9 prolong\u00e9e par rapport aux versions classiques.<\/p>\n<p>Avantages :<br \/>\n\u2714\ufe0f Action rapide et effets prolong\u00e9s<br \/>\n\u2714\ufe0f Am\u00e9liore la qualit\u00e9 et la dur\u00e9e de l\u2019\u00e9rection<br \/>\n\u2714\ufe0f Efficace m\u00eame en cas de diab\u00e8te ou d\u2019hypertension<br \/>\n\u2714\ufe0f Absorption optimis\u00e9e pour une meilleure performance<\/p>\n<p>Posologie et Utilisation :<br \/>\nPrenez un comprim\u00e9 30 \u00e0 60 minutes avant un rapport sexuel, avec ou sans repas. Ne d\u00e9passez pas une prise par jour.<\/p>\n<p>Effets Secondaires Possibles :<\/p>\n<p>Maux de t\u00eate, rougeurs, congestion nasale<br \/>\nTroubles digestifs l\u00e9gers<br \/>\n\u00c9ventuels vertiges ou fluctuations de la tension<br \/>\nAchetez Levitra Professionnel 20 mg sur Pharmacie Express et b\u00e9n\u00e9ficiez d\u2019une livraison rapide, discr\u00e8te et s\u00e9curis\u00e9e.<\/p>\n","protected":false},"excerpt":{"rendered":"<p>Levitra Professionnel 20 mg est une solution efficace contre la dysfonction \u00e9rectile, am\u00e9liorant la qualit\u00e9 et la dur\u00e9e de l\u2019\u00e9rection gr\u00e2ce \u00e0 son principe actif, le vard\u00e9nafil. Son absorption rapide permet des effets optimaux en 30 minutes, offrant une meilleure performance sexuelle.<\/p>\n<p>Vous souhaitez acheter Levitra en ligne ? La Pharmacie Express propose un service s\u00e9curis\u00e9 avec une livraison rapide et discr\u00e8te. Profitez d\u2019un traitement fiable pour retrouver une vie intime \u00e9panouie.<\/p>\n","protected":false},"featured_media":1766,"comment_status":"open","ping_status":"closed","template":"","meta":[],"pwb-brand":[],"product_brand":[],"product_cat":[19],"product_tag":[132],"class_list":{"0":"post-1758","1":"product","2":"type-product","3":"status-publish","4":"has-post-thumbnail","6":"product_cat-dysfonction-erectile","7":"product_tag-levitra","8":"clearfix","10":"first","11":"instock","12":"taxable","13":"shipping-taxable","14":"purchasable","15":"product-type-variable"},"yoast_head":"<!-- This site is optimized with the Yoast SEO plugin v27.4 - https:\/\/yoast.com\/product\/yoast-seo-wordpress\/ -->\n<title>Acheter Levitra Professionnel 20 mg en Ligne \u2013 Efficace et Discret - La Pharmacie Express<\/title>\n<meta name=\"description\" content=\"Commandez Levitra Professionnel 20 mg sur la Pharmacie Express pour un traitement rapide et efficace de la dysfonction \u00e9rectile. Livraison discr\u00e8te.\" \/>\n<meta name=\"robots\" content=\"index, follow, max-snippet:-1, max-image-preview:large, max-video-preview:-1\" \/>\n<link rel=\"canonical\" href=\"https:\/\/lapharmaciexpress.com\/?product=acheter-levitra-professionnel-20mg-en-ligne-dysfonction-erectile\" \/>\n<meta property=\"og:locale\" content=\"fr_FR\" \/>\n<meta property=\"og:type\" content=\"article\" \/>\n<meta property=\"og:title\" content=\"Acheter Levitra Professionnel 20 mg en Ligne \u2013 Efficace et Discret - La Pharmacie Express\" \/>\n<meta property=\"og:description\" content=\"Commandez Levitra Professionnel 20 mg sur la Pharmacie Express pour un traitement rapide et efficace de la dysfonction \u00e9rectile. Livraison discr\u00e8te.\" \/>\n<meta property=\"og:url\" content=\"https:\/\/lapharmaciexpress.com\/?product=acheter-levitra-professionnel-20mg-en-ligne-dysfonction-erectile\" \/>\n<meta property=\"og:site_name\" content=\"La Pharmacie Express\" \/>\n<meta property=\"article:modified_time\" content=\"2025-11-23T19:37:58+00:00\" \/>\n<meta property=\"og:image\" content=\"https:\/\/lapharmaciexpress.com\/wp-content\/uploads\/2019\/06\/levitra-professional.jpg?wsr\" \/>\n\t<meta property=\"og:image:width\" content=\"600\" \/>\n\t<meta property=\"og:image:height\" content=\"600\" \/>\n\t<meta property=\"og:image:type\" content=\"image\/jpeg\" \/>\n<meta name=\"twitter:card\" content=\"summary_large_image\" \/>\n<meta name=\"twitter:label1\" content=\"Dur\u00e9e de lecture estim\u00e9e\" \/>\n\t<meta name=\"twitter:data1\" content=\"1 minute\" \/>\n<script type=\"application\/ld+json\" class=\"yoast-schema-graph\">{\"@context\":\"https:\\\/\\\/schema.org\",\"@graph\":[{\"@type\":\"WebPage\",\"@id\":\"https:\\\/\\\/lapharmaciexpress.com\\\/?product=acheter-levitra-professionnel-20mg-en-ligne-dysfonction-erectile\",\"url\":\"https:\\\/\\\/lapharmaciexpress.com\\\/?product=acheter-levitra-professionnel-20mg-en-ligne-dysfonction-erectile\",\"name\":\"Acheter Levitra Professionnel 20 mg en Ligne \u2013 Efficace et Discret - La Pharmacie Express\",\"isPartOf\":{\"@id\":\"https:\\\/\\\/lapharmaciexpress.com\\\/#website\"},\"primaryImageOfPage\":{\"@id\":\"https:\\\/\\\/lapharmaciexpress.com\\\/?product=acheter-levitra-professionnel-20mg-en-ligne-dysfonction-erectile#primaryimage\"},\"image\":{\"@id\":\"https:\\\/\\\/lapharmaciexpress.com\\\/?product=acheter-levitra-professionnel-20mg-en-ligne-dysfonction-erectile#primaryimage\"},\"thumbnailUrl\":\"https:\\\/\\\/lapharmaciexpress.com\\\/wp-content\\\/uploads\\\/2019\\\/06\\\/levitra-professional.jpg?wsr\",\"datePublished\":\"2019-06-17T13:19:45+00:00\",\"dateModified\":\"2025-11-23T19:37:58+00:00\",\"description\":\"Commandez Levitra Professionnel 20 mg sur la Pharmacie Express pour un traitement rapide et efficace de la dysfonction \u00e9rectile. Livraison discr\u00e8te.\",\"breadcrumb\":{\"@id\":\"https:\\\/\\\/lapharmaciexpress.com\\\/?product=acheter-levitra-professionnel-20mg-en-ligne-dysfonction-erectile#breadcrumb\"},\"inLanguage\":\"fr-FR\",\"potentialAction\":[{\"@type\":\"ReadAction\",\"target\":[\"https:\\\/\\\/lapharmaciexpress.com\\\/?product=acheter-levitra-professionnel-20mg-en-ligne-dysfonction-erectile\"]}]},{\"@type\":\"ImageObject\",\"inLanguage\":\"fr-FR\",\"@id\":\"https:\\\/\\\/lapharmaciexpress.com\\\/?product=acheter-levitra-professionnel-20mg-en-ligne-dysfonction-erectile#primaryimage\",\"url\":\"https:\\\/\\\/lapharmaciexpress.com\\\/wp-content\\\/uploads\\\/2019\\\/06\\\/levitra-professional.jpg?wsr\",\"contentUrl\":\"https:\\\/\\\/lapharmaciexpress.com\\\/wp-content\\\/uploads\\\/2019\\\/06\\\/levitra-professional.jpg?wsr\",\"width\":600,\"height\":600},{\"@type\":\"BreadcrumbList\",\"@id\":\"https:\\\/\\\/lapharmaciexpress.com\\\/?product=acheter-levitra-professionnel-20mg-en-ligne-dysfonction-erectile#breadcrumb\",\"itemListElement\":[{\"@type\":\"ListItem\",\"position\":1,\"name\":\"Accueil\",\"item\":\"https:\\\/\\\/lapharmaciexpress.com\\\/\"},{\"@type\":\"ListItem\",\"position\":2,\"name\":\"Boutique\",\"item\":\"https:\\\/\\\/lapharmaciexpress.com\\\/?page_id=6\"},{\"@type\":\"ListItem\",\"position\":3,\"name\":\"Levitra Professional 20mg\"}]},{\"@type\":\"WebSite\",\"@id\":\"https:\\\/\\\/lapharmaciexpress.com\\\/#website\",\"url\":\"https:\\\/\\\/lapharmaciexpress.com\\\/\",\"name\":\"La Pharmacie Express\",\"description\":\"La pharmacie en ligne\",\"publisher\":{\"@id\":\"https:\\\/\\\/lapharmaciexpress.com\\\/#organization\"},\"potentialAction\":[{\"@type\":\"SearchAction\",\"target\":{\"@type\":\"EntryPoint\",\"urlTemplate\":\"https:\\\/\\\/lapharmaciexpress.com\\\/?s={search_term_string}\"},\"query-input\":{\"@type\":\"PropertyValueSpecification\",\"valueRequired\":true,\"valueName\":\"search_term_string\"}}],\"inLanguage\":\"fr-FR\"},{\"@type\":\"Organization\",\"@id\":\"https:\\\/\\\/lapharmaciexpress.com\\\/#organization\",\"name\":\"La Pharmacie Express\",\"url\":\"https:\\\/\\\/lapharmaciexpress.com\\\/\",\"logo\":{\"@type\":\"ImageObject\",\"inLanguage\":\"fr-FR\",\"@id\":\"https:\\\/\\\/lapharmaciexpress.com\\\/#\\\/schema\\\/logo\\\/image\\\/\",\"url\":\"https:\\\/\\\/lapharmaciexpress.com\\\/wp-content\\\/uploads\\\/2019\\\/07\\\/ico-Lapharmacie-express.png\",\"contentUrl\":\"https:\\\/\\\/lapharmaciexpress.com\\\/wp-content\\\/uploads\\\/2019\\\/07\\\/ico-Lapharmacie-express.png\",\"width\":362,\"height\":300,\"caption\":\"La Pharmacie Express\"},\"image\":{\"@id\":\"https:\\\/\\\/lapharmaciexpress.com\\\/#\\\/schema\\\/logo\\\/image\\\/\"}}]}<\/script>\n<!-- \/ Yoast SEO plugin. -->","yoast_head_json":{"title":"Acheter Levitra Professionnel 20 mg en Ligne \u2013 Efficace et Discret - La Pharmacie Express","description":"Commandez Levitra Professionnel 20 mg sur la Pharmacie Express pour un traitement rapide et efficace de la dysfonction \u00e9rectile. Livraison discr\u00e8te.","robots":{"index":"index","follow":"follow","max-snippet":"max-snippet:-1","max-image-preview":"max-image-preview:large","max-video-preview":"max-video-preview:-1"},"canonical":"https:\/\/lapharmaciexpress.com\/?product=acheter-levitra-professionnel-20mg-en-ligne-dysfonction-erectile","og_locale":"fr_FR","og_type":"article","og_title":"Acheter Levitra Professionnel 20 mg en Ligne \u2013 Efficace et Discret - La Pharmacie Express","og_description":"Commandez Levitra Professionnel 20 mg sur la Pharmacie Express pour un traitement rapide et efficace de la dysfonction \u00e9rectile. Livraison discr\u00e8te.","og_url":"https:\/\/lapharmaciexpress.com\/?product=acheter-levitra-professionnel-20mg-en-ligne-dysfonction-erectile","og_site_name":"La Pharmacie Express","article_modified_time":"2025-11-23T19:37:58+00:00","og_image":[{"width":600,"height":600,"url":"https:\/\/lapharmaciexpress.com\/wp-content\/uploads\/2019\/06\/levitra-professional.jpg?wsr","type":"image\/jpeg"}],"twitter_card":"summary_large_image","twitter_misc":{"Dur\u00e9e de lecture estim\u00e9e":"1 minute"},"schema":{"@context":"https:\/\/schema.org","@graph":[{"@type":"WebPage","@id":"https:\/\/lapharmaciexpress.com\/?product=acheter-levitra-professionnel-20mg-en-ligne-dysfonction-erectile","url":"https:\/\/lapharmaciexpress.com\/?product=acheter-levitra-professionnel-20mg-en-ligne-dysfonction-erectile","name":"Acheter Levitra Professionnel 20 mg en Ligne \u2013 Efficace et Discret - La Pharmacie Express","isPartOf":{"@id":"https:\/\/lapharmaciexpress.com\/#website"},"primaryImageOfPage":{"@id":"https:\/\/lapharmaciexpress.com\/?product=acheter-levitra-professionnel-20mg-en-ligne-dysfonction-erectile#primaryimage"},"image":{"@id":"https:\/\/lapharmaciexpress.com\/?product=acheter-levitra-professionnel-20mg-en-ligne-dysfonction-erectile#primaryimage"},"thumbnailUrl":"https:\/\/lapharmaciexpress.com\/wp-content\/uploads\/2019\/06\/levitra-professional.jpg?wsr","datePublished":"2019-06-17T13:19:45+00:00","dateModified":"2025-11-23T19:37:58+00:00","description":"Commandez Levitra Professionnel 20 mg sur la Pharmacie Express pour un traitement rapide et efficace de la dysfonction \u00e9rectile. Livraison discr\u00e8te.","breadcrumb":{"@id":"https:\/\/lapharmaciexpress.com\/?product=acheter-levitra-professionnel-20mg-en-ligne-dysfonction-erectile#breadcrumb"},"inLanguage":"fr-FR","potentialAction":[{"@type":"ReadAction","target":["https:\/\/lapharmaciexpress.com\/?product=acheter-levitra-professionnel-20mg-en-ligne-dysfonction-erectile"]}]},{"@type":"ImageObject","inLanguage":"fr-FR","@id":"https:\/\/lapharmaciexpress.com\/?product=acheter-levitra-professionnel-20mg-en-ligne-dysfonction-erectile#primaryimage","url":"https:\/\/lapharmaciexpress.com\/wp-content\/uploads\/2019\/06\/levitra-professional.jpg?wsr","contentUrl":"https:\/\/lapharmaciexpress.com\/wp-content\/uploads\/2019\/06\/levitra-professional.jpg?wsr","width":600,"height":600},{"@type":"BreadcrumbList","@id":"https:\/\/lapharmaciexpress.com\/?product=acheter-levitra-professionnel-20mg-en-ligne-dysfonction-erectile#breadcrumb","itemListElement":[{"@type":"ListItem","position":1,"name":"Accueil","item":"https:\/\/lapharmaciexpress.com\/"},{"@type":"ListItem","position":2,"name":"Boutique","item":"https:\/\/lapharmaciexpress.com\/?page_id=6"},{"@type":"ListItem","position":3,"name":"Levitra Professional 20mg"}]},{"@type":"WebSite","@id":"https:\/\/lapharmaciexpress.com\/#website","url":"https:\/\/lapharmaciexpress.com\/","name":"La Pharmacie Express","description":"La pharmacie en ligne","publisher":{"@id":"https:\/\/lapharmaciexpress.com\/#organization"},"potentialAction":[{"@type":"SearchAction","target":{"@type":"EntryPoint","urlTemplate":"https:\/\/lapharmaciexpress.com\/?s={search_term_string}"},"query-input":{"@type":"PropertyValueSpecification","valueRequired":true,"valueName":"search_term_string"}}],"inLanguage":"fr-FR"},{"@type":"Organization","@id":"https:\/\/lapharmaciexpress.com\/#organization","name":"La Pharmacie Express","url":"https:\/\/lapharmaciexpress.com\/","logo":{"@type":"ImageObject","inLanguage":"fr-FR","@id":"https:\/\/lapharmaciexpress.com\/#\/schema\/logo\/image\/","url":"https:\/\/lapharmaciexpress.com\/wp-content\/uploads\/2019\/07\/ico-Lapharmacie-express.png","contentUrl":"https:\/\/lapharmaciexpress.com\/wp-content\/uploads\/2019\/07\/ico-Lapharmacie-express.png","width":362,"height":300,"caption":"La Pharmacie Express"},"image":{"@id":"https:\/\/lapharmaciexpress.com\/#\/schema\/logo\/image\/"}}]}},"jetpack_sharing_enabled":true,"brands":[],"_links":{"self":[{"href":"https:\/\/lapharmaciexpress.com\/index.php?rest_route=\/wp\/v2\/product\/1758","targetHints":{"allow":["GET"]}}],"collection":[{"href":"https:\/\/lapharmaciexpress.com\/index.php?rest_route=\/wp\/v2\/product"}],"about":[{"href":"https:\/\/lapharmaciexpress.com\/index.php?rest_route=\/wp\/v2\/types\/product"}],"replies":[{"embeddable":true,"href":"https:\/\/lapharmaciexpress.com\/index.php?rest_route=%2Fwp%2Fv2%2Fcomments&post=1758"}],"wp:featuredmedia":[{"embeddable":true,"href":"https:\/\/lapharmaciexpress.com\/index.php?rest_route=\/wp\/v2\/media\/1766"}],"wp:attachment":[{"href":"https:\/\/lapharmaciexpress.com\/index.php?rest_route=%2Fwp%2Fv2%2Fmedia&parent=1758"}],"wp:term":[{"taxonomy":"pwb-brand","embeddable":true,"href":"https:\/\/lapharmaciexpress.com\/index.php?rest_route=%2Fwp%2Fv2%2Fpwb-brand&post=1758"},{"taxonomy":"product_brand","embeddable":true,"href":"https:\/\/lapharmaciexpress.com\/index.php?rest_route=%2Fwp%2Fv2%2Fproduct_brand&post=1758"},{"taxonomy":"product_cat","embeddable":true,"href":"https:\/\/lapharmaciexpress.com\/index.php?rest_route=%2Fwp%2Fv2%2Fproduct_cat&post=1758"},{"taxonomy":"product_tag","embeddable":true,"href":"https:\/\/lapharmaciexpress.com\/index.php?rest_route=%2Fwp%2Fv2%2Fproduct_tag&post=1758"}],"curies":[{"name":"wp","href":"https:\/\/api.w.org\/{rel}","templated":true}]}}