{"id":1776,"date":"2019-06-18T13:57:02","date_gmt":"2019-06-18T11:57:02","guid":{"rendered":"http:\/\/lapharmaciexpress.com\/?post_type=product&#038;p=1776"},"modified":"2025-02-03T12:25:59","modified_gmt":"2025-02-03T11:25:59","slug":"xenical-120mg-orlistat-gestion-poids-perte-achat-en-ligne","status":"publish","type":"product","link":"https:\/\/lapharmaciexpress.com\/?product=xenical-120mg-orlistat-gestion-poids-perte-achat-en-ligne","title":{"rendered":"Xenical (Orlistat) 120mg"},"content":{"rendered":"<p>Orlistat agit directement dans l&#8217;estomac et l&#8217;intestin gr\u00eale, \u00e0 la suite de quoi les en-zymes perdent leur effet et la possibilit\u00e9 de s\u00e9parer les graisses des aliments. Les graisses ne sont pas absorb\u00e9es dans le corps pour \u00eatre stock\u00e9es, ce qui entra\u00eene une perte de poids.<\/p>\n<h3>R\u00e9duit le cholest\u00e9rol<\/h3>\n<p>L&#8217;ob\u00e9sit\u00e9 est responsable de nombreuses maladies, parmi lesquelles est le diab\u00e8te. Orlistat bloque l&#8217;action de la lipase, pr\u00e9vient donc l&#8217;absorption des mati\u00e8res grasses et du cholest\u00e9rol. En achetant Xenical , non seulement vous r\u00e9duisez votre exc\u00e8s de poids, mais normalisez aussi les taux de cholest\u00e9rol dans le sang. Cela aide \u00e0 pr\u00e9venir le diab\u00e8te. Commandez Xenical \u00e0 prix pas cher pour \u00eatre en bonne sant\u00e9!<\/p>\n<h3>Administration<\/h3>\n<p>Pour maigrir, il suffit de prendre un comprim\u00e9 d\u2019Orlistat 120 mg au cours de chaque repas. Vous pouvez sauter la prise de Xenical, si vous n&#8217;avez pas eu le temps de manger ou si la nourriture \u00e9tait sans gras. Orlistat est destin\u00e9 \u00e0 une utilisation \u00e0 long terme en combinaison avec un r\u00e9gime pauvre en glucides. Pour obtenir un ef-fet maximal de perte de poids, nous vous recommandons de consulter un m\u00e9decin ou notre sp\u00e9cialiste en ligne pour le calcul de la dose de Xenical.<\/p>\n<p>Achetez Orlistat \u00e0 prix pas cher et sans ordonnance dans notre pharmacie en ligne.<\/p>\n<h3>Effets secondaires<\/h3>\n<p>Malgr\u00e9 son efficacit\u00e9, Orlistat a certains effets secondaires.<\/p>\n<p>Soyez prudent si pendant la perte de poids vous avez les sympt\u00f4mes suivants: une diarrh\u00e9e, un m\u00e9t\u00e9orisme, des douleurs abdominales, des s\u00e9cr\u00e9tions, une faiblesse, des maux de t\u00eate et une d\u00e9pression.<\/p>\n<p>Dans la plupart du temps pendant un traitement avec Orlistat, les effets secondaires se manifestent seulement dans les premiers mois de l&#8217;utilisation du m\u00e9dicament pour maigrir et disparaissent rapidement.<\/p>\n<h3>Contre-indications<\/h3>\n<p>Grossesse et allaitement<\/p>\n","protected":false},"excerpt":{"rendered":"<p>Orlistat Capsules br\u00fble la graisse suppl\u00e9mentaire pour les hommes et les femmes obaces en surpoids. SLUGGISH style de vie \/ consommation de fast-food riche en cholestrol est une cause d&#8217;accumulation de graisse et &#8220;ORLIGAL (orlistat)&#8221; aide \u00e0 r\u00e9duire la graisse Notre m\u00e9dicament &#8220;ORLIGAL&#8221; est s\u00fbr et a une longue dur\u00e9e de vie et est offert dans un emballage discret.<br \/>\nCommandez Xenical 120 mg sur La Pharmacie Express et profitez d\u2019une livraison rapide et discr\u00e8te ! <\/p>\n","protected":false},"featured_media":1786,"comment_status":"open","ping_status":"closed","template":"","meta":[],"pwb-brand":[],"product_brand":[],"product_cat":[28],"product_tag":[],"class_list":{"0":"post-1776","1":"product","2":"type-product","3":"status-publish","4":"has-post-thumbnail","6":"product_cat-produit-de-soin-minceur","7":"clearfix","9":"first","10":"instock","11":"taxable","12":"shipping-taxable","13":"purchasable","14":"product-type-variable"},"yoast_head":"<!-- This site is optimized with the Yoast SEO plugin v27.5 - https:\/\/yoast.com\/product\/yoast-seo-wordpress\/ -->\n<title>Xenical (Orlistat) 120mg \u2013 Aide efficace \u00e0 la gestion du poids - La Pharmacie Express<\/title>\n<meta name=\"description\" content=\"Xenical 120 mg aide \u00e0 la perte de poids en bloquant l&#039;absorption des graisses. Commandez sur La Pharmacie Express pour une livraison rapide et discr\u00e8te.\" \/>\n<meta name=\"robots\" content=\"index, follow, max-snippet:-1, max-image-preview:large, max-video-preview:-1\" \/>\n<link rel=\"canonical\" href=\"https:\/\/lapharmaciexpress.com\/?product=xenical-120mg-orlistat-gestion-poids-perte-achat-en-ligne\" \/>\n<meta property=\"og:locale\" content=\"fr_FR\" \/>\n<meta property=\"og:type\" content=\"article\" \/>\n<meta property=\"og:title\" content=\"Xenical (Orlistat) 120mg \u2013 Aide efficace \u00e0 la gestion du poids - La Pharmacie Express\" \/>\n<meta property=\"og:description\" content=\"Xenical 120 mg aide \u00e0 la perte de poids en bloquant l&#039;absorption des graisses. Commandez sur La Pharmacie Express pour une livraison rapide et discr\u00e8te.\" \/>\n<meta property=\"og:url\" content=\"https:\/\/lapharmaciexpress.com\/?product=xenical-120mg-orlistat-gestion-poids-perte-achat-en-ligne\" \/>\n<meta property=\"og:site_name\" content=\"La Pharmacie Express\" \/>\n<meta property=\"article:modified_time\" content=\"2025-02-03T11:25:59+00:00\" \/>\n<meta property=\"og:image\" content=\"https:\/\/lapharmaciexpress.com\/wp-content\/uploads\/2019\/06\/Orligal-120mg.jpg\" \/>\n\t<meta property=\"og:image:width\" content=\"600\" \/>\n\t<meta property=\"og:image:height\" content=\"600\" \/>\n\t<meta property=\"og:image:type\" content=\"image\/jpeg\" \/>\n<meta name=\"twitter:card\" content=\"summary_large_image\" \/>\n<meta name=\"twitter:label1\" content=\"Dur\u00e9e de lecture estim\u00e9e\" \/>\n\t<meta name=\"twitter:data1\" content=\"2 minutes\" \/>\n<script type=\"application\/ld+json\" class=\"yoast-schema-graph\">{\"@context\":\"https:\\\/\\\/schema.org\",\"@graph\":[{\"@type\":\"WebPage\",\"@id\":\"https:\\\/\\\/lapharmaciexpress.com\\\/?product=xenical-120mg-orlistat-gestion-poids-perte-achat-en-ligne\",\"url\":\"https:\\\/\\\/lapharmaciexpress.com\\\/?product=xenical-120mg-orlistat-gestion-poids-perte-achat-en-ligne\",\"name\":\"Xenical (Orlistat) 120mg \u2013 Aide efficace \u00e0 la gestion du poids - La Pharmacie Express\",\"isPartOf\":{\"@id\":\"https:\\\/\\\/lapharmaciexpress.com\\\/#website\"},\"primaryImageOfPage\":{\"@id\":\"https:\\\/\\\/lapharmaciexpress.com\\\/?product=xenical-120mg-orlistat-gestion-poids-perte-achat-en-ligne#primaryimage\"},\"image\":{\"@id\":\"https:\\\/\\\/lapharmaciexpress.com\\\/?product=xenical-120mg-orlistat-gestion-poids-perte-achat-en-ligne#primaryimage\"},\"thumbnailUrl\":\"https:\\\/\\\/lapharmaciexpress.com\\\/wp-content\\\/uploads\\\/2019\\\/06\\\/Orligal-120mg.jpg?wsr\",\"datePublished\":\"2019-06-18T11:57:02+00:00\",\"dateModified\":\"2025-02-03T11:25:59+00:00\",\"description\":\"Xenical 120 mg aide \u00e0 la perte de poids en bloquant l'absorption des graisses. Commandez sur La Pharmacie Express pour une livraison rapide et discr\u00e8te.\",\"breadcrumb\":{\"@id\":\"https:\\\/\\\/lapharmaciexpress.com\\\/?product=xenical-120mg-orlistat-gestion-poids-perte-achat-en-ligne#breadcrumb\"},\"inLanguage\":\"fr-FR\",\"potentialAction\":[{\"@type\":\"ReadAction\",\"target\":[\"https:\\\/\\\/lapharmaciexpress.com\\\/?product=xenical-120mg-orlistat-gestion-poids-perte-achat-en-ligne\"]}]},{\"@type\":\"ImageObject\",\"inLanguage\":\"fr-FR\",\"@id\":\"https:\\\/\\\/lapharmaciexpress.com\\\/?product=xenical-120mg-orlistat-gestion-poids-perte-achat-en-ligne#primaryimage\",\"url\":\"https:\\\/\\\/lapharmaciexpress.com\\\/wp-content\\\/uploads\\\/2019\\\/06\\\/Orligal-120mg.jpg?wsr\",\"contentUrl\":\"https:\\\/\\\/lapharmaciexpress.com\\\/wp-content\\\/uploads\\\/2019\\\/06\\\/Orligal-120mg.jpg?wsr\",\"width\":600,\"height\":600},{\"@type\":\"BreadcrumbList\",\"@id\":\"https:\\\/\\\/lapharmaciexpress.com\\\/?product=xenical-120mg-orlistat-gestion-poids-perte-achat-en-ligne#breadcrumb\",\"itemListElement\":[{\"@type\":\"ListItem\",\"position\":1,\"name\":\"Accueil\",\"item\":\"https:\\\/\\\/lapharmaciexpress.com\\\/\"},{\"@type\":\"ListItem\",\"position\":2,\"name\":\"Boutique\",\"item\":\"https:\\\/\\\/lapharmaciexpress.com\\\/?page_id=6\"},{\"@type\":\"ListItem\",\"position\":3,\"name\":\"Xenical (Orlistat) 120mg\"}]},{\"@type\":\"WebSite\",\"@id\":\"https:\\\/\\\/lapharmaciexpress.com\\\/#website\",\"url\":\"https:\\\/\\\/lapharmaciexpress.com\\\/\",\"name\":\"La Pharmacie Express\",\"description\":\"La pharmacie en ligne\",\"publisher\":{\"@id\":\"https:\\\/\\\/lapharmaciexpress.com\\\/#organization\"},\"potentialAction\":[{\"@type\":\"SearchAction\",\"target\":{\"@type\":\"EntryPoint\",\"urlTemplate\":\"https:\\\/\\\/lapharmaciexpress.com\\\/?s={search_term_string}\"},\"query-input\":{\"@type\":\"PropertyValueSpecification\",\"valueRequired\":true,\"valueName\":\"search_term_string\"}}],\"inLanguage\":\"fr-FR\"},{\"@type\":\"Organization\",\"@id\":\"https:\\\/\\\/lapharmaciexpress.com\\\/#organization\",\"name\":\"La Pharmacie Express\",\"url\":\"https:\\\/\\\/lapharmaciexpress.com\\\/\",\"logo\":{\"@type\":\"ImageObject\",\"inLanguage\":\"fr-FR\",\"@id\":\"https:\\\/\\\/lapharmaciexpress.com\\\/#\\\/schema\\\/logo\\\/image\\\/\",\"url\":\"https:\\\/\\\/lapharmaciexpress.com\\\/wp-content\\\/uploads\\\/2019\\\/07\\\/ico-Lapharmacie-express.png\",\"contentUrl\":\"https:\\\/\\\/lapharmaciexpress.com\\\/wp-content\\\/uploads\\\/2019\\\/07\\\/ico-Lapharmacie-express.png\",\"width\":362,\"height\":300,\"caption\":\"La Pharmacie Express\"},\"image\":{\"@id\":\"https:\\\/\\\/lapharmaciexpress.com\\\/#\\\/schema\\\/logo\\\/image\\\/\"}}]}<\/script>\n<!-- \/ Yoast SEO plugin. -->","yoast_head_json":{"title":"Xenical (Orlistat) 120mg \u2013 Aide efficace \u00e0 la gestion du poids - La Pharmacie Express","description":"Xenical 120 mg aide \u00e0 la perte de poids en bloquant l'absorption des graisses. Commandez sur La Pharmacie Express pour une livraison rapide et discr\u00e8te.","robots":{"index":"index","follow":"follow","max-snippet":"max-snippet:-1","max-image-preview":"max-image-preview:large","max-video-preview":"max-video-preview:-1"},"canonical":"https:\/\/lapharmaciexpress.com\/?product=xenical-120mg-orlistat-gestion-poids-perte-achat-en-ligne","og_locale":"fr_FR","og_type":"article","og_title":"Xenical (Orlistat) 120mg \u2013 Aide efficace \u00e0 la gestion du poids - La Pharmacie Express","og_description":"Xenical 120 mg aide \u00e0 la perte de poids en bloquant l'absorption des graisses. Commandez sur La Pharmacie Express pour une livraison rapide et discr\u00e8te.","og_url":"https:\/\/lapharmaciexpress.com\/?product=xenical-120mg-orlistat-gestion-poids-perte-achat-en-ligne","og_site_name":"La Pharmacie Express","article_modified_time":"2025-02-03T11:25:59+00:00","og_image":[{"width":600,"height":600,"url":"https:\/\/lapharmaciexpress.com\/wp-content\/uploads\/2019\/06\/Orligal-120mg.jpg","type":"image\/jpeg"}],"twitter_card":"summary_large_image","twitter_misc":{"Dur\u00e9e de lecture estim\u00e9e":"2 minutes"},"schema":{"@context":"https:\/\/schema.org","@graph":[{"@type":"WebPage","@id":"https:\/\/lapharmaciexpress.com\/?product=xenical-120mg-orlistat-gestion-poids-perte-achat-en-ligne","url":"https:\/\/lapharmaciexpress.com\/?product=xenical-120mg-orlistat-gestion-poids-perte-achat-en-ligne","name":"Xenical (Orlistat) 120mg \u2013 Aide efficace \u00e0 la gestion du poids - La Pharmacie Express","isPartOf":{"@id":"https:\/\/lapharmaciexpress.com\/#website"},"primaryImageOfPage":{"@id":"https:\/\/lapharmaciexpress.com\/?product=xenical-120mg-orlistat-gestion-poids-perte-achat-en-ligne#primaryimage"},"image":{"@id":"https:\/\/lapharmaciexpress.com\/?product=xenical-120mg-orlistat-gestion-poids-perte-achat-en-ligne#primaryimage"},"thumbnailUrl":"https:\/\/lapharmaciexpress.com\/wp-content\/uploads\/2019\/06\/Orligal-120mg.jpg?wsr","datePublished":"2019-06-18T11:57:02+00:00","dateModified":"2025-02-03T11:25:59+00:00","description":"Xenical 120 mg aide \u00e0 la perte de poids en bloquant l'absorption des graisses. Commandez sur La Pharmacie Express pour une livraison rapide et discr\u00e8te.","breadcrumb":{"@id":"https:\/\/lapharmaciexpress.com\/?product=xenical-120mg-orlistat-gestion-poids-perte-achat-en-ligne#breadcrumb"},"inLanguage":"fr-FR","potentialAction":[{"@type":"ReadAction","target":["https:\/\/lapharmaciexpress.com\/?product=xenical-120mg-orlistat-gestion-poids-perte-achat-en-ligne"]}]},{"@type":"ImageObject","inLanguage":"fr-FR","@id":"https:\/\/lapharmaciexpress.com\/?product=xenical-120mg-orlistat-gestion-poids-perte-achat-en-ligne#primaryimage","url":"https:\/\/lapharmaciexpress.com\/wp-content\/uploads\/2019\/06\/Orligal-120mg.jpg?wsr","contentUrl":"https:\/\/lapharmaciexpress.com\/wp-content\/uploads\/2019\/06\/Orligal-120mg.jpg?wsr","width":600,"height":600},{"@type":"BreadcrumbList","@id":"https:\/\/lapharmaciexpress.com\/?product=xenical-120mg-orlistat-gestion-poids-perte-achat-en-ligne#breadcrumb","itemListElement":[{"@type":"ListItem","position":1,"name":"Accueil","item":"https:\/\/lapharmaciexpress.com\/"},{"@type":"ListItem","position":2,"name":"Boutique","item":"https:\/\/lapharmaciexpress.com\/?page_id=6"},{"@type":"ListItem","position":3,"name":"Xenical (Orlistat) 120mg"}]},{"@type":"WebSite","@id":"https:\/\/lapharmaciexpress.com\/#website","url":"https:\/\/lapharmaciexpress.com\/","name":"La Pharmacie Express","description":"La pharmacie en ligne","publisher":{"@id":"https:\/\/lapharmaciexpress.com\/#organization"},"potentialAction":[{"@type":"SearchAction","target":{"@type":"EntryPoint","urlTemplate":"https:\/\/lapharmaciexpress.com\/?s={search_term_string}"},"query-input":{"@type":"PropertyValueSpecification","valueRequired":true,"valueName":"search_term_string"}}],"inLanguage":"fr-FR"},{"@type":"Organization","@id":"https:\/\/lapharmaciexpress.com\/#organization","name":"La Pharmacie Express","url":"https:\/\/lapharmaciexpress.com\/","logo":{"@type":"ImageObject","inLanguage":"fr-FR","@id":"https:\/\/lapharmaciexpress.com\/#\/schema\/logo\/image\/","url":"https:\/\/lapharmaciexpress.com\/wp-content\/uploads\/2019\/07\/ico-Lapharmacie-express.png","contentUrl":"https:\/\/lapharmaciexpress.com\/wp-content\/uploads\/2019\/07\/ico-Lapharmacie-express.png","width":362,"height":300,"caption":"La Pharmacie Express"},"image":{"@id":"https:\/\/lapharmaciexpress.com\/#\/schema\/logo\/image\/"}}]}},"jetpack_sharing_enabled":true,"brands":[],"_links":{"self":[{"href":"https:\/\/lapharmaciexpress.com\/index.php?rest_route=\/wp\/v2\/product\/1776","targetHints":{"allow":["GET"]}}],"collection":[{"href":"https:\/\/lapharmaciexpress.com\/index.php?rest_route=\/wp\/v2\/product"}],"about":[{"href":"https:\/\/lapharmaciexpress.com\/index.php?rest_route=\/wp\/v2\/types\/product"}],"replies":[{"embeddable":true,"href":"https:\/\/lapharmaciexpress.com\/index.php?rest_route=%2Fwp%2Fv2%2Fcomments&post=1776"}],"wp:featuredmedia":[{"embeddable":true,"href":"https:\/\/lapharmaciexpress.com\/index.php?rest_route=\/wp\/v2\/media\/1786"}],"wp:attachment":[{"href":"https:\/\/lapharmaciexpress.com\/index.php?rest_route=%2Fwp%2Fv2%2Fmedia&parent=1776"}],"wp:term":[{"taxonomy":"pwb-brand","embeddable":true,"href":"https:\/\/lapharmaciexpress.com\/index.php?rest_route=%2Fwp%2Fv2%2Fpwb-brand&post=1776"},{"taxonomy":"product_brand","embeddable":true,"href":"https:\/\/lapharmaciexpress.com\/index.php?rest_route=%2Fwp%2Fv2%2Fproduct_brand&post=1776"},{"taxonomy":"product_cat","embeddable":true,"href":"https:\/\/lapharmaciexpress.com\/index.php?rest_route=%2Fwp%2Fv2%2Fproduct_cat&post=1776"},{"taxonomy":"product_tag","embeddable":true,"href":"https:\/\/lapharmaciexpress.com\/index.php?rest_route=%2Fwp%2Fv2%2Fproduct_tag&post=1776"}],"curies":[{"name":"wp","href":"https:\/\/api.w.org\/{rel}","templated":true}]}}