{"id":1792,"date":"2019-06-18T14:54:02","date_gmt":"2019-06-18T12:54:02","guid":{"rendered":"http:\/\/lapharmaciexpress.com\/?post_type=product&#038;p=1792"},"modified":"2023-07-15T13:44:53","modified_gmt":"2023-07-15T11:44:53","slug":"slimtone-caralluma-fimbriata-extract-500mg","status":"publish","type":"product","link":"https:\/\/lapharmaciexpress.com\/?product=slimtone-caralluma-fimbriata-extract-500mg","title":{"rendered":"Slimtone (Caralluma Fimbriata Extract) 500Mg"},"content":{"rendered":"<p>Slimtone contient l&#8217;extrait de Caralluma Fimbriata comme composant principal. Caralluma Fimbriata est un membre de la famille des cactus, poss\u00e8de des propri\u00e9t\u00e9s de suppression et est utilis\u00e9 en Inde depuis de nombreuses ann\u00e9es.<\/p>\n<p>Les capsules Slimtone aident les utilisateurs \u00e0 br\u00fbler les graisses tout en augmentant la masse musculaire et en augmentant l&#8217;\u00e9nergie en m\u00eame temps. Ce m\u00e9dicament est utilis\u00e9 dans le traitement des patients ob\u00e8ses, car il r\u00e9duit la sensation de faim, entra\u00eenant une r\u00e9duction de la consommation d&#8217;aliments. Il ralentit \u00e9galement l&#8217;absorption des glucides dans le corps, contribuant ainsi \u00e0 la perte de graisse des patients.<\/p>\n<p>La caf\u00e9ine est un autre composant de Slimtone sous forme d&#8217;extraits de th\u00e9 vert, ce qui peut acc\u00e9l\u00e9rer encore la combustion des graisses.<\/p>\n<p><strong>Dosage et administration<\/strong><br \/>\nIl a \u00e9t\u00e9 d\u00e9montr\u00e9 que l&#8217;utilisation de Slimtone pour la perte de masse graisseuse \u00e9tait s\u00fbre et conforme aux recommandations des professionnels de la sant\u00e9.<\/p>\n<p>La posologie recommand\u00e9e est un maximum de 2 capsules par jour ou une capsule deux fois par jour. Prenez la capsule \u00e0 c\u00f4t\u00e9 d&#8217;un grand verre d&#8217;eau et au moins 30 minutes avant un repas. Les capsules doivent \u00eatre prises enti\u00e8res. Ne pas \u00e9craser, fendre, m\u00e2cher ou casser des capsules Slimtone.<\/p>\n<p>N&#8217;utilisez pas Slimtone pendant plus de 12 semaines cons\u00e9cutives, sauf indication contraire de votre m\u00e9decin. Il vous sera g\u00e9n\u00e9ralement demand\u00e9 de prendre une pause de 4 semaines avant de reprendre l&#8217;utilisation.<\/p>\n<p><strong>Effets secondaires<\/strong><br \/>\nUtilis\u00e9 correctement, et pas plus de 12 semaines de suite, Slimtone est bien tol\u00e9r\u00e9 et les effets secondaires sont tr\u00e8s rares.<\/p>\n<p>Bien que rares, des effets secondaires peuvent survenir. Les plus fr\u00e9quentes sont les flatulences, les douleurs abdominales l\u00e9g\u00e8res, la gastrite et la constipation.<\/p>\n<p>Si vous pr\u00e9sentez l&#8217;un de ces sympt\u00f4mes au cours des premiers jours d&#8217;utilisation de ce suppl\u00e9ment et si les effets persistent ou deviennent incommodants, informez-en votre m\u00e9decin le plus t\u00f4t possible.<\/p>\n<p><strong>Pr\u00e9cautions<\/strong><br \/>\nLes capsules Slimtone ne conviennent pas aux patients de moins de 18 ans.<\/p>\n<p>\u00c9vitez toute consommation de caf\u00e9ine, d&#8217;alcool et de tabac.<\/p>\n<p>Informez votre m\u00e9decin de vos allergies, de tout autre m\u00e9dicament que vous prenez (y compris vitamines et suppl\u00e9ments) et de tout autre probl\u00e8me de sant\u00e9 ou histoire m\u00e9dicale notable (notamment asthme, diab\u00e8te, maladies li\u00e9es au c\u0153ur \/ au sang \/ aux poumons \/ au foie \/ rein maladies).<\/p>\n","protected":false},"excerpt":{"rendered":"<p>Slimetone (extrait de Caralluma Fimbriata) &#8220;L\u2019extrait aide \u00e0 r\u00e9duire la faim chez les personnes ob\u00e8ses et r\u00e9duit ainsi le poids de fa\u00e7on efficace.<\/p>\n","protected":false},"featured_media":1797,"comment_status":"open","ping_status":"closed","template":"","meta":[],"pwb-brand":[],"product_brand":[],"product_cat":[28],"product_tag":[],"class_list":{"0":"post-1792","1":"product","2":"type-product","3":"status-publish","4":"has-post-thumbnail","6":"product_cat-produit-de-soin-minceur","7":"clearfix","9":"first","10":"instock","11":"taxable","12":"shipping-taxable","13":"purchasable","14":"product-type-variable"},"yoast_head":"<!-- This site is optimized with the Yoast SEO plugin v27.4 - https:\/\/yoast.com\/product\/yoast-seo-wordpress\/ -->\n<title>Slimtone (Caralluma Fimbriata Extract) 500Mg - La Pharmacie Express<\/title>\n<meta name=\"description\" content=\"Faite vos achats de Dysfonction \u00e9rectile, viagra, cialis, kamagra, levitra, vitamine produits de femme, antibiotique en toute discretion sur la pharamacie express en ligne, livraison gratuite.\" \/>\n<meta name=\"robots\" content=\"index, follow, max-snippet:-1, max-image-preview:large, max-video-preview:-1\" \/>\n<link rel=\"canonical\" href=\"https:\/\/lapharmaciexpress.com\/?product=slimtone-caralluma-fimbriata-extract-500mg\" \/>\n<meta property=\"og:locale\" content=\"fr_FR\" \/>\n<meta property=\"og:type\" content=\"article\" \/>\n<meta property=\"og:title\" content=\"Slimtone (Caralluma Fimbriata Extract) 500Mg - La Pharmacie Express\" \/>\n<meta property=\"og:description\" content=\"Faite vos achats de Dysfonction \u00e9rectile, viagra, cialis, kamagra, levitra, vitamine produits de femme, antibiotique en toute discretion sur la pharamacie express en ligne, livraison gratuite.\" \/>\n<meta property=\"og:url\" content=\"https:\/\/lapharmaciexpress.com\/?product=slimtone-caralluma-fimbriata-extract-500mg\" \/>\n<meta property=\"og:site_name\" content=\"La Pharmacie Express\" \/>\n<meta property=\"article:modified_time\" content=\"2023-07-15T11:44:53+00:00\" \/>\n<meta property=\"og:image\" content=\"https:\/\/lapharmaciexpress.com\/wp-content\/uploads\/2019\/06\/slimtone-Caralluma-Fimbriata.jpg\" \/>\n\t<meta property=\"og:image:width\" content=\"600\" \/>\n\t<meta property=\"og:image:height\" content=\"600\" \/>\n\t<meta property=\"og:image:type\" content=\"image\/jpeg\" \/>\n<meta name=\"twitter:card\" content=\"summary_large_image\" \/>\n<meta name=\"twitter:label1\" content=\"Dur\u00e9e de lecture estim\u00e9e\" \/>\n\t<meta name=\"twitter:data1\" content=\"2 minutes\" \/>\n<script type=\"application\/ld+json\" class=\"yoast-schema-graph\">{\"@context\":\"https:\\\/\\\/schema.org\",\"@graph\":[{\"@type\":\"WebPage\",\"@id\":\"https:\\\/\\\/lapharmaciexpress.com\\\/?product=slimtone-caralluma-fimbriata-extract-500mg\",\"url\":\"https:\\\/\\\/lapharmaciexpress.com\\\/?product=slimtone-caralluma-fimbriata-extract-500mg\",\"name\":\"Slimtone (Caralluma Fimbriata Extract) 500Mg - La Pharmacie Express\",\"isPartOf\":{\"@id\":\"https:\\\/\\\/lapharmaciexpress.com\\\/#website\"},\"primaryImageOfPage\":{\"@id\":\"https:\\\/\\\/lapharmaciexpress.com\\\/?product=slimtone-caralluma-fimbriata-extract-500mg#primaryimage\"},\"image\":{\"@id\":\"https:\\\/\\\/lapharmaciexpress.com\\\/?product=slimtone-caralluma-fimbriata-extract-500mg#primaryimage\"},\"thumbnailUrl\":\"https:\\\/\\\/lapharmaciexpress.com\\\/wp-content\\\/uploads\\\/2019\\\/06\\\/slimtone-Caralluma-Fimbriata.jpg?wsr\",\"datePublished\":\"2019-06-18T12:54:02+00:00\",\"dateModified\":\"2023-07-15T11:44:53+00:00\",\"description\":\"Faite vos achats de Dysfonction \u00e9rectile, viagra, cialis, kamagra, levitra, vitamine produits de femme, antibiotique en toute discretion sur la pharamacie express en ligne, livraison gratuite.\",\"breadcrumb\":{\"@id\":\"https:\\\/\\\/lapharmaciexpress.com\\\/?product=slimtone-caralluma-fimbriata-extract-500mg#breadcrumb\"},\"inLanguage\":\"fr-FR\",\"potentialAction\":[{\"@type\":\"ReadAction\",\"target\":[\"https:\\\/\\\/lapharmaciexpress.com\\\/?product=slimtone-caralluma-fimbriata-extract-500mg\"]}]},{\"@type\":\"ImageObject\",\"inLanguage\":\"fr-FR\",\"@id\":\"https:\\\/\\\/lapharmaciexpress.com\\\/?product=slimtone-caralluma-fimbriata-extract-500mg#primaryimage\",\"url\":\"https:\\\/\\\/lapharmaciexpress.com\\\/wp-content\\\/uploads\\\/2019\\\/06\\\/slimtone-Caralluma-Fimbriata.jpg?wsr\",\"contentUrl\":\"https:\\\/\\\/lapharmaciexpress.com\\\/wp-content\\\/uploads\\\/2019\\\/06\\\/slimtone-Caralluma-Fimbriata.jpg?wsr\",\"width\":600,\"height\":600},{\"@type\":\"BreadcrumbList\",\"@id\":\"https:\\\/\\\/lapharmaciexpress.com\\\/?product=slimtone-caralluma-fimbriata-extract-500mg#breadcrumb\",\"itemListElement\":[{\"@type\":\"ListItem\",\"position\":1,\"name\":\"Accueil\",\"item\":\"https:\\\/\\\/lapharmaciexpress.com\\\/\"},{\"@type\":\"ListItem\",\"position\":2,\"name\":\"Boutique\",\"item\":\"https:\\\/\\\/lapharmaciexpress.com\\\/?page_id=6\"},{\"@type\":\"ListItem\",\"position\":3,\"name\":\"Slimtone (Caralluma Fimbriata Extract) 500Mg\"}]},{\"@type\":\"WebSite\",\"@id\":\"https:\\\/\\\/lapharmaciexpress.com\\\/#website\",\"url\":\"https:\\\/\\\/lapharmaciexpress.com\\\/\",\"name\":\"La Pharmacie Express\",\"description\":\"La pharmacie en ligne\",\"publisher\":{\"@id\":\"https:\\\/\\\/lapharmaciexpress.com\\\/#organization\"},\"potentialAction\":[{\"@type\":\"SearchAction\",\"target\":{\"@type\":\"EntryPoint\",\"urlTemplate\":\"https:\\\/\\\/lapharmaciexpress.com\\\/?s={search_term_string}\"},\"query-input\":{\"@type\":\"PropertyValueSpecification\",\"valueRequired\":true,\"valueName\":\"search_term_string\"}}],\"inLanguage\":\"fr-FR\"},{\"@type\":\"Organization\",\"@id\":\"https:\\\/\\\/lapharmaciexpress.com\\\/#organization\",\"name\":\"La Pharmacie Express\",\"url\":\"https:\\\/\\\/lapharmaciexpress.com\\\/\",\"logo\":{\"@type\":\"ImageObject\",\"inLanguage\":\"fr-FR\",\"@id\":\"https:\\\/\\\/lapharmaciexpress.com\\\/#\\\/schema\\\/logo\\\/image\\\/\",\"url\":\"https:\\\/\\\/lapharmaciexpress.com\\\/wp-content\\\/uploads\\\/2019\\\/07\\\/ico-Lapharmacie-express.png\",\"contentUrl\":\"https:\\\/\\\/lapharmaciexpress.com\\\/wp-content\\\/uploads\\\/2019\\\/07\\\/ico-Lapharmacie-express.png\",\"width\":362,\"height\":300,\"caption\":\"La Pharmacie Express\"},\"image\":{\"@id\":\"https:\\\/\\\/lapharmaciexpress.com\\\/#\\\/schema\\\/logo\\\/image\\\/\"}}]}<\/script>\n<!-- \/ Yoast SEO plugin. -->","yoast_head_json":{"title":"Slimtone (Caralluma Fimbriata Extract) 500Mg - La Pharmacie Express","description":"Faite vos achats de Dysfonction \u00e9rectile, viagra, cialis, kamagra, levitra, vitamine produits de femme, antibiotique en toute discretion sur la pharamacie express en ligne, livraison gratuite.","robots":{"index":"index","follow":"follow","max-snippet":"max-snippet:-1","max-image-preview":"max-image-preview:large","max-video-preview":"max-video-preview:-1"},"canonical":"https:\/\/lapharmaciexpress.com\/?product=slimtone-caralluma-fimbriata-extract-500mg","og_locale":"fr_FR","og_type":"article","og_title":"Slimtone (Caralluma Fimbriata Extract) 500Mg - La Pharmacie Express","og_description":"Faite vos achats de Dysfonction \u00e9rectile, viagra, cialis, kamagra, levitra, vitamine produits de femme, antibiotique en toute discretion sur la pharamacie express en ligne, livraison gratuite.","og_url":"https:\/\/lapharmaciexpress.com\/?product=slimtone-caralluma-fimbriata-extract-500mg","og_site_name":"La Pharmacie Express","article_modified_time":"2023-07-15T11:44:53+00:00","og_image":[{"width":600,"height":600,"url":"https:\/\/lapharmaciexpress.com\/wp-content\/uploads\/2019\/06\/slimtone-Caralluma-Fimbriata.jpg","type":"image\/jpeg"}],"twitter_card":"summary_large_image","twitter_misc":{"Dur\u00e9e de lecture estim\u00e9e":"2 minutes"},"schema":{"@context":"https:\/\/schema.org","@graph":[{"@type":"WebPage","@id":"https:\/\/lapharmaciexpress.com\/?product=slimtone-caralluma-fimbriata-extract-500mg","url":"https:\/\/lapharmaciexpress.com\/?product=slimtone-caralluma-fimbriata-extract-500mg","name":"Slimtone (Caralluma Fimbriata Extract) 500Mg - La Pharmacie Express","isPartOf":{"@id":"https:\/\/lapharmaciexpress.com\/#website"},"primaryImageOfPage":{"@id":"https:\/\/lapharmaciexpress.com\/?product=slimtone-caralluma-fimbriata-extract-500mg#primaryimage"},"image":{"@id":"https:\/\/lapharmaciexpress.com\/?product=slimtone-caralluma-fimbriata-extract-500mg#primaryimage"},"thumbnailUrl":"https:\/\/lapharmaciexpress.com\/wp-content\/uploads\/2019\/06\/slimtone-Caralluma-Fimbriata.jpg?wsr","datePublished":"2019-06-18T12:54:02+00:00","dateModified":"2023-07-15T11:44:53+00:00","description":"Faite vos achats de Dysfonction \u00e9rectile, viagra, cialis, kamagra, levitra, vitamine produits de femme, antibiotique en toute discretion sur la pharamacie express en ligne, livraison gratuite.","breadcrumb":{"@id":"https:\/\/lapharmaciexpress.com\/?product=slimtone-caralluma-fimbriata-extract-500mg#breadcrumb"},"inLanguage":"fr-FR","potentialAction":[{"@type":"ReadAction","target":["https:\/\/lapharmaciexpress.com\/?product=slimtone-caralluma-fimbriata-extract-500mg"]}]},{"@type":"ImageObject","inLanguage":"fr-FR","@id":"https:\/\/lapharmaciexpress.com\/?product=slimtone-caralluma-fimbriata-extract-500mg#primaryimage","url":"https:\/\/lapharmaciexpress.com\/wp-content\/uploads\/2019\/06\/slimtone-Caralluma-Fimbriata.jpg?wsr","contentUrl":"https:\/\/lapharmaciexpress.com\/wp-content\/uploads\/2019\/06\/slimtone-Caralluma-Fimbriata.jpg?wsr","width":600,"height":600},{"@type":"BreadcrumbList","@id":"https:\/\/lapharmaciexpress.com\/?product=slimtone-caralluma-fimbriata-extract-500mg#breadcrumb","itemListElement":[{"@type":"ListItem","position":1,"name":"Accueil","item":"https:\/\/lapharmaciexpress.com\/"},{"@type":"ListItem","position":2,"name":"Boutique","item":"https:\/\/lapharmaciexpress.com\/?page_id=6"},{"@type":"ListItem","position":3,"name":"Slimtone (Caralluma Fimbriata Extract) 500Mg"}]},{"@type":"WebSite","@id":"https:\/\/lapharmaciexpress.com\/#website","url":"https:\/\/lapharmaciexpress.com\/","name":"La Pharmacie Express","description":"La pharmacie en ligne","publisher":{"@id":"https:\/\/lapharmaciexpress.com\/#organization"},"potentialAction":[{"@type":"SearchAction","target":{"@type":"EntryPoint","urlTemplate":"https:\/\/lapharmaciexpress.com\/?s={search_term_string}"},"query-input":{"@type":"PropertyValueSpecification","valueRequired":true,"valueName":"search_term_string"}}],"inLanguage":"fr-FR"},{"@type":"Organization","@id":"https:\/\/lapharmaciexpress.com\/#organization","name":"La Pharmacie Express","url":"https:\/\/lapharmaciexpress.com\/","logo":{"@type":"ImageObject","inLanguage":"fr-FR","@id":"https:\/\/lapharmaciexpress.com\/#\/schema\/logo\/image\/","url":"https:\/\/lapharmaciexpress.com\/wp-content\/uploads\/2019\/07\/ico-Lapharmacie-express.png","contentUrl":"https:\/\/lapharmaciexpress.com\/wp-content\/uploads\/2019\/07\/ico-Lapharmacie-express.png","width":362,"height":300,"caption":"La Pharmacie Express"},"image":{"@id":"https:\/\/lapharmaciexpress.com\/#\/schema\/logo\/image\/"}}]}},"jetpack_sharing_enabled":true,"brands":[],"_links":{"self":[{"href":"https:\/\/lapharmaciexpress.com\/index.php?rest_route=\/wp\/v2\/product\/1792","targetHints":{"allow":["GET"]}}],"collection":[{"href":"https:\/\/lapharmaciexpress.com\/index.php?rest_route=\/wp\/v2\/product"}],"about":[{"href":"https:\/\/lapharmaciexpress.com\/index.php?rest_route=\/wp\/v2\/types\/product"}],"replies":[{"embeddable":true,"href":"https:\/\/lapharmaciexpress.com\/index.php?rest_route=%2Fwp%2Fv2%2Fcomments&post=1792"}],"wp:featuredmedia":[{"embeddable":true,"href":"https:\/\/lapharmaciexpress.com\/index.php?rest_route=\/wp\/v2\/media\/1797"}],"wp:attachment":[{"href":"https:\/\/lapharmaciexpress.com\/index.php?rest_route=%2Fwp%2Fv2%2Fmedia&parent=1792"}],"wp:term":[{"taxonomy":"pwb-brand","embeddable":true,"href":"https:\/\/lapharmaciexpress.com\/index.php?rest_route=%2Fwp%2Fv2%2Fpwb-brand&post=1792"},{"taxonomy":"product_brand","embeddable":true,"href":"https:\/\/lapharmaciexpress.com\/index.php?rest_route=%2Fwp%2Fv2%2Fproduct_brand&post=1792"},{"taxonomy":"product_cat","embeddable":true,"href":"https:\/\/lapharmaciexpress.com\/index.php?rest_route=%2Fwp%2Fv2%2Fproduct_cat&post=1792"},{"taxonomy":"product_tag","embeddable":true,"href":"https:\/\/lapharmaciexpress.com\/index.php?rest_route=%2Fwp%2Fv2%2Fproduct_tag&post=1792"}],"curies":[{"name":"wp","href":"https:\/\/api.w.org\/{rel}","templated":true}]}}