{"id":2419,"date":"2019-07-16T14:02:13","date_gmt":"2019-07-16T12:02:13","guid":{"rendered":"http:\/\/lapharmaciexpress.com\/?post_type=product&#038;p=2419"},"modified":"2025-11-23T20:31:30","modified_gmt":"2025-11-23T19:31:30","slug":"yagara","status":"publish","type":"product","link":"https:\/\/lapharmaciexpress.com\/?product=yagara","title":{"rendered":"Yagara"},"content":{"rendered":"<p>Yagara est fabriqu\u00e9 \u00e0 partir des herbes les plus \u00e9rotiques du monde. C&#8217;est un tr\u00e8s puissant stimulateur sanguin qui force le sang \u00e0 p\u00e9n\u00e9trer dans la chambre du p\u00e9nis lors de l&#8217;excitation, pendant une p\u00e9riode prolong\u00e9e, g\u00e9n\u00e9ralement 90 jours. L&#8217;afflux continu de sang suppl\u00e9mentaire dans ces cambers augmente lentement l&#8217;endurance, le plaisir et la tenue.<\/p>\n<h4>INSTRUCTIONS<\/h4>\n<p>Utilisez Yagara conform\u00e9ment aux prescriptions de votre m\u00e9decin.<\/p>\n<p>Ne pas utiliser en quantit\u00e9s plus grandes ou plus petites ou plus longtemps que recommand\u00e9.<br \/>\nPrendre 1 ou 2 capsules pendant le petit-d\u00e9jeuner, 1 ou 2 capsules avant d&#8217;aller au lit. Prenez-le avec du lait ou du jus, ou comme dirig\u00e9 par votre professionnel de la sant\u00e9.<br \/>\nSi vous manquez une dose de Yagara, utilisez-la d\u00e8s que possible. S&#8217;il est presque l&#8217;heure de votre prochaine dose, sautez la dose oubli\u00e9e et reprenez votre programme de dosage habituel. Ne pas utiliser 2 doses \u00e0 la fois.<br \/>\nDemandez \u00e0 votre fournisseur de soins de sant\u00e9 toutes les questions que vous pourriez avoir sur l&#8217;utilisation de Yagara.<\/p>\n<h4>CONSERVATION<\/h4>\n<p>Stocker Yagara \u00e0 77 degr\u00e9s F (25 degr\u00e9s C). Un stockage bref entre 15 et 30 degr\u00e9s C (59 et 86 \u00b0 F) est autoris\u00e9. Conserver \u00e0 l&#8217;abri de la chaleur, de l&#8217;humidit\u00e9 et de la lumi\u00e8re. Ne pas stocker dans la salle de bain. Gardez Yagara hors de la port\u00e9e des enfants.<\/p>\n<h4>INGREDIENTS<\/h4>\n<p>Ingr\u00e9dients: Ashwagandha, Kavach Beej, Shilajit, Lata Karanj, Vidhara Beej, Jay Phal (noix de muscade), Lata Karanj, Vidhara Beej, Akkal Kara<\/p>\n<h4>EFFETS SECONDAIRES<\/h4>\n<p>N&#8217;utilisez pas Yagara si:<br \/>\nvous \u00eates allergique \u00e0 l&#8217;un des ingr\u00e9dients de Yagara.<br \/>\nCertaines conditions m\u00e9dicales peuvent interagir avec Yagara. Informez votre m\u00e9decin ou votre pharmacien si vous avez des probl\u00e8mes de sant\u00e9, notamment si l&#8217;une des situations suivantes vous concerne:<br \/>\nsi vous prenez des m\u00e9dicaments sur ordonnance ou en vente libre, une pr\u00e9paration \u00e0 base de plantes ou un compl\u00e9ment alimentaire<br \/>\nsi vous avez des allergies \u00e0 des m\u00e9dicaments, des aliments ou d\u2019autres substances.<br \/>\nInformations de s\u00e9curit\u00e9 importantes:<br \/>\nYagara ne devrait \u00eatre pris que par les hommes. Il n&#8217;est pas destin\u00e9 aux femmes.<br \/>\nAssurez-vous que vous n&#8217;\u00eates pas allergique \u00e0 l&#8217;un des composants de Yagara.<\/p>\n","protected":false},"excerpt":{"rendered":"<p>Yagara (\u00e9galement connu sous le nom de Viagra naturel) est un produit \u00e0 base de plantes con\u00e7u pour aider les hommes souffrant de dysfonctionnements \u00e9rectiles et d\u2019une faible libido. Yagara (Viagra naturel) agit en augmentant le flux sanguin vers le p\u00e9nis et en r\u00e9gulant le processus d\u2019excitation sexuelle masculine. Ce m\u00e9dicament est d\u00e9livr\u00e9 sans ordonnance et ne provoque aucun effet secondaire si la posologie recommand\u00e9e est respect\u00e9e. On peut faire enti\u00e8rement confiance \u00e0 Yagara,et les r\u00e9sultats ne tarderont pas \u00e0 se faire sentir. D\u00e9cuplez votre libido avec Yagara<\/p>\n","protected":false},"featured_media":2423,"comment_status":"open","ping_status":"closed","template":"","meta":[],"pwb-brand":[],"product_brand":[],"product_cat":[19],"product_tag":[169],"class_list":{"0":"post-2419","1":"product","2":"type-product","3":"status-publish","4":"has-post-thumbnail","6":"product_cat-dysfonction-erectile","7":"product_tag-herbal","8":"clearfix","10":"first","11":"instock","12":"taxable","13":"shipping-taxable","14":"purchasable","15":"product-type-variable"},"yoast_head":"<!-- This site is optimized with the Yoast SEO plugin v27.4 - https:\/\/yoast.com\/product\/yoast-seo-wordpress\/ -->\n<title>Yagara - La Pharmacie Express<\/title>\n<meta name=\"description\" content=\"Faite vos achats de Dysfonction \u00e9rectile, viagra, cialis, kamagra, levitra, vitamine produits de femme, antibiotique en toute discretion sur la pharamacie express en ligne, livraison gratuite.\" \/>\n<meta name=\"robots\" content=\"index, follow, max-snippet:-1, max-image-preview:large, max-video-preview:-1\" \/>\n<link rel=\"canonical\" href=\"https:\/\/lapharmaciexpress.com\/?product=yagara\" \/>\n<meta property=\"og:locale\" content=\"fr_FR\" \/>\n<meta property=\"og:type\" content=\"article\" \/>\n<meta property=\"og:title\" content=\"Yagara - La Pharmacie Express\" \/>\n<meta property=\"og:description\" content=\"Faite vos achats de Dysfonction \u00e9rectile, viagra, cialis, kamagra, levitra, vitamine produits de femme, antibiotique en toute discretion sur la pharamacie express en ligne, livraison gratuite.\" \/>\n<meta property=\"og:url\" content=\"https:\/\/lapharmaciexpress.com\/?product=yagara\" \/>\n<meta property=\"og:site_name\" content=\"La Pharmacie Express\" \/>\n<meta property=\"article:modified_time\" content=\"2025-11-23T19:31:30+00:00\" \/>\n<meta property=\"og:image\" content=\"https:\/\/lapharmaciexpress.com\/wp-content\/uploads\/2019\/07\/yagara.jpg?wsr\" \/>\n\t<meta property=\"og:image:width\" content=\"550\" \/>\n\t<meta property=\"og:image:height\" content=\"550\" \/>\n\t<meta property=\"og:image:type\" content=\"image\/jpeg\" \/>\n<meta name=\"twitter:card\" content=\"summary_large_image\" \/>\n<meta name=\"twitter:label1\" content=\"Dur\u00e9e de lecture estim\u00e9e\" \/>\n\t<meta name=\"twitter:data1\" content=\"2 minutes\" \/>\n<script type=\"application\/ld+json\" class=\"yoast-schema-graph\">{\"@context\":\"https:\\\/\\\/schema.org\",\"@graph\":[{\"@type\":\"WebPage\",\"@id\":\"https:\\\/\\\/lapharmaciexpress.com\\\/?product=yagara\",\"url\":\"https:\\\/\\\/lapharmaciexpress.com\\\/?product=yagara\",\"name\":\"Yagara - La Pharmacie Express\",\"isPartOf\":{\"@id\":\"https:\\\/\\\/lapharmaciexpress.com\\\/#website\"},\"primaryImageOfPage\":{\"@id\":\"https:\\\/\\\/lapharmaciexpress.com\\\/?product=yagara#primaryimage\"},\"image\":{\"@id\":\"https:\\\/\\\/lapharmaciexpress.com\\\/?product=yagara#primaryimage\"},\"thumbnailUrl\":\"https:\\\/\\\/lapharmaciexpress.com\\\/wp-content\\\/uploads\\\/2019\\\/07\\\/yagara.jpg?wsr\",\"datePublished\":\"2019-07-16T12:02:13+00:00\",\"dateModified\":\"2025-11-23T19:31:30+00:00\",\"description\":\"Faite vos achats de Dysfonction \u00e9rectile, viagra, cialis, kamagra, levitra, vitamine produits de femme, antibiotique en toute discretion sur la pharamacie express en ligne, livraison gratuite.\",\"breadcrumb\":{\"@id\":\"https:\\\/\\\/lapharmaciexpress.com\\\/?product=yagara#breadcrumb\"},\"inLanguage\":\"fr-FR\",\"potentialAction\":[{\"@type\":\"ReadAction\",\"target\":[\"https:\\\/\\\/lapharmaciexpress.com\\\/?product=yagara\"]}]},{\"@type\":\"ImageObject\",\"inLanguage\":\"fr-FR\",\"@id\":\"https:\\\/\\\/lapharmaciexpress.com\\\/?product=yagara#primaryimage\",\"url\":\"https:\\\/\\\/lapharmaciexpress.com\\\/wp-content\\\/uploads\\\/2019\\\/07\\\/yagara.jpg?wsr\",\"contentUrl\":\"https:\\\/\\\/lapharmaciexpress.com\\\/wp-content\\\/uploads\\\/2019\\\/07\\\/yagara.jpg?wsr\",\"width\":550,\"height\":550},{\"@type\":\"BreadcrumbList\",\"@id\":\"https:\\\/\\\/lapharmaciexpress.com\\\/?product=yagara#breadcrumb\",\"itemListElement\":[{\"@type\":\"ListItem\",\"position\":1,\"name\":\"Accueil\",\"item\":\"https:\\\/\\\/lapharmaciexpress.com\\\/\"},{\"@type\":\"ListItem\",\"position\":2,\"name\":\"Boutique\",\"item\":\"https:\\\/\\\/lapharmaciexpress.com\\\/?page_id=6\"},{\"@type\":\"ListItem\",\"position\":3,\"name\":\"Yagara\"}]},{\"@type\":\"WebSite\",\"@id\":\"https:\\\/\\\/lapharmaciexpress.com\\\/#website\",\"url\":\"https:\\\/\\\/lapharmaciexpress.com\\\/\",\"name\":\"La Pharmacie Express\",\"description\":\"La pharmacie en ligne\",\"publisher\":{\"@id\":\"https:\\\/\\\/lapharmaciexpress.com\\\/#organization\"},\"potentialAction\":[{\"@type\":\"SearchAction\",\"target\":{\"@type\":\"EntryPoint\",\"urlTemplate\":\"https:\\\/\\\/lapharmaciexpress.com\\\/?s={search_term_string}\"},\"query-input\":{\"@type\":\"PropertyValueSpecification\",\"valueRequired\":true,\"valueName\":\"search_term_string\"}}],\"inLanguage\":\"fr-FR\"},{\"@type\":\"Organization\",\"@id\":\"https:\\\/\\\/lapharmaciexpress.com\\\/#organization\",\"name\":\"La Pharmacie Express\",\"url\":\"https:\\\/\\\/lapharmaciexpress.com\\\/\",\"logo\":{\"@type\":\"ImageObject\",\"inLanguage\":\"fr-FR\",\"@id\":\"https:\\\/\\\/lapharmaciexpress.com\\\/#\\\/schema\\\/logo\\\/image\\\/\",\"url\":\"https:\\\/\\\/lapharmaciexpress.com\\\/wp-content\\\/uploads\\\/2019\\\/07\\\/ico-Lapharmacie-express.png\",\"contentUrl\":\"https:\\\/\\\/lapharmaciexpress.com\\\/wp-content\\\/uploads\\\/2019\\\/07\\\/ico-Lapharmacie-express.png\",\"width\":362,\"height\":300,\"caption\":\"La Pharmacie Express\"},\"image\":{\"@id\":\"https:\\\/\\\/lapharmaciexpress.com\\\/#\\\/schema\\\/logo\\\/image\\\/\"}}]}<\/script>\n<!-- \/ Yoast SEO plugin. -->","yoast_head_json":{"title":"Yagara - La Pharmacie Express","description":"Faite vos achats de Dysfonction \u00e9rectile, viagra, cialis, kamagra, levitra, vitamine produits de femme, antibiotique en toute discretion sur la pharamacie express en ligne, livraison gratuite.","robots":{"index":"index","follow":"follow","max-snippet":"max-snippet:-1","max-image-preview":"max-image-preview:large","max-video-preview":"max-video-preview:-1"},"canonical":"https:\/\/lapharmaciexpress.com\/?product=yagara","og_locale":"fr_FR","og_type":"article","og_title":"Yagara - La Pharmacie Express","og_description":"Faite vos achats de Dysfonction \u00e9rectile, viagra, cialis, kamagra, levitra, vitamine produits de femme, antibiotique en toute discretion sur la pharamacie express en ligne, livraison gratuite.","og_url":"https:\/\/lapharmaciexpress.com\/?product=yagara","og_site_name":"La Pharmacie Express","article_modified_time":"2025-11-23T19:31:30+00:00","og_image":[{"width":550,"height":550,"url":"https:\/\/lapharmaciexpress.com\/wp-content\/uploads\/2019\/07\/yagara.jpg?wsr","type":"image\/jpeg"}],"twitter_card":"summary_large_image","twitter_misc":{"Dur\u00e9e de lecture estim\u00e9e":"2 minutes"},"schema":{"@context":"https:\/\/schema.org","@graph":[{"@type":"WebPage","@id":"https:\/\/lapharmaciexpress.com\/?product=yagara","url":"https:\/\/lapharmaciexpress.com\/?product=yagara","name":"Yagara - La Pharmacie Express","isPartOf":{"@id":"https:\/\/lapharmaciexpress.com\/#website"},"primaryImageOfPage":{"@id":"https:\/\/lapharmaciexpress.com\/?product=yagara#primaryimage"},"image":{"@id":"https:\/\/lapharmaciexpress.com\/?product=yagara#primaryimage"},"thumbnailUrl":"https:\/\/lapharmaciexpress.com\/wp-content\/uploads\/2019\/07\/yagara.jpg?wsr","datePublished":"2019-07-16T12:02:13+00:00","dateModified":"2025-11-23T19:31:30+00:00","description":"Faite vos achats de Dysfonction \u00e9rectile, viagra, cialis, kamagra, levitra, vitamine produits de femme, antibiotique en toute discretion sur la pharamacie express en ligne, livraison gratuite.","breadcrumb":{"@id":"https:\/\/lapharmaciexpress.com\/?product=yagara#breadcrumb"},"inLanguage":"fr-FR","potentialAction":[{"@type":"ReadAction","target":["https:\/\/lapharmaciexpress.com\/?product=yagara"]}]},{"@type":"ImageObject","inLanguage":"fr-FR","@id":"https:\/\/lapharmaciexpress.com\/?product=yagara#primaryimage","url":"https:\/\/lapharmaciexpress.com\/wp-content\/uploads\/2019\/07\/yagara.jpg?wsr","contentUrl":"https:\/\/lapharmaciexpress.com\/wp-content\/uploads\/2019\/07\/yagara.jpg?wsr","width":550,"height":550},{"@type":"BreadcrumbList","@id":"https:\/\/lapharmaciexpress.com\/?product=yagara#breadcrumb","itemListElement":[{"@type":"ListItem","position":1,"name":"Accueil","item":"https:\/\/lapharmaciexpress.com\/"},{"@type":"ListItem","position":2,"name":"Boutique","item":"https:\/\/lapharmaciexpress.com\/?page_id=6"},{"@type":"ListItem","position":3,"name":"Yagara"}]},{"@type":"WebSite","@id":"https:\/\/lapharmaciexpress.com\/#website","url":"https:\/\/lapharmaciexpress.com\/","name":"La Pharmacie Express","description":"La pharmacie en ligne","publisher":{"@id":"https:\/\/lapharmaciexpress.com\/#organization"},"potentialAction":[{"@type":"SearchAction","target":{"@type":"EntryPoint","urlTemplate":"https:\/\/lapharmaciexpress.com\/?s={search_term_string}"},"query-input":{"@type":"PropertyValueSpecification","valueRequired":true,"valueName":"search_term_string"}}],"inLanguage":"fr-FR"},{"@type":"Organization","@id":"https:\/\/lapharmaciexpress.com\/#organization","name":"La Pharmacie Express","url":"https:\/\/lapharmaciexpress.com\/","logo":{"@type":"ImageObject","inLanguage":"fr-FR","@id":"https:\/\/lapharmaciexpress.com\/#\/schema\/logo\/image\/","url":"https:\/\/lapharmaciexpress.com\/wp-content\/uploads\/2019\/07\/ico-Lapharmacie-express.png","contentUrl":"https:\/\/lapharmaciexpress.com\/wp-content\/uploads\/2019\/07\/ico-Lapharmacie-express.png","width":362,"height":300,"caption":"La Pharmacie Express"},"image":{"@id":"https:\/\/lapharmaciexpress.com\/#\/schema\/logo\/image\/"}}]}},"jetpack_sharing_enabled":true,"brands":[],"_links":{"self":[{"href":"https:\/\/lapharmaciexpress.com\/index.php?rest_route=\/wp\/v2\/product\/2419","targetHints":{"allow":["GET"]}}],"collection":[{"href":"https:\/\/lapharmaciexpress.com\/index.php?rest_route=\/wp\/v2\/product"}],"about":[{"href":"https:\/\/lapharmaciexpress.com\/index.php?rest_route=\/wp\/v2\/types\/product"}],"replies":[{"embeddable":true,"href":"https:\/\/lapharmaciexpress.com\/index.php?rest_route=%2Fwp%2Fv2%2Fcomments&post=2419"}],"wp:featuredmedia":[{"embeddable":true,"href":"https:\/\/lapharmaciexpress.com\/index.php?rest_route=\/wp\/v2\/media\/2423"}],"wp:attachment":[{"href":"https:\/\/lapharmaciexpress.com\/index.php?rest_route=%2Fwp%2Fv2%2Fmedia&parent=2419"}],"wp:term":[{"taxonomy":"pwb-brand","embeddable":true,"href":"https:\/\/lapharmaciexpress.com\/index.php?rest_route=%2Fwp%2Fv2%2Fpwb-brand&post=2419"},{"taxonomy":"product_brand","embeddable":true,"href":"https:\/\/lapharmaciexpress.com\/index.php?rest_route=%2Fwp%2Fv2%2Fproduct_brand&post=2419"},{"taxonomy":"product_cat","embeddable":true,"href":"https:\/\/lapharmaciexpress.com\/index.php?rest_route=%2Fwp%2Fv2%2Fproduct_cat&post=2419"},{"taxonomy":"product_tag","embeddable":true,"href":"https:\/\/lapharmaciexpress.com\/index.php?rest_route=%2Fwp%2Fv2%2Fproduct_tag&post=2419"}],"curies":[{"name":"wp","href":"https:\/\/api.w.org\/{rel}","templated":true}]}}