{"id":2425,"date":"2019-07-16T14:52:03","date_gmt":"2019-07-16T12:52:03","guid":{"rendered":"http:\/\/lapharmaciexpress.com\/?post_type=product&#038;p=2425"},"modified":"2023-07-15T13:43:56","modified_gmt":"2023-07-15T11:43:56","slug":"enhance9","status":"publish","type":"product","link":"https:\/\/lapharmaciexpress.com\/?product=enhance9","title":{"rendered":"Enhance9"},"content":{"rendered":"<p>Enhance9 est un suppl\u00e9ment d\u2019am\u00e9lioration de la puissance qui donne une \u00e9rection meilleure, plus forte et plus dure. Il contient 16 ingr\u00e9dients \u00e0 base de plantes qui augmentent l&#8217;endurance sexuelle et le flux de sang dans votre p\u00e9nis. Enhance9 est con\u00e7u pour aider \u00e0 am\u00e9liorer la satisfaction sexuelle. Son utilisation est s\u00fbre et efficace.<\/p>\n<h4>Comment fonctionne Enhance9?<\/h4>\n<p>Enhance9 contient des ingr\u00e9dients naturels \u00e0 base de plantes. Ce sont les suivantes:<\/p>\n<p>Fruit de Cayenne &#8211; Il aide \u00e0 am\u00e9liorer la circulation sanguine. Il agit comme un am\u00e9liorateur de l&#8217;humeur et renforce votre syst\u00e8me immunitaire.<br \/>\nDamiana &#8211; Cet ingr\u00e9dient utilis\u00e9 pour la stimulation sexuelle chez les hommes et les femmes.<br \/>\nGinseng &#8211; Une herbe c\u00e9l\u00e8bre utilis\u00e9e pour la sant\u00e9 en g\u00e9n\u00e9ral. Cela aide \u00e0 promouvoir la performance sexuelle.<br \/>\nGinkgo Biloba &#8211; Contient une propri\u00e9t\u00e9 anti-oxydante. Il a la capacit\u00e9 de garder votre flux sanguin lisse.<br \/>\nHawthorn Berry &#8211; Il agit pour am\u00e9liorer la circulation sanguine.<br \/>\nHorny Goat Weed &#8211; am\u00e9liore la performance sexuelle.<br \/>\nL-Arginine &#8211; Il agit comme un acide amin\u00e9. Il am\u00e9liore la circulation du sang dans le corps.<br \/>\nMuira Puama &#8211; \u00e9galement appel\u00e9 Viagra. C&#8217;est une plante \u00e9nergisante. Il est connu comme le rem\u00e8de g\u00e9n\u00e9ral au probl\u00e8me sexuel.<br \/>\nVitamines E et B3 &#8211; sert de vitamines stimulant la libido. Cela fonctionne pour augmenter l&#8217;humeur et la performance sexuelle. La vitamine E augmente l&#8217;oxyg\u00e8ne au p\u00e9nis.<\/p>\n<h4>Comment utiliser Enhance9?<\/h4>\n<p>Enhance9 se pr\u00e9sente sous forme de tablette. Vous devez prendre le m\u00e9dicament par voie orale. La posologie habituelle de ce suppl\u00e9ment est une fois par jour. Prenez ce m\u00e9dicament une heure avant une activit\u00e9 sexuelle. Vous pouvez prendre ce m\u00e9dicament avant \/ apr\u00e8s un repas. Avalez le comprim\u00e9 dans son ensemble avec de l&#8217;eau. Prenez Enhance9 pendant au moins 3 mois pour obtenir l\u2019efficacit\u00e9 souhait\u00e9e.<\/p>\n<h4>Quels sont les effets secondaires d&#8217;Enhnace9?<\/h4>\n<p>Enhance9 ne provoque pas d&#8217;effets secondaires. Ce m\u00e9dicament contient tous les ingr\u00e9dients naturels \u00e0 base de plantes. Du c\u00f4t\u00e9 de certaines personnes sensibles, des effets peuvent survenir tels que:<br \/>\nVertiges<br \/>\nUn mal de t\u00eate<br \/>\nBouff\u00e9es de chaleur<br \/>\nCourbatures<br \/>\nCongestion<br \/>\nProbl\u00e8me digestif<\/p>\n<h4>Avertissement et pr\u00e9caution<\/h4>\n<p>Si vous souffrez de troubles m\u00e9dicaux, consultez votre m\u00e9decin avant de prendre ce m\u00e9dicament.<br \/>\nNe pas d\u00e9passer la limite d&#8217;utilisation du m\u00e9dicament.<br \/>\nBuvez plus d&#8217;eau \/ de liquides pour \u00e9viter la d\u00e9shydratation.<br \/>\n\u00c9vitez de consommer de l&#8217;alcool pendant que vous utilisez ce m\u00e9dicament.<br \/>\nArr\u00eater de fumer.<\/p>\n","protected":false},"excerpt":{"rendered":"<p>Enhance9 est un suppl\u00e9ment de valorisation des hommes. C\u2019est un m\u00e9dicament prescrit aux hommes pour am\u00e9liorer leur \u00e9rection et leur exp\u00e9rience sexuelle. Ce suppl\u00e9ment est efficace pour stimuler l\u2019endurance sexuelle des hommes et procure une bonne satisfaction sexuelle. Enhance9 vous apportera les avantages suivants:<br \/>\nIl am\u00e9liore l&#8217;\u00e9rection en augmentant la longueur du p\u00e9nis.<br \/>\nContient des ingr\u00e9dients 100% naturels.<br \/>\nIl donne une \u00e9rection dure, ferme et durable.<br \/>\nCela aide de rester plus longtemps au lit.<br \/>\nCela am\u00e9liore votre libido.<br \/>\nCela rend votre orgasme plus puissant.<br \/>\nVotre partenaire et vous-m\u00eame serez rassasi\u00e9s au lit.<br \/>\nIl emp\u00eache l&#8217;\u00e9jaculation pr\u00e9matur\u00e9e.<\/p>\n","protected":false},"featured_media":2429,"comment_status":"open","ping_status":"closed","template":"","meta":[],"pwb-brand":[],"product_brand":[],"product_cat":[19],"product_tag":[169],"class_list":{"0":"post-2425","1":"product","2":"type-product","3":"status-publish","4":"has-post-thumbnail","6":"product_cat-dysfonction-erectile","7":"product_tag-herbal","8":"clearfix","10":"first","11":"instock","12":"taxable","13":"shipping-taxable","14":"purchasable","15":"product-type-variable"},"yoast_head":"<!-- This site is optimized with the Yoast SEO plugin v27.4 - https:\/\/yoast.com\/product\/yoast-seo-wordpress\/ -->\n<title>Enhance9 - La Pharmacie Express<\/title>\n<meta name=\"description\" content=\"Faite vos achats de Dysfonction \u00e9rectile, viagra, cialis, kamagra, levitra, vitamine produits de femme, antibiotique en toute discretion sur la pharamacie express en ligne, livraison gratuite.\" \/>\n<meta name=\"robots\" content=\"index, follow, max-snippet:-1, max-image-preview:large, max-video-preview:-1\" \/>\n<link rel=\"canonical\" href=\"https:\/\/lapharmaciexpress.com\/?product=enhance9\" \/>\n<meta property=\"og:locale\" content=\"fr_FR\" \/>\n<meta property=\"og:type\" content=\"article\" \/>\n<meta property=\"og:title\" content=\"Enhance9 - La Pharmacie Express\" \/>\n<meta property=\"og:description\" content=\"Faite vos achats de Dysfonction \u00e9rectile, viagra, cialis, kamagra, levitra, vitamine produits de femme, antibiotique en toute discretion sur la pharamacie express en ligne, livraison gratuite.\" \/>\n<meta property=\"og:url\" content=\"https:\/\/lapharmaciexpress.com\/?product=enhance9\" \/>\n<meta property=\"og:site_name\" content=\"La Pharmacie Express\" \/>\n<meta property=\"article:modified_time\" content=\"2023-07-15T11:43:56+00:00\" \/>\n<meta property=\"og:image\" content=\"https:\/\/lapharmaciexpress.com\/wp-content\/uploads\/2019\/07\/Enhance9.jpg\" \/>\n\t<meta property=\"og:image:width\" content=\"550\" \/>\n\t<meta property=\"og:image:height\" content=\"550\" \/>\n\t<meta property=\"og:image:type\" content=\"image\/jpeg\" \/>\n<meta name=\"twitter:card\" content=\"summary_large_image\" \/>\n<meta name=\"twitter:label1\" content=\"Dur\u00e9e de lecture estim\u00e9e\" \/>\n\t<meta name=\"twitter:data1\" content=\"2 minutes\" \/>\n<script type=\"application\/ld+json\" class=\"yoast-schema-graph\">{\"@context\":\"https:\\\/\\\/schema.org\",\"@graph\":[{\"@type\":\"WebPage\",\"@id\":\"https:\\\/\\\/lapharmaciexpress.com\\\/?product=enhance9\",\"url\":\"https:\\\/\\\/lapharmaciexpress.com\\\/?product=enhance9\",\"name\":\"Enhance9 - La Pharmacie Express\",\"isPartOf\":{\"@id\":\"https:\\\/\\\/lapharmaciexpress.com\\\/#website\"},\"primaryImageOfPage\":{\"@id\":\"https:\\\/\\\/lapharmaciexpress.com\\\/?product=enhance9#primaryimage\"},\"image\":{\"@id\":\"https:\\\/\\\/lapharmaciexpress.com\\\/?product=enhance9#primaryimage\"},\"thumbnailUrl\":\"https:\\\/\\\/lapharmaciexpress.com\\\/wp-content\\\/uploads\\\/2019\\\/07\\\/Enhance9.jpg?wsr\",\"datePublished\":\"2019-07-16T12:52:03+00:00\",\"dateModified\":\"2023-07-15T11:43:56+00:00\",\"description\":\"Faite vos achats de Dysfonction \u00e9rectile, viagra, cialis, kamagra, levitra, vitamine produits de femme, antibiotique en toute discretion sur la pharamacie express en ligne, livraison gratuite.\",\"breadcrumb\":{\"@id\":\"https:\\\/\\\/lapharmaciexpress.com\\\/?product=enhance9#breadcrumb\"},\"inLanguage\":\"fr-FR\",\"potentialAction\":[{\"@type\":\"ReadAction\",\"target\":[\"https:\\\/\\\/lapharmaciexpress.com\\\/?product=enhance9\"]}]},{\"@type\":\"ImageObject\",\"inLanguage\":\"fr-FR\",\"@id\":\"https:\\\/\\\/lapharmaciexpress.com\\\/?product=enhance9#primaryimage\",\"url\":\"https:\\\/\\\/lapharmaciexpress.com\\\/wp-content\\\/uploads\\\/2019\\\/07\\\/Enhance9.jpg?wsr\",\"contentUrl\":\"https:\\\/\\\/lapharmaciexpress.com\\\/wp-content\\\/uploads\\\/2019\\\/07\\\/Enhance9.jpg?wsr\",\"width\":550,\"height\":550},{\"@type\":\"BreadcrumbList\",\"@id\":\"https:\\\/\\\/lapharmaciexpress.com\\\/?product=enhance9#breadcrumb\",\"itemListElement\":[{\"@type\":\"ListItem\",\"position\":1,\"name\":\"Accueil\",\"item\":\"https:\\\/\\\/lapharmaciexpress.com\\\/\"},{\"@type\":\"ListItem\",\"position\":2,\"name\":\"Boutique\",\"item\":\"https:\\\/\\\/lapharmaciexpress.com\\\/?page_id=6\"},{\"@type\":\"ListItem\",\"position\":3,\"name\":\"Enhance9\"}]},{\"@type\":\"WebSite\",\"@id\":\"https:\\\/\\\/lapharmaciexpress.com\\\/#website\",\"url\":\"https:\\\/\\\/lapharmaciexpress.com\\\/\",\"name\":\"La Pharmacie Express\",\"description\":\"La pharmacie en ligne\",\"publisher\":{\"@id\":\"https:\\\/\\\/lapharmaciexpress.com\\\/#organization\"},\"potentialAction\":[{\"@type\":\"SearchAction\",\"target\":{\"@type\":\"EntryPoint\",\"urlTemplate\":\"https:\\\/\\\/lapharmaciexpress.com\\\/?s={search_term_string}\"},\"query-input\":{\"@type\":\"PropertyValueSpecification\",\"valueRequired\":true,\"valueName\":\"search_term_string\"}}],\"inLanguage\":\"fr-FR\"},{\"@type\":\"Organization\",\"@id\":\"https:\\\/\\\/lapharmaciexpress.com\\\/#organization\",\"name\":\"La Pharmacie Express\",\"url\":\"https:\\\/\\\/lapharmaciexpress.com\\\/\",\"logo\":{\"@type\":\"ImageObject\",\"inLanguage\":\"fr-FR\",\"@id\":\"https:\\\/\\\/lapharmaciexpress.com\\\/#\\\/schema\\\/logo\\\/image\\\/\",\"url\":\"https:\\\/\\\/lapharmaciexpress.com\\\/wp-content\\\/uploads\\\/2019\\\/07\\\/ico-Lapharmacie-express.png\",\"contentUrl\":\"https:\\\/\\\/lapharmaciexpress.com\\\/wp-content\\\/uploads\\\/2019\\\/07\\\/ico-Lapharmacie-express.png\",\"width\":362,\"height\":300,\"caption\":\"La Pharmacie Express\"},\"image\":{\"@id\":\"https:\\\/\\\/lapharmaciexpress.com\\\/#\\\/schema\\\/logo\\\/image\\\/\"}}]}<\/script>\n<!-- \/ Yoast SEO plugin. -->","yoast_head_json":{"title":"Enhance9 - La Pharmacie Express","description":"Faite vos achats de Dysfonction \u00e9rectile, viagra, cialis, kamagra, levitra, vitamine produits de femme, antibiotique en toute discretion sur la pharamacie express en ligne, livraison gratuite.","robots":{"index":"index","follow":"follow","max-snippet":"max-snippet:-1","max-image-preview":"max-image-preview:large","max-video-preview":"max-video-preview:-1"},"canonical":"https:\/\/lapharmaciexpress.com\/?product=enhance9","og_locale":"fr_FR","og_type":"article","og_title":"Enhance9 - La Pharmacie Express","og_description":"Faite vos achats de Dysfonction \u00e9rectile, viagra, cialis, kamagra, levitra, vitamine produits de femme, antibiotique en toute discretion sur la pharamacie express en ligne, livraison gratuite.","og_url":"https:\/\/lapharmaciexpress.com\/?product=enhance9","og_site_name":"La Pharmacie Express","article_modified_time":"2023-07-15T11:43:56+00:00","og_image":[{"width":550,"height":550,"url":"https:\/\/lapharmaciexpress.com\/wp-content\/uploads\/2019\/07\/Enhance9.jpg","type":"image\/jpeg"}],"twitter_card":"summary_large_image","twitter_misc":{"Dur\u00e9e de lecture estim\u00e9e":"2 minutes"},"schema":{"@context":"https:\/\/schema.org","@graph":[{"@type":"WebPage","@id":"https:\/\/lapharmaciexpress.com\/?product=enhance9","url":"https:\/\/lapharmaciexpress.com\/?product=enhance9","name":"Enhance9 - La Pharmacie Express","isPartOf":{"@id":"https:\/\/lapharmaciexpress.com\/#website"},"primaryImageOfPage":{"@id":"https:\/\/lapharmaciexpress.com\/?product=enhance9#primaryimage"},"image":{"@id":"https:\/\/lapharmaciexpress.com\/?product=enhance9#primaryimage"},"thumbnailUrl":"https:\/\/lapharmaciexpress.com\/wp-content\/uploads\/2019\/07\/Enhance9.jpg?wsr","datePublished":"2019-07-16T12:52:03+00:00","dateModified":"2023-07-15T11:43:56+00:00","description":"Faite vos achats de Dysfonction \u00e9rectile, viagra, cialis, kamagra, levitra, vitamine produits de femme, antibiotique en toute discretion sur la pharamacie express en ligne, livraison gratuite.","breadcrumb":{"@id":"https:\/\/lapharmaciexpress.com\/?product=enhance9#breadcrumb"},"inLanguage":"fr-FR","potentialAction":[{"@type":"ReadAction","target":["https:\/\/lapharmaciexpress.com\/?product=enhance9"]}]},{"@type":"ImageObject","inLanguage":"fr-FR","@id":"https:\/\/lapharmaciexpress.com\/?product=enhance9#primaryimage","url":"https:\/\/lapharmaciexpress.com\/wp-content\/uploads\/2019\/07\/Enhance9.jpg?wsr","contentUrl":"https:\/\/lapharmaciexpress.com\/wp-content\/uploads\/2019\/07\/Enhance9.jpg?wsr","width":550,"height":550},{"@type":"BreadcrumbList","@id":"https:\/\/lapharmaciexpress.com\/?product=enhance9#breadcrumb","itemListElement":[{"@type":"ListItem","position":1,"name":"Accueil","item":"https:\/\/lapharmaciexpress.com\/"},{"@type":"ListItem","position":2,"name":"Boutique","item":"https:\/\/lapharmaciexpress.com\/?page_id=6"},{"@type":"ListItem","position":3,"name":"Enhance9"}]},{"@type":"WebSite","@id":"https:\/\/lapharmaciexpress.com\/#website","url":"https:\/\/lapharmaciexpress.com\/","name":"La Pharmacie Express","description":"La pharmacie en ligne","publisher":{"@id":"https:\/\/lapharmaciexpress.com\/#organization"},"potentialAction":[{"@type":"SearchAction","target":{"@type":"EntryPoint","urlTemplate":"https:\/\/lapharmaciexpress.com\/?s={search_term_string}"},"query-input":{"@type":"PropertyValueSpecification","valueRequired":true,"valueName":"search_term_string"}}],"inLanguage":"fr-FR"},{"@type":"Organization","@id":"https:\/\/lapharmaciexpress.com\/#organization","name":"La Pharmacie Express","url":"https:\/\/lapharmaciexpress.com\/","logo":{"@type":"ImageObject","inLanguage":"fr-FR","@id":"https:\/\/lapharmaciexpress.com\/#\/schema\/logo\/image\/","url":"https:\/\/lapharmaciexpress.com\/wp-content\/uploads\/2019\/07\/ico-Lapharmacie-express.png","contentUrl":"https:\/\/lapharmaciexpress.com\/wp-content\/uploads\/2019\/07\/ico-Lapharmacie-express.png","width":362,"height":300,"caption":"La Pharmacie Express"},"image":{"@id":"https:\/\/lapharmaciexpress.com\/#\/schema\/logo\/image\/"}}]}},"jetpack_sharing_enabled":true,"brands":[],"_links":{"self":[{"href":"https:\/\/lapharmaciexpress.com\/index.php?rest_route=\/wp\/v2\/product\/2425","targetHints":{"allow":["GET"]}}],"collection":[{"href":"https:\/\/lapharmaciexpress.com\/index.php?rest_route=\/wp\/v2\/product"}],"about":[{"href":"https:\/\/lapharmaciexpress.com\/index.php?rest_route=\/wp\/v2\/types\/product"}],"replies":[{"embeddable":true,"href":"https:\/\/lapharmaciexpress.com\/index.php?rest_route=%2Fwp%2Fv2%2Fcomments&post=2425"}],"wp:featuredmedia":[{"embeddable":true,"href":"https:\/\/lapharmaciexpress.com\/index.php?rest_route=\/wp\/v2\/media\/2429"}],"wp:attachment":[{"href":"https:\/\/lapharmaciexpress.com\/index.php?rest_route=%2Fwp%2Fv2%2Fmedia&parent=2425"}],"wp:term":[{"taxonomy":"pwb-brand","embeddable":true,"href":"https:\/\/lapharmaciexpress.com\/index.php?rest_route=%2Fwp%2Fv2%2Fpwb-brand&post=2425"},{"taxonomy":"product_brand","embeddable":true,"href":"https:\/\/lapharmaciexpress.com\/index.php?rest_route=%2Fwp%2Fv2%2Fproduct_brand&post=2425"},{"taxonomy":"product_cat","embeddable":true,"href":"https:\/\/lapharmaciexpress.com\/index.php?rest_route=%2Fwp%2Fv2%2Fproduct_cat&post=2425"},{"taxonomy":"product_tag","embeddable":true,"href":"https:\/\/lapharmaciexpress.com\/index.php?rest_route=%2Fwp%2Fv2%2Fproduct_tag&post=2425"}],"curies":[{"name":"wp","href":"https:\/\/api.w.org\/{rel}","templated":true}]}}