{"id":2431,"date":"2019-07-17T12:53:36","date_gmt":"2019-07-17T10:53:36","guid":{"rendered":"http:\/\/lapharmaciexpress.com\/?post_type=product&#038;p=2431"},"modified":"2025-02-03T11:42:10","modified_gmt":"2025-02-03T10:42:10","slug":"penisole-300mg-complement-naturel-performance-sexuelle-achat-en-ligne","status":"publish","type":"product","link":"https:\/\/lapharmaciexpress.com\/?product=penisole-300mg-complement-naturel-performance-sexuelle-achat-en-ligne","title":{"rendered":"Penisole 300mg"},"content":{"rendered":"<p>Penisole 300 mg \u2013 Am\u00e9liorez vos performances sexuelles naturellement<br \/>\nLe Penisole 300 mg est un compl\u00e9ment alimentaire naturel con\u00e7u pour soutenir la sant\u00e9 sexuelle masculine. Gr\u00e2ce \u00e0 sa formulation unique, il aide \u00e0 stimuler la libido, \u00e0 am\u00e9liorer la circulation sanguine et \u00e0 favoriser des \u00e9rection plus fermes et durables.<\/p>\n<p>Id\u00e9al pour les hommes cherchant \u00e0 am\u00e9liorer leur endurance sexuelle, \u00e0 augmenter leur \u00e9nergie et \u00e0 retrouver une meilleure confiance en eux. Le Penisole 300 mg est un choix naturel et efficace pour optimiser la performance intime.<\/p>\n<p>\ud83d\udc8a Commandez Penisole 300 mg sur La Pharmacie Express et profitez d\u2019une livraison rapide et discr\u00e8te ! \ud83d\ude9a<\/p>\n","protected":false},"excerpt":{"rendered":"<p>Le Penisole est l\u2019une des meilleures solutions sur le march\u00e9 pour obtenir de plus belles \u00e9rections. Le plus int\u00e9ressant, c\u2019est que le Penisole est une plante 100 % naturelle qui contient certains agents reconnus par les \u00e9tudes cliniques comme ayant la propri\u00e9t\u00e9 d\u2019augmenter l\u2019afflux sanguin dans le p\u00e9nis, de l\u2019\u00e9largir et ainsi de permettre l\u2019obtention d\u2019s \u00e9rections plus longues. Le Penisole est d\u00e9livr\u00e9 sans ordonnance,et il est r\u00e9put\u00e9 pour am\u00e9liorer votre libido ainsi que votre vie sexuelle.<br \/>\nCommandez Penisole 300 mg sur La Pharmacie Express et profitez d\u2019une livraison rapide et discr\u00e8te ! \ud83d\ude9a<\/p>\n","protected":false},"featured_media":2437,"comment_status":"open","ping_status":"closed","template":"","meta":[],"pwb-brand":[],"product_brand":[],"product_cat":[19],"product_tag":[169],"class_list":{"0":"post-2431","1":"product","2":"type-product","3":"status-publish","4":"has-post-thumbnail","6":"product_cat-dysfonction-erectile","7":"product_tag-herbal","8":"clearfix","10":"first","11":"instock","12":"taxable","13":"shipping-taxable","14":"purchasable","15":"product-type-variable","16":"has-default-attributes"},"yoast_head":"<!-- This site is optimized with the Yoast SEO plugin v27.5 - https:\/\/yoast.com\/product\/yoast-seo-wordpress\/ -->\n<title>Acheter Penisole 300mg - La Pharmacie Express<\/title>\n<meta name=\"description\" content=\"Penisole 300mg aide \u00e0 stimuler la libido, renforcer les \u00e9rections et am\u00e9liorer les performances sexuelles. Commandez sur La Pharmacie Express en ligne.\" \/>\n<meta name=\"robots\" content=\"index, follow, max-snippet:-1, max-image-preview:large, max-video-preview:-1\" \/>\n<link rel=\"canonical\" href=\"https:\/\/lapharmaciexpress.com\/?product=penisole-300mg-complement-naturel-performance-sexuelle-achat-en-ligne\" \/>\n<meta property=\"og:locale\" content=\"fr_FR\" \/>\n<meta property=\"og:type\" content=\"article\" \/>\n<meta property=\"og:title\" content=\"Acheter Penisole 300mg - La Pharmacie Express\" \/>\n<meta property=\"og:description\" content=\"Penisole 300mg aide \u00e0 stimuler la libido, renforcer les \u00e9rections et am\u00e9liorer les performances sexuelles. Commandez sur La Pharmacie Express en ligne.\" \/>\n<meta property=\"og:url\" content=\"https:\/\/lapharmaciexpress.com\/?product=penisole-300mg-complement-naturel-performance-sexuelle-achat-en-ligne\" \/>\n<meta property=\"og:site_name\" content=\"La Pharmacie Express\" \/>\n<meta property=\"article:modified_time\" content=\"2025-02-03T10:42:10+00:00\" \/>\n<meta property=\"og:image\" content=\"https:\/\/lapharmaciexpress.com\/wp-content\/uploads\/2019\/07\/Penisole-pil.jpg\" \/>\n\t<meta property=\"og:image:width\" content=\"600\" \/>\n\t<meta property=\"og:image:height\" content=\"600\" \/>\n\t<meta property=\"og:image:type\" content=\"image\/jpeg\" \/>\n<meta name=\"twitter:card\" content=\"summary_large_image\" \/>\n<meta name=\"twitter:label1\" content=\"Dur\u00e9e de lecture estim\u00e9e\" \/>\n\t<meta name=\"twitter:data1\" content=\"3 minutes\" \/>\n<script type=\"application\/ld+json\" class=\"yoast-schema-graph\">{\"@context\":\"https:\\\/\\\/schema.org\",\"@graph\":[{\"@type\":\"WebPage\",\"@id\":\"https:\\\/\\\/lapharmaciexpress.com\\\/?product=penisole-300mg-complement-naturel-performance-sexuelle-achat-en-ligne\",\"url\":\"https:\\\/\\\/lapharmaciexpress.com\\\/?product=penisole-300mg-complement-naturel-performance-sexuelle-achat-en-ligne\",\"name\":\"Acheter Penisole 300mg - La Pharmacie Express\",\"isPartOf\":{\"@id\":\"https:\\\/\\\/lapharmaciexpress.com\\\/#website\"},\"primaryImageOfPage\":{\"@id\":\"https:\\\/\\\/lapharmaciexpress.com\\\/?product=penisole-300mg-complement-naturel-performance-sexuelle-achat-en-ligne#primaryimage\"},\"image\":{\"@id\":\"https:\\\/\\\/lapharmaciexpress.com\\\/?product=penisole-300mg-complement-naturel-performance-sexuelle-achat-en-ligne#primaryimage\"},\"thumbnailUrl\":\"https:\\\/\\\/lapharmaciexpress.com\\\/wp-content\\\/uploads\\\/2019\\\/07\\\/Penisole-pil.jpg?wsr\",\"datePublished\":\"2019-07-17T10:53:36+00:00\",\"dateModified\":\"2025-02-03T10:42:10+00:00\",\"description\":\"Penisole 300mg aide \u00e0 stimuler la libido, renforcer les \u00e9rections et am\u00e9liorer les performances sexuelles. Commandez sur La Pharmacie Express en ligne.\",\"breadcrumb\":{\"@id\":\"https:\\\/\\\/lapharmaciexpress.com\\\/?product=penisole-300mg-complement-naturel-performance-sexuelle-achat-en-ligne#breadcrumb\"},\"inLanguage\":\"fr-FR\",\"potentialAction\":[{\"@type\":\"ReadAction\",\"target\":[\"https:\\\/\\\/lapharmaciexpress.com\\\/?product=penisole-300mg-complement-naturel-performance-sexuelle-achat-en-ligne\"]}]},{\"@type\":\"ImageObject\",\"inLanguage\":\"fr-FR\",\"@id\":\"https:\\\/\\\/lapharmaciexpress.com\\\/?product=penisole-300mg-complement-naturel-performance-sexuelle-achat-en-ligne#primaryimage\",\"url\":\"https:\\\/\\\/lapharmaciexpress.com\\\/wp-content\\\/uploads\\\/2019\\\/07\\\/Penisole-pil.jpg?wsr\",\"contentUrl\":\"https:\\\/\\\/lapharmaciexpress.com\\\/wp-content\\\/uploads\\\/2019\\\/07\\\/Penisole-pil.jpg?wsr\",\"width\":600,\"height\":600},{\"@type\":\"BreadcrumbList\",\"@id\":\"https:\\\/\\\/lapharmaciexpress.com\\\/?product=penisole-300mg-complement-naturel-performance-sexuelle-achat-en-ligne#breadcrumb\",\"itemListElement\":[{\"@type\":\"ListItem\",\"position\":1,\"name\":\"Accueil\",\"item\":\"https:\\\/\\\/lapharmaciexpress.com\\\/\"},{\"@type\":\"ListItem\",\"position\":2,\"name\":\"Boutique\",\"item\":\"https:\\\/\\\/lapharmaciexpress.com\\\/?page_id=6\"},{\"@type\":\"ListItem\",\"position\":3,\"name\":\"Penisole 300mg\"}]},{\"@type\":\"WebSite\",\"@id\":\"https:\\\/\\\/lapharmaciexpress.com\\\/#website\",\"url\":\"https:\\\/\\\/lapharmaciexpress.com\\\/\",\"name\":\"La Pharmacie Express\",\"description\":\"La pharmacie en ligne\",\"publisher\":{\"@id\":\"https:\\\/\\\/lapharmaciexpress.com\\\/#organization\"},\"potentialAction\":[{\"@type\":\"SearchAction\",\"target\":{\"@type\":\"EntryPoint\",\"urlTemplate\":\"https:\\\/\\\/lapharmaciexpress.com\\\/?s={search_term_string}\"},\"query-input\":{\"@type\":\"PropertyValueSpecification\",\"valueRequired\":true,\"valueName\":\"search_term_string\"}}],\"inLanguage\":\"fr-FR\"},{\"@type\":\"Organization\",\"@id\":\"https:\\\/\\\/lapharmaciexpress.com\\\/#organization\",\"name\":\"La Pharmacie Express\",\"url\":\"https:\\\/\\\/lapharmaciexpress.com\\\/\",\"logo\":{\"@type\":\"ImageObject\",\"inLanguage\":\"fr-FR\",\"@id\":\"https:\\\/\\\/lapharmaciexpress.com\\\/#\\\/schema\\\/logo\\\/image\\\/\",\"url\":\"https:\\\/\\\/lapharmaciexpress.com\\\/wp-content\\\/uploads\\\/2019\\\/07\\\/ico-Lapharmacie-express.png\",\"contentUrl\":\"https:\\\/\\\/lapharmaciexpress.com\\\/wp-content\\\/uploads\\\/2019\\\/07\\\/ico-Lapharmacie-express.png\",\"width\":362,\"height\":300,\"caption\":\"La Pharmacie Express\"},\"image\":{\"@id\":\"https:\\\/\\\/lapharmaciexpress.com\\\/#\\\/schema\\\/logo\\\/image\\\/\"}}]}<\/script>\n<!-- \/ Yoast SEO plugin. -->","yoast_head_json":{"title":"Acheter Penisole 300mg - La Pharmacie Express","description":"Penisole 300mg aide \u00e0 stimuler la libido, renforcer les \u00e9rections et am\u00e9liorer les performances sexuelles. Commandez sur La Pharmacie Express en ligne.","robots":{"index":"index","follow":"follow","max-snippet":"max-snippet:-1","max-image-preview":"max-image-preview:large","max-video-preview":"max-video-preview:-1"},"canonical":"https:\/\/lapharmaciexpress.com\/?product=penisole-300mg-complement-naturel-performance-sexuelle-achat-en-ligne","og_locale":"fr_FR","og_type":"article","og_title":"Acheter Penisole 300mg - La Pharmacie Express","og_description":"Penisole 300mg aide \u00e0 stimuler la libido, renforcer les \u00e9rections et am\u00e9liorer les performances sexuelles. Commandez sur La Pharmacie Express en ligne.","og_url":"https:\/\/lapharmaciexpress.com\/?product=penisole-300mg-complement-naturel-performance-sexuelle-achat-en-ligne","og_site_name":"La Pharmacie Express","article_modified_time":"2025-02-03T10:42:10+00:00","og_image":[{"width":600,"height":600,"url":"https:\/\/lapharmaciexpress.com\/wp-content\/uploads\/2019\/07\/Penisole-pil.jpg","type":"image\/jpeg"}],"twitter_card":"summary_large_image","twitter_misc":{"Dur\u00e9e de lecture estim\u00e9e":"3 minutes"},"schema":{"@context":"https:\/\/schema.org","@graph":[{"@type":"WebPage","@id":"https:\/\/lapharmaciexpress.com\/?product=penisole-300mg-complement-naturel-performance-sexuelle-achat-en-ligne","url":"https:\/\/lapharmaciexpress.com\/?product=penisole-300mg-complement-naturel-performance-sexuelle-achat-en-ligne","name":"Acheter Penisole 300mg - La Pharmacie Express","isPartOf":{"@id":"https:\/\/lapharmaciexpress.com\/#website"},"primaryImageOfPage":{"@id":"https:\/\/lapharmaciexpress.com\/?product=penisole-300mg-complement-naturel-performance-sexuelle-achat-en-ligne#primaryimage"},"image":{"@id":"https:\/\/lapharmaciexpress.com\/?product=penisole-300mg-complement-naturel-performance-sexuelle-achat-en-ligne#primaryimage"},"thumbnailUrl":"https:\/\/lapharmaciexpress.com\/wp-content\/uploads\/2019\/07\/Penisole-pil.jpg?wsr","datePublished":"2019-07-17T10:53:36+00:00","dateModified":"2025-02-03T10:42:10+00:00","description":"Penisole 300mg aide \u00e0 stimuler la libido, renforcer les \u00e9rections et am\u00e9liorer les performances sexuelles. Commandez sur La Pharmacie Express en ligne.","breadcrumb":{"@id":"https:\/\/lapharmaciexpress.com\/?product=penisole-300mg-complement-naturel-performance-sexuelle-achat-en-ligne#breadcrumb"},"inLanguage":"fr-FR","potentialAction":[{"@type":"ReadAction","target":["https:\/\/lapharmaciexpress.com\/?product=penisole-300mg-complement-naturel-performance-sexuelle-achat-en-ligne"]}]},{"@type":"ImageObject","inLanguage":"fr-FR","@id":"https:\/\/lapharmaciexpress.com\/?product=penisole-300mg-complement-naturel-performance-sexuelle-achat-en-ligne#primaryimage","url":"https:\/\/lapharmaciexpress.com\/wp-content\/uploads\/2019\/07\/Penisole-pil.jpg?wsr","contentUrl":"https:\/\/lapharmaciexpress.com\/wp-content\/uploads\/2019\/07\/Penisole-pil.jpg?wsr","width":600,"height":600},{"@type":"BreadcrumbList","@id":"https:\/\/lapharmaciexpress.com\/?product=penisole-300mg-complement-naturel-performance-sexuelle-achat-en-ligne#breadcrumb","itemListElement":[{"@type":"ListItem","position":1,"name":"Accueil","item":"https:\/\/lapharmaciexpress.com\/"},{"@type":"ListItem","position":2,"name":"Boutique","item":"https:\/\/lapharmaciexpress.com\/?page_id=6"},{"@type":"ListItem","position":3,"name":"Penisole 300mg"}]},{"@type":"WebSite","@id":"https:\/\/lapharmaciexpress.com\/#website","url":"https:\/\/lapharmaciexpress.com\/","name":"La Pharmacie Express","description":"La pharmacie en ligne","publisher":{"@id":"https:\/\/lapharmaciexpress.com\/#organization"},"potentialAction":[{"@type":"SearchAction","target":{"@type":"EntryPoint","urlTemplate":"https:\/\/lapharmaciexpress.com\/?s={search_term_string}"},"query-input":{"@type":"PropertyValueSpecification","valueRequired":true,"valueName":"search_term_string"}}],"inLanguage":"fr-FR"},{"@type":"Organization","@id":"https:\/\/lapharmaciexpress.com\/#organization","name":"La Pharmacie Express","url":"https:\/\/lapharmaciexpress.com\/","logo":{"@type":"ImageObject","inLanguage":"fr-FR","@id":"https:\/\/lapharmaciexpress.com\/#\/schema\/logo\/image\/","url":"https:\/\/lapharmaciexpress.com\/wp-content\/uploads\/2019\/07\/ico-Lapharmacie-express.png","contentUrl":"https:\/\/lapharmaciexpress.com\/wp-content\/uploads\/2019\/07\/ico-Lapharmacie-express.png","width":362,"height":300,"caption":"La Pharmacie Express"},"image":{"@id":"https:\/\/lapharmaciexpress.com\/#\/schema\/logo\/image\/"}}]}},"jetpack_sharing_enabled":true,"brands":[],"_links":{"self":[{"href":"https:\/\/lapharmaciexpress.com\/index.php?rest_route=\/wp\/v2\/product\/2431","targetHints":{"allow":["GET"]}}],"collection":[{"href":"https:\/\/lapharmaciexpress.com\/index.php?rest_route=\/wp\/v2\/product"}],"about":[{"href":"https:\/\/lapharmaciexpress.com\/index.php?rest_route=\/wp\/v2\/types\/product"}],"replies":[{"embeddable":true,"href":"https:\/\/lapharmaciexpress.com\/index.php?rest_route=%2Fwp%2Fv2%2Fcomments&post=2431"}],"wp:featuredmedia":[{"embeddable":true,"href":"https:\/\/lapharmaciexpress.com\/index.php?rest_route=\/wp\/v2\/media\/2437"}],"wp:attachment":[{"href":"https:\/\/lapharmaciexpress.com\/index.php?rest_route=%2Fwp%2Fv2%2Fmedia&parent=2431"}],"wp:term":[{"taxonomy":"pwb-brand","embeddable":true,"href":"https:\/\/lapharmaciexpress.com\/index.php?rest_route=%2Fwp%2Fv2%2Fpwb-brand&post=2431"},{"taxonomy":"product_brand","embeddable":true,"href":"https:\/\/lapharmaciexpress.com\/index.php?rest_route=%2Fwp%2Fv2%2Fproduct_brand&post=2431"},{"taxonomy":"product_cat","embeddable":true,"href":"https:\/\/lapharmaciexpress.com\/index.php?rest_route=%2Fwp%2Fv2%2Fproduct_cat&post=2431"},{"taxonomy":"product_tag","embeddable":true,"href":"https:\/\/lapharmaciexpress.com\/index.php?rest_route=%2Fwp%2Fv2%2Fproduct_tag&post=2431"}],"curies":[{"name":"wp","href":"https:\/\/api.w.org\/{rel}","templated":true}]}}