{"id":2450,"date":"2019-07-17T16:49:05","date_gmt":"2019-07-17T14:49:05","guid":{"rendered":"http:\/\/lapharmaciexpress.com\/?post_type=product&#038;p=2450"},"modified":"2025-02-03T11:29:08","modified_gmt":"2025-02-03T10:29:08","slug":"vpxl-complement-naturel-performances-sexuelles-achat-en-ligne","status":"publish","type":"product","link":"https:\/\/lapharmaciexpress.com\/?product=vpxl-complement-naturel-performances-sexuelles-achat-en-ligne","title":{"rendered":"VPXL"},"content":{"rendered":"<p>VPXL \u2013 Am\u00e9liorez vos performances sexuelles naturellement<br \/>\nLe VPXL est un compl\u00e9ment alimentaire naturel con\u00e7u pour am\u00e9liorer les performances sexuelles des hommes. Gr\u00e2ce \u00e0 sa formulation \u00e0 base de plantes, il aide \u00e0 augmenter la libido, \u00e0 renforcer la vigueur sexuelle et \u00e0 am\u00e9liorer la circulation sanguine, favorisant ainsi des \u00e9rections plus fermes et durables.<\/p>\n<p>Id\u00e9al pour les hommes cherchant \u00e0 booster leur \u00e9nergie et \u00e0 retrouver une meilleure confiance en leur vie intime. Le VPXL est un choix s\u00fbr pour ceux qui pr\u00e9f\u00e8rent une approche naturelle pour optimiser leur bien-\u00eatre sexuel.<\/p>\n<p>\ud83d\udc8a Commandez VPXL sur La Pharmacie Express et profitez d\u2019une livraison rapide et discr\u00e8te ! \ud83d\ude9a<\/p>\n","protected":false},"excerpt":{"rendered":"<p>VPXL est 100 % naturel et agit en augmentant la contenance sanguine des tissus du p\u00e9nis et en stimulant la croissance des cellules situ\u00e9es dans les parties du p\u00e9nis appel\u00e9es corps caverneux. Vous pouvez vous attendre \u00e0 d\u2019excellents r\u00e9sultats de ces 2 actions, \u00e0 savoir des \u00e9rections plus fortes et une augmentation de la taille du p\u00e9nis en longueur et en circonf\u00e9rence. VPXL est une formule totalement naturelle \u00e0 base de plantes.<br \/>\n\ud83d\udc8a Commandez VPXL sur La Pharmacie Express et profitez d\u2019une livraison rapide et discr\u00e8te ! \ud83d\ude9a<\/p>\n","protected":false},"featured_media":2456,"comment_status":"open","ping_status":"closed","template":"","meta":[],"pwb-brand":[],"product_brand":[],"product_cat":[19],"product_tag":[169],"class_list":{"0":"post-2450","1":"product","2":"type-product","3":"status-publish","4":"has-post-thumbnail","6":"product_cat-dysfonction-erectile","7":"product_tag-herbal","8":"clearfix","10":"first","11":"instock","12":"taxable","13":"shipping-taxable","14":"purchasable","15":"product-type-variable"},"yoast_head":"<!-- This site is optimized with the Yoast SEO plugin v27.4 - https:\/\/yoast.com\/product\/yoast-seo-wordpress\/ -->\n<title>VPXL \u2013 Compl\u00e9ment pour am\u00e9liorer les performances sexuelles - La Pharmacie Express<\/title>\n<meta name=\"description\" content=\"VPXL am\u00e9liore la libido, la vigueur et les \u00e9rections naturelles. Commandez en ligne sur La Pharmacie Express et profitez d\u2019une livraison rapide et discr\u00e8te.\" \/>\n<meta name=\"robots\" content=\"index, follow, max-snippet:-1, max-image-preview:large, max-video-preview:-1\" \/>\n<link rel=\"canonical\" href=\"https:\/\/lapharmaciexpress.com\/?product=vpxl-complement-naturel-performances-sexuelles-achat-en-ligne\" \/>\n<meta property=\"og:locale\" content=\"fr_FR\" \/>\n<meta property=\"og:type\" content=\"article\" \/>\n<meta property=\"og:title\" content=\"VPXL \u2013 Compl\u00e9ment pour am\u00e9liorer les performances sexuelles - La Pharmacie Express\" \/>\n<meta property=\"og:description\" content=\"VPXL am\u00e9liore la libido, la vigueur et les \u00e9rections naturelles. Commandez en ligne sur La Pharmacie Express et profitez d\u2019une livraison rapide et discr\u00e8te.\" \/>\n<meta property=\"og:url\" content=\"https:\/\/lapharmaciexpress.com\/?product=vpxl-complement-naturel-performances-sexuelles-achat-en-ligne\" \/>\n<meta property=\"og:site_name\" content=\"La Pharmacie Express\" \/>\n<meta property=\"article:modified_time\" content=\"2025-02-03T10:29:08+00:00\" \/>\n<meta property=\"og:image\" content=\"https:\/\/lapharmaciexpress.com\/wp-content\/uploads\/2019\/07\/vpxl-pil.jpg\" \/>\n\t<meta property=\"og:image:width\" content=\"600\" \/>\n\t<meta property=\"og:image:height\" content=\"600\" \/>\n\t<meta property=\"og:image:type\" content=\"image\/jpeg\" \/>\n<meta name=\"twitter:card\" content=\"summary_large_image\" \/>\n<meta name=\"twitter:label1\" content=\"Dur\u00e9e de lecture estim\u00e9e\" \/>\n\t<meta name=\"twitter:data1\" content=\"1 minute\" \/>\n<script type=\"application\/ld+json\" class=\"yoast-schema-graph\">{\"@context\":\"https:\\\/\\\/schema.org\",\"@graph\":[{\"@type\":\"WebPage\",\"@id\":\"https:\\\/\\\/lapharmaciexpress.com\\\/?product=vpxl-complement-naturel-performances-sexuelles-achat-en-ligne\",\"url\":\"https:\\\/\\\/lapharmaciexpress.com\\\/?product=vpxl-complement-naturel-performances-sexuelles-achat-en-ligne\",\"name\":\"VPXL \u2013 Compl\u00e9ment pour am\u00e9liorer les performances sexuelles - La Pharmacie Express\",\"isPartOf\":{\"@id\":\"https:\\\/\\\/lapharmaciexpress.com\\\/#website\"},\"primaryImageOfPage\":{\"@id\":\"https:\\\/\\\/lapharmaciexpress.com\\\/?product=vpxl-complement-naturel-performances-sexuelles-achat-en-ligne#primaryimage\"},\"image\":{\"@id\":\"https:\\\/\\\/lapharmaciexpress.com\\\/?product=vpxl-complement-naturel-performances-sexuelles-achat-en-ligne#primaryimage\"},\"thumbnailUrl\":\"https:\\\/\\\/lapharmaciexpress.com\\\/wp-content\\\/uploads\\\/2019\\\/07\\\/vpxl-pil.jpg?wsr\",\"datePublished\":\"2019-07-17T14:49:05+00:00\",\"dateModified\":\"2025-02-03T10:29:08+00:00\",\"description\":\"VPXL am\u00e9liore la libido, la vigueur et les \u00e9rections naturelles. Commandez en ligne sur La Pharmacie Express et profitez d\u2019une livraison rapide et discr\u00e8te.\",\"breadcrumb\":{\"@id\":\"https:\\\/\\\/lapharmaciexpress.com\\\/?product=vpxl-complement-naturel-performances-sexuelles-achat-en-ligne#breadcrumb\"},\"inLanguage\":\"fr-FR\",\"potentialAction\":[{\"@type\":\"ReadAction\",\"target\":[\"https:\\\/\\\/lapharmaciexpress.com\\\/?product=vpxl-complement-naturel-performances-sexuelles-achat-en-ligne\"]}]},{\"@type\":\"ImageObject\",\"inLanguage\":\"fr-FR\",\"@id\":\"https:\\\/\\\/lapharmaciexpress.com\\\/?product=vpxl-complement-naturel-performances-sexuelles-achat-en-ligne#primaryimage\",\"url\":\"https:\\\/\\\/lapharmaciexpress.com\\\/wp-content\\\/uploads\\\/2019\\\/07\\\/vpxl-pil.jpg?wsr\",\"contentUrl\":\"https:\\\/\\\/lapharmaciexpress.com\\\/wp-content\\\/uploads\\\/2019\\\/07\\\/vpxl-pil.jpg?wsr\",\"width\":600,\"height\":600},{\"@type\":\"BreadcrumbList\",\"@id\":\"https:\\\/\\\/lapharmaciexpress.com\\\/?product=vpxl-complement-naturel-performances-sexuelles-achat-en-ligne#breadcrumb\",\"itemListElement\":[{\"@type\":\"ListItem\",\"position\":1,\"name\":\"Accueil\",\"item\":\"https:\\\/\\\/lapharmaciexpress.com\\\/\"},{\"@type\":\"ListItem\",\"position\":2,\"name\":\"Boutique\",\"item\":\"https:\\\/\\\/lapharmaciexpress.com\\\/?page_id=6\"},{\"@type\":\"ListItem\",\"position\":3,\"name\":\"VPXL\"}]},{\"@type\":\"WebSite\",\"@id\":\"https:\\\/\\\/lapharmaciexpress.com\\\/#website\",\"url\":\"https:\\\/\\\/lapharmaciexpress.com\\\/\",\"name\":\"La Pharmacie Express\",\"description\":\"La pharmacie en ligne\",\"publisher\":{\"@id\":\"https:\\\/\\\/lapharmaciexpress.com\\\/#organization\"},\"potentialAction\":[{\"@type\":\"SearchAction\",\"target\":{\"@type\":\"EntryPoint\",\"urlTemplate\":\"https:\\\/\\\/lapharmaciexpress.com\\\/?s={search_term_string}\"},\"query-input\":{\"@type\":\"PropertyValueSpecification\",\"valueRequired\":true,\"valueName\":\"search_term_string\"}}],\"inLanguage\":\"fr-FR\"},{\"@type\":\"Organization\",\"@id\":\"https:\\\/\\\/lapharmaciexpress.com\\\/#organization\",\"name\":\"La Pharmacie Express\",\"url\":\"https:\\\/\\\/lapharmaciexpress.com\\\/\",\"logo\":{\"@type\":\"ImageObject\",\"inLanguage\":\"fr-FR\",\"@id\":\"https:\\\/\\\/lapharmaciexpress.com\\\/#\\\/schema\\\/logo\\\/image\\\/\",\"url\":\"https:\\\/\\\/lapharmaciexpress.com\\\/wp-content\\\/uploads\\\/2019\\\/07\\\/ico-Lapharmacie-express.png\",\"contentUrl\":\"https:\\\/\\\/lapharmaciexpress.com\\\/wp-content\\\/uploads\\\/2019\\\/07\\\/ico-Lapharmacie-express.png\",\"width\":362,\"height\":300,\"caption\":\"La Pharmacie Express\"},\"image\":{\"@id\":\"https:\\\/\\\/lapharmaciexpress.com\\\/#\\\/schema\\\/logo\\\/image\\\/\"}}]}<\/script>\n<!-- \/ Yoast SEO plugin. -->","yoast_head_json":{"title":"VPXL \u2013 Compl\u00e9ment pour am\u00e9liorer les performances sexuelles - La Pharmacie Express","description":"VPXL am\u00e9liore la libido, la vigueur et les \u00e9rections naturelles. Commandez en ligne sur La Pharmacie Express et profitez d\u2019une livraison rapide et discr\u00e8te.","robots":{"index":"index","follow":"follow","max-snippet":"max-snippet:-1","max-image-preview":"max-image-preview:large","max-video-preview":"max-video-preview:-1"},"canonical":"https:\/\/lapharmaciexpress.com\/?product=vpxl-complement-naturel-performances-sexuelles-achat-en-ligne","og_locale":"fr_FR","og_type":"article","og_title":"VPXL \u2013 Compl\u00e9ment pour am\u00e9liorer les performances sexuelles - La Pharmacie Express","og_description":"VPXL am\u00e9liore la libido, la vigueur et les \u00e9rections naturelles. Commandez en ligne sur La Pharmacie Express et profitez d\u2019une livraison rapide et discr\u00e8te.","og_url":"https:\/\/lapharmaciexpress.com\/?product=vpxl-complement-naturel-performances-sexuelles-achat-en-ligne","og_site_name":"La Pharmacie Express","article_modified_time":"2025-02-03T10:29:08+00:00","og_image":[{"width":600,"height":600,"url":"https:\/\/lapharmaciexpress.com\/wp-content\/uploads\/2019\/07\/vpxl-pil.jpg","type":"image\/jpeg"}],"twitter_card":"summary_large_image","twitter_misc":{"Dur\u00e9e de lecture estim\u00e9e":"1 minute"},"schema":{"@context":"https:\/\/schema.org","@graph":[{"@type":"WebPage","@id":"https:\/\/lapharmaciexpress.com\/?product=vpxl-complement-naturel-performances-sexuelles-achat-en-ligne","url":"https:\/\/lapharmaciexpress.com\/?product=vpxl-complement-naturel-performances-sexuelles-achat-en-ligne","name":"VPXL \u2013 Compl\u00e9ment pour am\u00e9liorer les performances sexuelles - La Pharmacie Express","isPartOf":{"@id":"https:\/\/lapharmaciexpress.com\/#website"},"primaryImageOfPage":{"@id":"https:\/\/lapharmaciexpress.com\/?product=vpxl-complement-naturel-performances-sexuelles-achat-en-ligne#primaryimage"},"image":{"@id":"https:\/\/lapharmaciexpress.com\/?product=vpxl-complement-naturel-performances-sexuelles-achat-en-ligne#primaryimage"},"thumbnailUrl":"https:\/\/lapharmaciexpress.com\/wp-content\/uploads\/2019\/07\/vpxl-pil.jpg?wsr","datePublished":"2019-07-17T14:49:05+00:00","dateModified":"2025-02-03T10:29:08+00:00","description":"VPXL am\u00e9liore la libido, la vigueur et les \u00e9rections naturelles. Commandez en ligne sur La Pharmacie Express et profitez d\u2019une livraison rapide et discr\u00e8te.","breadcrumb":{"@id":"https:\/\/lapharmaciexpress.com\/?product=vpxl-complement-naturel-performances-sexuelles-achat-en-ligne#breadcrumb"},"inLanguage":"fr-FR","potentialAction":[{"@type":"ReadAction","target":["https:\/\/lapharmaciexpress.com\/?product=vpxl-complement-naturel-performances-sexuelles-achat-en-ligne"]}]},{"@type":"ImageObject","inLanguage":"fr-FR","@id":"https:\/\/lapharmaciexpress.com\/?product=vpxl-complement-naturel-performances-sexuelles-achat-en-ligne#primaryimage","url":"https:\/\/lapharmaciexpress.com\/wp-content\/uploads\/2019\/07\/vpxl-pil.jpg?wsr","contentUrl":"https:\/\/lapharmaciexpress.com\/wp-content\/uploads\/2019\/07\/vpxl-pil.jpg?wsr","width":600,"height":600},{"@type":"BreadcrumbList","@id":"https:\/\/lapharmaciexpress.com\/?product=vpxl-complement-naturel-performances-sexuelles-achat-en-ligne#breadcrumb","itemListElement":[{"@type":"ListItem","position":1,"name":"Accueil","item":"https:\/\/lapharmaciexpress.com\/"},{"@type":"ListItem","position":2,"name":"Boutique","item":"https:\/\/lapharmaciexpress.com\/?page_id=6"},{"@type":"ListItem","position":3,"name":"VPXL"}]},{"@type":"WebSite","@id":"https:\/\/lapharmaciexpress.com\/#website","url":"https:\/\/lapharmaciexpress.com\/","name":"La Pharmacie Express","description":"La pharmacie en ligne","publisher":{"@id":"https:\/\/lapharmaciexpress.com\/#organization"},"potentialAction":[{"@type":"SearchAction","target":{"@type":"EntryPoint","urlTemplate":"https:\/\/lapharmaciexpress.com\/?s={search_term_string}"},"query-input":{"@type":"PropertyValueSpecification","valueRequired":true,"valueName":"search_term_string"}}],"inLanguage":"fr-FR"},{"@type":"Organization","@id":"https:\/\/lapharmaciexpress.com\/#organization","name":"La Pharmacie Express","url":"https:\/\/lapharmaciexpress.com\/","logo":{"@type":"ImageObject","inLanguage":"fr-FR","@id":"https:\/\/lapharmaciexpress.com\/#\/schema\/logo\/image\/","url":"https:\/\/lapharmaciexpress.com\/wp-content\/uploads\/2019\/07\/ico-Lapharmacie-express.png","contentUrl":"https:\/\/lapharmaciexpress.com\/wp-content\/uploads\/2019\/07\/ico-Lapharmacie-express.png","width":362,"height":300,"caption":"La Pharmacie Express"},"image":{"@id":"https:\/\/lapharmaciexpress.com\/#\/schema\/logo\/image\/"}}]}},"jetpack_sharing_enabled":true,"brands":[],"_links":{"self":[{"href":"https:\/\/lapharmaciexpress.com\/index.php?rest_route=\/wp\/v2\/product\/2450","targetHints":{"allow":["GET"]}}],"collection":[{"href":"https:\/\/lapharmaciexpress.com\/index.php?rest_route=\/wp\/v2\/product"}],"about":[{"href":"https:\/\/lapharmaciexpress.com\/index.php?rest_route=\/wp\/v2\/types\/product"}],"replies":[{"embeddable":true,"href":"https:\/\/lapharmaciexpress.com\/index.php?rest_route=%2Fwp%2Fv2%2Fcomments&post=2450"}],"wp:featuredmedia":[{"embeddable":true,"href":"https:\/\/lapharmaciexpress.com\/index.php?rest_route=\/wp\/v2\/media\/2456"}],"wp:attachment":[{"href":"https:\/\/lapharmaciexpress.com\/index.php?rest_route=%2Fwp%2Fv2%2Fmedia&parent=2450"}],"wp:term":[{"taxonomy":"pwb-brand","embeddable":true,"href":"https:\/\/lapharmaciexpress.com\/index.php?rest_route=%2Fwp%2Fv2%2Fpwb-brand&post=2450"},{"taxonomy":"product_brand","embeddable":true,"href":"https:\/\/lapharmaciexpress.com\/index.php?rest_route=%2Fwp%2Fv2%2Fproduct_brand&post=2450"},{"taxonomy":"product_cat","embeddable":true,"href":"https:\/\/lapharmaciexpress.com\/index.php?rest_route=%2Fwp%2Fv2%2Fproduct_cat&post=2450"},{"taxonomy":"product_tag","embeddable":true,"href":"https:\/\/lapharmaciexpress.com\/index.php?rest_route=%2Fwp%2Fv2%2Fproduct_tag&post=2450"}],"curies":[{"name":"wp","href":"https:\/\/api.w.org\/{rel}","templated":true}]}}