{"id":2457,"date":"2019-07-17T17:30:24","date_gmt":"2019-07-17T15:30:24","guid":{"rendered":"http:\/\/lapharmaciexpress.com\/?post_type=product&#038;p=2457"},"modified":"2024-09-14T18:34:18","modified_gmt":"2024-09-14T16:34:18","slug":"raspberry-ketones","status":"publish","type":"product","link":"https:\/\/lapharmaciexpress.com\/?product=raspberry-ketones","title":{"rendered":"Raspberry Ketones 600mg"},"content":{"rendered":"<p>Raspberry Ketones est un produit chimique issu des framboises rouges, ainsi que du kiwi, des p\u00eaches, des raisins, des pommes, d&#8217;autres baies, des l\u00e9gumes comme la rhubarbe et de l&#8217;\u00e9corce d&#8217;if, d&#8217;\u00e9rable et de pin.<\/p>\n<p>Les gens prennent la c\u00e9tone de framboise par la bouche pour perdre du poids. Il est devenu populaire pour la perte de poids apr\u00e8s sa mention dans l&#8217;\u00e9mission de t\u00e9l\u00e9vision Dr. Oz lors du segment intitul\u00e9 &#8220;C\u00e9tone framboise: br\u00fbleur de graisse Miracle en bouteille&#8221; en f\u00e9vrier 2012.<\/p>\n<p>Les gens appliquent de la c\u00e9tone de framboise sur la peau en cas de perte de cheveux.<\/p>\n<p>La c\u00e9tone de framboise est \u00e9galement utilis\u00e9e dans les aliments, les cosm\u00e9tiques et autres produits de fabrication comme parfum ou agent aromatisant.<\/p>\n<p><strong>Comment \u00e7a marche?<\/strong><br \/>\nRaspberry Ketones est une substance chimique issue de la framboise rouge qui pourrait aider \u00e0 perdre du poids. Certaines recherches chez l&#8217;animal ou dans des \u00e9prouvettes ont montr\u00e9 que la c\u00e9tone de framboise pourrait augmenter certaines mesures du m\u00e9tabolisme. Il pourrait \u00e9galement affecter une hormone dans le corps appel\u00e9e adiponectine. L&#8217;adiponectine peut augmenter la vitesse \u00e0 laquelle le corps br\u00fble les graisses et r\u00e9duit l&#8217;app\u00e9tit. Cependant, il est important de garder \u00e0 l&#8217;esprit qu&#8217;il n&#8217;existe aucune preuve scientifique fiable que la c\u00e9tone de framboise am\u00e9liore la perte de poids lorsqu&#8217;elle est prise par des personnes.<\/p>\n<p><strong>les usages:<\/strong><\/p>\n<p><strong>Calvitie masculine (alop\u00e9cie androg\u00e9nique). <\/strong>Les premi\u00e8res recherches montrent que l&#8217;application d&#8217;une solution de c\u00e9tone framboise sur le cuir chevelu pourrait augmenter la croissance des cheveux chez les personnes atteintes de calvitie chez les hommes<\/p>\n<p><strong>Perte de cheveux (alop\u00e9cie areata).<\/strong> Les premi\u00e8res recherches montrent que l&#8217;application d&#8217;une solution de c\u00e9tone framboise sur le cuir chevelu pourrait acc\u00e9l\u00e9rer la croissance des cheveux chez les personnes atteintes de perte de cheveux.<\/p>\n<p><strong>Ob\u00e9sit\u00e9.<\/strong> Les premi\u00e8res recherches sugg\u00e8rent que la c\u00e9tone de framboise et la vitamine C pourraient r\u00e9duire le poids et la graisse corporelle chez les personnes en bonne sant\u00e9. D&#8217;autres recherches sugg\u00e8rent que la prise d&#8217;un produit sp\u00e9cifique (m\u00e9tabolisme progressif) contenant de la c\u00e9tone de framboise (Razberi K, Integrity Nutraceuticals) et d&#8217;autres ingr\u00e9dients, y compris la caf\u00e9ine, deux fois par jour pendant 8 semaines r\u00e9duit le poids corporel de 2%, la masse grasse de 7,8%, le tour de taille de 2% et tour de hanche de 1,7%. Les effets de la prise<\/p>\n<p><strong>Effets secondaires et s\u00e9curit\u00e9:<\/strong><\/p>\n<p>Raspberry Ketones est potentiellement sans danger si elle est administr\u00e9e par voie orale de mani\u00e8re appropri\u00e9e dans le cadre d&#8217;un produit contenant d&#8217;autres ingr\u00e9dients \u00e0 court terme. Des doses de 1 000 mg d&#8217;une formulation sp\u00e9cifique (m\u00e9tabolisme progressif) contenant de la c\u00e9tone de framboise (Razberi K, Integrity Nutraceuticals) et d&#8217;autres ingr\u00e9dients, notamment de la caf\u00e9ine, ont \u00e9t\u00e9 utilis\u00e9es sans danger deux fois par jour pendant 8 semaines.<\/p>\n<p>Il n\u2019existe pas suffisamment d\u2019informations fiables pour savoir si la c\u00e9tone de framboise seule est sans danger. La s\u00e9curit\u00e9 de la c\u00e9tone de framboise suscite des inqui\u00e9tudes car elle est chimiquement li\u00e9e \u00e0 un stimulant appel\u00e9 syn\u00e9phrine. Par cons\u00e9quent, il est possible que la c\u00e9tone de framboise provoque des sentiments de nervosit\u00e9, augmente la pression art\u00e9rielle ou acc\u00e9l\u00e8re le rythme cardiaque. Dans un rapport, une personne qui prenait de la c\u00e9tone de framboise a d\u00e9crit des sentiments de tremblement et de battements de c\u0153ur (palpitations).<br \/>\nPr\u00e9cautions sp\u00e9ciales et avertissements:<br \/>\n<strong>Grossesse et allaitement:<\/strong> Il n\u2019ya pas assez d\u2019informations fiables sur la s\u00e9curit\u00e9 de la c\u00e9tone de framboise si vous \u00eates enceinte ou que vous allaitez. Restez prudent et \u00e9vitez de l&#8217;utiliser.<\/p>\n<p><strong>Diab\u00e8te:<\/strong> Raspberry Ketones peut abaisser le taux de sucre dans le sang. En th\u00e9orie, la c\u00e9tone de framboise peut faire baisser la glyc\u00e9mie chez les personnes prenant d\u00e9j\u00e0 des m\u00e9dicaments pour le diab\u00e8te.<\/p>\n<p><strong>Dosage:<\/strong><\/p>\n<p>La dose appropri\u00e9e de Raspberry Ketones\u00a0d\u00e9pend de plusieurs facteurs tels que l&#8217;\u00e2ge de l&#8217;utilisateur, sa sant\u00e9 et plusieurs autres conditions. \u00c0 l&#8217;heure actuelle, il n&#8217;y a pas assez d&#8217;informations scientifiques pour d\u00e9terminer une gamme appropri\u00e9e de doses de c\u00e9tone de framboise. N&#8217;oubliez pas que les produits naturels ne sont pas toujours n\u00e9cessairement s\u00fbrs et que les dosages peuvent \u00eatre importants. Veillez \u00e0 suivre les instructions appropri\u00e9es sur les \u00e9tiquettes des produits et consultez votre pharmacien ou votre m\u00e9decin ou un autre professionnel de la sant\u00e9 avant l&#8217;utilisation.<\/p>\n<p>&nbsp;<\/p>\n","protected":false},"excerpt":{"rendered":"<p>Raspberry Ketones est le nouveau compl\u00e9ment le plus recherch\u00e9 pour perdre du poids. Il a \u00e9t\u00e9 \u00e9labor\u00e9 pour aider les hommes et les femmes \u00e0 perdre du poids rapidement et efficacement. Ce produit a litt\u00e9ralement explos\u00e9 sur le march\u00e9 gr\u00e2ce \u00e0 l\u2019aval important qu\u2019il a re\u00e7u et \u00e0 la couverture m\u00e9diatique incroyable qu&#8217;il a suscit\u00e9e.<br \/>\nRaspberry Ketones peut stimuler la production d&#8217;adiponectine, une hormone qui am\u00e9liore notre capacit\u00e9 \u00e0 m\u00e9taboliser la graisse. \u00c0 son tour, la graisse contenue \u00e0 l&#8217;int\u00e9rieur de vos cellules est d\u00e9compos\u00e9e plus efficacement, ce qui aide votre corps \u00e0 la br\u00fbler plus rapidement et plus efficacement. La c\u00e9tone de framboise est le compos\u00e9 aromatique principal des framboises rouges, et c&#8217;est un compl\u00e9ment s\u00fbr,sain et sans effets ind\u00e9sirables.<\/p>\n","protected":false},"featured_media":2461,"comment_status":"open","ping_status":"closed","template":"","meta":[],"pwb-brand":[],"product_brand":[],"product_cat":[28],"product_tag":[],"class_list":{"0":"post-2457","1":"product","2":"type-product","3":"status-publish","4":"has-post-thumbnail","6":"product_cat-produit-de-soin-minceur","7":"clearfix","9":"first","10":"instock","11":"taxable","12":"shipping-taxable","13":"purchasable","14":"product-type-variable"},"yoast_head":"<!-- This site is optimized with the Yoast SEO plugin v27.4 - https:\/\/yoast.com\/product\/yoast-seo-wordpress\/ -->\n<title>Raspberry Ketones 600mg - La Pharmacie Express<\/title>\n<meta name=\"description\" content=\"Faite vos achats de Dysfonction \u00e9rectile, viagra, cialis, kamagra, levitra, vitamine produits de femme, antibiotique en toute discretion sur la pharamacie express en ligne, livraison gratuite.\" \/>\n<meta name=\"robots\" content=\"index, follow, max-snippet:-1, max-image-preview:large, max-video-preview:-1\" \/>\n<link rel=\"canonical\" href=\"https:\/\/lapharmaciexpress.com\/?product=raspberry-ketones\" \/>\n<meta property=\"og:locale\" content=\"fr_FR\" \/>\n<meta property=\"og:type\" content=\"article\" \/>\n<meta property=\"og:title\" content=\"Raspberry Ketones 600mg - La Pharmacie Express\" \/>\n<meta property=\"og:description\" content=\"Faite vos achats de Dysfonction \u00e9rectile, viagra, cialis, kamagra, levitra, vitamine produits de femme, antibiotique en toute discretion sur la pharamacie express en ligne, livraison gratuite.\" \/>\n<meta property=\"og:url\" content=\"https:\/\/lapharmaciexpress.com\/?product=raspberry-ketones\" \/>\n<meta property=\"og:site_name\" content=\"La Pharmacie Express\" \/>\n<meta property=\"article:modified_time\" content=\"2024-09-14T16:34:18+00:00\" \/>\n<meta property=\"og:image\" content=\"https:\/\/lapharmaciexpress.com\/wp-content\/uploads\/2019\/07\/RaspberryKetone.jpg\" \/>\n\t<meta property=\"og:image:width\" content=\"600\" \/>\n\t<meta property=\"og:image:height\" content=\"600\" \/>\n\t<meta property=\"og:image:type\" content=\"image\/jpeg\" \/>\n<meta name=\"twitter:card\" content=\"summary_large_image\" \/>\n<meta name=\"twitter:label1\" content=\"Dur\u00e9e de lecture estim\u00e9e\" \/>\n\t<meta name=\"twitter:data1\" content=\"4 minutes\" \/>\n<script type=\"application\/ld+json\" class=\"yoast-schema-graph\">{\"@context\":\"https:\\\/\\\/schema.org\",\"@graph\":[{\"@type\":\"WebPage\",\"@id\":\"https:\\\/\\\/lapharmaciexpress.com\\\/?product=raspberry-ketones\",\"url\":\"https:\\\/\\\/lapharmaciexpress.com\\\/?product=raspberry-ketones\",\"name\":\"Raspberry Ketones 600mg - La Pharmacie Express\",\"isPartOf\":{\"@id\":\"https:\\\/\\\/lapharmaciexpress.com\\\/#website\"},\"primaryImageOfPage\":{\"@id\":\"https:\\\/\\\/lapharmaciexpress.com\\\/?product=raspberry-ketones#primaryimage\"},\"image\":{\"@id\":\"https:\\\/\\\/lapharmaciexpress.com\\\/?product=raspberry-ketones#primaryimage\"},\"thumbnailUrl\":\"https:\\\/\\\/lapharmaciexpress.com\\\/wp-content\\\/uploads\\\/2019\\\/07\\\/RaspberryKetone.jpg?wsr\",\"datePublished\":\"2019-07-17T15:30:24+00:00\",\"dateModified\":\"2024-09-14T16:34:18+00:00\",\"description\":\"Faite vos achats de Dysfonction \u00e9rectile, viagra, cialis, kamagra, levitra, vitamine produits de femme, antibiotique en toute discretion sur la pharamacie express en ligne, livraison gratuite.\",\"breadcrumb\":{\"@id\":\"https:\\\/\\\/lapharmaciexpress.com\\\/?product=raspberry-ketones#breadcrumb\"},\"inLanguage\":\"fr-FR\",\"potentialAction\":[{\"@type\":\"ReadAction\",\"target\":[\"https:\\\/\\\/lapharmaciexpress.com\\\/?product=raspberry-ketones\"]}]},{\"@type\":\"ImageObject\",\"inLanguage\":\"fr-FR\",\"@id\":\"https:\\\/\\\/lapharmaciexpress.com\\\/?product=raspberry-ketones#primaryimage\",\"url\":\"https:\\\/\\\/lapharmaciexpress.com\\\/wp-content\\\/uploads\\\/2019\\\/07\\\/RaspberryKetone.jpg?wsr\",\"contentUrl\":\"https:\\\/\\\/lapharmaciexpress.com\\\/wp-content\\\/uploads\\\/2019\\\/07\\\/RaspberryKetone.jpg?wsr\",\"width\":600,\"height\":600},{\"@type\":\"BreadcrumbList\",\"@id\":\"https:\\\/\\\/lapharmaciexpress.com\\\/?product=raspberry-ketones#breadcrumb\",\"itemListElement\":[{\"@type\":\"ListItem\",\"position\":1,\"name\":\"Accueil\",\"item\":\"https:\\\/\\\/lapharmaciexpress.com\\\/\"},{\"@type\":\"ListItem\",\"position\":2,\"name\":\"Boutique\",\"item\":\"https:\\\/\\\/lapharmaciexpress.com\\\/?page_id=6\"},{\"@type\":\"ListItem\",\"position\":3,\"name\":\"Raspberry Ketones 600mg\"}]},{\"@type\":\"WebSite\",\"@id\":\"https:\\\/\\\/lapharmaciexpress.com\\\/#website\",\"url\":\"https:\\\/\\\/lapharmaciexpress.com\\\/\",\"name\":\"La Pharmacie Express\",\"description\":\"La pharmacie en ligne\",\"publisher\":{\"@id\":\"https:\\\/\\\/lapharmaciexpress.com\\\/#organization\"},\"potentialAction\":[{\"@type\":\"SearchAction\",\"target\":{\"@type\":\"EntryPoint\",\"urlTemplate\":\"https:\\\/\\\/lapharmaciexpress.com\\\/?s={search_term_string}\"},\"query-input\":{\"@type\":\"PropertyValueSpecification\",\"valueRequired\":true,\"valueName\":\"search_term_string\"}}],\"inLanguage\":\"fr-FR\"},{\"@type\":\"Organization\",\"@id\":\"https:\\\/\\\/lapharmaciexpress.com\\\/#organization\",\"name\":\"La Pharmacie Express\",\"url\":\"https:\\\/\\\/lapharmaciexpress.com\\\/\",\"logo\":{\"@type\":\"ImageObject\",\"inLanguage\":\"fr-FR\",\"@id\":\"https:\\\/\\\/lapharmaciexpress.com\\\/#\\\/schema\\\/logo\\\/image\\\/\",\"url\":\"https:\\\/\\\/lapharmaciexpress.com\\\/wp-content\\\/uploads\\\/2019\\\/07\\\/ico-Lapharmacie-express.png\",\"contentUrl\":\"https:\\\/\\\/lapharmaciexpress.com\\\/wp-content\\\/uploads\\\/2019\\\/07\\\/ico-Lapharmacie-express.png\",\"width\":362,\"height\":300,\"caption\":\"La Pharmacie Express\"},\"image\":{\"@id\":\"https:\\\/\\\/lapharmaciexpress.com\\\/#\\\/schema\\\/logo\\\/image\\\/\"}}]}<\/script>\n<!-- \/ Yoast SEO plugin. -->","yoast_head_json":{"title":"Raspberry Ketones 600mg - La Pharmacie Express","description":"Faite vos achats de Dysfonction \u00e9rectile, viagra, cialis, kamagra, levitra, vitamine produits de femme, antibiotique en toute discretion sur la pharamacie express en ligne, livraison gratuite.","robots":{"index":"index","follow":"follow","max-snippet":"max-snippet:-1","max-image-preview":"max-image-preview:large","max-video-preview":"max-video-preview:-1"},"canonical":"https:\/\/lapharmaciexpress.com\/?product=raspberry-ketones","og_locale":"fr_FR","og_type":"article","og_title":"Raspberry Ketones 600mg - La Pharmacie Express","og_description":"Faite vos achats de Dysfonction \u00e9rectile, viagra, cialis, kamagra, levitra, vitamine produits de femme, antibiotique en toute discretion sur la pharamacie express en ligne, livraison gratuite.","og_url":"https:\/\/lapharmaciexpress.com\/?product=raspberry-ketones","og_site_name":"La Pharmacie Express","article_modified_time":"2024-09-14T16:34:18+00:00","og_image":[{"width":600,"height":600,"url":"https:\/\/lapharmaciexpress.com\/wp-content\/uploads\/2019\/07\/RaspberryKetone.jpg","type":"image\/jpeg"}],"twitter_card":"summary_large_image","twitter_misc":{"Dur\u00e9e de lecture estim\u00e9e":"4 minutes"},"schema":{"@context":"https:\/\/schema.org","@graph":[{"@type":"WebPage","@id":"https:\/\/lapharmaciexpress.com\/?product=raspberry-ketones","url":"https:\/\/lapharmaciexpress.com\/?product=raspberry-ketones","name":"Raspberry Ketones 600mg - La Pharmacie Express","isPartOf":{"@id":"https:\/\/lapharmaciexpress.com\/#website"},"primaryImageOfPage":{"@id":"https:\/\/lapharmaciexpress.com\/?product=raspberry-ketones#primaryimage"},"image":{"@id":"https:\/\/lapharmaciexpress.com\/?product=raspberry-ketones#primaryimage"},"thumbnailUrl":"https:\/\/lapharmaciexpress.com\/wp-content\/uploads\/2019\/07\/RaspberryKetone.jpg?wsr","datePublished":"2019-07-17T15:30:24+00:00","dateModified":"2024-09-14T16:34:18+00:00","description":"Faite vos achats de Dysfonction \u00e9rectile, viagra, cialis, kamagra, levitra, vitamine produits de femme, antibiotique en toute discretion sur la pharamacie express en ligne, livraison gratuite.","breadcrumb":{"@id":"https:\/\/lapharmaciexpress.com\/?product=raspberry-ketones#breadcrumb"},"inLanguage":"fr-FR","potentialAction":[{"@type":"ReadAction","target":["https:\/\/lapharmaciexpress.com\/?product=raspberry-ketones"]}]},{"@type":"ImageObject","inLanguage":"fr-FR","@id":"https:\/\/lapharmaciexpress.com\/?product=raspberry-ketones#primaryimage","url":"https:\/\/lapharmaciexpress.com\/wp-content\/uploads\/2019\/07\/RaspberryKetone.jpg?wsr","contentUrl":"https:\/\/lapharmaciexpress.com\/wp-content\/uploads\/2019\/07\/RaspberryKetone.jpg?wsr","width":600,"height":600},{"@type":"BreadcrumbList","@id":"https:\/\/lapharmaciexpress.com\/?product=raspberry-ketones#breadcrumb","itemListElement":[{"@type":"ListItem","position":1,"name":"Accueil","item":"https:\/\/lapharmaciexpress.com\/"},{"@type":"ListItem","position":2,"name":"Boutique","item":"https:\/\/lapharmaciexpress.com\/?page_id=6"},{"@type":"ListItem","position":3,"name":"Raspberry Ketones 600mg"}]},{"@type":"WebSite","@id":"https:\/\/lapharmaciexpress.com\/#website","url":"https:\/\/lapharmaciexpress.com\/","name":"La Pharmacie Express","description":"La pharmacie en ligne","publisher":{"@id":"https:\/\/lapharmaciexpress.com\/#organization"},"potentialAction":[{"@type":"SearchAction","target":{"@type":"EntryPoint","urlTemplate":"https:\/\/lapharmaciexpress.com\/?s={search_term_string}"},"query-input":{"@type":"PropertyValueSpecification","valueRequired":true,"valueName":"search_term_string"}}],"inLanguage":"fr-FR"},{"@type":"Organization","@id":"https:\/\/lapharmaciexpress.com\/#organization","name":"La Pharmacie Express","url":"https:\/\/lapharmaciexpress.com\/","logo":{"@type":"ImageObject","inLanguage":"fr-FR","@id":"https:\/\/lapharmaciexpress.com\/#\/schema\/logo\/image\/","url":"https:\/\/lapharmaciexpress.com\/wp-content\/uploads\/2019\/07\/ico-Lapharmacie-express.png","contentUrl":"https:\/\/lapharmaciexpress.com\/wp-content\/uploads\/2019\/07\/ico-Lapharmacie-express.png","width":362,"height":300,"caption":"La Pharmacie Express"},"image":{"@id":"https:\/\/lapharmaciexpress.com\/#\/schema\/logo\/image\/"}}]}},"jetpack_sharing_enabled":true,"brands":[],"_links":{"self":[{"href":"https:\/\/lapharmaciexpress.com\/index.php?rest_route=\/wp\/v2\/product\/2457","targetHints":{"allow":["GET"]}}],"collection":[{"href":"https:\/\/lapharmaciexpress.com\/index.php?rest_route=\/wp\/v2\/product"}],"about":[{"href":"https:\/\/lapharmaciexpress.com\/index.php?rest_route=\/wp\/v2\/types\/product"}],"replies":[{"embeddable":true,"href":"https:\/\/lapharmaciexpress.com\/index.php?rest_route=%2Fwp%2Fv2%2Fcomments&post=2457"}],"wp:featuredmedia":[{"embeddable":true,"href":"https:\/\/lapharmaciexpress.com\/index.php?rest_route=\/wp\/v2\/media\/2461"}],"wp:attachment":[{"href":"https:\/\/lapharmaciexpress.com\/index.php?rest_route=%2Fwp%2Fv2%2Fmedia&parent=2457"}],"wp:term":[{"taxonomy":"pwb-brand","embeddable":true,"href":"https:\/\/lapharmaciexpress.com\/index.php?rest_route=%2Fwp%2Fv2%2Fpwb-brand&post=2457"},{"taxonomy":"product_brand","embeddable":true,"href":"https:\/\/lapharmaciexpress.com\/index.php?rest_route=%2Fwp%2Fv2%2Fproduct_brand&post=2457"},{"taxonomy":"product_cat","embeddable":true,"href":"https:\/\/lapharmaciexpress.com\/index.php?rest_route=%2Fwp%2Fv2%2Fproduct_cat&post=2457"},{"taxonomy":"product_tag","embeddable":true,"href":"https:\/\/lapharmaciexpress.com\/index.php?rest_route=%2Fwp%2Fv2%2Fproduct_tag&post=2457"}],"curies":[{"name":"wp","href":"https:\/\/api.w.org\/{rel}","templated":true}]}}