{"id":2505,"date":"2019-07-29T13:12:52","date_gmt":"2019-07-29T11:12:52","guid":{"rendered":"http:\/\/lapharmaciexpress.com\/?post_type=product&#038;p=2505"},"modified":"2024-10-08T23:15:21","modified_gmt":"2024-10-08T21:15:21","slug":"titan-gel","status":"publish","type":"product","link":"https:\/\/lapharmaciexpress.com\/?product=titan-gel","title":{"rendered":"Titan gel"},"content":{"rendered":"<p>Titan Gel est un produit g\u00e9lifi\u00e9 100% naturel qui a \u00e9t\u00e9 formul\u00e9 pour augmenter la taille du p\u00e9nis ainsi que l\u2019intensit\u00e9 des orgasmes. La formule de Titan Gel est compos\u00e9e d\u2019ingr\u00e9dients 100% naturels qui ont \u00e9t\u00e9 soigneusement s\u00e9lectionn\u00e9s et fabriqu\u00e9s \u00e0 l\u2019aide d\u2019une combinaison de science avanc\u00e9e et de m\u00e9decine traditionnelle pour offrir un moyen s\u00fbr et efficace de r\u00e9soudre les probl\u00e8mes les plus courants de sant\u00e9 reproductive des hommes.<br \/>\nIl est recommand\u00e9 pour les hommes ayant un p\u00e9nis de petite taille, des \u00e9rections faibles ou de courte dur\u00e9e ou une faible viabilit\u00e9\/motilit\u00e9 du sperme.<br \/>\nLe produit est \u00e9galement recommand\u00e9 pour les hommes qui souffrent d\u2019une diminution de la sensibilit\u00e9 pendant les rapports sexuels, d\u2019inconfort physique ainsi que d\u2019insatisfaction du partenaire caus\u00e9e par des probl\u00e8mes sexuels masculins. Si vous avez une libido faible en raison de troubles physiques ou psychologiques ant\u00e9rieurs, ce produit peut \u00e9galement vous \u00eatre utile.<\/p>\n<h3><strong>Principaux avantages<\/strong><\/h3>\n<ol>\n<li>Active la circulation sanguine dans les corps caverneux (du p\u00e9nis) pour des \u00e9rections plus longues et plus compl\u00e8tes.<\/li>\n<li>Il am\u00e9liore la conduction nerveuse \u00e0 l\u2019int\u00e9rieur et autour de la r\u00e9gion g\u00e9nitale, ce qui facilite l\u2019excitation.<\/li>\n<li>Augmente la production de testost\u00e9rone. La testost\u00e9rone est la principale hormone responsable de l\u2019activit\u00e9 masculine.<\/li>\n<li>Il am\u00e9liore la viabilit\u00e9 des spermatozo\u00efdes.<\/li>\n<li>Gel Titan augmente les capacit\u00e9s fertilisantes du liquide s\u00e9minal.<\/li>\n<li>Il am\u00e9liore les param\u00e8tres de base du p\u00e9nis tels que la taille et la circonf\u00e9rence.<\/li>\n<li>Augmente l\u2019acuit\u00e9 sensorielle ainsi que l\u2019endurance pendant les rapports sexuels.<\/li>\n<li>Il \u00e9limine la congestion pelvienne, un probl\u00e8me courant associ\u00e9 aux modes de vie s\u00e9dentaires. La congestion pelvienne est \u00e9galement li\u00e9e \u00e0 des probl\u00e8mes de puissance.<\/li>\n<\/ol>\n<h4><strong>Ingr\u00e9dients du\u00a0<\/strong>Titan Gel<\/h4>\n<p>La meilleure fa\u00e7on de savoir comment fonctionne un produit ou si le produit fonctionne est d\u2019examiner la composition\/les ingr\u00e9dients. Comme mentionn\u00e9 ci-dessus, le Gel Titan est compos\u00e9 d\u2019ingr\u00e9dients 100% naturels. Ils incluent ;<\/p>\n<ol>\n<li><strong>Extrait d\u2019\u00e9pim\u00e8de :\u00a0<\/strong>Extrait v\u00e9g\u00e9tal riche en alcalo\u00efdes, saponines, flavono\u00efdes et glycosides. L\u2019extrait est couramment utilis\u00e9 pour maintenir une activit\u00e9 sexuelle saine. L\u2019\u00e9pim\u00e8de est une herbe que l\u2019on trouve en Asie. L\u2019extrait est utilis\u00e9 pour stimuler la s\u00e9cr\u00e9tion d\u2019hormones et traiter l\u2019impuissance.<\/li>\n<li><strong>Extrait de chardon :\u00a0<\/strong>Il s\u2019agit d\u2019un autre extrait d\u2019herbe connu pour stimuler la libido sexuelle permettant des p\u00e9riodes prolong\u00e9es de rapports sexuels. L\u2019extrait de chardon \u00e9quilibre \u00e9galement les niveaux de testost\u00e9rone en veillant \u00e0 ce qu\u2019ils restent normaux de fa\u00e7on constante dans le sang. La testost\u00e9rone est l\u2019hormone responsable du contr\u00f4le du d\u00e9sir sexuel chez les hommes.<\/li>\n<li><strong>Lichen :\u00a0<\/strong>Le Titan gel contient \u00e9galement du lichen, un organisme composite connu pour stimuler la circulation sanguine et pr\u00e9venir la congestion.<\/li>\n<li><strong>Maca p\u00e9ruvienne :\u00a0<\/strong>Gel Titan contient \u00e9galement de la Maca p\u00e9ruvienne, un aphrodisiaque qui \u00e9limine les probl\u00e8mes de puissance et augmente la motilit\u00e9 des spermatozo\u00efdes.<\/li>\n<li><strong>Wisteria \u2013\u00a0<\/strong>Cet ingr\u00e9dient va vous aider \u00e0 augmenter la taille de votre organe sexuel masculin<strong>.<\/strong><\/li>\n<\/ol>\n<p>Le produit contient d\u2019autres composants de renfort, c\u2019est-\u00e0-dire ceux qui forment la texture agr\u00e9able et incomparable du produit. Au total, les ingr\u00e9dients sont 100% naturels.<\/p>\n","protected":false},"excerpt":{"rendered":"<div id=\"Titan Gel\">Titan Gel est un produit g\u00e9lifi\u00e9 100% naturel qui a \u00e9t\u00e9 formul\u00e9 pour augmenter la taille du p\u00e9nis ainsi que l\u2019intensit\u00e9 des orgasmes. La formule de Titan Gel est compos\u00e9e d\u2019ingr\u00e9dients 100% naturels qui ont \u00e9t\u00e9 soigneusement s\u00e9lectionn\u00e9s et fabriqu\u00e9s \u00e0 l\u2019aide d\u2019une combinaison de science avanc\u00e9e et de m\u00e9decine traditionnelle pour offrir un moyen s\u00fbr et efficace de r\u00e9soudre les probl\u00e8mes les plus courants de sant\u00e9 reproductive des hommes.<\/div>\n","protected":false},"featured_media":2506,"comment_status":"open","ping_status":"closed","template":"","meta":[],"pwb-brand":[],"product_brand":[],"product_cat":[19],"product_tag":[],"class_list":{"0":"post-2505","1":"product","2":"type-product","3":"status-publish","4":"has-post-thumbnail","6":"product_cat-dysfonction-erectile","7":"clearfix","9":"first","10":"instock","11":"sale","12":"taxable","13":"shipping-taxable","14":"purchasable","15":"product-type-simple"},"yoast_head":"<!-- This site is optimized with the Yoast SEO plugin v27.4 - https:\/\/yoast.com\/product\/yoast-seo-wordpress\/ -->\n<title>Titan gel - La Pharmacie Express<\/title>\n<meta name=\"description\" content=\"Faite vos achats de Dysfonction \u00e9rectile, viagra, cialis, kamagra, levitra, vitamine produits de femme, antibiotique en toute discretion sur la pharamacie express en ligne, livraison gratuite.\" \/>\n<meta name=\"robots\" content=\"index, follow, max-snippet:-1, max-image-preview:large, max-video-preview:-1\" \/>\n<link rel=\"canonical\" href=\"https:\/\/lapharmaciexpress.com\/?product=titan-gel\" \/>\n<meta property=\"og:locale\" content=\"fr_FR\" \/>\n<meta property=\"og:type\" content=\"article\" \/>\n<meta property=\"og:title\" content=\"Titan gel - La Pharmacie Express\" \/>\n<meta property=\"og:description\" content=\"Faite vos achats de Dysfonction \u00e9rectile, viagra, cialis, kamagra, levitra, vitamine produits de femme, antibiotique en toute discretion sur la pharamacie express en ligne, livraison gratuite.\" \/>\n<meta property=\"og:url\" content=\"https:\/\/lapharmaciexpress.com\/?product=titan-gel\" \/>\n<meta property=\"og:site_name\" content=\"La Pharmacie Express\" \/>\n<meta property=\"article:modified_time\" content=\"2024-10-08T21:15:21+00:00\" \/>\n<meta property=\"og:image\" content=\"https:\/\/lapharmaciexpress.com\/wp-content\/uploads\/2019\/07\/Titan-gel.jpg\" \/>\n\t<meta property=\"og:image:width\" content=\"600\" \/>\n\t<meta property=\"og:image:height\" content=\"600\" \/>\n\t<meta property=\"og:image:type\" content=\"image\/jpeg\" \/>\n<meta name=\"twitter:card\" content=\"summary_large_image\" \/>\n<meta name=\"twitter:label1\" content=\"Dur\u00e9e de lecture estim\u00e9e\" \/>\n\t<meta name=\"twitter:data1\" content=\"3 minutes\" \/>\n<script type=\"application\/ld+json\" class=\"yoast-schema-graph\">{\"@context\":\"https:\\\/\\\/schema.org\",\"@graph\":[{\"@type\":\"WebPage\",\"@id\":\"https:\\\/\\\/lapharmaciexpress.com\\\/?product=titan-gel\",\"url\":\"https:\\\/\\\/lapharmaciexpress.com\\\/?product=titan-gel\",\"name\":\"Titan gel - La Pharmacie Express\",\"isPartOf\":{\"@id\":\"https:\\\/\\\/lapharmaciexpress.com\\\/#website\"},\"primaryImageOfPage\":{\"@id\":\"https:\\\/\\\/lapharmaciexpress.com\\\/?product=titan-gel#primaryimage\"},\"image\":{\"@id\":\"https:\\\/\\\/lapharmaciexpress.com\\\/?product=titan-gel#primaryimage\"},\"thumbnailUrl\":\"https:\\\/\\\/lapharmaciexpress.com\\\/wp-content\\\/uploads\\\/2019\\\/07\\\/Titan-gel.jpg?wsr\",\"datePublished\":\"2019-07-29T11:12:52+00:00\",\"dateModified\":\"2024-10-08T21:15:21+00:00\",\"description\":\"Faite vos achats de Dysfonction \u00e9rectile, viagra, cialis, kamagra, levitra, vitamine produits de femme, antibiotique en toute discretion sur la pharamacie express en ligne, livraison gratuite.\",\"breadcrumb\":{\"@id\":\"https:\\\/\\\/lapharmaciexpress.com\\\/?product=titan-gel#breadcrumb\"},\"inLanguage\":\"fr-FR\",\"potentialAction\":[{\"@type\":\"ReadAction\",\"target\":[\"https:\\\/\\\/lapharmaciexpress.com\\\/?product=titan-gel\"]}]},{\"@type\":\"ImageObject\",\"inLanguage\":\"fr-FR\",\"@id\":\"https:\\\/\\\/lapharmaciexpress.com\\\/?product=titan-gel#primaryimage\",\"url\":\"https:\\\/\\\/lapharmaciexpress.com\\\/wp-content\\\/uploads\\\/2019\\\/07\\\/Titan-gel.jpg?wsr\",\"contentUrl\":\"https:\\\/\\\/lapharmaciexpress.com\\\/wp-content\\\/uploads\\\/2019\\\/07\\\/Titan-gel.jpg?wsr\",\"width\":600,\"height\":600},{\"@type\":\"BreadcrumbList\",\"@id\":\"https:\\\/\\\/lapharmaciexpress.com\\\/?product=titan-gel#breadcrumb\",\"itemListElement\":[{\"@type\":\"ListItem\",\"position\":1,\"name\":\"Accueil\",\"item\":\"https:\\\/\\\/lapharmaciexpress.com\\\/\"},{\"@type\":\"ListItem\",\"position\":2,\"name\":\"Boutique\",\"item\":\"https:\\\/\\\/lapharmaciexpress.com\\\/?page_id=6\"},{\"@type\":\"ListItem\",\"position\":3,\"name\":\"Titan gel\"}]},{\"@type\":\"WebSite\",\"@id\":\"https:\\\/\\\/lapharmaciexpress.com\\\/#website\",\"url\":\"https:\\\/\\\/lapharmaciexpress.com\\\/\",\"name\":\"La Pharmacie Express\",\"description\":\"La pharmacie en ligne\",\"publisher\":{\"@id\":\"https:\\\/\\\/lapharmaciexpress.com\\\/#organization\"},\"potentialAction\":[{\"@type\":\"SearchAction\",\"target\":{\"@type\":\"EntryPoint\",\"urlTemplate\":\"https:\\\/\\\/lapharmaciexpress.com\\\/?s={search_term_string}\"},\"query-input\":{\"@type\":\"PropertyValueSpecification\",\"valueRequired\":true,\"valueName\":\"search_term_string\"}}],\"inLanguage\":\"fr-FR\"},{\"@type\":\"Organization\",\"@id\":\"https:\\\/\\\/lapharmaciexpress.com\\\/#organization\",\"name\":\"La Pharmacie Express\",\"url\":\"https:\\\/\\\/lapharmaciexpress.com\\\/\",\"logo\":{\"@type\":\"ImageObject\",\"inLanguage\":\"fr-FR\",\"@id\":\"https:\\\/\\\/lapharmaciexpress.com\\\/#\\\/schema\\\/logo\\\/image\\\/\",\"url\":\"https:\\\/\\\/lapharmaciexpress.com\\\/wp-content\\\/uploads\\\/2019\\\/07\\\/ico-Lapharmacie-express.png\",\"contentUrl\":\"https:\\\/\\\/lapharmaciexpress.com\\\/wp-content\\\/uploads\\\/2019\\\/07\\\/ico-Lapharmacie-express.png\",\"width\":362,\"height\":300,\"caption\":\"La Pharmacie Express\"},\"image\":{\"@id\":\"https:\\\/\\\/lapharmaciexpress.com\\\/#\\\/schema\\\/logo\\\/image\\\/\"}}]}<\/script>\n<!-- \/ Yoast SEO plugin. -->","yoast_head_json":{"title":"Titan gel - La Pharmacie Express","description":"Faite vos achats de Dysfonction \u00e9rectile, viagra, cialis, kamagra, levitra, vitamine produits de femme, antibiotique en toute discretion sur la pharamacie express en ligne, livraison gratuite.","robots":{"index":"index","follow":"follow","max-snippet":"max-snippet:-1","max-image-preview":"max-image-preview:large","max-video-preview":"max-video-preview:-1"},"canonical":"https:\/\/lapharmaciexpress.com\/?product=titan-gel","og_locale":"fr_FR","og_type":"article","og_title":"Titan gel - La Pharmacie Express","og_description":"Faite vos achats de Dysfonction \u00e9rectile, viagra, cialis, kamagra, levitra, vitamine produits de femme, antibiotique en toute discretion sur la pharamacie express en ligne, livraison gratuite.","og_url":"https:\/\/lapharmaciexpress.com\/?product=titan-gel","og_site_name":"La Pharmacie Express","article_modified_time":"2024-10-08T21:15:21+00:00","og_image":[{"width":600,"height":600,"url":"https:\/\/lapharmaciexpress.com\/wp-content\/uploads\/2019\/07\/Titan-gel.jpg","type":"image\/jpeg"}],"twitter_card":"summary_large_image","twitter_misc":{"Dur\u00e9e de lecture estim\u00e9e":"3 minutes"},"schema":{"@context":"https:\/\/schema.org","@graph":[{"@type":"WebPage","@id":"https:\/\/lapharmaciexpress.com\/?product=titan-gel","url":"https:\/\/lapharmaciexpress.com\/?product=titan-gel","name":"Titan gel - La Pharmacie Express","isPartOf":{"@id":"https:\/\/lapharmaciexpress.com\/#website"},"primaryImageOfPage":{"@id":"https:\/\/lapharmaciexpress.com\/?product=titan-gel#primaryimage"},"image":{"@id":"https:\/\/lapharmaciexpress.com\/?product=titan-gel#primaryimage"},"thumbnailUrl":"https:\/\/lapharmaciexpress.com\/wp-content\/uploads\/2019\/07\/Titan-gel.jpg?wsr","datePublished":"2019-07-29T11:12:52+00:00","dateModified":"2024-10-08T21:15:21+00:00","description":"Faite vos achats de Dysfonction \u00e9rectile, viagra, cialis, kamagra, levitra, vitamine produits de femme, antibiotique en toute discretion sur la pharamacie express en ligne, livraison gratuite.","breadcrumb":{"@id":"https:\/\/lapharmaciexpress.com\/?product=titan-gel#breadcrumb"},"inLanguage":"fr-FR","potentialAction":[{"@type":"ReadAction","target":["https:\/\/lapharmaciexpress.com\/?product=titan-gel"]}]},{"@type":"ImageObject","inLanguage":"fr-FR","@id":"https:\/\/lapharmaciexpress.com\/?product=titan-gel#primaryimage","url":"https:\/\/lapharmaciexpress.com\/wp-content\/uploads\/2019\/07\/Titan-gel.jpg?wsr","contentUrl":"https:\/\/lapharmaciexpress.com\/wp-content\/uploads\/2019\/07\/Titan-gel.jpg?wsr","width":600,"height":600},{"@type":"BreadcrumbList","@id":"https:\/\/lapharmaciexpress.com\/?product=titan-gel#breadcrumb","itemListElement":[{"@type":"ListItem","position":1,"name":"Accueil","item":"https:\/\/lapharmaciexpress.com\/"},{"@type":"ListItem","position":2,"name":"Boutique","item":"https:\/\/lapharmaciexpress.com\/?page_id=6"},{"@type":"ListItem","position":3,"name":"Titan gel"}]},{"@type":"WebSite","@id":"https:\/\/lapharmaciexpress.com\/#website","url":"https:\/\/lapharmaciexpress.com\/","name":"La Pharmacie Express","description":"La pharmacie en ligne","publisher":{"@id":"https:\/\/lapharmaciexpress.com\/#organization"},"potentialAction":[{"@type":"SearchAction","target":{"@type":"EntryPoint","urlTemplate":"https:\/\/lapharmaciexpress.com\/?s={search_term_string}"},"query-input":{"@type":"PropertyValueSpecification","valueRequired":true,"valueName":"search_term_string"}}],"inLanguage":"fr-FR"},{"@type":"Organization","@id":"https:\/\/lapharmaciexpress.com\/#organization","name":"La Pharmacie Express","url":"https:\/\/lapharmaciexpress.com\/","logo":{"@type":"ImageObject","inLanguage":"fr-FR","@id":"https:\/\/lapharmaciexpress.com\/#\/schema\/logo\/image\/","url":"https:\/\/lapharmaciexpress.com\/wp-content\/uploads\/2019\/07\/ico-Lapharmacie-express.png","contentUrl":"https:\/\/lapharmaciexpress.com\/wp-content\/uploads\/2019\/07\/ico-Lapharmacie-express.png","width":362,"height":300,"caption":"La Pharmacie Express"},"image":{"@id":"https:\/\/lapharmaciexpress.com\/#\/schema\/logo\/image\/"}}]}},"jetpack_sharing_enabled":true,"brands":[],"_links":{"self":[{"href":"https:\/\/lapharmaciexpress.com\/index.php?rest_route=\/wp\/v2\/product\/2505","targetHints":{"allow":["GET"]}}],"collection":[{"href":"https:\/\/lapharmaciexpress.com\/index.php?rest_route=\/wp\/v2\/product"}],"about":[{"href":"https:\/\/lapharmaciexpress.com\/index.php?rest_route=\/wp\/v2\/types\/product"}],"replies":[{"embeddable":true,"href":"https:\/\/lapharmaciexpress.com\/index.php?rest_route=%2Fwp%2Fv2%2Fcomments&post=2505"}],"wp:featuredmedia":[{"embeddable":true,"href":"https:\/\/lapharmaciexpress.com\/index.php?rest_route=\/wp\/v2\/media\/2506"}],"wp:attachment":[{"href":"https:\/\/lapharmaciexpress.com\/index.php?rest_route=%2Fwp%2Fv2%2Fmedia&parent=2505"}],"wp:term":[{"taxonomy":"pwb-brand","embeddable":true,"href":"https:\/\/lapharmaciexpress.com\/index.php?rest_route=%2Fwp%2Fv2%2Fpwb-brand&post=2505"},{"taxonomy":"product_brand","embeddable":true,"href":"https:\/\/lapharmaciexpress.com\/index.php?rest_route=%2Fwp%2Fv2%2Fproduct_brand&post=2505"},{"taxonomy":"product_cat","embeddable":true,"href":"https:\/\/lapharmaciexpress.com\/index.php?rest_route=%2Fwp%2Fv2%2Fproduct_cat&post=2505"},{"taxonomy":"product_tag","embeddable":true,"href":"https:\/\/lapharmaciexpress.com\/index.php?rest_route=%2Fwp%2Fv2%2Fproduct_tag&post=2505"}],"curies":[{"name":"wp","href":"https:\/\/api.w.org\/{rel}","templated":true}]}}