{"id":2760,"date":"2020-02-06T11:34:01","date_gmt":"2020-02-06T10:34:01","guid":{"rendered":"https:\/\/lapharmaciexpress.com\/?post_type=product&#038;p=2760"},"modified":"2020-02-06T11:34:01","modified_gmt":"2020-02-06T10:34:01","slug":"propatent","status":"publish","type":"product","link":"https:\/\/lapharmaciexpress.com\/?product=propatent","title":{"rendered":"ProPatent"},"content":{"rendered":"<p>ProPatent &#8211; un outil unique pour am\u00e9liorer la puissance, restaure enti\u00e8rement la fonction \u00e9rectile, am\u00e9liore la qualit\u00e9 de la vie sexuelle, am\u00e9liore la libido, affecte positivement le fonctionnement de tous les organes et syst\u00e8mes.<br \/>\n<strong>Les avantages<\/strong><br \/>\nLe produit est disponible sous forme de g\u00e9lules, ce qui le rend aussi pratique que possible \u00e0 utiliser.<br \/>\nChacun d&#8217;eux comprenait exclusivement des composants naturels qui ne provoquent pas de r\u00e9actions allergiques, de d\u00e9pendances ou d&#8217;autres effets secondaires.<br \/>\nLa seule contre-indication est l&#8217;intol\u00e9rance individuelle aux composants individuels.<br \/>\nN&#8217;a aucune restriction d&#8217;\u00e2ge.<br \/>\nLe produit a un haut niveau de qualit\u00e9, absolument s\u00fbr ne provoque pas de g\u00eane lors de l&#8217;utilisation, agit rapidement et efficacement.<br \/>\nLe produit est certifi\u00e9, r\u00e9pond \u00e0 toutes les normes, a re\u00e7u d&#8217;excellentes critiques de clients et des recommandations impeccables de sp\u00e9cialistes.<br \/>\nRestaure une \u00e9rection, stimule la libido masculine, renforce la d\u00e9fense immunitaire et inhibe le processus de vieillissement.<br \/>\nCo\u00fbt abordable.\u00a0 <img loading=\"lazy\" decoding=\"async\" class=\"alignright\" src=\"https:\/\/oskidkamed.ru\/wp-content\/uploads\/2019\/04\/propatent-dlya-potencii-propatent-cena-v-aptekah-gde-kupit-5.jpg\" alt=\"R\u00e9sultat de recherche d'images pour &quot;ProPatent&quot;\" width=\"381\" height=\"175\" \/><br \/>\n<strong>Action<\/strong><br \/>\nRenforce une \u00e9rection, prolonge les rapports sexuels, am\u00e9liore la sensibilit\u00e9 des zones \u00e9rog\u00e8nes.<br \/>\nAugmente la libido masculine, pr\u00e9vient l&#8217;\u00e9jaculation pr\u00e9coce.<br \/>\nStimule la production de testost\u00e9rone, normalise les niveaux hormonaux.<br \/>\nAm\u00e9liore la circulation sanguine, renforce la d\u00e9fense immunitaire.<br \/>\nLutte contre les processus inflammatoires et infectieux, emp\u00eache le d\u00e9veloppement de processus pathologiques du syst\u00e8me g\u00e9nito-urinaire. \u00a0Am\u00e9liore la circulation sanguine. Des changements positifs sont \u00e9galement observ\u00e9s sur un fond psycho-\u00e9motionnel, la confiance en soi et le retour de la confiance en soi \u00e0 l&#8217;homme, l&#8217;estime de soi augmente.<br \/>\n<strong>La composition<\/strong><br \/>\nL&#8217;igname est sauvage. Il normalise la pression art\u00e9rielle, \u00e9limine la douleur, am\u00e9liore les performances, l&#8217;activit\u00e9 physique et l&#8217;endurance.<br \/>\nExtrait d&#8217;amertume. Augmente la libido, am\u00e9liore la qualit\u00e9 du liquide s\u00e9minal. Il emp\u00eache l&#8217;\u00e9jaculation pr\u00e9coce, am\u00e9liore le fonctionnement des organes du syst\u00e8me reproducteur.<br \/>\nGuarana. Stimule une longue \u00e9rection, affecte positivement la dur\u00e9e des rapports sexuels, normalise la pression art\u00e9rielle.<br \/>\nTribulus rampant. Il active la production de testost\u00e9rone, combat l&#8217;inflammation et les infections.<br \/>\nEureka. Il conduit \u00e0 un fond hormonal, \u00e9limine les probl\u00e8mes de sommeil, augmente le tonus g\u00e9n\u00e9ral du corps.<br \/>\nextrait de propolis &#8211; tue les micro-organismes pathog\u00e8nes, augmente les d\u00e9fenses de l&#8217;organisme.<br \/>\npollen de fleur &#8211; soulage la tension nerveuse et \u00e9limine le cholest\u00e9rol nocif du corps.<br \/>\nfleurs immortelles &#8211; elles contribuent \u00e0 l&#8217;\u00e9limination des conditions d\u00e9pressives et stressantes du corps.<br \/>\nfleurs de sureau noir &#8211; ont des propri\u00e9t\u00e9s anti-inflammatoires, augmentent consid\u00e9rablement l&#8217;efficacit\u00e9 du corps.<br \/>\nl&#8217;ortie &#8211; am\u00e9liore le fonctionnement du syst\u00e8me g\u00e9nito-urinaire.<br \/>\nFruits de geni\u00e8vre &#8211; combattent les bact\u00e9ries et les infections. herbes millefeuille &#8211; tue les agents pathog\u00e8nes et renforce le syst\u00e8me immunitaire.<br \/>\nelecampane rhizome &#8211; augmenter l&#8217;immunit\u00e9, augmenter le flux sanguin et le d\u00e9bit dans le bassin, restaurer et augmenter la puissance.<br \/>\ngraines de citronnelle &#8211; \u00e9tablir un fond hormonal, soulager le stress, renforcer le syst\u00e8me circulatoire.<br \/>\nFruits d&#8217;aub\u00e9pine &#8211; ralentissent la manifestation des changements li\u00e9s \u00e0 l&#8217;\u00e2ge, nettoient les vaisseaux sanguins des plaques de cholest\u00e9rol et augmentent leur \u00e9lasticit\u00e9.<br \/>\ncomplexe de 12 vitamines &#8211; ont un effet r\u00e9parateur et r\u00e9parateur sur le corps, am\u00e9liorent ses performances.<\/p>\n<p><strong>M\u00e9thode d&#8217;application<\/strong><br \/>\nL&#8217;outil peut \u00eatre utilis\u00e9 une seule fois, mais il est recommand\u00e9 de boire tout le cours. Dans le premier cas, une \u00e9rection sera \u00e9galement unique, dans le second &#8211; vous r\u00e9soudrez compl\u00e8tement les probl\u00e8mes de puissance. Les g\u00e9lules doivent \u00eatre prises en m\u00eame temps avec une quantit\u00e9 suffisante d&#8217;eau. La posologie optimale est de 1 \u00e0 2 g\u00e9lules par jour. Le cours dure un mois, mais si n\u00e9cessaire il peut \u00eatre poursuivi. Il est recommand\u00e9 de lire les instructions avant d&#8217;utiliser le produit.<\/p>\n","protected":false},"excerpt":{"rendered":"<p>ProPatent &#8211; un outil unique pour am\u00e9liorer la puissance, restaure enti\u00e8rement la fonction \u00e9rectile, am\u00e9liore la qualit\u00e9 de la vie sexuelle, am\u00e9liore la libido, affecte positivement le fonctionnement de tous les organes et syst\u00e8mes.<\/p>\n","protected":false},"featured_media":2761,"comment_status":"open","ping_status":"closed","template":"","meta":[],"pwb-brand":[],"product_brand":[],"product_cat":[19],"product_tag":[],"class_list":{"0":"post-2760","1":"product","2":"type-product","3":"status-publish","4":"has-post-thumbnail","6":"product_cat-dysfonction-erectile","7":"clearfix","9":"first","10":"instock","11":"taxable","12":"shipping-taxable","13":"purchasable","14":"product-type-simple"},"yoast_head":"<!-- This site is optimized with the Yoast SEO plugin v27.4 - https:\/\/yoast.com\/product\/yoast-seo-wordpress\/ -->\n<title>ProPatent - La Pharmacie Express<\/title>\n<meta name=\"description\" content=\"Faite vos achats de Dysfonction \u00e9rectile, viagra, cialis, kamagra, levitra, vitamine produits de femme, antibiotique en toute discretion sur la pharamacie express en ligne, livraison gratuite.\" \/>\n<meta name=\"robots\" content=\"index, follow, max-snippet:-1, max-image-preview:large, max-video-preview:-1\" \/>\n<link rel=\"canonical\" href=\"https:\/\/lapharmaciexpress.com\/?product=propatent\" \/>\n<meta property=\"og:locale\" content=\"fr_FR\" \/>\n<meta property=\"og:type\" content=\"article\" \/>\n<meta property=\"og:title\" content=\"ProPatent - La Pharmacie Express\" \/>\n<meta property=\"og:description\" content=\"Faite vos achats de Dysfonction \u00e9rectile, viagra, cialis, kamagra, levitra, vitamine produits de femme, antibiotique en toute discretion sur la pharamacie express en ligne, livraison gratuite.\" \/>\n<meta property=\"og:url\" content=\"https:\/\/lapharmaciexpress.com\/?product=propatent\" \/>\n<meta property=\"og:site_name\" content=\"La Pharmacie Express\" \/>\n<meta property=\"og:image\" content=\"https:\/\/lapharmaciexpress.com\/wp-content\/uploads\/2020\/02\/propatent.jpg\" \/>\n\t<meta property=\"og:image:width\" content=\"600\" \/>\n\t<meta property=\"og:image:height\" content=\"600\" \/>\n\t<meta property=\"og:image:type\" content=\"image\/jpeg\" \/>\n<meta name=\"twitter:card\" content=\"summary_large_image\" \/>\n<meta name=\"twitter:label1\" content=\"Dur\u00e9e de lecture estim\u00e9e\" \/>\n\t<meta name=\"twitter:data1\" content=\"4 minutes\" \/>\n<script type=\"application\/ld+json\" class=\"yoast-schema-graph\">{\"@context\":\"https:\\\/\\\/schema.org\",\"@graph\":[{\"@type\":\"WebPage\",\"@id\":\"https:\\\/\\\/lapharmaciexpress.com\\\/?product=propatent\",\"url\":\"https:\\\/\\\/lapharmaciexpress.com\\\/?product=propatent\",\"name\":\"ProPatent - La Pharmacie Express\",\"isPartOf\":{\"@id\":\"https:\\\/\\\/lapharmaciexpress.com\\\/#website\"},\"primaryImageOfPage\":{\"@id\":\"https:\\\/\\\/lapharmaciexpress.com\\\/?product=propatent#primaryimage\"},\"image\":{\"@id\":\"https:\\\/\\\/lapharmaciexpress.com\\\/?product=propatent#primaryimage\"},\"thumbnailUrl\":\"https:\\\/\\\/lapharmaciexpress.com\\\/wp-content\\\/uploads\\\/2020\\\/02\\\/propatent.jpg?wsr\",\"datePublished\":\"2020-02-06T10:34:01+00:00\",\"description\":\"Faite vos achats de Dysfonction \u00e9rectile, viagra, cialis, kamagra, levitra, vitamine produits de femme, antibiotique en toute discretion sur la pharamacie express en ligne, livraison gratuite.\",\"breadcrumb\":{\"@id\":\"https:\\\/\\\/lapharmaciexpress.com\\\/?product=propatent#breadcrumb\"},\"inLanguage\":\"fr-FR\",\"potentialAction\":[{\"@type\":\"ReadAction\",\"target\":[\"https:\\\/\\\/lapharmaciexpress.com\\\/?product=propatent\"]}]},{\"@type\":\"ImageObject\",\"inLanguage\":\"fr-FR\",\"@id\":\"https:\\\/\\\/lapharmaciexpress.com\\\/?product=propatent#primaryimage\",\"url\":\"https:\\\/\\\/lapharmaciexpress.com\\\/wp-content\\\/uploads\\\/2020\\\/02\\\/propatent.jpg?wsr\",\"contentUrl\":\"https:\\\/\\\/lapharmaciexpress.com\\\/wp-content\\\/uploads\\\/2020\\\/02\\\/propatent.jpg?wsr\",\"width\":600,\"height\":600},{\"@type\":\"BreadcrumbList\",\"@id\":\"https:\\\/\\\/lapharmaciexpress.com\\\/?product=propatent#breadcrumb\",\"itemListElement\":[{\"@type\":\"ListItem\",\"position\":1,\"name\":\"Accueil\",\"item\":\"https:\\\/\\\/lapharmaciexpress.com\\\/\"},{\"@type\":\"ListItem\",\"position\":2,\"name\":\"Boutique\",\"item\":\"https:\\\/\\\/lapharmaciexpress.com\\\/?page_id=6\"},{\"@type\":\"ListItem\",\"position\":3,\"name\":\"ProPatent\"}]},{\"@type\":\"WebSite\",\"@id\":\"https:\\\/\\\/lapharmaciexpress.com\\\/#website\",\"url\":\"https:\\\/\\\/lapharmaciexpress.com\\\/\",\"name\":\"La Pharmacie Express\",\"description\":\"La pharmacie en ligne\",\"publisher\":{\"@id\":\"https:\\\/\\\/lapharmaciexpress.com\\\/#organization\"},\"potentialAction\":[{\"@type\":\"SearchAction\",\"target\":{\"@type\":\"EntryPoint\",\"urlTemplate\":\"https:\\\/\\\/lapharmaciexpress.com\\\/?s={search_term_string}\"},\"query-input\":{\"@type\":\"PropertyValueSpecification\",\"valueRequired\":true,\"valueName\":\"search_term_string\"}}],\"inLanguage\":\"fr-FR\"},{\"@type\":\"Organization\",\"@id\":\"https:\\\/\\\/lapharmaciexpress.com\\\/#organization\",\"name\":\"La Pharmacie Express\",\"url\":\"https:\\\/\\\/lapharmaciexpress.com\\\/\",\"logo\":{\"@type\":\"ImageObject\",\"inLanguage\":\"fr-FR\",\"@id\":\"https:\\\/\\\/lapharmaciexpress.com\\\/#\\\/schema\\\/logo\\\/image\\\/\",\"url\":\"https:\\\/\\\/lapharmaciexpress.com\\\/wp-content\\\/uploads\\\/2019\\\/07\\\/ico-Lapharmacie-express.png\",\"contentUrl\":\"https:\\\/\\\/lapharmaciexpress.com\\\/wp-content\\\/uploads\\\/2019\\\/07\\\/ico-Lapharmacie-express.png\",\"width\":362,\"height\":300,\"caption\":\"La Pharmacie Express\"},\"image\":{\"@id\":\"https:\\\/\\\/lapharmaciexpress.com\\\/#\\\/schema\\\/logo\\\/image\\\/\"}}]}<\/script>\n<!-- \/ Yoast SEO plugin. -->","yoast_head_json":{"title":"ProPatent - La Pharmacie Express","description":"Faite vos achats de Dysfonction \u00e9rectile, viagra, cialis, kamagra, levitra, vitamine produits de femme, antibiotique en toute discretion sur la pharamacie express en ligne, livraison gratuite.","robots":{"index":"index","follow":"follow","max-snippet":"max-snippet:-1","max-image-preview":"max-image-preview:large","max-video-preview":"max-video-preview:-1"},"canonical":"https:\/\/lapharmaciexpress.com\/?product=propatent","og_locale":"fr_FR","og_type":"article","og_title":"ProPatent - La Pharmacie Express","og_description":"Faite vos achats de Dysfonction \u00e9rectile, viagra, cialis, kamagra, levitra, vitamine produits de femme, antibiotique en toute discretion sur la pharamacie express en ligne, livraison gratuite.","og_url":"https:\/\/lapharmaciexpress.com\/?product=propatent","og_site_name":"La Pharmacie Express","og_image":[{"width":600,"height":600,"url":"https:\/\/lapharmaciexpress.com\/wp-content\/uploads\/2020\/02\/propatent.jpg","type":"image\/jpeg"}],"twitter_card":"summary_large_image","twitter_misc":{"Dur\u00e9e de lecture estim\u00e9e":"4 minutes"},"schema":{"@context":"https:\/\/schema.org","@graph":[{"@type":"WebPage","@id":"https:\/\/lapharmaciexpress.com\/?product=propatent","url":"https:\/\/lapharmaciexpress.com\/?product=propatent","name":"ProPatent - La Pharmacie Express","isPartOf":{"@id":"https:\/\/lapharmaciexpress.com\/#website"},"primaryImageOfPage":{"@id":"https:\/\/lapharmaciexpress.com\/?product=propatent#primaryimage"},"image":{"@id":"https:\/\/lapharmaciexpress.com\/?product=propatent#primaryimage"},"thumbnailUrl":"https:\/\/lapharmaciexpress.com\/wp-content\/uploads\/2020\/02\/propatent.jpg?wsr","datePublished":"2020-02-06T10:34:01+00:00","description":"Faite vos achats de Dysfonction \u00e9rectile, viagra, cialis, kamagra, levitra, vitamine produits de femme, antibiotique en toute discretion sur la pharamacie express en ligne, livraison gratuite.","breadcrumb":{"@id":"https:\/\/lapharmaciexpress.com\/?product=propatent#breadcrumb"},"inLanguage":"fr-FR","potentialAction":[{"@type":"ReadAction","target":["https:\/\/lapharmaciexpress.com\/?product=propatent"]}]},{"@type":"ImageObject","inLanguage":"fr-FR","@id":"https:\/\/lapharmaciexpress.com\/?product=propatent#primaryimage","url":"https:\/\/lapharmaciexpress.com\/wp-content\/uploads\/2020\/02\/propatent.jpg?wsr","contentUrl":"https:\/\/lapharmaciexpress.com\/wp-content\/uploads\/2020\/02\/propatent.jpg?wsr","width":600,"height":600},{"@type":"BreadcrumbList","@id":"https:\/\/lapharmaciexpress.com\/?product=propatent#breadcrumb","itemListElement":[{"@type":"ListItem","position":1,"name":"Accueil","item":"https:\/\/lapharmaciexpress.com\/"},{"@type":"ListItem","position":2,"name":"Boutique","item":"https:\/\/lapharmaciexpress.com\/?page_id=6"},{"@type":"ListItem","position":3,"name":"ProPatent"}]},{"@type":"WebSite","@id":"https:\/\/lapharmaciexpress.com\/#website","url":"https:\/\/lapharmaciexpress.com\/","name":"La Pharmacie Express","description":"La pharmacie en ligne","publisher":{"@id":"https:\/\/lapharmaciexpress.com\/#organization"},"potentialAction":[{"@type":"SearchAction","target":{"@type":"EntryPoint","urlTemplate":"https:\/\/lapharmaciexpress.com\/?s={search_term_string}"},"query-input":{"@type":"PropertyValueSpecification","valueRequired":true,"valueName":"search_term_string"}}],"inLanguage":"fr-FR"},{"@type":"Organization","@id":"https:\/\/lapharmaciexpress.com\/#organization","name":"La Pharmacie Express","url":"https:\/\/lapharmaciexpress.com\/","logo":{"@type":"ImageObject","inLanguage":"fr-FR","@id":"https:\/\/lapharmaciexpress.com\/#\/schema\/logo\/image\/","url":"https:\/\/lapharmaciexpress.com\/wp-content\/uploads\/2019\/07\/ico-Lapharmacie-express.png","contentUrl":"https:\/\/lapharmaciexpress.com\/wp-content\/uploads\/2019\/07\/ico-Lapharmacie-express.png","width":362,"height":300,"caption":"La Pharmacie Express"},"image":{"@id":"https:\/\/lapharmaciexpress.com\/#\/schema\/logo\/image\/"}}]}},"jetpack_sharing_enabled":true,"brands":[],"_links":{"self":[{"href":"https:\/\/lapharmaciexpress.com\/index.php?rest_route=\/wp\/v2\/product\/2760","targetHints":{"allow":["GET"]}}],"collection":[{"href":"https:\/\/lapharmaciexpress.com\/index.php?rest_route=\/wp\/v2\/product"}],"about":[{"href":"https:\/\/lapharmaciexpress.com\/index.php?rest_route=\/wp\/v2\/types\/product"}],"replies":[{"embeddable":true,"href":"https:\/\/lapharmaciexpress.com\/index.php?rest_route=%2Fwp%2Fv2%2Fcomments&post=2760"}],"wp:featuredmedia":[{"embeddable":true,"href":"https:\/\/lapharmaciexpress.com\/index.php?rest_route=\/wp\/v2\/media\/2761"}],"wp:attachment":[{"href":"https:\/\/lapharmaciexpress.com\/index.php?rest_route=%2Fwp%2Fv2%2Fmedia&parent=2760"}],"wp:term":[{"taxonomy":"pwb-brand","embeddable":true,"href":"https:\/\/lapharmaciexpress.com\/index.php?rest_route=%2Fwp%2Fv2%2Fpwb-brand&post=2760"},{"taxonomy":"product_brand","embeddable":true,"href":"https:\/\/lapharmaciexpress.com\/index.php?rest_route=%2Fwp%2Fv2%2Fproduct_brand&post=2760"},{"taxonomy":"product_cat","embeddable":true,"href":"https:\/\/lapharmaciexpress.com\/index.php?rest_route=%2Fwp%2Fv2%2Fproduct_cat&post=2760"},{"taxonomy":"product_tag","embeddable":true,"href":"https:\/\/lapharmaciexpress.com\/index.php?rest_route=%2Fwp%2Fv2%2Fproduct_tag&post=2760"}],"curies":[{"name":"wp","href":"https:\/\/api.w.org\/{rel}","templated":true}]}}