{"id":2778,"date":"2020-03-02T18:45:36","date_gmt":"2020-03-02T17:45:36","guid":{"rendered":"https:\/\/lapharmaciexpress.com\/?post_type=product&#038;p=2778"},"modified":"2024-09-16T13:05:33","modified_gmt":"2024-09-16T11:05:33","slug":"nivaquine","status":"publish","type":"product","link":"https:\/\/lapharmaciexpress.com\/?product=nivaquine","title":{"rendered":"Nivaquine 250mg"},"content":{"rendered":"<p>Hypersensibilit\u00e9 \u00e0 la substance active (la chloroquine), \u00e0 ses d\u00e9riv\u00e9s ou \u00e0 l&#8217;un des excipients mentionn\u00e9s \u00e0 la rubrique Composition. R\u00e9tinopathie (sauf en cas de traitement curatif du paludisme et si on ne dispose pas d&#8217;autre traitement antipaludique, ce apr\u00e8s avoir mis en balance les b\u00e9n\u00e9fices et les risques \u00e9ventuels encourus<\/p>\n<div class=\"\" data-toggle=\"collapse\" data-parent=\"#accordion4\" data-target=\"#collapse4\" aria-expanded=\"true\" aria-controls=\"collapse4\">PR\u00c9CAUTIONS D&#8217;EMPLOI\u00a0Nivaquine<\/div>\n<div class=\"panel-body\">Ce m\u00e9dicament est contre-indiqu\u00e9 dans les situations suivantes :Posologies limit\u00e9es \u00e0 l&#8217;adulte et \u00e0 l&#8217;enfant de plus de 10 kg<\/p>\n<p>Porphyrie intermittente<\/p>\n<p>Porphyrie cutan\u00e9e tardive<\/p>\n<p>Psoriasis<\/p>\n<p>Anomalie ophtalmologique<\/p>\n<p>Surveillance ophtalmologique<\/p>\n<p>Age du patient sup\u00e9rieur \u00e0 65 ans<\/p>\n<p>Insuffisance r\u00e9nale chronique<\/p>\n<p>Atteinte oculaire<\/p>\n<p>Troubles extrapyramidaux<\/p>\n<p>Syndrome DRESS<\/p>\n<p>Hypoglyc\u00e9mie<\/p>\n<p>Risque d&#8217;allongement de l&#8217;intervalle QT<\/p>\n<p>Femme<\/p>\n<p>Trouble de la conduction<\/p>\n<p>Cardiomyopathie<\/p>\n<p>Insuffisance h\u00e9patique<\/p>\n<p>Insuffisance r\u00e9nale<\/p>\n<p>Epilepsie<\/p>\n<p>Femme en \u00e2ge de procr\u00e9er<\/p>\n<p>Homme fertile<\/p>\n<div id=\"heading8\" class=\"panel-heading\" role=\"tab\">\n<div class=\"\" data-toggle=\"collapse\" data-parent=\"#accordion8\" data-target=\"#collapse8\" aria-expanded=\"true\" aria-controls=\"collapse8\">EFFETS IND\u00c9SIRABLES<\/div>\n<\/div>\n<div id=\"collapse8\" class=\"panel-collapse collapse in\" role=\"tabpanel\" aria-labelledby=\"headingOne\" aria-expanded=\"true\">\n<div class=\"panel-body\">\n<p>La classification des \u00e9v\u00e8nements ind\u00e9sirables en fonction de leur fr\u00e9quence est la suivante : tr\u00e8s fr\u00e9quent (\u2265 1\/10), fr\u00e9quent (\u2265 1\/100 et &lt; 1\/10), peu fr\u00e9quent (\u2265 1\/1000 et &lt; 1\/100), rare (\u2265 1\/10 000 et &lt;1\/1000), tr\u00e8s rare (&lt; 1\/10 000), fr\u00e9quence ind\u00e9termin\u00e9e (ne peut \u00eatre estim\u00e9e sur la base des donn\u00e9es disponibles).<\/p>\n<\/div>\n<\/div>\n<\/div>\n","protected":false},"excerpt":{"rendered":"<p>Nivaquine est un m\u00e9dicament utilis\u00e9 pour pr\u00e9venir et traiter le paludisme, une infection des globules rouges transmis par la piq\u00fbre d&#8217;un moustique, et pour traiter certaines affections comme la maladie du foie caus\u00e9e par des protozoaires (des animaux unicellulaires).<br \/>\nEn f\u00e9vrier 2020, les scientifiques ont prouv\u00e9 l&#8217;efficacit\u00e9 de Nivaquine dans le traitement du Covid-19.<\/p>\n","protected":false},"featured_media":2785,"comment_status":"open","ping_status":"closed","template":"","meta":[],"pwb-brand":[],"product_brand":[],"product_cat":[15],"product_tag":[],"class_list":{"0":"post-2778","1":"product","2":"type-product","3":"status-publish","4":"has-post-thumbnail","6":"product_cat-non-classe","7":"clearfix","9":"first","10":"instock","11":"taxable","12":"shipping-taxable","13":"purchasable","14":"product-type-variable"},"yoast_head":"<!-- This site is optimized with the Yoast SEO plugin v27.4 - https:\/\/yoast.com\/product\/yoast-seo-wordpress\/ -->\n<title>Nivaquine 250mg - La Pharmacie Express<\/title>\n<meta name=\"description\" content=\"Faite vos achats de Dysfonction \u00e9rectile, viagra, cialis, kamagra, levitra, vitamine produits de femme, antibiotique en toute discretion sur la pharamacie express en ligne, livraison gratuite.\" \/>\n<meta name=\"robots\" content=\"index, follow, max-snippet:-1, max-image-preview:large, max-video-preview:-1\" \/>\n<link rel=\"canonical\" href=\"https:\/\/lapharmaciexpress.com\/?product=nivaquine\" \/>\n<meta property=\"og:locale\" content=\"fr_FR\" \/>\n<meta property=\"og:type\" content=\"article\" \/>\n<meta property=\"og:title\" content=\"Nivaquine 250mg - La Pharmacie Express\" \/>\n<meta property=\"og:description\" content=\"Faite vos achats de Dysfonction \u00e9rectile, viagra, cialis, kamagra, levitra, vitamine produits de femme, antibiotique en toute discretion sur la pharamacie express en ligne, livraison gratuite.\" \/>\n<meta property=\"og:url\" content=\"https:\/\/lapharmaciexpress.com\/?product=nivaquine\" \/>\n<meta property=\"og:site_name\" content=\"La Pharmacie Express\" \/>\n<meta property=\"article:modified_time\" content=\"2024-09-16T11:05:33+00:00\" \/>\n<meta property=\"og:image\" content=\"https:\/\/lapharmaciexpress.com\/wp-content\/uploads\/2020\/03\/nivaquine.jpg\" \/>\n\t<meta property=\"og:image:width\" content=\"550\" \/>\n\t<meta property=\"og:image:height\" content=\"550\" \/>\n\t<meta property=\"og:image:type\" content=\"image\/jpeg\" \/>\n<meta name=\"twitter:card\" content=\"summary_large_image\" \/>\n<meta name=\"twitter:label1\" content=\"Dur\u00e9e de lecture estim\u00e9e\" \/>\n\t<meta name=\"twitter:data1\" content=\"1 minute\" \/>\n<script type=\"application\/ld+json\" class=\"yoast-schema-graph\">{\"@context\":\"https:\\\/\\\/schema.org\",\"@graph\":[{\"@type\":\"WebPage\",\"@id\":\"https:\\\/\\\/lapharmaciexpress.com\\\/?product=nivaquine\",\"url\":\"https:\\\/\\\/lapharmaciexpress.com\\\/?product=nivaquine\",\"name\":\"Nivaquine 250mg - La Pharmacie Express\",\"isPartOf\":{\"@id\":\"https:\\\/\\\/lapharmaciexpress.com\\\/#website\"},\"primaryImageOfPage\":{\"@id\":\"https:\\\/\\\/lapharmaciexpress.com\\\/?product=nivaquine#primaryimage\"},\"image\":{\"@id\":\"https:\\\/\\\/lapharmaciexpress.com\\\/?product=nivaquine#primaryimage\"},\"thumbnailUrl\":\"https:\\\/\\\/lapharmaciexpress.com\\\/wp-content\\\/uploads\\\/2020\\\/03\\\/nivaquine.jpg?wsr\",\"datePublished\":\"2020-03-02T17:45:36+00:00\",\"dateModified\":\"2024-09-16T11:05:33+00:00\",\"description\":\"Faite vos achats de Dysfonction \u00e9rectile, viagra, cialis, kamagra, levitra, vitamine produits de femme, antibiotique en toute discretion sur la pharamacie express en ligne, livraison gratuite.\",\"breadcrumb\":{\"@id\":\"https:\\\/\\\/lapharmaciexpress.com\\\/?product=nivaquine#breadcrumb\"},\"inLanguage\":\"fr-FR\",\"potentialAction\":[{\"@type\":\"ReadAction\",\"target\":[\"https:\\\/\\\/lapharmaciexpress.com\\\/?product=nivaquine\"]}]},{\"@type\":\"ImageObject\",\"inLanguage\":\"fr-FR\",\"@id\":\"https:\\\/\\\/lapharmaciexpress.com\\\/?product=nivaquine#primaryimage\",\"url\":\"https:\\\/\\\/lapharmaciexpress.com\\\/wp-content\\\/uploads\\\/2020\\\/03\\\/nivaquine.jpg?wsr\",\"contentUrl\":\"https:\\\/\\\/lapharmaciexpress.com\\\/wp-content\\\/uploads\\\/2020\\\/03\\\/nivaquine.jpg?wsr\",\"width\":550,\"height\":550},{\"@type\":\"BreadcrumbList\",\"@id\":\"https:\\\/\\\/lapharmaciexpress.com\\\/?product=nivaquine#breadcrumb\",\"itemListElement\":[{\"@type\":\"ListItem\",\"position\":1,\"name\":\"Accueil\",\"item\":\"https:\\\/\\\/lapharmaciexpress.com\\\/\"},{\"@type\":\"ListItem\",\"position\":2,\"name\":\"Boutique\",\"item\":\"https:\\\/\\\/lapharmaciexpress.com\\\/?page_id=6\"},{\"@type\":\"ListItem\",\"position\":3,\"name\":\"Nivaquine 250mg\"}]},{\"@type\":\"WebSite\",\"@id\":\"https:\\\/\\\/lapharmaciexpress.com\\\/#website\",\"url\":\"https:\\\/\\\/lapharmaciexpress.com\\\/\",\"name\":\"La Pharmacie Express\",\"description\":\"La pharmacie en ligne\",\"publisher\":{\"@id\":\"https:\\\/\\\/lapharmaciexpress.com\\\/#organization\"},\"potentialAction\":[{\"@type\":\"SearchAction\",\"target\":{\"@type\":\"EntryPoint\",\"urlTemplate\":\"https:\\\/\\\/lapharmaciexpress.com\\\/?s={search_term_string}\"},\"query-input\":{\"@type\":\"PropertyValueSpecification\",\"valueRequired\":true,\"valueName\":\"search_term_string\"}}],\"inLanguage\":\"fr-FR\"},{\"@type\":\"Organization\",\"@id\":\"https:\\\/\\\/lapharmaciexpress.com\\\/#organization\",\"name\":\"La Pharmacie Express\",\"url\":\"https:\\\/\\\/lapharmaciexpress.com\\\/\",\"logo\":{\"@type\":\"ImageObject\",\"inLanguage\":\"fr-FR\",\"@id\":\"https:\\\/\\\/lapharmaciexpress.com\\\/#\\\/schema\\\/logo\\\/image\\\/\",\"url\":\"https:\\\/\\\/lapharmaciexpress.com\\\/wp-content\\\/uploads\\\/2019\\\/07\\\/ico-Lapharmacie-express.png\",\"contentUrl\":\"https:\\\/\\\/lapharmaciexpress.com\\\/wp-content\\\/uploads\\\/2019\\\/07\\\/ico-Lapharmacie-express.png\",\"width\":362,\"height\":300,\"caption\":\"La Pharmacie Express\"},\"image\":{\"@id\":\"https:\\\/\\\/lapharmaciexpress.com\\\/#\\\/schema\\\/logo\\\/image\\\/\"}}]}<\/script>\n<!-- \/ Yoast SEO plugin. -->","yoast_head_json":{"title":"Nivaquine 250mg - La Pharmacie Express","description":"Faite vos achats de Dysfonction \u00e9rectile, viagra, cialis, kamagra, levitra, vitamine produits de femme, antibiotique en toute discretion sur la pharamacie express en ligne, livraison gratuite.","robots":{"index":"index","follow":"follow","max-snippet":"max-snippet:-1","max-image-preview":"max-image-preview:large","max-video-preview":"max-video-preview:-1"},"canonical":"https:\/\/lapharmaciexpress.com\/?product=nivaquine","og_locale":"fr_FR","og_type":"article","og_title":"Nivaquine 250mg - La Pharmacie Express","og_description":"Faite vos achats de Dysfonction \u00e9rectile, viagra, cialis, kamagra, levitra, vitamine produits de femme, antibiotique en toute discretion sur la pharamacie express en ligne, livraison gratuite.","og_url":"https:\/\/lapharmaciexpress.com\/?product=nivaquine","og_site_name":"La Pharmacie Express","article_modified_time":"2024-09-16T11:05:33+00:00","og_image":[{"width":550,"height":550,"url":"https:\/\/lapharmaciexpress.com\/wp-content\/uploads\/2020\/03\/nivaquine.jpg","type":"image\/jpeg"}],"twitter_card":"summary_large_image","twitter_misc":{"Dur\u00e9e de lecture estim\u00e9e":"1 minute"},"schema":{"@context":"https:\/\/schema.org","@graph":[{"@type":"WebPage","@id":"https:\/\/lapharmaciexpress.com\/?product=nivaquine","url":"https:\/\/lapharmaciexpress.com\/?product=nivaquine","name":"Nivaquine 250mg - La Pharmacie Express","isPartOf":{"@id":"https:\/\/lapharmaciexpress.com\/#website"},"primaryImageOfPage":{"@id":"https:\/\/lapharmaciexpress.com\/?product=nivaquine#primaryimage"},"image":{"@id":"https:\/\/lapharmaciexpress.com\/?product=nivaquine#primaryimage"},"thumbnailUrl":"https:\/\/lapharmaciexpress.com\/wp-content\/uploads\/2020\/03\/nivaquine.jpg?wsr","datePublished":"2020-03-02T17:45:36+00:00","dateModified":"2024-09-16T11:05:33+00:00","description":"Faite vos achats de Dysfonction \u00e9rectile, viagra, cialis, kamagra, levitra, vitamine produits de femme, antibiotique en toute discretion sur la pharamacie express en ligne, livraison gratuite.","breadcrumb":{"@id":"https:\/\/lapharmaciexpress.com\/?product=nivaquine#breadcrumb"},"inLanguage":"fr-FR","potentialAction":[{"@type":"ReadAction","target":["https:\/\/lapharmaciexpress.com\/?product=nivaquine"]}]},{"@type":"ImageObject","inLanguage":"fr-FR","@id":"https:\/\/lapharmaciexpress.com\/?product=nivaquine#primaryimage","url":"https:\/\/lapharmaciexpress.com\/wp-content\/uploads\/2020\/03\/nivaquine.jpg?wsr","contentUrl":"https:\/\/lapharmaciexpress.com\/wp-content\/uploads\/2020\/03\/nivaquine.jpg?wsr","width":550,"height":550},{"@type":"BreadcrumbList","@id":"https:\/\/lapharmaciexpress.com\/?product=nivaquine#breadcrumb","itemListElement":[{"@type":"ListItem","position":1,"name":"Accueil","item":"https:\/\/lapharmaciexpress.com\/"},{"@type":"ListItem","position":2,"name":"Boutique","item":"https:\/\/lapharmaciexpress.com\/?page_id=6"},{"@type":"ListItem","position":3,"name":"Nivaquine 250mg"}]},{"@type":"WebSite","@id":"https:\/\/lapharmaciexpress.com\/#website","url":"https:\/\/lapharmaciexpress.com\/","name":"La Pharmacie Express","description":"La pharmacie en ligne","publisher":{"@id":"https:\/\/lapharmaciexpress.com\/#organization"},"potentialAction":[{"@type":"SearchAction","target":{"@type":"EntryPoint","urlTemplate":"https:\/\/lapharmaciexpress.com\/?s={search_term_string}"},"query-input":{"@type":"PropertyValueSpecification","valueRequired":true,"valueName":"search_term_string"}}],"inLanguage":"fr-FR"},{"@type":"Organization","@id":"https:\/\/lapharmaciexpress.com\/#organization","name":"La Pharmacie Express","url":"https:\/\/lapharmaciexpress.com\/","logo":{"@type":"ImageObject","inLanguage":"fr-FR","@id":"https:\/\/lapharmaciexpress.com\/#\/schema\/logo\/image\/","url":"https:\/\/lapharmaciexpress.com\/wp-content\/uploads\/2019\/07\/ico-Lapharmacie-express.png","contentUrl":"https:\/\/lapharmaciexpress.com\/wp-content\/uploads\/2019\/07\/ico-Lapharmacie-express.png","width":362,"height":300,"caption":"La Pharmacie Express"},"image":{"@id":"https:\/\/lapharmaciexpress.com\/#\/schema\/logo\/image\/"}}]}},"jetpack_sharing_enabled":true,"brands":[],"_links":{"self":[{"href":"https:\/\/lapharmaciexpress.com\/index.php?rest_route=\/wp\/v2\/product\/2778","targetHints":{"allow":["GET"]}}],"collection":[{"href":"https:\/\/lapharmaciexpress.com\/index.php?rest_route=\/wp\/v2\/product"}],"about":[{"href":"https:\/\/lapharmaciexpress.com\/index.php?rest_route=\/wp\/v2\/types\/product"}],"replies":[{"embeddable":true,"href":"https:\/\/lapharmaciexpress.com\/index.php?rest_route=%2Fwp%2Fv2%2Fcomments&post=2778"}],"wp:featuredmedia":[{"embeddable":true,"href":"https:\/\/lapharmaciexpress.com\/index.php?rest_route=\/wp\/v2\/media\/2785"}],"wp:attachment":[{"href":"https:\/\/lapharmaciexpress.com\/index.php?rest_route=%2Fwp%2Fv2%2Fmedia&parent=2778"}],"wp:term":[{"taxonomy":"pwb-brand","embeddable":true,"href":"https:\/\/lapharmaciexpress.com\/index.php?rest_route=%2Fwp%2Fv2%2Fpwb-brand&post=2778"},{"taxonomy":"product_brand","embeddable":true,"href":"https:\/\/lapharmaciexpress.com\/index.php?rest_route=%2Fwp%2Fv2%2Fproduct_brand&post=2778"},{"taxonomy":"product_cat","embeddable":true,"href":"https:\/\/lapharmaciexpress.com\/index.php?rest_route=%2Fwp%2Fv2%2Fproduct_cat&post=2778"},{"taxonomy":"product_tag","embeddable":true,"href":"https:\/\/lapharmaciexpress.com\/index.php?rest_route=%2Fwp%2Fv2%2Fproduct_tag&post=2778"}],"curies":[{"name":"wp","href":"https:\/\/api.w.org\/{rel}","templated":true}]}}