{"id":2816,"date":"2020-04-02T11:34:33","date_gmt":"2020-04-02T09:34:33","guid":{"rendered":"https:\/\/lapharmaciexpress.com\/?post_type=product&#038;p=2816"},"modified":"2025-03-26T11:22:02","modified_gmt":"2025-03-26T10:22:02","slug":"black-diamond-200mg-puissance-endurance-achat-en-ligne","status":"publish","type":"product","link":"https:\/\/lapharmaciexpress.com\/?product=black-diamond-200mg-puissance-endurance-achat-en-ligne","title":{"rendered":"Black Diamond"},"content":{"rendered":"<p>Black Diamond se compose uniquement d&#8217;ingr\u00e9dients naturels.<br \/>\n<strong>Action:<\/strong><br \/>\nam\u00e9liore l&#8217;excitation, augmente le d\u00e9sir sexuel, vous permet de prolonger l&#8217;intimit\u00e9 et d&#8217;obtenir un r\u00e9el plaisir. Le produit peut \u00eatre pris par les hommes \u00e0 des fins m\u00e9dicinales &#8211; pour le traitement de la prostatite.<br \/>\nLe diamant noir contient des ingr\u00e9dients actifs aussi puissants que le Dereza chinois et le ginseng. Ces herbes sont utilis\u00e9es depuis longtemps en m\u00e9decine chinoise et sont consid\u00e9r\u00e9es comme des aphrodisiaques.<br \/>\n<strong>Caract\u00e9ristiques:<\/strong><br \/>\n\u00c9tant donn\u00e9 que seuls les composants naturels sont collect\u00e9s dans la pr\u00e9paration, elle peut \u00eatre utilis\u00e9e pour les hommes souffrant d&#8217;hypertension, de diab\u00e8te sucr\u00e9 et de maladies cardiovasculaires. Son utilisation avec l&#8217;alcool peut am\u00e9liorer le r\u00e9sultat.<\/p>\n<p><strong>Utilisation<\/strong><br \/>\nBuvez un comprim\u00e9 avant le rapport sexuel en 15 minutes. Il n&#8217;est pas recommand\u00e9 de prendre plus d&#8217;un comprim\u00e9 tous les trois jours. Pour \u00e9liminer les signes d&#8217;un surdosage, buvez beaucoup d&#8217;eau.<\/p>\n","protected":false},"excerpt":{"rendered":"<p>Le Black Diamond 200 mg est un traitement efficace contre la dysfonction \u00e9rectile, con\u00e7u pour offrir une \u00e9rection plus ferme et plus longue gr\u00e2ce \u00e0 son dosage puissant en Sildenafil 200 mg. Il agit en 30 \u00e0 60 minutes et garantit des performances optimales jusqu\u2019\u00e0 8 heures.<br \/>\n\ud83d\udc8a Commandez d\u00e8s maintenant sur La Pharmacie Express et profitez d\u2019une livraison rapide et discr\u00e8te !<\/p>\n","protected":false},"featured_media":2820,"comment_status":"open","ping_status":"closed","template":"","meta":[],"pwb-brand":[],"product_brand":[],"product_cat":[19],"product_tag":[169],"class_list":{"0":"post-2816","1":"product","2":"type-product","3":"status-publish","4":"has-post-thumbnail","6":"product_cat-dysfonction-erectile","7":"product_tag-herbal","8":"clearfix","10":"first","11":"instock","12":"taxable","13":"shipping-taxable","14":"purchasable","15":"product-type-variable"},"yoast_head":"<!-- This site is optimized with the Yoast SEO plugin v27.4 - https:\/\/yoast.com\/product\/yoast-seo-wordpress\/ -->\n<title>Black Diamond \u2013 \u00c9rection puissante et durable - La Pharmacie Express<\/title>\n<meta name=\"description\" content=\"Acheter Black Diamond 200 mg, un traitement puissant contre la dysfonction \u00e9rectile. Action rapide et durable. Livraison discr\u00e8te sur La Pharmacie Express !\" \/>\n<meta name=\"robots\" content=\"index, follow, max-snippet:-1, max-image-preview:large, max-video-preview:-1\" \/>\n<link rel=\"canonical\" href=\"https:\/\/lapharmaciexpress.com\/?product=black-diamond-200mg-puissance-endurance-achat-en-ligne\" \/>\n<meta property=\"og:locale\" content=\"fr_FR\" \/>\n<meta property=\"og:type\" content=\"article\" \/>\n<meta property=\"og:title\" content=\"Black Diamond \u2013 \u00c9rection puissante et durable - La Pharmacie Express\" \/>\n<meta property=\"og:description\" content=\"Acheter Black Diamond 200 mg, un traitement puissant contre la dysfonction \u00e9rectile. Action rapide et durable. Livraison discr\u00e8te sur La Pharmacie Express !\" \/>\n<meta property=\"og:url\" content=\"https:\/\/lapharmaciexpress.com\/?product=black-diamond-200mg-puissance-endurance-achat-en-ligne\" \/>\n<meta property=\"og:site_name\" content=\"La Pharmacie Express\" \/>\n<meta property=\"article:modified_time\" content=\"2025-03-26T10:22:02+00:00\" \/>\n<meta property=\"og:image\" content=\"https:\/\/lapharmaciexpress.com\/wp-content\/uploads\/2020\/04\/Black-diamond.jpg\" \/>\n\t<meta property=\"og:image:width\" content=\"550\" \/>\n\t<meta property=\"og:image:height\" content=\"550\" \/>\n\t<meta property=\"og:image:type\" content=\"image\/jpeg\" \/>\n<meta name=\"twitter:card\" content=\"summary_large_image\" \/>\n<meta name=\"twitter:label1\" content=\"Dur\u00e9e de lecture estim\u00e9e\" \/>\n\t<meta name=\"twitter:data1\" content=\"1 minute\" \/>\n<script type=\"application\/ld+json\" class=\"yoast-schema-graph\">{\"@context\":\"https:\\\/\\\/schema.org\",\"@graph\":[{\"@type\":\"WebPage\",\"@id\":\"https:\\\/\\\/lapharmaciexpress.com\\\/?product=black-diamond-200mg-puissance-endurance-achat-en-ligne\",\"url\":\"https:\\\/\\\/lapharmaciexpress.com\\\/?product=black-diamond-200mg-puissance-endurance-achat-en-ligne\",\"name\":\"Black Diamond \u2013 \u00c9rection puissante et durable - La Pharmacie Express\",\"isPartOf\":{\"@id\":\"https:\\\/\\\/lapharmaciexpress.com\\\/#website\"},\"primaryImageOfPage\":{\"@id\":\"https:\\\/\\\/lapharmaciexpress.com\\\/?product=black-diamond-200mg-puissance-endurance-achat-en-ligne#primaryimage\"},\"image\":{\"@id\":\"https:\\\/\\\/lapharmaciexpress.com\\\/?product=black-diamond-200mg-puissance-endurance-achat-en-ligne#primaryimage\"},\"thumbnailUrl\":\"https:\\\/\\\/lapharmaciexpress.com\\\/wp-content\\\/uploads\\\/2020\\\/04\\\/Black-diamond.jpg?wsr\",\"datePublished\":\"2020-04-02T09:34:33+00:00\",\"dateModified\":\"2025-03-26T10:22:02+00:00\",\"description\":\"Acheter Black Diamond 200 mg, un traitement puissant contre la dysfonction \u00e9rectile. Action rapide et durable. Livraison discr\u00e8te sur La Pharmacie Express !\",\"breadcrumb\":{\"@id\":\"https:\\\/\\\/lapharmaciexpress.com\\\/?product=black-diamond-200mg-puissance-endurance-achat-en-ligne#breadcrumb\"},\"inLanguage\":\"fr-FR\",\"potentialAction\":[{\"@type\":\"ReadAction\",\"target\":[\"https:\\\/\\\/lapharmaciexpress.com\\\/?product=black-diamond-200mg-puissance-endurance-achat-en-ligne\"]}]},{\"@type\":\"ImageObject\",\"inLanguage\":\"fr-FR\",\"@id\":\"https:\\\/\\\/lapharmaciexpress.com\\\/?product=black-diamond-200mg-puissance-endurance-achat-en-ligne#primaryimage\",\"url\":\"https:\\\/\\\/lapharmaciexpress.com\\\/wp-content\\\/uploads\\\/2020\\\/04\\\/Black-diamond.jpg?wsr\",\"contentUrl\":\"https:\\\/\\\/lapharmaciexpress.com\\\/wp-content\\\/uploads\\\/2020\\\/04\\\/Black-diamond.jpg?wsr\",\"width\":550,\"height\":550},{\"@type\":\"BreadcrumbList\",\"@id\":\"https:\\\/\\\/lapharmaciexpress.com\\\/?product=black-diamond-200mg-puissance-endurance-achat-en-ligne#breadcrumb\",\"itemListElement\":[{\"@type\":\"ListItem\",\"position\":1,\"name\":\"Accueil\",\"item\":\"https:\\\/\\\/lapharmaciexpress.com\\\/\"},{\"@type\":\"ListItem\",\"position\":2,\"name\":\"Boutique\",\"item\":\"https:\\\/\\\/lapharmaciexpress.com\\\/?page_id=6\"},{\"@type\":\"ListItem\",\"position\":3,\"name\":\"Black Diamond\"}]},{\"@type\":\"WebSite\",\"@id\":\"https:\\\/\\\/lapharmaciexpress.com\\\/#website\",\"url\":\"https:\\\/\\\/lapharmaciexpress.com\\\/\",\"name\":\"La Pharmacie Express\",\"description\":\"La pharmacie en ligne\",\"publisher\":{\"@id\":\"https:\\\/\\\/lapharmaciexpress.com\\\/#organization\"},\"potentialAction\":[{\"@type\":\"SearchAction\",\"target\":{\"@type\":\"EntryPoint\",\"urlTemplate\":\"https:\\\/\\\/lapharmaciexpress.com\\\/?s={search_term_string}\"},\"query-input\":{\"@type\":\"PropertyValueSpecification\",\"valueRequired\":true,\"valueName\":\"search_term_string\"}}],\"inLanguage\":\"fr-FR\"},{\"@type\":\"Organization\",\"@id\":\"https:\\\/\\\/lapharmaciexpress.com\\\/#organization\",\"name\":\"La Pharmacie Express\",\"url\":\"https:\\\/\\\/lapharmaciexpress.com\\\/\",\"logo\":{\"@type\":\"ImageObject\",\"inLanguage\":\"fr-FR\",\"@id\":\"https:\\\/\\\/lapharmaciexpress.com\\\/#\\\/schema\\\/logo\\\/image\\\/\",\"url\":\"https:\\\/\\\/lapharmaciexpress.com\\\/wp-content\\\/uploads\\\/2019\\\/07\\\/ico-Lapharmacie-express.png\",\"contentUrl\":\"https:\\\/\\\/lapharmaciexpress.com\\\/wp-content\\\/uploads\\\/2019\\\/07\\\/ico-Lapharmacie-express.png\",\"width\":362,\"height\":300,\"caption\":\"La Pharmacie Express\"},\"image\":{\"@id\":\"https:\\\/\\\/lapharmaciexpress.com\\\/#\\\/schema\\\/logo\\\/image\\\/\"}}]}<\/script>\n<!-- \/ Yoast SEO plugin. -->","yoast_head_json":{"title":"Black Diamond \u2013 \u00c9rection puissante et durable - La Pharmacie Express","description":"Acheter Black Diamond 200 mg, un traitement puissant contre la dysfonction \u00e9rectile. Action rapide et durable. Livraison discr\u00e8te sur La Pharmacie Express !","robots":{"index":"index","follow":"follow","max-snippet":"max-snippet:-1","max-image-preview":"max-image-preview:large","max-video-preview":"max-video-preview:-1"},"canonical":"https:\/\/lapharmaciexpress.com\/?product=black-diamond-200mg-puissance-endurance-achat-en-ligne","og_locale":"fr_FR","og_type":"article","og_title":"Black Diamond \u2013 \u00c9rection puissante et durable - La Pharmacie Express","og_description":"Acheter Black Diamond 200 mg, un traitement puissant contre la dysfonction \u00e9rectile. Action rapide et durable. Livraison discr\u00e8te sur La Pharmacie Express !","og_url":"https:\/\/lapharmaciexpress.com\/?product=black-diamond-200mg-puissance-endurance-achat-en-ligne","og_site_name":"La Pharmacie Express","article_modified_time":"2025-03-26T10:22:02+00:00","og_image":[{"width":550,"height":550,"url":"https:\/\/lapharmaciexpress.com\/wp-content\/uploads\/2020\/04\/Black-diamond.jpg","type":"image\/jpeg"}],"twitter_card":"summary_large_image","twitter_misc":{"Dur\u00e9e de lecture estim\u00e9e":"1 minute"},"schema":{"@context":"https:\/\/schema.org","@graph":[{"@type":"WebPage","@id":"https:\/\/lapharmaciexpress.com\/?product=black-diamond-200mg-puissance-endurance-achat-en-ligne","url":"https:\/\/lapharmaciexpress.com\/?product=black-diamond-200mg-puissance-endurance-achat-en-ligne","name":"Black Diamond \u2013 \u00c9rection puissante et durable - La Pharmacie Express","isPartOf":{"@id":"https:\/\/lapharmaciexpress.com\/#website"},"primaryImageOfPage":{"@id":"https:\/\/lapharmaciexpress.com\/?product=black-diamond-200mg-puissance-endurance-achat-en-ligne#primaryimage"},"image":{"@id":"https:\/\/lapharmaciexpress.com\/?product=black-diamond-200mg-puissance-endurance-achat-en-ligne#primaryimage"},"thumbnailUrl":"https:\/\/lapharmaciexpress.com\/wp-content\/uploads\/2020\/04\/Black-diamond.jpg?wsr","datePublished":"2020-04-02T09:34:33+00:00","dateModified":"2025-03-26T10:22:02+00:00","description":"Acheter Black Diamond 200 mg, un traitement puissant contre la dysfonction \u00e9rectile. Action rapide et durable. Livraison discr\u00e8te sur La Pharmacie Express !","breadcrumb":{"@id":"https:\/\/lapharmaciexpress.com\/?product=black-diamond-200mg-puissance-endurance-achat-en-ligne#breadcrumb"},"inLanguage":"fr-FR","potentialAction":[{"@type":"ReadAction","target":["https:\/\/lapharmaciexpress.com\/?product=black-diamond-200mg-puissance-endurance-achat-en-ligne"]}]},{"@type":"ImageObject","inLanguage":"fr-FR","@id":"https:\/\/lapharmaciexpress.com\/?product=black-diamond-200mg-puissance-endurance-achat-en-ligne#primaryimage","url":"https:\/\/lapharmaciexpress.com\/wp-content\/uploads\/2020\/04\/Black-diamond.jpg?wsr","contentUrl":"https:\/\/lapharmaciexpress.com\/wp-content\/uploads\/2020\/04\/Black-diamond.jpg?wsr","width":550,"height":550},{"@type":"BreadcrumbList","@id":"https:\/\/lapharmaciexpress.com\/?product=black-diamond-200mg-puissance-endurance-achat-en-ligne#breadcrumb","itemListElement":[{"@type":"ListItem","position":1,"name":"Accueil","item":"https:\/\/lapharmaciexpress.com\/"},{"@type":"ListItem","position":2,"name":"Boutique","item":"https:\/\/lapharmaciexpress.com\/?page_id=6"},{"@type":"ListItem","position":3,"name":"Black Diamond"}]},{"@type":"WebSite","@id":"https:\/\/lapharmaciexpress.com\/#website","url":"https:\/\/lapharmaciexpress.com\/","name":"La Pharmacie Express","description":"La pharmacie en ligne","publisher":{"@id":"https:\/\/lapharmaciexpress.com\/#organization"},"potentialAction":[{"@type":"SearchAction","target":{"@type":"EntryPoint","urlTemplate":"https:\/\/lapharmaciexpress.com\/?s={search_term_string}"},"query-input":{"@type":"PropertyValueSpecification","valueRequired":true,"valueName":"search_term_string"}}],"inLanguage":"fr-FR"},{"@type":"Organization","@id":"https:\/\/lapharmaciexpress.com\/#organization","name":"La Pharmacie Express","url":"https:\/\/lapharmaciexpress.com\/","logo":{"@type":"ImageObject","inLanguage":"fr-FR","@id":"https:\/\/lapharmaciexpress.com\/#\/schema\/logo\/image\/","url":"https:\/\/lapharmaciexpress.com\/wp-content\/uploads\/2019\/07\/ico-Lapharmacie-express.png","contentUrl":"https:\/\/lapharmaciexpress.com\/wp-content\/uploads\/2019\/07\/ico-Lapharmacie-express.png","width":362,"height":300,"caption":"La Pharmacie Express"},"image":{"@id":"https:\/\/lapharmaciexpress.com\/#\/schema\/logo\/image\/"}}]}},"jetpack_sharing_enabled":true,"brands":[],"_links":{"self":[{"href":"https:\/\/lapharmaciexpress.com\/index.php?rest_route=\/wp\/v2\/product\/2816","targetHints":{"allow":["GET"]}}],"collection":[{"href":"https:\/\/lapharmaciexpress.com\/index.php?rest_route=\/wp\/v2\/product"}],"about":[{"href":"https:\/\/lapharmaciexpress.com\/index.php?rest_route=\/wp\/v2\/types\/product"}],"replies":[{"embeddable":true,"href":"https:\/\/lapharmaciexpress.com\/index.php?rest_route=%2Fwp%2Fv2%2Fcomments&post=2816"}],"wp:featuredmedia":[{"embeddable":true,"href":"https:\/\/lapharmaciexpress.com\/index.php?rest_route=\/wp\/v2\/media\/2820"}],"wp:attachment":[{"href":"https:\/\/lapharmaciexpress.com\/index.php?rest_route=%2Fwp%2Fv2%2Fmedia&parent=2816"}],"wp:term":[{"taxonomy":"pwb-brand","embeddable":true,"href":"https:\/\/lapharmaciexpress.com\/index.php?rest_route=%2Fwp%2Fv2%2Fpwb-brand&post=2816"},{"taxonomy":"product_brand","embeddable":true,"href":"https:\/\/lapharmaciexpress.com\/index.php?rest_route=%2Fwp%2Fv2%2Fproduct_brand&post=2816"},{"taxonomy":"product_cat","embeddable":true,"href":"https:\/\/lapharmaciexpress.com\/index.php?rest_route=%2Fwp%2Fv2%2Fproduct_cat&post=2816"},{"taxonomy":"product_tag","embeddable":true,"href":"https:\/\/lapharmaciexpress.com\/index.php?rest_route=%2Fwp%2Fv2%2Fproduct_tag&post=2816"}],"curies":[{"name":"wp","href":"https:\/\/api.w.org\/{rel}","templated":true}]}}