{"id":2943,"date":"2021-12-13T14:28:36","date_gmt":"2021-12-13T13:28:36","guid":{"rendered":"https:\/\/lapharmaciexpress.com\/?post_type=product&#038;p=2943"},"modified":"2024-11-27T09:19:20","modified_gmt":"2024-11-27T08:19:20","slug":"lapetamin-sirop","status":"publish","type":"product","link":"https:\/\/lapharmaciexpress.com\/?product=lapetamin-sirop","title":{"rendered":"Apetamin Sirop"},"content":{"rendered":"<p>Selon les \u00e9tiquettes de fabrication, 1 cuill\u00e8re \u00e0 caf\u00e9 (5 ml) de sirop Apetamin contient :<br \/>\nChlorhydrate de cyproheptadine : 2 mg<br \/>\nChlorhydrate de L-lysine : 150 mg<br \/>\nChlorhydrate de pyridoxine (vitamine B6) : 1 mg<br \/>\nChlorhydrate de thiamine (vitamine B1) : 2 mg<br \/>\nNicotinamide (vitamine B3) : 15 mg<br \/>\nDexpanth\u00e9nol (une forme alternative de vitamine B5) : 4,5 mg<br \/>\nLa combinaison de lysine, de vitamines et de cyproheptadine est cens\u00e9e favoriser la prise de poids, bien qu&#8217;il ait \u00e9t\u00e9 d\u00e9montr\u00e9 que seule la derni\u00e8re augmente potentiellement l&#8217; app\u00e9tit en tant qu&#8217;effet secondaire (1Source de confiance, 2Source de confiance).<\/p>\n<p>Cependant, le chlorhydrate de cyproheptadine est principalement utilis\u00e9 comme antihistaminique, un type de m\u00e9dicament qui soulage les sympt\u00f4mes d&#8217;allergie comme l&#8217;\u00e9coulement nasal, les d\u00e9mangeaisons, l&#8217;urticaire et les yeux larmoyants en bloquant l&#8217;histamine, une substance que votre corps fabrique lorsqu&#8217;il a une r\u00e9action allergique.<\/p>\n<p>Apetamin est disponible sous forme de sirop et de comprim\u00e9s. Le sirop contient g\u00e9n\u00e9ralement des vitamines et de la lysine, alors que les comprim\u00e9s ne contiennent que du chlorhydrate de cyproheptadine.<\/p>\n<p>Comment \u00e7a marche?<br \/>\nApetamin peut favoriser la prise de poids car il contient du chlorhydrate de cyproheptadine, un antihistaminique puissant dont les effets secondaires incluent une augmentation de l&#8217;app\u00e9tit.<\/p>\n<p>Bien qu&#8217;il ne soit pas clair comment cette substance augmente l&#8217;app\u00e9tit, plusieurs th\u00e9ories existent.<\/p>\n<p>Premi\u00e8rement, le chlorhydrate de cyproheptadine semble augmenter les niveaux de facteur de croissance analogue \u00e0 l&#8217;insuline (IGF-1) chez les enfants pr\u00e9sentant une insuffisance pond\u00e9rale. L&#8217;IGF-1 est un type d&#8217;hormone li\u00e9e \u00e0 la prise de poids (5Source de confiance).<\/p>\n<p>De plus, il semble agir sur l&#8217;hypothalamus, une petite partie de votre cerveau qui r\u00e9gule l&#8217;app\u00e9tit, la prise alimentaire, les hormones et de nombreuses autres fonctions biologiques (6Source de confiance).<\/p>\n<p>Pourtant, d&#8217;autres \u00e9tudes sont n\u00e9cessaires pour comprendre comment le chlorhydrate de cyproheptadine peut augmenter l&#8217;app\u00e9tit et entra\u00eener une prise de poids.<\/p>\n","protected":false},"excerpt":{"rendered":"<p>Apetamin est un sirop de vitamines qui est commercialis\u00e9 comme un suppl\u00e9ment de gain de poids . Il a \u00e9t\u00e9 d\u00e9velopp\u00e9 par TIL Healthcare PVT, une soci\u00e9t\u00e9 pharmaceutique bas\u00e9e en Inde.<\/p>\n","protected":false},"featured_media":0,"comment_status":"open","ping_status":"closed","template":"","meta":[],"pwb-brand":[],"product_brand":[],"product_cat":[28,21,29],"product_tag":[],"class_list":{"0":"post-2943","1":"product","2":"type-product","3":"status-publish","5":"product_cat-produit-de-soin-minceur","6":"product_cat-soins-aux-femmes","7":"product_cat-vitamine-et-multivitamine","8":"clearfix","10":"first","11":"instock","12":"taxable","13":"shipping-taxable","14":"purchasable","15":"product-type-variable","16":"has-default-attributes"},"yoast_head":"<!-- This site is optimized with the Yoast SEO plugin v27.4 - https:\/\/yoast.com\/product\/yoast-seo-wordpress\/ -->\n<title>Apetamin Sirop - La Pharmacie Express<\/title>\n<meta name=\"description\" content=\"Faite vous livrez l&#039;Apetamin en toute discr\u00e9tion sur la pharmacie express en ligne, livraison gratuite depuis la Grande Bretagne.\" \/>\n<meta name=\"robots\" content=\"index, follow, max-snippet:-1, max-image-preview:large, max-video-preview:-1\" \/>\n<link rel=\"canonical\" href=\"https:\/\/lapharmaciexpress.com\/?product=lapetamin-sirop\" \/>\n<meta property=\"og:locale\" content=\"fr_FR\" \/>\n<meta property=\"og:type\" content=\"article\" \/>\n<meta property=\"og:title\" content=\"Apetamin Sirop - La Pharmacie Express\" \/>\n<meta property=\"og:description\" content=\"Faite vous livrez l&#039;Apetamin en toute discr\u00e9tion sur la pharmacie express en ligne, livraison gratuite depuis la Grande Bretagne.\" \/>\n<meta property=\"og:url\" content=\"https:\/\/lapharmaciexpress.com\/?product=lapetamin-sirop\" \/>\n<meta property=\"og:site_name\" content=\"La Pharmacie Express\" \/>\n<meta property=\"article:modified_time\" content=\"2024-11-27T08:19:20+00:00\" \/>\n<meta name=\"twitter:card\" content=\"summary_large_image\" \/>\n<meta name=\"twitter:label1\" content=\"Dur\u00e9e de lecture estim\u00e9e\" \/>\n\t<meta name=\"twitter:data1\" content=\"2 minutes\" \/>\n<script type=\"application\/ld+json\" class=\"yoast-schema-graph\">{\"@context\":\"https:\\\/\\\/schema.org\",\"@graph\":[{\"@type\":\"WebPage\",\"@id\":\"https:\\\/\\\/lapharmaciexpress.com\\\/?product=lapetamin-sirop\",\"url\":\"https:\\\/\\\/lapharmaciexpress.com\\\/?product=lapetamin-sirop\",\"name\":\"Apetamin Sirop - La Pharmacie Express\",\"isPartOf\":{\"@id\":\"https:\\\/\\\/lapharmaciexpress.com\\\/#website\"},\"datePublished\":\"2021-12-13T13:28:36+00:00\",\"dateModified\":\"2024-11-27T08:19:20+00:00\",\"description\":\"Faite vous livrez l'Apetamin en toute discr\u00e9tion sur la pharmacie express en ligne, livraison gratuite depuis la Grande Bretagne.\",\"breadcrumb\":{\"@id\":\"https:\\\/\\\/lapharmaciexpress.com\\\/?product=lapetamin-sirop#breadcrumb\"},\"inLanguage\":\"fr-FR\",\"potentialAction\":[{\"@type\":\"ReadAction\",\"target\":[\"https:\\\/\\\/lapharmaciexpress.com\\\/?product=lapetamin-sirop\"]}]},{\"@type\":\"BreadcrumbList\",\"@id\":\"https:\\\/\\\/lapharmaciexpress.com\\\/?product=lapetamin-sirop#breadcrumb\",\"itemListElement\":[{\"@type\":\"ListItem\",\"position\":1,\"name\":\"Accueil\",\"item\":\"https:\\\/\\\/lapharmaciexpress.com\\\/\"},{\"@type\":\"ListItem\",\"position\":2,\"name\":\"Boutique\",\"item\":\"https:\\\/\\\/lapharmaciexpress.com\\\/?page_id=6\"},{\"@type\":\"ListItem\",\"position\":3,\"name\":\"Apetamin Sirop\"}]},{\"@type\":\"WebSite\",\"@id\":\"https:\\\/\\\/lapharmaciexpress.com\\\/#website\",\"url\":\"https:\\\/\\\/lapharmaciexpress.com\\\/\",\"name\":\"La Pharmacie Express\",\"description\":\"La pharmacie en ligne\",\"publisher\":{\"@id\":\"https:\\\/\\\/lapharmaciexpress.com\\\/#organization\"},\"potentialAction\":[{\"@type\":\"SearchAction\",\"target\":{\"@type\":\"EntryPoint\",\"urlTemplate\":\"https:\\\/\\\/lapharmaciexpress.com\\\/?s={search_term_string}\"},\"query-input\":{\"@type\":\"PropertyValueSpecification\",\"valueRequired\":true,\"valueName\":\"search_term_string\"}}],\"inLanguage\":\"fr-FR\"},{\"@type\":\"Organization\",\"@id\":\"https:\\\/\\\/lapharmaciexpress.com\\\/#organization\",\"name\":\"La Pharmacie Express\",\"url\":\"https:\\\/\\\/lapharmaciexpress.com\\\/\",\"logo\":{\"@type\":\"ImageObject\",\"inLanguage\":\"fr-FR\",\"@id\":\"https:\\\/\\\/lapharmaciexpress.com\\\/#\\\/schema\\\/logo\\\/image\\\/\",\"url\":\"https:\\\/\\\/lapharmaciexpress.com\\\/wp-content\\\/uploads\\\/2019\\\/07\\\/ico-Lapharmacie-express.png\",\"contentUrl\":\"https:\\\/\\\/lapharmaciexpress.com\\\/wp-content\\\/uploads\\\/2019\\\/07\\\/ico-Lapharmacie-express.png\",\"width\":362,\"height\":300,\"caption\":\"La Pharmacie Express\"},\"image\":{\"@id\":\"https:\\\/\\\/lapharmaciexpress.com\\\/#\\\/schema\\\/logo\\\/image\\\/\"}}]}<\/script>\n<!-- \/ Yoast SEO plugin. -->","yoast_head_json":{"title":"Apetamin Sirop - La Pharmacie Express","description":"Faite vous livrez l'Apetamin en toute discr\u00e9tion sur la pharmacie express en ligne, livraison gratuite depuis la Grande Bretagne.","robots":{"index":"index","follow":"follow","max-snippet":"max-snippet:-1","max-image-preview":"max-image-preview:large","max-video-preview":"max-video-preview:-1"},"canonical":"https:\/\/lapharmaciexpress.com\/?product=lapetamin-sirop","og_locale":"fr_FR","og_type":"article","og_title":"Apetamin Sirop - La Pharmacie Express","og_description":"Faite vous livrez l'Apetamin en toute discr\u00e9tion sur la pharmacie express en ligne, livraison gratuite depuis la Grande Bretagne.","og_url":"https:\/\/lapharmaciexpress.com\/?product=lapetamin-sirop","og_site_name":"La Pharmacie Express","article_modified_time":"2024-11-27T08:19:20+00:00","twitter_card":"summary_large_image","twitter_misc":{"Dur\u00e9e de lecture estim\u00e9e":"2 minutes"},"schema":{"@context":"https:\/\/schema.org","@graph":[{"@type":"WebPage","@id":"https:\/\/lapharmaciexpress.com\/?product=lapetamin-sirop","url":"https:\/\/lapharmaciexpress.com\/?product=lapetamin-sirop","name":"Apetamin Sirop - La Pharmacie Express","isPartOf":{"@id":"https:\/\/lapharmaciexpress.com\/#website"},"datePublished":"2021-12-13T13:28:36+00:00","dateModified":"2024-11-27T08:19:20+00:00","description":"Faite vous livrez l'Apetamin en toute discr\u00e9tion sur la pharmacie express en ligne, livraison gratuite depuis la Grande Bretagne.","breadcrumb":{"@id":"https:\/\/lapharmaciexpress.com\/?product=lapetamin-sirop#breadcrumb"},"inLanguage":"fr-FR","potentialAction":[{"@type":"ReadAction","target":["https:\/\/lapharmaciexpress.com\/?product=lapetamin-sirop"]}]},{"@type":"BreadcrumbList","@id":"https:\/\/lapharmaciexpress.com\/?product=lapetamin-sirop#breadcrumb","itemListElement":[{"@type":"ListItem","position":1,"name":"Accueil","item":"https:\/\/lapharmaciexpress.com\/"},{"@type":"ListItem","position":2,"name":"Boutique","item":"https:\/\/lapharmaciexpress.com\/?page_id=6"},{"@type":"ListItem","position":3,"name":"Apetamin Sirop"}]},{"@type":"WebSite","@id":"https:\/\/lapharmaciexpress.com\/#website","url":"https:\/\/lapharmaciexpress.com\/","name":"La Pharmacie Express","description":"La pharmacie en ligne","publisher":{"@id":"https:\/\/lapharmaciexpress.com\/#organization"},"potentialAction":[{"@type":"SearchAction","target":{"@type":"EntryPoint","urlTemplate":"https:\/\/lapharmaciexpress.com\/?s={search_term_string}"},"query-input":{"@type":"PropertyValueSpecification","valueRequired":true,"valueName":"search_term_string"}}],"inLanguage":"fr-FR"},{"@type":"Organization","@id":"https:\/\/lapharmaciexpress.com\/#organization","name":"La Pharmacie Express","url":"https:\/\/lapharmaciexpress.com\/","logo":{"@type":"ImageObject","inLanguage":"fr-FR","@id":"https:\/\/lapharmaciexpress.com\/#\/schema\/logo\/image\/","url":"https:\/\/lapharmaciexpress.com\/wp-content\/uploads\/2019\/07\/ico-Lapharmacie-express.png","contentUrl":"https:\/\/lapharmaciexpress.com\/wp-content\/uploads\/2019\/07\/ico-Lapharmacie-express.png","width":362,"height":300,"caption":"La Pharmacie Express"},"image":{"@id":"https:\/\/lapharmaciexpress.com\/#\/schema\/logo\/image\/"}}]}},"jetpack_sharing_enabled":true,"brands":[],"_links":{"self":[{"href":"https:\/\/lapharmaciexpress.com\/index.php?rest_route=\/wp\/v2\/product\/2943","targetHints":{"allow":["GET"]}}],"collection":[{"href":"https:\/\/lapharmaciexpress.com\/index.php?rest_route=\/wp\/v2\/product"}],"about":[{"href":"https:\/\/lapharmaciexpress.com\/index.php?rest_route=\/wp\/v2\/types\/product"}],"replies":[{"embeddable":true,"href":"https:\/\/lapharmaciexpress.com\/index.php?rest_route=%2Fwp%2Fv2%2Fcomments&post=2943"}],"wp:attachment":[{"href":"https:\/\/lapharmaciexpress.com\/index.php?rest_route=%2Fwp%2Fv2%2Fmedia&parent=2943"}],"wp:term":[{"taxonomy":"pwb-brand","embeddable":true,"href":"https:\/\/lapharmaciexpress.com\/index.php?rest_route=%2Fwp%2Fv2%2Fpwb-brand&post=2943"},{"taxonomy":"product_brand","embeddable":true,"href":"https:\/\/lapharmaciexpress.com\/index.php?rest_route=%2Fwp%2Fv2%2Fproduct_brand&post=2943"},{"taxonomy":"product_cat","embeddable":true,"href":"https:\/\/lapharmaciexpress.com\/index.php?rest_route=%2Fwp%2Fv2%2Fproduct_cat&post=2943"},{"taxonomy":"product_tag","embeddable":true,"href":"https:\/\/lapharmaciexpress.com\/index.php?rest_route=%2Fwp%2Fv2%2Fproduct_tag&post=2943"}],"curies":[{"name":"wp","href":"https:\/\/api.w.org\/{rel}","templated":true}]}}