{"id":3528,"date":"2024-10-05T23:35:00","date_gmt":"2024-10-05T21:35:00","guid":{"rendered":"https:\/\/lapharmaciexpress.com\/?post_type=product&#038;p=3528"},"modified":"2025-12-10T17:15:36","modified_gmt":"2025-12-10T16:15:36","slug":"super-cialis-20-60-mg-tadalafil-20mg-dapoxetine-60mg","status":"publish","type":"product","link":"https:\/\/lapharmaciexpress.com\/?product=super-cialis-20-60-mg-tadalafil-20mg-dapoxetine-60mg","title":{"rendered":"Super cialis 20\/60 mg (Tadalafil 20mg &#038; Dapoxetine 60mg)"},"content":{"rendered":"<p>Super Vidalista est un m\u00e9dicament utilis\u00e9 principalement pour traiter les troubles de l&#8217;\u00e9rection. Il combine deux ingr\u00e9dients actifs : le tadalafil et le dapoxetine. Le tadalafil aide \u00e0 augmenter le flux sanguin vers le p\u00e9nis, ce qui facilite l&#8217;obtention et le maintien d&#8217;une \u00e9rection. Le dapoxetine, quant \u00e0 lui, est un antid\u00e9presseur qui agit comme un inhibiteur de la recapture de la s\u00e9rotonine, et il est utilis\u00e9 pour traiter l&#8217;\u00e9jaculation pr\u00e9coce.<\/p>\n<p>La combinaison de ces deux composants permet de traiter \u00e0 la fois les probl\u00e8mes d&#8217;\u00e9rection et l&#8217;\u00e9jaculation pr\u00e9coce, offrant ainsi une solution compl\u00e8te pour certains hommes. Il est important de consulter un professionnel de sant\u00e9 avant d&#8217;utiliser ce m\u00e9dicament pour s&#8217;assurer qu&#8217;il est appropri\u00e9 pour votre situation. N&#8217;oubliez pas de suivre les recommandations posologiques et de signaler tout effet secondaire \u00e9ventuel.<\/p>\n<p>En r\u00e9sum\u00e9, le Super Cialis 20\/60 mg est une option efficace pour ceux qui cherchent \u00e0 am\u00e9liorer leur vie sexuelle.<\/p>\n","protected":false},"excerpt":{"rendered":"<p>Super Vidalista est un m\u00e9dicament utilis\u00e9 principalement pour traiter les troubles de l&#8217;\u00e9rection. Il combine deux ingr\u00e9dients actifs : le tadalafil et le dapoxetine. Le tadalafil aide \u00e0 augmenter le flux sanguin vers le p\u00e9nis, ce qui facilite l&#8217;obtention et le maintien d&#8217;une \u00e9rection.<\/p>\n","protected":false},"featured_media":3538,"comment_status":"open","ping_status":"closed","template":"","meta":[],"pwb-brand":[],"product_brand":[],"product_cat":[19],"product_tag":[131],"class_list":{"0":"post-3528","1":"product","2":"type-product","3":"status-publish","4":"has-post-thumbnail","6":"product_cat-dysfonction-erectile","7":"product_tag-cialis","8":"clearfix","10":"first","11":"instock","12":"taxable","13":"shipping-taxable","14":"purchasable","15":"product-type-variable"},"yoast_head":"<!-- This site is optimized with the Yoast SEO plugin v27.6 - https:\/\/yoast.com\/product\/yoast-seo-wordpress\/ -->\n<title>Super cialis 20\/60 mg (Tadalafil 20mg &amp; Dapoxetine 60mg) - La Pharmacie Express<\/title>\n<meta name=\"description\" content=\"Faite vos achats de Dysfonction \u00e9rectile, viagra, cialis, kamagra, levitra, vitamine produits de femme, antibiotique en toute discretion sur la pharamacie express en ligne, livraison gratuite.\" \/>\n<meta name=\"robots\" content=\"index, follow, max-snippet:-1, max-image-preview:large, max-video-preview:-1\" \/>\n<link rel=\"canonical\" href=\"https:\/\/lapharmaciexpress.com\/?product=super-cialis-20-60-mg-tadalafil-20mg-dapoxetine-60mg\" \/>\n<meta property=\"og:locale\" content=\"fr_FR\" \/>\n<meta property=\"og:type\" content=\"article\" \/>\n<meta property=\"og:title\" content=\"Super cialis 20\/60 mg (Tadalafil 20mg &amp; Dapoxetine 60mg) - La Pharmacie Express\" \/>\n<meta property=\"og:description\" content=\"Faite vos achats de Dysfonction \u00e9rectile, viagra, cialis, kamagra, levitra, vitamine produits de femme, antibiotique en toute discretion sur la pharamacie express en ligne, livraison gratuite.\" \/>\n<meta property=\"og:url\" content=\"https:\/\/lapharmaciexpress.com\/?product=super-cialis-20-60-mg-tadalafil-20mg-dapoxetine-60mg\" \/>\n<meta property=\"og:site_name\" content=\"La Pharmacie Express\" \/>\n<meta property=\"article:modified_time\" content=\"2025-12-10T16:15:36+00:00\" \/>\n<meta property=\"og:image\" content=\"https:\/\/lapharmaciexpress.com\/wp-content\/uploads\/2024\/10\/SUPER_VIDALISTA.webp?wsr\" \/>\n\t<meta property=\"og:image:width\" content=\"500\" \/>\n\t<meta property=\"og:image:height\" content=\"500\" \/>\n\t<meta property=\"og:image:type\" content=\"image\/webp\" \/>\n<meta name=\"twitter:card\" content=\"summary_large_image\" \/>\n<meta name=\"twitter:label1\" content=\"Dur\u00e9e de lecture estim\u00e9e\" \/>\n\t<meta name=\"twitter:data1\" content=\"1 minute\" \/>\n<script type=\"application\/ld+json\" class=\"yoast-schema-graph\">{\"@context\":\"https:\\\/\\\/schema.org\",\"@graph\":[{\"@type\":\"WebPage\",\"@id\":\"https:\\\/\\\/lapharmaciexpress.com\\\/?product=super-cialis-20-60-mg-tadalafil-20mg-dapoxetine-60mg\",\"url\":\"https:\\\/\\\/lapharmaciexpress.com\\\/?product=super-cialis-20-60-mg-tadalafil-20mg-dapoxetine-60mg\",\"name\":\"Super cialis 20\\\/60 mg (Tadalafil 20mg & Dapoxetine 60mg) - La Pharmacie Express\",\"isPartOf\":{\"@id\":\"https:\\\/\\\/lapharmaciexpress.com\\\/#website\"},\"primaryImageOfPage\":{\"@id\":\"https:\\\/\\\/lapharmaciexpress.com\\\/?product=super-cialis-20-60-mg-tadalafil-20mg-dapoxetine-60mg#primaryimage\"},\"image\":{\"@id\":\"https:\\\/\\\/lapharmaciexpress.com\\\/?product=super-cialis-20-60-mg-tadalafil-20mg-dapoxetine-60mg#primaryimage\"},\"thumbnailUrl\":\"https:\\\/\\\/lapharmaciexpress.com\\\/wp-content\\\/uploads\\\/2024\\\/10\\\/SUPER_VIDALISTA.webp?wsr\",\"datePublished\":\"2024-10-05T21:35:00+00:00\",\"dateModified\":\"2025-12-10T16:15:36+00:00\",\"description\":\"Faite vos achats de Dysfonction \u00e9rectile, viagra, cialis, kamagra, levitra, vitamine produits de femme, antibiotique en toute discretion sur la pharamacie express en ligne, livraison gratuite.\",\"breadcrumb\":{\"@id\":\"https:\\\/\\\/lapharmaciexpress.com\\\/?product=super-cialis-20-60-mg-tadalafil-20mg-dapoxetine-60mg#breadcrumb\"},\"inLanguage\":\"fr-FR\",\"potentialAction\":[{\"@type\":\"ReadAction\",\"target\":[\"https:\\\/\\\/lapharmaciexpress.com\\\/?product=super-cialis-20-60-mg-tadalafil-20mg-dapoxetine-60mg\"]}]},{\"@type\":\"ImageObject\",\"inLanguage\":\"fr-FR\",\"@id\":\"https:\\\/\\\/lapharmaciexpress.com\\\/?product=super-cialis-20-60-mg-tadalafil-20mg-dapoxetine-60mg#primaryimage\",\"url\":\"https:\\\/\\\/lapharmaciexpress.com\\\/wp-content\\\/uploads\\\/2024\\\/10\\\/SUPER_VIDALISTA.webp?wsr\",\"contentUrl\":\"https:\\\/\\\/lapharmaciexpress.com\\\/wp-content\\\/uploads\\\/2024\\\/10\\\/SUPER_VIDALISTA.webp?wsr\",\"width\":500,\"height\":500},{\"@type\":\"BreadcrumbList\",\"@id\":\"https:\\\/\\\/lapharmaciexpress.com\\\/?product=super-cialis-20-60-mg-tadalafil-20mg-dapoxetine-60mg#breadcrumb\",\"itemListElement\":[{\"@type\":\"ListItem\",\"position\":1,\"name\":\"Accueil\",\"item\":\"https:\\\/\\\/lapharmaciexpress.com\\\/\"},{\"@type\":\"ListItem\",\"position\":2,\"name\":\"Boutique\",\"item\":\"https:\\\/\\\/lapharmaciexpress.com\\\/?page_id=6\"},{\"@type\":\"ListItem\",\"position\":3,\"name\":\"Super cialis 20\\\/60 mg (Tadalafil 20mg &#038; Dapoxetine 60mg)\"}]},{\"@type\":\"WebSite\",\"@id\":\"https:\\\/\\\/lapharmaciexpress.com\\\/#website\",\"url\":\"https:\\\/\\\/lapharmaciexpress.com\\\/\",\"name\":\"La Pharmacie Express\",\"description\":\"La pharmacie en ligne\",\"publisher\":{\"@id\":\"https:\\\/\\\/lapharmaciexpress.com\\\/#organization\"},\"potentialAction\":[{\"@type\":\"SearchAction\",\"target\":{\"@type\":\"EntryPoint\",\"urlTemplate\":\"https:\\\/\\\/lapharmaciexpress.com\\\/?s={search_term_string}\"},\"query-input\":{\"@type\":\"PropertyValueSpecification\",\"valueRequired\":true,\"valueName\":\"search_term_string\"}}],\"inLanguage\":\"fr-FR\"},{\"@type\":\"Organization\",\"@id\":\"https:\\\/\\\/lapharmaciexpress.com\\\/#organization\",\"name\":\"La Pharmacie Express\",\"url\":\"https:\\\/\\\/lapharmaciexpress.com\\\/\",\"logo\":{\"@type\":\"ImageObject\",\"inLanguage\":\"fr-FR\",\"@id\":\"https:\\\/\\\/lapharmaciexpress.com\\\/#\\\/schema\\\/logo\\\/image\\\/\",\"url\":\"https:\\\/\\\/lapharmaciexpress.com\\\/wp-content\\\/uploads\\\/2019\\\/07\\\/ico-Lapharmacie-express.png\",\"contentUrl\":\"https:\\\/\\\/lapharmaciexpress.com\\\/wp-content\\\/uploads\\\/2019\\\/07\\\/ico-Lapharmacie-express.png\",\"width\":362,\"height\":300,\"caption\":\"La Pharmacie Express\"},\"image\":{\"@id\":\"https:\\\/\\\/lapharmaciexpress.com\\\/#\\\/schema\\\/logo\\\/image\\\/\"}}]}<\/script>\n<!-- \/ Yoast SEO plugin. -->","yoast_head_json":{"title":"Super cialis 20\/60 mg (Tadalafil 20mg & Dapoxetine 60mg) - La Pharmacie Express","description":"Faite vos achats de Dysfonction \u00e9rectile, viagra, cialis, kamagra, levitra, vitamine produits de femme, antibiotique en toute discretion sur la pharamacie express en ligne, livraison gratuite.","robots":{"index":"index","follow":"follow","max-snippet":"max-snippet:-1","max-image-preview":"max-image-preview:large","max-video-preview":"max-video-preview:-1"},"canonical":"https:\/\/lapharmaciexpress.com\/?product=super-cialis-20-60-mg-tadalafil-20mg-dapoxetine-60mg","og_locale":"fr_FR","og_type":"article","og_title":"Super cialis 20\/60 mg (Tadalafil 20mg & Dapoxetine 60mg) - La Pharmacie Express","og_description":"Faite vos achats de Dysfonction \u00e9rectile, viagra, cialis, kamagra, levitra, vitamine produits de femme, antibiotique en toute discretion sur la pharamacie express en ligne, livraison gratuite.","og_url":"https:\/\/lapharmaciexpress.com\/?product=super-cialis-20-60-mg-tadalafil-20mg-dapoxetine-60mg","og_site_name":"La Pharmacie Express","article_modified_time":"2025-12-10T16:15:36+00:00","og_image":[{"width":500,"height":500,"url":"https:\/\/lapharmaciexpress.com\/wp-content\/uploads\/2024\/10\/SUPER_VIDALISTA.webp?wsr","type":"image\/webp"}],"twitter_card":"summary_large_image","twitter_misc":{"Dur\u00e9e de lecture estim\u00e9e":"1 minute"},"schema":{"@context":"https:\/\/schema.org","@graph":[{"@type":"WebPage","@id":"https:\/\/lapharmaciexpress.com\/?product=super-cialis-20-60-mg-tadalafil-20mg-dapoxetine-60mg","url":"https:\/\/lapharmaciexpress.com\/?product=super-cialis-20-60-mg-tadalafil-20mg-dapoxetine-60mg","name":"Super cialis 20\/60 mg (Tadalafil 20mg & Dapoxetine 60mg) - La Pharmacie Express","isPartOf":{"@id":"https:\/\/lapharmaciexpress.com\/#website"},"primaryImageOfPage":{"@id":"https:\/\/lapharmaciexpress.com\/?product=super-cialis-20-60-mg-tadalafil-20mg-dapoxetine-60mg#primaryimage"},"image":{"@id":"https:\/\/lapharmaciexpress.com\/?product=super-cialis-20-60-mg-tadalafil-20mg-dapoxetine-60mg#primaryimage"},"thumbnailUrl":"https:\/\/lapharmaciexpress.com\/wp-content\/uploads\/2024\/10\/SUPER_VIDALISTA.webp?wsr","datePublished":"2024-10-05T21:35:00+00:00","dateModified":"2025-12-10T16:15:36+00:00","description":"Faite vos achats de Dysfonction \u00e9rectile, viagra, cialis, kamagra, levitra, vitamine produits de femme, antibiotique en toute discretion sur la pharamacie express en ligne, livraison gratuite.","breadcrumb":{"@id":"https:\/\/lapharmaciexpress.com\/?product=super-cialis-20-60-mg-tadalafil-20mg-dapoxetine-60mg#breadcrumb"},"inLanguage":"fr-FR","potentialAction":[{"@type":"ReadAction","target":["https:\/\/lapharmaciexpress.com\/?product=super-cialis-20-60-mg-tadalafil-20mg-dapoxetine-60mg"]}]},{"@type":"ImageObject","inLanguage":"fr-FR","@id":"https:\/\/lapharmaciexpress.com\/?product=super-cialis-20-60-mg-tadalafil-20mg-dapoxetine-60mg#primaryimage","url":"https:\/\/lapharmaciexpress.com\/wp-content\/uploads\/2024\/10\/SUPER_VIDALISTA.webp?wsr","contentUrl":"https:\/\/lapharmaciexpress.com\/wp-content\/uploads\/2024\/10\/SUPER_VIDALISTA.webp?wsr","width":500,"height":500},{"@type":"BreadcrumbList","@id":"https:\/\/lapharmaciexpress.com\/?product=super-cialis-20-60-mg-tadalafil-20mg-dapoxetine-60mg#breadcrumb","itemListElement":[{"@type":"ListItem","position":1,"name":"Accueil","item":"https:\/\/lapharmaciexpress.com\/"},{"@type":"ListItem","position":2,"name":"Boutique","item":"https:\/\/lapharmaciexpress.com\/?page_id=6"},{"@type":"ListItem","position":3,"name":"Super cialis 20\/60 mg (Tadalafil 20mg &#038; Dapoxetine 60mg)"}]},{"@type":"WebSite","@id":"https:\/\/lapharmaciexpress.com\/#website","url":"https:\/\/lapharmaciexpress.com\/","name":"La Pharmacie Express","description":"La pharmacie en ligne","publisher":{"@id":"https:\/\/lapharmaciexpress.com\/#organization"},"potentialAction":[{"@type":"SearchAction","target":{"@type":"EntryPoint","urlTemplate":"https:\/\/lapharmaciexpress.com\/?s={search_term_string}"},"query-input":{"@type":"PropertyValueSpecification","valueRequired":true,"valueName":"search_term_string"}}],"inLanguage":"fr-FR"},{"@type":"Organization","@id":"https:\/\/lapharmaciexpress.com\/#organization","name":"La Pharmacie Express","url":"https:\/\/lapharmaciexpress.com\/","logo":{"@type":"ImageObject","inLanguage":"fr-FR","@id":"https:\/\/lapharmaciexpress.com\/#\/schema\/logo\/image\/","url":"https:\/\/lapharmaciexpress.com\/wp-content\/uploads\/2019\/07\/ico-Lapharmacie-express.png","contentUrl":"https:\/\/lapharmaciexpress.com\/wp-content\/uploads\/2019\/07\/ico-Lapharmacie-express.png","width":362,"height":300,"caption":"La Pharmacie Express"},"image":{"@id":"https:\/\/lapharmaciexpress.com\/#\/schema\/logo\/image\/"}}]}},"jetpack_sharing_enabled":true,"brands":[],"_links":{"self":[{"href":"https:\/\/lapharmaciexpress.com\/index.php?rest_route=\/wp\/v2\/product\/3528","targetHints":{"allow":["GET"]}}],"collection":[{"href":"https:\/\/lapharmaciexpress.com\/index.php?rest_route=\/wp\/v2\/product"}],"about":[{"href":"https:\/\/lapharmaciexpress.com\/index.php?rest_route=\/wp\/v2\/types\/product"}],"replies":[{"embeddable":true,"href":"https:\/\/lapharmaciexpress.com\/index.php?rest_route=%2Fwp%2Fv2%2Fcomments&post=3528"}],"wp:featuredmedia":[{"embeddable":true,"href":"https:\/\/lapharmaciexpress.com\/index.php?rest_route=\/wp\/v2\/media\/3538"}],"wp:attachment":[{"href":"https:\/\/lapharmaciexpress.com\/index.php?rest_route=%2Fwp%2Fv2%2Fmedia&parent=3528"}],"wp:term":[{"taxonomy":"pwb-brand","embeddable":true,"href":"https:\/\/lapharmaciexpress.com\/index.php?rest_route=%2Fwp%2Fv2%2Fpwb-brand&post=3528"},{"taxonomy":"product_brand","embeddable":true,"href":"https:\/\/lapharmaciexpress.com\/index.php?rest_route=%2Fwp%2Fv2%2Fproduct_brand&post=3528"},{"taxonomy":"product_cat","embeddable":true,"href":"https:\/\/lapharmaciexpress.com\/index.php?rest_route=%2Fwp%2Fv2%2Fproduct_cat&post=3528"},{"taxonomy":"product_tag","embeddable":true,"href":"https:\/\/lapharmaciexpress.com\/index.php?rest_route=%2Fwp%2Fv2%2Fproduct_tag&post=3528"}],"curies":[{"name":"wp","href":"https:\/\/api.w.org\/{rel}","templated":true}]}}