{"id":3590,"date":"2024-10-12T09:37:42","date_gmt":"2024-10-12T07:37:42","guid":{"rendered":"https:\/\/lapharmaciexpress.com\/?post_type=product&#038;p=3590"},"modified":"2025-01-26T14:15:57","modified_gmt":"2025-01-26T13:15:57","slug":"echantillon","status":"publish","type":"product","link":"https:\/\/lapharmaciexpress.com\/?product=echantillon","title":{"rendered":"Echantillon"},"content":{"rendered":"<p>\u00c9chantillon Sp\u00e9cial : Cialis 20 mg, Levitra 20 mg, Cialis Black 80 mg et Cialis Sublingual 20 mg : Profitez d&#8217;un assortiment exclusif de solutions efficaces pour traiter la dysfonction \u00e9rectile, incluant des doses vari\u00e9es. Cet \u00e9chantillon permet de d\u00e9couvrir et de comparer diff\u00e9rentes options selon vos besoins individuels. <\/p>\n<p>\u200b<\/p>\n","protected":false},"excerpt":{"rendered":"<p>\u00c9chantillon Sp\u00e9cial : Cialis 10 pilules, Levitra 10 pilules, Kamagra 4 pilules. Profitez d&#8217;un assortiment exclusif de solutions efficaces pour traiter la dysfonction \u00e9rectile, incluant des doses vari\u00e9es.<br \/>\nEn passant la commande, vous pouvez nous laisser une note sur le dosage souhait\u00e9 et si besoin des produits \u00e0 rajouter.<\/p>\n","protected":false},"featured_media":3752,"comment_status":"open","ping_status":"closed","template":"","meta":[],"pwb-brand":[],"product_brand":[],"product_cat":[19],"product_tag":[195],"class_list":{"0":"post-3590","1":"product","2":"type-product","3":"status-publish","4":"has-post-thumbnail","6":"product_cat-dysfonction-erectile","7":"product_tag-echantillon","8":"clearfix","10":"first","11":"instock","12":"taxable","13":"shipping-taxable","14":"purchasable","15":"product-type-simple"},"yoast_head":"<!-- This site is optimized with the Yoast SEO plugin v27.4 - https:\/\/yoast.com\/product\/yoast-seo-wordpress\/ -->\n<title>Echantillon - La Pharmacie Express<\/title>\n<meta name=\"description\" content=\"Effectuez vos achats en toute discr\u00e9tion sur notre pharmacie express en ligne : Viagra, Cialis, Kamagra, Levitra, produits pour la dysfonction \u00e9rectile, vitamines, soins f\u00e9minins et antibiotiques.\" \/>\n<meta name=\"robots\" content=\"index, follow, max-snippet:-1, max-image-preview:large, max-video-preview:-1\" \/>\n<link rel=\"canonical\" href=\"https:\/\/lapharmaciexpress.com\/?product=echantillon\" \/>\n<meta property=\"og:locale\" content=\"fr_FR\" \/>\n<meta property=\"og:type\" content=\"article\" \/>\n<meta property=\"og:title\" content=\"Echantillon - La Pharmacie Express\" \/>\n<meta property=\"og:description\" content=\"Effectuez vos achats en toute discr\u00e9tion sur notre pharmacie express en ligne : Viagra, Cialis, Kamagra, Levitra, produits pour la dysfonction \u00e9rectile, vitamines, soins f\u00e9minins et antibiotiques.\" \/>\n<meta property=\"og:url\" content=\"https:\/\/lapharmaciexpress.com\/?product=echantillon\" \/>\n<meta property=\"og:site_name\" content=\"La Pharmacie Express\" \/>\n<meta property=\"article:modified_time\" content=\"2025-01-26T13:15:57+00:00\" \/>\n<meta property=\"og:image\" content=\"https:\/\/lapharmaciexpress.com\/wp-content\/uploads\/2024\/10\/pack-improved.png\" \/>\n\t<meta property=\"og:image:width\" content=\"450\" \/>\n\t<meta property=\"og:image:height\" content=\"360\" \/>\n\t<meta property=\"og:image:type\" content=\"image\/png\" \/>\n<meta name=\"twitter:card\" content=\"summary_large_image\" \/>\n<meta name=\"twitter:label1\" content=\"Dur\u00e9e de lecture estim\u00e9e\" \/>\n\t<meta name=\"twitter:data1\" content=\"1 minute\" \/>\n<script type=\"application\/ld+json\" class=\"yoast-schema-graph\">{\"@context\":\"https:\\\/\\\/schema.org\",\"@graph\":[{\"@type\":\"WebPage\",\"@id\":\"https:\\\/\\\/lapharmaciexpress.com\\\/?product=echantillon\",\"url\":\"https:\\\/\\\/lapharmaciexpress.com\\\/?product=echantillon\",\"name\":\"Echantillon - La Pharmacie Express\",\"isPartOf\":{\"@id\":\"https:\\\/\\\/lapharmaciexpress.com\\\/#website\"},\"primaryImageOfPage\":{\"@id\":\"https:\\\/\\\/lapharmaciexpress.com\\\/?product=echantillon#primaryimage\"},\"image\":{\"@id\":\"https:\\\/\\\/lapharmaciexpress.com\\\/?product=echantillon#primaryimage\"},\"thumbnailUrl\":\"https:\\\/\\\/lapharmaciexpress.com\\\/wp-content\\\/uploads\\\/2024\\\/10\\\/pack-improved.png?wsr\",\"datePublished\":\"2024-10-12T07:37:42+00:00\",\"dateModified\":\"2025-01-26T13:15:57+00:00\",\"description\":\"Effectuez vos achats en toute discr\u00e9tion sur notre pharmacie express en ligne : Viagra, Cialis, Kamagra, Levitra, produits pour la dysfonction \u00e9rectile, vitamines, soins f\u00e9minins et antibiotiques.\",\"breadcrumb\":{\"@id\":\"https:\\\/\\\/lapharmaciexpress.com\\\/?product=echantillon#breadcrumb\"},\"inLanguage\":\"fr-FR\",\"potentialAction\":[{\"@type\":\"ReadAction\",\"target\":[\"https:\\\/\\\/lapharmaciexpress.com\\\/?product=echantillon\"]}]},{\"@type\":\"ImageObject\",\"inLanguage\":\"fr-FR\",\"@id\":\"https:\\\/\\\/lapharmaciexpress.com\\\/?product=echantillon#primaryimage\",\"url\":\"https:\\\/\\\/lapharmaciexpress.com\\\/wp-content\\\/uploads\\\/2024\\\/10\\\/pack-improved.png?wsr\",\"contentUrl\":\"https:\\\/\\\/lapharmaciexpress.com\\\/wp-content\\\/uploads\\\/2024\\\/10\\\/pack-improved.png?wsr\",\"width\":450,\"height\":360},{\"@type\":\"BreadcrumbList\",\"@id\":\"https:\\\/\\\/lapharmaciexpress.com\\\/?product=echantillon#breadcrumb\",\"itemListElement\":[{\"@type\":\"ListItem\",\"position\":1,\"name\":\"Accueil\",\"item\":\"https:\\\/\\\/lapharmaciexpress.com\\\/\"},{\"@type\":\"ListItem\",\"position\":2,\"name\":\"Boutique\",\"item\":\"https:\\\/\\\/lapharmaciexpress.com\\\/?page_id=6\"},{\"@type\":\"ListItem\",\"position\":3,\"name\":\"Echantillon\"}]},{\"@type\":\"WebSite\",\"@id\":\"https:\\\/\\\/lapharmaciexpress.com\\\/#website\",\"url\":\"https:\\\/\\\/lapharmaciexpress.com\\\/\",\"name\":\"La Pharmacie Express\",\"description\":\"La pharmacie en ligne\",\"publisher\":{\"@id\":\"https:\\\/\\\/lapharmaciexpress.com\\\/#organization\"},\"potentialAction\":[{\"@type\":\"SearchAction\",\"target\":{\"@type\":\"EntryPoint\",\"urlTemplate\":\"https:\\\/\\\/lapharmaciexpress.com\\\/?s={search_term_string}\"},\"query-input\":{\"@type\":\"PropertyValueSpecification\",\"valueRequired\":true,\"valueName\":\"search_term_string\"}}],\"inLanguage\":\"fr-FR\"},{\"@type\":\"Organization\",\"@id\":\"https:\\\/\\\/lapharmaciexpress.com\\\/#organization\",\"name\":\"La Pharmacie Express\",\"url\":\"https:\\\/\\\/lapharmaciexpress.com\\\/\",\"logo\":{\"@type\":\"ImageObject\",\"inLanguage\":\"fr-FR\",\"@id\":\"https:\\\/\\\/lapharmaciexpress.com\\\/#\\\/schema\\\/logo\\\/image\\\/\",\"url\":\"https:\\\/\\\/lapharmaciexpress.com\\\/wp-content\\\/uploads\\\/2019\\\/07\\\/ico-Lapharmacie-express.png\",\"contentUrl\":\"https:\\\/\\\/lapharmaciexpress.com\\\/wp-content\\\/uploads\\\/2019\\\/07\\\/ico-Lapharmacie-express.png\",\"width\":362,\"height\":300,\"caption\":\"La Pharmacie Express\"},\"image\":{\"@id\":\"https:\\\/\\\/lapharmaciexpress.com\\\/#\\\/schema\\\/logo\\\/image\\\/\"}}]}<\/script>\n<!-- \/ Yoast SEO plugin. -->","yoast_head_json":{"title":"Echantillon - La Pharmacie Express","description":"Effectuez vos achats en toute discr\u00e9tion sur notre pharmacie express en ligne : Viagra, Cialis, Kamagra, Levitra, produits pour la dysfonction \u00e9rectile, vitamines, soins f\u00e9minins et antibiotiques.","robots":{"index":"index","follow":"follow","max-snippet":"max-snippet:-1","max-image-preview":"max-image-preview:large","max-video-preview":"max-video-preview:-1"},"canonical":"https:\/\/lapharmaciexpress.com\/?product=echantillon","og_locale":"fr_FR","og_type":"article","og_title":"Echantillon - La Pharmacie Express","og_description":"Effectuez vos achats en toute discr\u00e9tion sur notre pharmacie express en ligne : Viagra, Cialis, Kamagra, Levitra, produits pour la dysfonction \u00e9rectile, vitamines, soins f\u00e9minins et antibiotiques.","og_url":"https:\/\/lapharmaciexpress.com\/?product=echantillon","og_site_name":"La Pharmacie Express","article_modified_time":"2025-01-26T13:15:57+00:00","og_image":[{"width":450,"height":360,"url":"https:\/\/lapharmaciexpress.com\/wp-content\/uploads\/2024\/10\/pack-improved.png","type":"image\/png"}],"twitter_card":"summary_large_image","twitter_misc":{"Dur\u00e9e de lecture estim\u00e9e":"1 minute"},"schema":{"@context":"https:\/\/schema.org","@graph":[{"@type":"WebPage","@id":"https:\/\/lapharmaciexpress.com\/?product=echantillon","url":"https:\/\/lapharmaciexpress.com\/?product=echantillon","name":"Echantillon - La Pharmacie Express","isPartOf":{"@id":"https:\/\/lapharmaciexpress.com\/#website"},"primaryImageOfPage":{"@id":"https:\/\/lapharmaciexpress.com\/?product=echantillon#primaryimage"},"image":{"@id":"https:\/\/lapharmaciexpress.com\/?product=echantillon#primaryimage"},"thumbnailUrl":"https:\/\/lapharmaciexpress.com\/wp-content\/uploads\/2024\/10\/pack-improved.png?wsr","datePublished":"2024-10-12T07:37:42+00:00","dateModified":"2025-01-26T13:15:57+00:00","description":"Effectuez vos achats en toute discr\u00e9tion sur notre pharmacie express en ligne : Viagra, Cialis, Kamagra, Levitra, produits pour la dysfonction \u00e9rectile, vitamines, soins f\u00e9minins et antibiotiques.","breadcrumb":{"@id":"https:\/\/lapharmaciexpress.com\/?product=echantillon#breadcrumb"},"inLanguage":"fr-FR","potentialAction":[{"@type":"ReadAction","target":["https:\/\/lapharmaciexpress.com\/?product=echantillon"]}]},{"@type":"ImageObject","inLanguage":"fr-FR","@id":"https:\/\/lapharmaciexpress.com\/?product=echantillon#primaryimage","url":"https:\/\/lapharmaciexpress.com\/wp-content\/uploads\/2024\/10\/pack-improved.png?wsr","contentUrl":"https:\/\/lapharmaciexpress.com\/wp-content\/uploads\/2024\/10\/pack-improved.png?wsr","width":450,"height":360},{"@type":"BreadcrumbList","@id":"https:\/\/lapharmaciexpress.com\/?product=echantillon#breadcrumb","itemListElement":[{"@type":"ListItem","position":1,"name":"Accueil","item":"https:\/\/lapharmaciexpress.com\/"},{"@type":"ListItem","position":2,"name":"Boutique","item":"https:\/\/lapharmaciexpress.com\/?page_id=6"},{"@type":"ListItem","position":3,"name":"Echantillon"}]},{"@type":"WebSite","@id":"https:\/\/lapharmaciexpress.com\/#website","url":"https:\/\/lapharmaciexpress.com\/","name":"La Pharmacie Express","description":"La pharmacie en ligne","publisher":{"@id":"https:\/\/lapharmaciexpress.com\/#organization"},"potentialAction":[{"@type":"SearchAction","target":{"@type":"EntryPoint","urlTemplate":"https:\/\/lapharmaciexpress.com\/?s={search_term_string}"},"query-input":{"@type":"PropertyValueSpecification","valueRequired":true,"valueName":"search_term_string"}}],"inLanguage":"fr-FR"},{"@type":"Organization","@id":"https:\/\/lapharmaciexpress.com\/#organization","name":"La Pharmacie Express","url":"https:\/\/lapharmaciexpress.com\/","logo":{"@type":"ImageObject","inLanguage":"fr-FR","@id":"https:\/\/lapharmaciexpress.com\/#\/schema\/logo\/image\/","url":"https:\/\/lapharmaciexpress.com\/wp-content\/uploads\/2019\/07\/ico-Lapharmacie-express.png","contentUrl":"https:\/\/lapharmaciexpress.com\/wp-content\/uploads\/2019\/07\/ico-Lapharmacie-express.png","width":362,"height":300,"caption":"La Pharmacie Express"},"image":{"@id":"https:\/\/lapharmaciexpress.com\/#\/schema\/logo\/image\/"}}]}},"jetpack_sharing_enabled":true,"brands":[],"_links":{"self":[{"href":"https:\/\/lapharmaciexpress.com\/index.php?rest_route=\/wp\/v2\/product\/3590","targetHints":{"allow":["GET"]}}],"collection":[{"href":"https:\/\/lapharmaciexpress.com\/index.php?rest_route=\/wp\/v2\/product"}],"about":[{"href":"https:\/\/lapharmaciexpress.com\/index.php?rest_route=\/wp\/v2\/types\/product"}],"replies":[{"embeddable":true,"href":"https:\/\/lapharmaciexpress.com\/index.php?rest_route=%2Fwp%2Fv2%2Fcomments&post=3590"}],"wp:featuredmedia":[{"embeddable":true,"href":"https:\/\/lapharmaciexpress.com\/index.php?rest_route=\/wp\/v2\/media\/3752"}],"wp:attachment":[{"href":"https:\/\/lapharmaciexpress.com\/index.php?rest_route=%2Fwp%2Fv2%2Fmedia&parent=3590"}],"wp:term":[{"taxonomy":"pwb-brand","embeddable":true,"href":"https:\/\/lapharmaciexpress.com\/index.php?rest_route=%2Fwp%2Fv2%2Fpwb-brand&post=3590"},{"taxonomy":"product_brand","embeddable":true,"href":"https:\/\/lapharmaciexpress.com\/index.php?rest_route=%2Fwp%2Fv2%2Fproduct_brand&post=3590"},{"taxonomy":"product_cat","embeddable":true,"href":"https:\/\/lapharmaciexpress.com\/index.php?rest_route=%2Fwp%2Fv2%2Fproduct_cat&post=3590"},{"taxonomy":"product_tag","embeddable":true,"href":"https:\/\/lapharmaciexpress.com\/index.php?rest_route=%2Fwp%2Fv2%2Fproduct_tag&post=3590"}],"curies":[{"name":"wp","href":"https:\/\/api.w.org\/{rel}","templated":true}]}}