{"id":3744,"date":"2025-01-26T11:07:23","date_gmt":"2025-01-26T10:07:23","guid":{"rendered":"https:\/\/lapharmaciexpress.com\/?post_type=product&#038;p=3744"},"modified":"2025-11-20T13:27:47","modified_gmt":"2025-11-20T12:27:47","slug":"super-p-force-oral-jelly-160mg","status":"publish","type":"product","link":"https:\/\/lapharmaciexpress.com\/?product=super-p-force-oral-jelly-160mg","title":{"rendered":"Super P Force Oral Jelly 160mg"},"content":{"rendered":"<p>Super P-Force Oral Jelly 160 mg est une solution innovante con\u00e7ue pour traiter simultan\u00e9ment la dysfonction \u00e9rectile et l&#8217;\u00e9jaculation pr\u00e9coce. Sa formule unique combine le Sild\u00e9nafil (100 mg) et la Dapox\u00e9tine (60 mg), offrant une double action puissante. Gr\u00e2ce \u00e0 son format pratique en gel\u00e9e, il agit rapidement, en seulement 15 \u00e0 30 minutes, tout en \u00e9tant facile et agr\u00e9able \u00e0 consommer. Discret, efficace et id\u00e9al pour retrouver une vie intime \u00e9panouie, Super P-Force Oral Jelly est votre alli\u00e9 de confiance. Commandez d\u00e8s aujourd&#8217;hui pour des r\u00e9sultats rapides et durables !<\/p>\n","protected":false},"excerpt":{"rendered":"<p>Super P-Force Oral Jelly 160 mg offre une double action efficace contre la dysfonction \u00e9rectile et l\u2019\u00e9jaculation pr\u00e9coce. Facile \u00e0 utiliser gr\u00e2ce \u00e0 son format en gel\u00e9e, il agit rapidement pour vous garantir des performances optimales et une confiance retrouv\u00e9e.<\/p>\n","protected":false},"featured_media":3751,"comment_status":"open","ping_status":"closed","template":"","meta":[],"pwb-brand":[],"product_brand":[],"product_cat":[19,194],"product_tag":[133],"class_list":{"0":"post-3744","1":"product","2":"type-product","3":"status-publish","4":"has-post-thumbnail","6":"product_cat-dysfonction-erectile","7":"product_cat-echantillon","8":"product_tag-kamagra","9":"clearfix","11":"first","12":"instock","13":"taxable","14":"shipping-taxable","15":"purchasable","16":"product-type-variable"},"yoast_head":"<!-- This site is optimized with the Yoast SEO plugin v27.4 - https:\/\/yoast.com\/product\/yoast-seo-wordpress\/ -->\n<title>Super P-Force Oral Jelly 160mg- La pharmacie express<\/title>\n<meta name=\"description\" content=\"Acheter Super P-Force Oral Jelly 160 mg, la solution rapide et efficace pour am\u00e9liorer vos performances. Pratique et discret. boostez votre confiance.\" \/>\n<meta name=\"robots\" content=\"index, follow, max-snippet:-1, max-image-preview:large, max-video-preview:-1\" \/>\n<link rel=\"canonical\" href=\"https:\/\/lapharmaciexpress.com\/?product=super-p-force-oral-jelly-160mg\" \/>\n<meta property=\"og:locale\" content=\"fr_FR\" \/>\n<meta property=\"og:type\" content=\"article\" \/>\n<meta property=\"og:title\" content=\"Super P-Force Oral Jelly 160mg- La pharmacie express\" \/>\n<meta property=\"og:description\" content=\"Acheter Super P-Force Oral Jelly 160 mg, la solution rapide et efficace pour am\u00e9liorer vos performances. Pratique et discret. boostez votre confiance.\" \/>\n<meta property=\"og:url\" content=\"https:\/\/lapharmaciexpress.com\/?product=super-p-force-oral-jelly-160mg\" \/>\n<meta property=\"og:site_name\" content=\"La Pharmacie Express\" \/>\n<meta property=\"article:modified_time\" content=\"2025-11-20T12:27:47+00:00\" \/>\n<meta property=\"og:image\" content=\"https:\/\/lapharmaciexpress.com\/wp-content\/uploads\/2025\/01\/p-force-oral-jelly-der.png\" \/>\n\t<meta property=\"og:image:width\" content=\"650\" \/>\n\t<meta property=\"og:image:height\" content=\"650\" \/>\n\t<meta property=\"og:image:type\" content=\"image\/png\" \/>\n<meta name=\"twitter:card\" content=\"summary_large_image\" \/>\n<meta name=\"twitter:label1\" content=\"Dur\u00e9e de lecture estim\u00e9e\" \/>\n\t<meta name=\"twitter:data1\" content=\"1 minute\" \/>\n<script type=\"application\/ld+json\" class=\"yoast-schema-graph\">{\"@context\":\"https:\\\/\\\/schema.org\",\"@graph\":[{\"@type\":\"WebPage\",\"@id\":\"https:\\\/\\\/lapharmaciexpress.com\\\/?product=super-p-force-oral-jelly-160mg\",\"url\":\"https:\\\/\\\/lapharmaciexpress.com\\\/?product=super-p-force-oral-jelly-160mg\",\"name\":\"Super P-Force Oral Jelly 160mg- La pharmacie express\",\"isPartOf\":{\"@id\":\"https:\\\/\\\/lapharmaciexpress.com\\\/#website\"},\"primaryImageOfPage\":{\"@id\":\"https:\\\/\\\/lapharmaciexpress.com\\\/?product=super-p-force-oral-jelly-160mg#primaryimage\"},\"image\":{\"@id\":\"https:\\\/\\\/lapharmaciexpress.com\\\/?product=super-p-force-oral-jelly-160mg#primaryimage\"},\"thumbnailUrl\":\"https:\\\/\\\/lapharmaciexpress.com\\\/wp-content\\\/uploads\\\/2025\\\/01\\\/p-force-oral-jelly-der.png?wsr\",\"datePublished\":\"2025-01-26T10:07:23+00:00\",\"dateModified\":\"2025-11-20T12:27:47+00:00\",\"description\":\"Acheter Super P-Force Oral Jelly 160 mg, la solution rapide et efficace pour am\u00e9liorer vos performances. Pratique et discret. boostez votre confiance.\",\"breadcrumb\":{\"@id\":\"https:\\\/\\\/lapharmaciexpress.com\\\/?product=super-p-force-oral-jelly-160mg#breadcrumb\"},\"inLanguage\":\"fr-FR\",\"potentialAction\":[{\"@type\":\"ReadAction\",\"target\":[\"https:\\\/\\\/lapharmaciexpress.com\\\/?product=super-p-force-oral-jelly-160mg\"]}]},{\"@type\":\"ImageObject\",\"inLanguage\":\"fr-FR\",\"@id\":\"https:\\\/\\\/lapharmaciexpress.com\\\/?product=super-p-force-oral-jelly-160mg#primaryimage\",\"url\":\"https:\\\/\\\/lapharmaciexpress.com\\\/wp-content\\\/uploads\\\/2025\\\/01\\\/p-force-oral-jelly-der.png?wsr\",\"contentUrl\":\"https:\\\/\\\/lapharmaciexpress.com\\\/wp-content\\\/uploads\\\/2025\\\/01\\\/p-force-oral-jelly-der.png?wsr\",\"width\":650,\"height\":650},{\"@type\":\"BreadcrumbList\",\"@id\":\"https:\\\/\\\/lapharmaciexpress.com\\\/?product=super-p-force-oral-jelly-160mg#breadcrumb\",\"itemListElement\":[{\"@type\":\"ListItem\",\"position\":1,\"name\":\"Accueil\",\"item\":\"https:\\\/\\\/lapharmaciexpress.com\\\/\"},{\"@type\":\"ListItem\",\"position\":2,\"name\":\"Boutique\",\"item\":\"https:\\\/\\\/lapharmaciexpress.com\\\/?page_id=6\"},{\"@type\":\"ListItem\",\"position\":3,\"name\":\"Super P Force Oral Jelly 160mg\"}]},{\"@type\":\"WebSite\",\"@id\":\"https:\\\/\\\/lapharmaciexpress.com\\\/#website\",\"url\":\"https:\\\/\\\/lapharmaciexpress.com\\\/\",\"name\":\"La Pharmacie Express\",\"description\":\"La pharmacie en ligne\",\"publisher\":{\"@id\":\"https:\\\/\\\/lapharmaciexpress.com\\\/#organization\"},\"potentialAction\":[{\"@type\":\"SearchAction\",\"target\":{\"@type\":\"EntryPoint\",\"urlTemplate\":\"https:\\\/\\\/lapharmaciexpress.com\\\/?s={search_term_string}\"},\"query-input\":{\"@type\":\"PropertyValueSpecification\",\"valueRequired\":true,\"valueName\":\"search_term_string\"}}],\"inLanguage\":\"fr-FR\"},{\"@type\":\"Organization\",\"@id\":\"https:\\\/\\\/lapharmaciexpress.com\\\/#organization\",\"name\":\"La Pharmacie Express\",\"url\":\"https:\\\/\\\/lapharmaciexpress.com\\\/\",\"logo\":{\"@type\":\"ImageObject\",\"inLanguage\":\"fr-FR\",\"@id\":\"https:\\\/\\\/lapharmaciexpress.com\\\/#\\\/schema\\\/logo\\\/image\\\/\",\"url\":\"https:\\\/\\\/lapharmaciexpress.com\\\/wp-content\\\/uploads\\\/2019\\\/07\\\/ico-Lapharmacie-express.png\",\"contentUrl\":\"https:\\\/\\\/lapharmaciexpress.com\\\/wp-content\\\/uploads\\\/2019\\\/07\\\/ico-Lapharmacie-express.png\",\"width\":362,\"height\":300,\"caption\":\"La Pharmacie Express\"},\"image\":{\"@id\":\"https:\\\/\\\/lapharmaciexpress.com\\\/#\\\/schema\\\/logo\\\/image\\\/\"}}]}<\/script>\n<!-- \/ Yoast SEO plugin. -->","yoast_head_json":{"title":"Super P-Force Oral Jelly 160mg- La pharmacie express","description":"Acheter Super P-Force Oral Jelly 160 mg, la solution rapide et efficace pour am\u00e9liorer vos performances. Pratique et discret. boostez votre confiance.","robots":{"index":"index","follow":"follow","max-snippet":"max-snippet:-1","max-image-preview":"max-image-preview:large","max-video-preview":"max-video-preview:-1"},"canonical":"https:\/\/lapharmaciexpress.com\/?product=super-p-force-oral-jelly-160mg","og_locale":"fr_FR","og_type":"article","og_title":"Super P-Force Oral Jelly 160mg- La pharmacie express","og_description":"Acheter Super P-Force Oral Jelly 160 mg, la solution rapide et efficace pour am\u00e9liorer vos performances. Pratique et discret. boostez votre confiance.","og_url":"https:\/\/lapharmaciexpress.com\/?product=super-p-force-oral-jelly-160mg","og_site_name":"La Pharmacie Express","article_modified_time":"2025-11-20T12:27:47+00:00","og_image":[{"width":650,"height":650,"url":"https:\/\/lapharmaciexpress.com\/wp-content\/uploads\/2025\/01\/p-force-oral-jelly-der.png","type":"image\/png"}],"twitter_card":"summary_large_image","twitter_misc":{"Dur\u00e9e de lecture estim\u00e9e":"1 minute"},"schema":{"@context":"https:\/\/schema.org","@graph":[{"@type":"WebPage","@id":"https:\/\/lapharmaciexpress.com\/?product=super-p-force-oral-jelly-160mg","url":"https:\/\/lapharmaciexpress.com\/?product=super-p-force-oral-jelly-160mg","name":"Super P-Force Oral Jelly 160mg- La pharmacie express","isPartOf":{"@id":"https:\/\/lapharmaciexpress.com\/#website"},"primaryImageOfPage":{"@id":"https:\/\/lapharmaciexpress.com\/?product=super-p-force-oral-jelly-160mg#primaryimage"},"image":{"@id":"https:\/\/lapharmaciexpress.com\/?product=super-p-force-oral-jelly-160mg#primaryimage"},"thumbnailUrl":"https:\/\/lapharmaciexpress.com\/wp-content\/uploads\/2025\/01\/p-force-oral-jelly-der.png?wsr","datePublished":"2025-01-26T10:07:23+00:00","dateModified":"2025-11-20T12:27:47+00:00","description":"Acheter Super P-Force Oral Jelly 160 mg, la solution rapide et efficace pour am\u00e9liorer vos performances. Pratique et discret. boostez votre confiance.","breadcrumb":{"@id":"https:\/\/lapharmaciexpress.com\/?product=super-p-force-oral-jelly-160mg#breadcrumb"},"inLanguage":"fr-FR","potentialAction":[{"@type":"ReadAction","target":["https:\/\/lapharmaciexpress.com\/?product=super-p-force-oral-jelly-160mg"]}]},{"@type":"ImageObject","inLanguage":"fr-FR","@id":"https:\/\/lapharmaciexpress.com\/?product=super-p-force-oral-jelly-160mg#primaryimage","url":"https:\/\/lapharmaciexpress.com\/wp-content\/uploads\/2025\/01\/p-force-oral-jelly-der.png?wsr","contentUrl":"https:\/\/lapharmaciexpress.com\/wp-content\/uploads\/2025\/01\/p-force-oral-jelly-der.png?wsr","width":650,"height":650},{"@type":"BreadcrumbList","@id":"https:\/\/lapharmaciexpress.com\/?product=super-p-force-oral-jelly-160mg#breadcrumb","itemListElement":[{"@type":"ListItem","position":1,"name":"Accueil","item":"https:\/\/lapharmaciexpress.com\/"},{"@type":"ListItem","position":2,"name":"Boutique","item":"https:\/\/lapharmaciexpress.com\/?page_id=6"},{"@type":"ListItem","position":3,"name":"Super P Force Oral Jelly 160mg"}]},{"@type":"WebSite","@id":"https:\/\/lapharmaciexpress.com\/#website","url":"https:\/\/lapharmaciexpress.com\/","name":"La Pharmacie Express","description":"La pharmacie en ligne","publisher":{"@id":"https:\/\/lapharmaciexpress.com\/#organization"},"potentialAction":[{"@type":"SearchAction","target":{"@type":"EntryPoint","urlTemplate":"https:\/\/lapharmaciexpress.com\/?s={search_term_string}"},"query-input":{"@type":"PropertyValueSpecification","valueRequired":true,"valueName":"search_term_string"}}],"inLanguage":"fr-FR"},{"@type":"Organization","@id":"https:\/\/lapharmaciexpress.com\/#organization","name":"La Pharmacie Express","url":"https:\/\/lapharmaciexpress.com\/","logo":{"@type":"ImageObject","inLanguage":"fr-FR","@id":"https:\/\/lapharmaciexpress.com\/#\/schema\/logo\/image\/","url":"https:\/\/lapharmaciexpress.com\/wp-content\/uploads\/2019\/07\/ico-Lapharmacie-express.png","contentUrl":"https:\/\/lapharmaciexpress.com\/wp-content\/uploads\/2019\/07\/ico-Lapharmacie-express.png","width":362,"height":300,"caption":"La Pharmacie Express"},"image":{"@id":"https:\/\/lapharmaciexpress.com\/#\/schema\/logo\/image\/"}}]}},"jetpack_sharing_enabled":true,"brands":[],"_links":{"self":[{"href":"https:\/\/lapharmaciexpress.com\/index.php?rest_route=\/wp\/v2\/product\/3744","targetHints":{"allow":["GET"]}}],"collection":[{"href":"https:\/\/lapharmaciexpress.com\/index.php?rest_route=\/wp\/v2\/product"}],"about":[{"href":"https:\/\/lapharmaciexpress.com\/index.php?rest_route=\/wp\/v2\/types\/product"}],"replies":[{"embeddable":true,"href":"https:\/\/lapharmaciexpress.com\/index.php?rest_route=%2Fwp%2Fv2%2Fcomments&post=3744"}],"wp:featuredmedia":[{"embeddable":true,"href":"https:\/\/lapharmaciexpress.com\/index.php?rest_route=\/wp\/v2\/media\/3751"}],"wp:attachment":[{"href":"https:\/\/lapharmaciexpress.com\/index.php?rest_route=%2Fwp%2Fv2%2Fmedia&parent=3744"}],"wp:term":[{"taxonomy":"pwb-brand","embeddable":true,"href":"https:\/\/lapharmaciexpress.com\/index.php?rest_route=%2Fwp%2Fv2%2Fpwb-brand&post=3744"},{"taxonomy":"product_brand","embeddable":true,"href":"https:\/\/lapharmaciexpress.com\/index.php?rest_route=%2Fwp%2Fv2%2Fproduct_brand&post=3744"},{"taxonomy":"product_cat","embeddable":true,"href":"https:\/\/lapharmaciexpress.com\/index.php?rest_route=%2Fwp%2Fv2%2Fproduct_cat&post=3744"},{"taxonomy":"product_tag","embeddable":true,"href":"https:\/\/lapharmaciexpress.com\/index.php?rest_route=%2Fwp%2Fv2%2Fproduct_tag&post=3744"}],"curies":[{"name":"wp","href":"https:\/\/api.w.org\/{rel}","templated":true}]}}