{"id":3870,"date":"2025-04-07T10:34:36","date_gmt":"2025-04-07T08:34:36","guid":{"rendered":"https:\/\/lapharmaciexpress.com\/?post_type=product&#038;p=3870"},"modified":"2025-04-07T10:40:33","modified_gmt":"2025-04-07T08:40:33","slug":"cialis-2-5mg-acheter","status":"publish","type":"product","link":"https:\/\/lapharmaciexpress.com\/?product=cialis-2-5mg-acheter","title":{"rendered":"Cialis 2,5Mg"},"content":{"rendered":"<p>Le <strong data-start=\"60\" data-end=\"77\">Cialis 2,5 mg<\/strong> est une solution innovante pour traiter la dysfonction \u00e9rectile, permettant aux hommes de maintenir une performance sexuelle optimale. Gr\u00e2ce \u00e0 sa posologie quotidienne, ce m\u00e9dicament offre une action prolong\u00e9e, sans n\u00e9cessiter une prise \u00e0 chaque rapport. Il est particuli\u00e8rement adapt\u00e9 pour ceux recherchant une approche discr\u00e8te et flexible, avec moins de risques d&#8217;effets secondaires par rapport aux doses plus \u00e9lev\u00e9es. Le <strong data-start=\"503\" data-end=\"520\">Cialis 2,5 mg<\/strong> est \u00e9galement efficace dans le traitement de l&#8217;hypertension pulmonaire. Disponible en ligne sur <strong data-start=\"617\" data-end=\"642\">lapharmaciexpress.com<\/strong>, profitez de la livraison rapide et discr\u00e8te pour b\u00e9n\u00e9ficier de ce traitement de qualit\u00e9.<\/p>\n","protected":false},"excerpt":{"rendered":"<p><strong data-start=\"800\" data-end=\"817\">Le Cialis 2,5 mg<\/strong> pour un traitement quotidien de la dysfonction \u00e9rectile. Moins d&#8217;effets secondaires, action prolong\u00e9e. Livraison rapide et discr\u00e8te sur <strong>lapharmaciexpress.com<\/strong><\/p>\n","protected":false},"featured_media":1360,"comment_status":"open","ping_status":"closed","template":"","meta":[],"pwb-brand":[],"product_brand":[],"product_cat":[19],"product_tag":[131],"class_list":{"0":"post-3870","1":"product","2":"type-product","3":"status-publish","4":"has-post-thumbnail","6":"product_cat-dysfonction-erectile","7":"product_tag-cialis","8":"clearfix","10":"first","11":"instock","12":"taxable","13":"shipping-taxable","14":"purchasable","15":"product-type-variable"},"yoast_head":"<!-- This site is optimized with the Yoast SEO plugin v27.4 - https:\/\/yoast.com\/product\/yoast-seo-wordpress\/ -->\n<title>Cialis 2,5Mg - La Pharmacie Express<\/title>\n<meta name=\"description\" content=\"Achetez le Cialis 2,5 mg pour un traitement quotidien de la dysfonction \u00e9rectile. Moins d&#039;effets secondaires, action prolong\u00e9e. Livraison discr\u00e8te.\" \/>\n<meta name=\"robots\" content=\"index, follow, max-snippet:-1, max-image-preview:large, max-video-preview:-1\" \/>\n<link rel=\"canonical\" href=\"https:\/\/lapharmaciexpress.com\/?product=cialis-2-5mg-acheter\" \/>\n<meta property=\"og:locale\" content=\"fr_FR\" \/>\n<meta property=\"og:type\" content=\"article\" \/>\n<meta property=\"og:title\" content=\"Cialis 2,5Mg - La Pharmacie Express\" \/>\n<meta property=\"og:description\" content=\"Achetez le Cialis 2,5 mg pour un traitement quotidien de la dysfonction \u00e9rectile. Moins d&#039;effets secondaires, action prolong\u00e9e. Livraison discr\u00e8te.\" \/>\n<meta property=\"og:url\" content=\"https:\/\/lapharmaciexpress.com\/?product=cialis-2-5mg-acheter\" \/>\n<meta property=\"og:site_name\" content=\"La Pharmacie Express\" \/>\n<meta property=\"article:modified_time\" content=\"2025-04-07T08:40:33+00:00\" \/>\n<meta property=\"og:image\" content=\"https:\/\/lapharmaciexpress.com\/wp-content\/uploads\/2019\/05\/cialis-generique.jpg\" \/>\n\t<meta property=\"og:image:width\" content=\"600\" \/>\n\t<meta property=\"og:image:height\" content=\"600\" \/>\n\t<meta property=\"og:image:type\" content=\"image\/jpeg\" \/>\n<meta name=\"twitter:card\" content=\"summary_large_image\" \/>\n<meta name=\"twitter:label1\" content=\"Dur\u00e9e de lecture estim\u00e9e\" \/>\n\t<meta name=\"twitter:data1\" content=\"1 minute\" \/>\n<script type=\"application\/ld+json\" class=\"yoast-schema-graph\">{\"@context\":\"https:\\\/\\\/schema.org\",\"@graph\":[{\"@type\":\"WebPage\",\"@id\":\"https:\\\/\\\/lapharmaciexpress.com\\\/?product=cialis-2-5mg-acheter\",\"url\":\"https:\\\/\\\/lapharmaciexpress.com\\\/?product=cialis-2-5mg-acheter\",\"name\":\"Cialis 2,5Mg - La Pharmacie Express\",\"isPartOf\":{\"@id\":\"https:\\\/\\\/lapharmaciexpress.com\\\/#website\"},\"primaryImageOfPage\":{\"@id\":\"https:\\\/\\\/lapharmaciexpress.com\\\/?product=cialis-2-5mg-acheter#primaryimage\"},\"image\":{\"@id\":\"https:\\\/\\\/lapharmaciexpress.com\\\/?product=cialis-2-5mg-acheter#primaryimage\"},\"thumbnailUrl\":\"https:\\\/\\\/lapharmaciexpress.com\\\/wp-content\\\/uploads\\\/2019\\\/05\\\/cialis-generique.jpg?wsr\",\"datePublished\":\"2025-04-07T08:34:36+00:00\",\"dateModified\":\"2025-04-07T08:40:33+00:00\",\"description\":\"Achetez le Cialis 2,5 mg pour un traitement quotidien de la dysfonction \u00e9rectile. Moins d'effets secondaires, action prolong\u00e9e. Livraison discr\u00e8te.\",\"breadcrumb\":{\"@id\":\"https:\\\/\\\/lapharmaciexpress.com\\\/?product=cialis-2-5mg-acheter#breadcrumb\"},\"inLanguage\":\"fr-FR\",\"potentialAction\":[{\"@type\":\"ReadAction\",\"target\":[\"https:\\\/\\\/lapharmaciexpress.com\\\/?product=cialis-2-5mg-acheter\"]}]},{\"@type\":\"ImageObject\",\"inLanguage\":\"fr-FR\",\"@id\":\"https:\\\/\\\/lapharmaciexpress.com\\\/?product=cialis-2-5mg-acheter#primaryimage\",\"url\":\"https:\\\/\\\/lapharmaciexpress.com\\\/wp-content\\\/uploads\\\/2019\\\/05\\\/cialis-generique.jpg?wsr\",\"contentUrl\":\"https:\\\/\\\/lapharmaciexpress.com\\\/wp-content\\\/uploads\\\/2019\\\/05\\\/cialis-generique.jpg?wsr\",\"width\":600,\"height\":600},{\"@type\":\"BreadcrumbList\",\"@id\":\"https:\\\/\\\/lapharmaciexpress.com\\\/?product=cialis-2-5mg-acheter#breadcrumb\",\"itemListElement\":[{\"@type\":\"ListItem\",\"position\":1,\"name\":\"Accueil\",\"item\":\"https:\\\/\\\/lapharmaciexpress.com\\\/\"},{\"@type\":\"ListItem\",\"position\":2,\"name\":\"Boutique\",\"item\":\"https:\\\/\\\/lapharmaciexpress.com\\\/?page_id=6\"},{\"@type\":\"ListItem\",\"position\":3,\"name\":\"Cialis 2,5Mg\"}]},{\"@type\":\"WebSite\",\"@id\":\"https:\\\/\\\/lapharmaciexpress.com\\\/#website\",\"url\":\"https:\\\/\\\/lapharmaciexpress.com\\\/\",\"name\":\"La Pharmacie Express\",\"description\":\"La pharmacie en ligne\",\"publisher\":{\"@id\":\"https:\\\/\\\/lapharmaciexpress.com\\\/#organization\"},\"potentialAction\":[{\"@type\":\"SearchAction\",\"target\":{\"@type\":\"EntryPoint\",\"urlTemplate\":\"https:\\\/\\\/lapharmaciexpress.com\\\/?s={search_term_string}\"},\"query-input\":{\"@type\":\"PropertyValueSpecification\",\"valueRequired\":true,\"valueName\":\"search_term_string\"}}],\"inLanguage\":\"fr-FR\"},{\"@type\":\"Organization\",\"@id\":\"https:\\\/\\\/lapharmaciexpress.com\\\/#organization\",\"name\":\"La Pharmacie Express\",\"url\":\"https:\\\/\\\/lapharmaciexpress.com\\\/\",\"logo\":{\"@type\":\"ImageObject\",\"inLanguage\":\"fr-FR\",\"@id\":\"https:\\\/\\\/lapharmaciexpress.com\\\/#\\\/schema\\\/logo\\\/image\\\/\",\"url\":\"https:\\\/\\\/lapharmaciexpress.com\\\/wp-content\\\/uploads\\\/2019\\\/07\\\/ico-Lapharmacie-express.png\",\"contentUrl\":\"https:\\\/\\\/lapharmaciexpress.com\\\/wp-content\\\/uploads\\\/2019\\\/07\\\/ico-Lapharmacie-express.png\",\"width\":362,\"height\":300,\"caption\":\"La Pharmacie Express\"},\"image\":{\"@id\":\"https:\\\/\\\/lapharmaciexpress.com\\\/#\\\/schema\\\/logo\\\/image\\\/\"}}]}<\/script>\n<!-- \/ Yoast SEO plugin. -->","yoast_head_json":{"title":"Cialis 2,5Mg - La Pharmacie Express","description":"Achetez le Cialis 2,5 mg pour un traitement quotidien de la dysfonction \u00e9rectile. Moins d'effets secondaires, action prolong\u00e9e. Livraison discr\u00e8te.","robots":{"index":"index","follow":"follow","max-snippet":"max-snippet:-1","max-image-preview":"max-image-preview:large","max-video-preview":"max-video-preview:-1"},"canonical":"https:\/\/lapharmaciexpress.com\/?product=cialis-2-5mg-acheter","og_locale":"fr_FR","og_type":"article","og_title":"Cialis 2,5Mg - La Pharmacie Express","og_description":"Achetez le Cialis 2,5 mg pour un traitement quotidien de la dysfonction \u00e9rectile. Moins d'effets secondaires, action prolong\u00e9e. Livraison discr\u00e8te.","og_url":"https:\/\/lapharmaciexpress.com\/?product=cialis-2-5mg-acheter","og_site_name":"La Pharmacie Express","article_modified_time":"2025-04-07T08:40:33+00:00","og_image":[{"width":600,"height":600,"url":"https:\/\/lapharmaciexpress.com\/wp-content\/uploads\/2019\/05\/cialis-generique.jpg","type":"image\/jpeg"}],"twitter_card":"summary_large_image","twitter_misc":{"Dur\u00e9e de lecture estim\u00e9e":"1 minute"},"schema":{"@context":"https:\/\/schema.org","@graph":[{"@type":"WebPage","@id":"https:\/\/lapharmaciexpress.com\/?product=cialis-2-5mg-acheter","url":"https:\/\/lapharmaciexpress.com\/?product=cialis-2-5mg-acheter","name":"Cialis 2,5Mg - La Pharmacie Express","isPartOf":{"@id":"https:\/\/lapharmaciexpress.com\/#website"},"primaryImageOfPage":{"@id":"https:\/\/lapharmaciexpress.com\/?product=cialis-2-5mg-acheter#primaryimage"},"image":{"@id":"https:\/\/lapharmaciexpress.com\/?product=cialis-2-5mg-acheter#primaryimage"},"thumbnailUrl":"https:\/\/lapharmaciexpress.com\/wp-content\/uploads\/2019\/05\/cialis-generique.jpg?wsr","datePublished":"2025-04-07T08:34:36+00:00","dateModified":"2025-04-07T08:40:33+00:00","description":"Achetez le Cialis 2,5 mg pour un traitement quotidien de la dysfonction \u00e9rectile. Moins d'effets secondaires, action prolong\u00e9e. Livraison discr\u00e8te.","breadcrumb":{"@id":"https:\/\/lapharmaciexpress.com\/?product=cialis-2-5mg-acheter#breadcrumb"},"inLanguage":"fr-FR","potentialAction":[{"@type":"ReadAction","target":["https:\/\/lapharmaciexpress.com\/?product=cialis-2-5mg-acheter"]}]},{"@type":"ImageObject","inLanguage":"fr-FR","@id":"https:\/\/lapharmaciexpress.com\/?product=cialis-2-5mg-acheter#primaryimage","url":"https:\/\/lapharmaciexpress.com\/wp-content\/uploads\/2019\/05\/cialis-generique.jpg?wsr","contentUrl":"https:\/\/lapharmaciexpress.com\/wp-content\/uploads\/2019\/05\/cialis-generique.jpg?wsr","width":600,"height":600},{"@type":"BreadcrumbList","@id":"https:\/\/lapharmaciexpress.com\/?product=cialis-2-5mg-acheter#breadcrumb","itemListElement":[{"@type":"ListItem","position":1,"name":"Accueil","item":"https:\/\/lapharmaciexpress.com\/"},{"@type":"ListItem","position":2,"name":"Boutique","item":"https:\/\/lapharmaciexpress.com\/?page_id=6"},{"@type":"ListItem","position":3,"name":"Cialis 2,5Mg"}]},{"@type":"WebSite","@id":"https:\/\/lapharmaciexpress.com\/#website","url":"https:\/\/lapharmaciexpress.com\/","name":"La Pharmacie Express","description":"La pharmacie en ligne","publisher":{"@id":"https:\/\/lapharmaciexpress.com\/#organization"},"potentialAction":[{"@type":"SearchAction","target":{"@type":"EntryPoint","urlTemplate":"https:\/\/lapharmaciexpress.com\/?s={search_term_string}"},"query-input":{"@type":"PropertyValueSpecification","valueRequired":true,"valueName":"search_term_string"}}],"inLanguage":"fr-FR"},{"@type":"Organization","@id":"https:\/\/lapharmaciexpress.com\/#organization","name":"La Pharmacie Express","url":"https:\/\/lapharmaciexpress.com\/","logo":{"@type":"ImageObject","inLanguage":"fr-FR","@id":"https:\/\/lapharmaciexpress.com\/#\/schema\/logo\/image\/","url":"https:\/\/lapharmaciexpress.com\/wp-content\/uploads\/2019\/07\/ico-Lapharmacie-express.png","contentUrl":"https:\/\/lapharmaciexpress.com\/wp-content\/uploads\/2019\/07\/ico-Lapharmacie-express.png","width":362,"height":300,"caption":"La Pharmacie Express"},"image":{"@id":"https:\/\/lapharmaciexpress.com\/#\/schema\/logo\/image\/"}}]}},"jetpack_sharing_enabled":true,"brands":[],"_links":{"self":[{"href":"https:\/\/lapharmaciexpress.com\/index.php?rest_route=\/wp\/v2\/product\/3870","targetHints":{"allow":["GET"]}}],"collection":[{"href":"https:\/\/lapharmaciexpress.com\/index.php?rest_route=\/wp\/v2\/product"}],"about":[{"href":"https:\/\/lapharmaciexpress.com\/index.php?rest_route=\/wp\/v2\/types\/product"}],"replies":[{"embeddable":true,"href":"https:\/\/lapharmaciexpress.com\/index.php?rest_route=%2Fwp%2Fv2%2Fcomments&post=3870"}],"wp:featuredmedia":[{"embeddable":true,"href":"https:\/\/lapharmaciexpress.com\/index.php?rest_route=\/wp\/v2\/media\/1360"}],"wp:attachment":[{"href":"https:\/\/lapharmaciexpress.com\/index.php?rest_route=%2Fwp%2Fv2%2Fmedia&parent=3870"}],"wp:term":[{"taxonomy":"pwb-brand","embeddable":true,"href":"https:\/\/lapharmaciexpress.com\/index.php?rest_route=%2Fwp%2Fv2%2Fpwb-brand&post=3870"},{"taxonomy":"product_brand","embeddable":true,"href":"https:\/\/lapharmaciexpress.com\/index.php?rest_route=%2Fwp%2Fv2%2Fproduct_brand&post=3870"},{"taxonomy":"product_cat","embeddable":true,"href":"https:\/\/lapharmaciexpress.com\/index.php?rest_route=%2Fwp%2Fv2%2Fproduct_cat&post=3870"},{"taxonomy":"product_tag","embeddable":true,"href":"https:\/\/lapharmaciexpress.com\/index.php?rest_route=%2Fwp%2Fv2%2Fproduct_tag&post=3870"}],"curies":[{"name":"wp","href":"https:\/\/api.w.org\/{rel}","templated":true}]}}