{"id":3977,"date":"2022-06-30T16:12:19","date_gmt":"2022-06-30T14:12:19","guid":{"rendered":"https:\/\/lapharmaciexpress.com\/?post_type=product&#038;p=3977"},"modified":"2025-06-30T16:17:30","modified_gmt":"2025-06-30T14:17:30","slug":"clomid-50-mg","status":"publish","type":"product","link":"https:\/\/lapharmaciexpress.com\/?product=clomid-50-mg","title":{"rendered":"Clomid 50 mg"},"content":{"rendered":"<p data-start=\"512\" data-end=\"844\"><strong data-start=\"512\" data-end=\"528\">Clomid 50 mg<\/strong> (Citrate de Clomif\u00e8ne) est un m\u00e9dicament utilis\u00e9 pour traiter l\u2019<strong data-start=\"593\" data-end=\"622\">infertilit\u00e9 chez la femme<\/strong>. Il stimule l\u2019ovulation de mani\u00e8re naturelle, en aidant les femmes ayant des troubles ovulatoires \u00e0 concevoir plus facilement. Il est souvent prescrit en premi\u00e8re intention avant d\u2019envisager des traitements plus invasifs.<\/p>\n<p data-start=\"846\" data-end=\"1122\">Disponible sans ordonnance sur <strong>lapharmaciexpress.com<\/strong>, Clomid 50 mg est appr\u00e9ci\u00e9 pour son <strong data-start=\"940\" data-end=\"963\">efficacit\u00e9 reconnue<\/strong>, sa <strong data-start=\"968\" data-end=\"981\">tol\u00e9rance<\/strong> et sa <strong data-start=\"988\" data-end=\"1014\">facilit\u00e9 d\u2019utilisation<\/strong>. Il est \u00e9galement utilis\u00e9 par certains hommes pour am\u00e9liorer la fertilit\u00e9 masculine, sous contr\u00f4le m\u00e9dical.<\/p>\n<h3 data-start=\"1124\" data-end=\"1141\">\u2705 Avantages :<\/h3>\n<ul data-start=\"1142\" data-end=\"1309\">\n<li data-start=\"1142\" data-end=\"1180\">\n<p data-start=\"1144\" data-end=\"1180\">Favorise l\u2019ovulation chez les femmes<\/p>\n<\/li>\n<li data-start=\"1181\" data-end=\"1219\">\n<p data-start=\"1183\" data-end=\"1219\">Aide \u00e0 r\u00e9guler les cycles menstruels<\/p>\n<\/li>\n<li data-start=\"1220\" data-end=\"1261\">\n<p data-start=\"1222\" data-end=\"1261\">Traitement oral simple, sans injections<\/p>\n<\/li>\n<li data-start=\"1262\" data-end=\"1292\">\n<p data-start=\"1264\" data-end=\"1292\">Livraison rapide et discr\u00e8te<\/p>\n<\/li>\n<li data-start=\"1293\" data-end=\"1309\">\n<p data-start=\"1295\" data-end=\"1309\">Prix abordable<\/p>\n<\/li>\n<\/ul>\n<p data-start=\"1311\" data-end=\"1471\">Commandez d\u00e8s maintenant Clomid 50 mg sur <strong>lapharmaciexpress.com<\/strong>\u00a0et b\u00e9n\u00e9ficiez d\u2019un traitement de qualit\u00e9 \u00e0 prix comp\u00e9titif, livr\u00e9 en toute confidentialit\u00e9.<\/p>\n","protected":false},"excerpt":{"rendered":"<p><strong data-start=\"512\" data-end=\"528\">Clomid 50 mg<\/strong> (Citrate de Clomif\u00e8ne) est un m\u00e9dicament utilis\u00e9 pour traiter l\u2019<strong data-start=\"593\" data-end=\"622\">infertilit\u00e9 chez la femme<\/strong>. Il stimule l\u2019ovulation de mani\u00e8re naturelle, en aidant les femmes ayant des troubles ovulatoires \u00e0 concevoir plus facilement. Il est souvent prescrit en premi\u00e8re intention avant d\u2019envisager des traitements plus invasifs.<\/p>\n","protected":false},"featured_media":3983,"comment_status":"open","ping_status":"closed","template":"","meta":[],"pwb-brand":[],"product_brand":[],"product_cat":[15,21],"product_tag":[],"class_list":{"0":"post-3977","1":"product","2":"type-product","3":"status-publish","4":"has-post-thumbnail","6":"product_cat-non-classe","7":"product_cat-soins-aux-femmes","8":"clearfix","10":"first","11":"instock","12":"taxable","13":"shipping-taxable","14":"purchasable","15":"product-type-variable"},"yoast_head":"<!-- This site is optimized with the Yoast SEO plugin v27.4 - https:\/\/yoast.com\/product\/yoast-seo-wordpress\/ -->\n<title>Clomid 50 mg \u2013 Stimulez la fertilit\u00e9 naturellement - La Pharmacie Express<\/title>\n<meta name=\"description\" content=\"Achetez Clomid 50 mg en ligne sur lapharmaciexpress.com. Traitement efficace pour l\u2019infertilit\u00e9 f\u00e9minine et la stimulation de l\u2019ovulation. Livraison rapide et discr\u00e8te.\" \/>\n<meta name=\"robots\" content=\"index, follow, max-snippet:-1, max-image-preview:large, max-video-preview:-1\" \/>\n<link rel=\"canonical\" href=\"https:\/\/lapharmaciexpress.com\/?product=clomid-50-mg\" \/>\n<meta property=\"og:locale\" content=\"fr_FR\" \/>\n<meta property=\"og:type\" content=\"article\" \/>\n<meta property=\"og:title\" content=\"Clomid 50 mg \u2013 Stimulez la fertilit\u00e9 naturellement - La Pharmacie Express\" \/>\n<meta property=\"og:description\" content=\"Achetez Clomid 50 mg en ligne sur lapharmaciexpress.com. Traitement efficace pour l\u2019infertilit\u00e9 f\u00e9minine et la stimulation de l\u2019ovulation. Livraison rapide et discr\u00e8te.\" \/>\n<meta property=\"og:url\" content=\"https:\/\/lapharmaciexpress.com\/?product=clomid-50-mg\" \/>\n<meta property=\"og:site_name\" content=\"La Pharmacie Express\" \/>\n<meta property=\"article:modified_time\" content=\"2025-06-30T14:17:30+00:00\" \/>\n<meta property=\"og:image\" content=\"https:\/\/lapharmaciexpress.com\/wp-content\/uploads\/2025\/06\/clomide-pharmacie-express.jpg?wsr\" \/>\n\t<meta property=\"og:image:width\" content=\"1024\" \/>\n\t<meta property=\"og:image:height\" content=\"1024\" \/>\n\t<meta property=\"og:image:type\" content=\"image\/jpeg\" \/>\n<meta name=\"twitter:card\" content=\"summary_large_image\" \/>\n<meta name=\"twitter:label1\" content=\"Dur\u00e9e de lecture estim\u00e9e\" \/>\n\t<meta name=\"twitter:data1\" content=\"1 minute\" \/>\n<script type=\"application\/ld+json\" class=\"yoast-schema-graph\">{\"@context\":\"https:\\\/\\\/schema.org\",\"@graph\":[{\"@type\":\"WebPage\",\"@id\":\"https:\\\/\\\/lapharmaciexpress.com\\\/?product=clomid-50-mg\",\"url\":\"https:\\\/\\\/lapharmaciexpress.com\\\/?product=clomid-50-mg\",\"name\":\"Clomid 50 mg \u2013 Stimulez la fertilit\u00e9 naturellement - La Pharmacie Express\",\"isPartOf\":{\"@id\":\"https:\\\/\\\/lapharmaciexpress.com\\\/#website\"},\"primaryImageOfPage\":{\"@id\":\"https:\\\/\\\/lapharmaciexpress.com\\\/?product=clomid-50-mg#primaryimage\"},\"image\":{\"@id\":\"https:\\\/\\\/lapharmaciexpress.com\\\/?product=clomid-50-mg#primaryimage\"},\"thumbnailUrl\":\"https:\\\/\\\/lapharmaciexpress.com\\\/wp-content\\\/uploads\\\/2025\\\/06\\\/clomide-pharmacie-express.jpg?wsr\",\"datePublished\":\"2022-06-30T14:12:19+00:00\",\"dateModified\":\"2025-06-30T14:17:30+00:00\",\"description\":\"Achetez Clomid 50 mg en ligne sur lapharmaciexpress.com. Traitement efficace pour l\u2019infertilit\u00e9 f\u00e9minine et la stimulation de l\u2019ovulation. Livraison rapide et discr\u00e8te.\",\"breadcrumb\":{\"@id\":\"https:\\\/\\\/lapharmaciexpress.com\\\/?product=clomid-50-mg#breadcrumb\"},\"inLanguage\":\"fr-FR\",\"potentialAction\":[{\"@type\":\"ReadAction\",\"target\":[\"https:\\\/\\\/lapharmaciexpress.com\\\/?product=clomid-50-mg\"]}]},{\"@type\":\"ImageObject\",\"inLanguage\":\"fr-FR\",\"@id\":\"https:\\\/\\\/lapharmaciexpress.com\\\/?product=clomid-50-mg#primaryimage\",\"url\":\"https:\\\/\\\/lapharmaciexpress.com\\\/wp-content\\\/uploads\\\/2025\\\/06\\\/clomide-pharmacie-express.jpg?wsr\",\"contentUrl\":\"https:\\\/\\\/lapharmaciexpress.com\\\/wp-content\\\/uploads\\\/2025\\\/06\\\/clomide-pharmacie-express.jpg?wsr\",\"width\":1024,\"height\":1024},{\"@type\":\"BreadcrumbList\",\"@id\":\"https:\\\/\\\/lapharmaciexpress.com\\\/?product=clomid-50-mg#breadcrumb\",\"itemListElement\":[{\"@type\":\"ListItem\",\"position\":1,\"name\":\"Accueil\",\"item\":\"https:\\\/\\\/lapharmaciexpress.com\\\/\"},{\"@type\":\"ListItem\",\"position\":2,\"name\":\"Boutique\",\"item\":\"https:\\\/\\\/lapharmaciexpress.com\\\/?page_id=6\"},{\"@type\":\"ListItem\",\"position\":3,\"name\":\"Clomid 50 mg\"}]},{\"@type\":\"WebSite\",\"@id\":\"https:\\\/\\\/lapharmaciexpress.com\\\/#website\",\"url\":\"https:\\\/\\\/lapharmaciexpress.com\\\/\",\"name\":\"La Pharmacie Express\",\"description\":\"La pharmacie en ligne\",\"publisher\":{\"@id\":\"https:\\\/\\\/lapharmaciexpress.com\\\/#organization\"},\"potentialAction\":[{\"@type\":\"SearchAction\",\"target\":{\"@type\":\"EntryPoint\",\"urlTemplate\":\"https:\\\/\\\/lapharmaciexpress.com\\\/?s={search_term_string}\"},\"query-input\":{\"@type\":\"PropertyValueSpecification\",\"valueRequired\":true,\"valueName\":\"search_term_string\"}}],\"inLanguage\":\"fr-FR\"},{\"@type\":\"Organization\",\"@id\":\"https:\\\/\\\/lapharmaciexpress.com\\\/#organization\",\"name\":\"La Pharmacie Express\",\"url\":\"https:\\\/\\\/lapharmaciexpress.com\\\/\",\"logo\":{\"@type\":\"ImageObject\",\"inLanguage\":\"fr-FR\",\"@id\":\"https:\\\/\\\/lapharmaciexpress.com\\\/#\\\/schema\\\/logo\\\/image\\\/\",\"url\":\"https:\\\/\\\/lapharmaciexpress.com\\\/wp-content\\\/uploads\\\/2019\\\/07\\\/ico-Lapharmacie-express.png\",\"contentUrl\":\"https:\\\/\\\/lapharmaciexpress.com\\\/wp-content\\\/uploads\\\/2019\\\/07\\\/ico-Lapharmacie-express.png\",\"width\":362,\"height\":300,\"caption\":\"La Pharmacie Express\"},\"image\":{\"@id\":\"https:\\\/\\\/lapharmaciexpress.com\\\/#\\\/schema\\\/logo\\\/image\\\/\"}}]}<\/script>\n<!-- \/ Yoast SEO plugin. -->","yoast_head_json":{"title":"Clomid 50 mg \u2013 Stimulez la fertilit\u00e9 naturellement - La Pharmacie Express","description":"Achetez Clomid 50 mg en ligne sur lapharmaciexpress.com. Traitement efficace pour l\u2019infertilit\u00e9 f\u00e9minine et la stimulation de l\u2019ovulation. Livraison rapide et discr\u00e8te.","robots":{"index":"index","follow":"follow","max-snippet":"max-snippet:-1","max-image-preview":"max-image-preview:large","max-video-preview":"max-video-preview:-1"},"canonical":"https:\/\/lapharmaciexpress.com\/?product=clomid-50-mg","og_locale":"fr_FR","og_type":"article","og_title":"Clomid 50 mg \u2013 Stimulez la fertilit\u00e9 naturellement - La Pharmacie Express","og_description":"Achetez Clomid 50 mg en ligne sur lapharmaciexpress.com. Traitement efficace pour l\u2019infertilit\u00e9 f\u00e9minine et la stimulation de l\u2019ovulation. Livraison rapide et discr\u00e8te.","og_url":"https:\/\/lapharmaciexpress.com\/?product=clomid-50-mg","og_site_name":"La Pharmacie Express","article_modified_time":"2025-06-30T14:17:30+00:00","og_image":[{"width":1024,"height":1024,"url":"https:\/\/lapharmaciexpress.com\/wp-content\/uploads\/2025\/06\/clomide-pharmacie-express.jpg?wsr","type":"image\/jpeg"}],"twitter_card":"summary_large_image","twitter_misc":{"Dur\u00e9e de lecture estim\u00e9e":"1 minute"},"schema":{"@context":"https:\/\/schema.org","@graph":[{"@type":"WebPage","@id":"https:\/\/lapharmaciexpress.com\/?product=clomid-50-mg","url":"https:\/\/lapharmaciexpress.com\/?product=clomid-50-mg","name":"Clomid 50 mg \u2013 Stimulez la fertilit\u00e9 naturellement - La Pharmacie Express","isPartOf":{"@id":"https:\/\/lapharmaciexpress.com\/#website"},"primaryImageOfPage":{"@id":"https:\/\/lapharmaciexpress.com\/?product=clomid-50-mg#primaryimage"},"image":{"@id":"https:\/\/lapharmaciexpress.com\/?product=clomid-50-mg#primaryimage"},"thumbnailUrl":"https:\/\/lapharmaciexpress.com\/wp-content\/uploads\/2025\/06\/clomide-pharmacie-express.jpg?wsr","datePublished":"2022-06-30T14:12:19+00:00","dateModified":"2025-06-30T14:17:30+00:00","description":"Achetez Clomid 50 mg en ligne sur lapharmaciexpress.com. Traitement efficace pour l\u2019infertilit\u00e9 f\u00e9minine et la stimulation de l\u2019ovulation. Livraison rapide et discr\u00e8te.","breadcrumb":{"@id":"https:\/\/lapharmaciexpress.com\/?product=clomid-50-mg#breadcrumb"},"inLanguage":"fr-FR","potentialAction":[{"@type":"ReadAction","target":["https:\/\/lapharmaciexpress.com\/?product=clomid-50-mg"]}]},{"@type":"ImageObject","inLanguage":"fr-FR","@id":"https:\/\/lapharmaciexpress.com\/?product=clomid-50-mg#primaryimage","url":"https:\/\/lapharmaciexpress.com\/wp-content\/uploads\/2025\/06\/clomide-pharmacie-express.jpg?wsr","contentUrl":"https:\/\/lapharmaciexpress.com\/wp-content\/uploads\/2025\/06\/clomide-pharmacie-express.jpg?wsr","width":1024,"height":1024},{"@type":"BreadcrumbList","@id":"https:\/\/lapharmaciexpress.com\/?product=clomid-50-mg#breadcrumb","itemListElement":[{"@type":"ListItem","position":1,"name":"Accueil","item":"https:\/\/lapharmaciexpress.com\/"},{"@type":"ListItem","position":2,"name":"Boutique","item":"https:\/\/lapharmaciexpress.com\/?page_id=6"},{"@type":"ListItem","position":3,"name":"Clomid 50 mg"}]},{"@type":"WebSite","@id":"https:\/\/lapharmaciexpress.com\/#website","url":"https:\/\/lapharmaciexpress.com\/","name":"La Pharmacie Express","description":"La pharmacie en ligne","publisher":{"@id":"https:\/\/lapharmaciexpress.com\/#organization"},"potentialAction":[{"@type":"SearchAction","target":{"@type":"EntryPoint","urlTemplate":"https:\/\/lapharmaciexpress.com\/?s={search_term_string}"},"query-input":{"@type":"PropertyValueSpecification","valueRequired":true,"valueName":"search_term_string"}}],"inLanguage":"fr-FR"},{"@type":"Organization","@id":"https:\/\/lapharmaciexpress.com\/#organization","name":"La Pharmacie Express","url":"https:\/\/lapharmaciexpress.com\/","logo":{"@type":"ImageObject","inLanguage":"fr-FR","@id":"https:\/\/lapharmaciexpress.com\/#\/schema\/logo\/image\/","url":"https:\/\/lapharmaciexpress.com\/wp-content\/uploads\/2019\/07\/ico-Lapharmacie-express.png","contentUrl":"https:\/\/lapharmaciexpress.com\/wp-content\/uploads\/2019\/07\/ico-Lapharmacie-express.png","width":362,"height":300,"caption":"La Pharmacie Express"},"image":{"@id":"https:\/\/lapharmaciexpress.com\/#\/schema\/logo\/image\/"}}]}},"jetpack_sharing_enabled":true,"brands":[],"_links":{"self":[{"href":"https:\/\/lapharmaciexpress.com\/index.php?rest_route=\/wp\/v2\/product\/3977","targetHints":{"allow":["GET"]}}],"collection":[{"href":"https:\/\/lapharmaciexpress.com\/index.php?rest_route=\/wp\/v2\/product"}],"about":[{"href":"https:\/\/lapharmaciexpress.com\/index.php?rest_route=\/wp\/v2\/types\/product"}],"replies":[{"embeddable":true,"href":"https:\/\/lapharmaciexpress.com\/index.php?rest_route=%2Fwp%2Fv2%2Fcomments&post=3977"}],"wp:featuredmedia":[{"embeddable":true,"href":"https:\/\/lapharmaciexpress.com\/index.php?rest_route=\/wp\/v2\/media\/3983"}],"wp:attachment":[{"href":"https:\/\/lapharmaciexpress.com\/index.php?rest_route=%2Fwp%2Fv2%2Fmedia&parent=3977"}],"wp:term":[{"taxonomy":"pwb-brand","embeddable":true,"href":"https:\/\/lapharmaciexpress.com\/index.php?rest_route=%2Fwp%2Fv2%2Fpwb-brand&post=3977"},{"taxonomy":"product_brand","embeddable":true,"href":"https:\/\/lapharmaciexpress.com\/index.php?rest_route=%2Fwp%2Fv2%2Fproduct_brand&post=3977"},{"taxonomy":"product_cat","embeddable":true,"href":"https:\/\/lapharmaciexpress.com\/index.php?rest_route=%2Fwp%2Fv2%2Fproduct_cat&post=3977"},{"taxonomy":"product_tag","embeddable":true,"href":"https:\/\/lapharmaciexpress.com\/index.php?rest_route=%2Fwp%2Fv2%2Fproduct_tag&post=3977"}],"curies":[{"name":"wp","href":"https:\/\/api.w.org\/{rel}","templated":true}]}}