{"id":4340,"date":"2019-04-10T18:33:35","date_gmt":"2019-04-10T16:33:35","guid":{"rendered":"https:\/\/lapharmaciexpress.com\/?post_type=product&#038;p=4340"},"modified":"2026-04-10T18:39:12","modified_gmt":"2026-04-10T16:39:12","slug":"vega-extra-cobra-120-mg","status":"publish","type":"product","link":"https:\/\/lapharmaciexpress.com\/?product=vega-extra-cobra-120-mg","title":{"rendered":"Vega Extra Cobra 120 mg"},"content":{"rendered":"<h2 data-section-id=\"18hobnj\" data-start=\"215\" data-end=\"298\"><span role=\"text\"><strong data-start=\"218\" data-end=\"298\">Vega Extra Cobra 120 mg \u2013 Puissance et performance pour une \u00e9rection durable<\/strong><\/span><\/h2>\n<p data-start=\"300\" data-end=\"580\"><strong data-start=\"300\" data-end=\"327\">Vega Extra Cobra 120 mg<\/strong> est un compl\u00e9ment tr\u00e8s recherch\u00e9 pour am\u00e9liorer la performance masculine et lutter contre les troubles de l\u2019\u00e9rection. Gr\u00e2ce \u00e0 sa formule puissante, ce produit est con\u00e7u pour aider les hommes \u00e0 retrouver confiance et endurance lors des rapports intimes.<\/p>\n<p data-start=\"582\" data-end=\"760\">Sur <strong data-start=\"586\" data-end=\"616\"><a class=\"decorated-link\" href=\"http:\/\/lapharmaciexpress.com\" rel=\"noopener\" data-start=\"588\" data-end=\"614\">lapharmaciexpress.com<\/a><\/strong>, nous proposons <strong data-start=\"633\" data-end=\"660\">Vega Extra Cobra 120 mg<\/strong> avec une livraison discr\u00e8te et rapide, ainsi qu\u2019un service fiable pour garantir votre satisfaction.<\/p>\n<hr data-start=\"762\" data-end=\"765\" \/>\n<h2 data-section-id=\"1kou9l0\" data-start=\"767\" data-end=\"813\"><span role=\"text\"><strong data-start=\"770\" data-end=\"813\">Qu\u2019est-ce que Vega Extra Cobra 120 mg ?<\/strong><\/span><\/h2>\n<p data-start=\"815\" data-end=\"1100\"><strong data-start=\"815\" data-end=\"842\">Vega Extra Cobra 120 mg<\/strong> est un produit destin\u00e9 aux hommes souffrant de <strong data-start=\"890\" data-end=\"914\">dysfonction \u00e9rectile<\/strong> ou souhaitant am\u00e9liorer la qualit\u00e9 et la dur\u00e9e de leurs \u00e9rections. Il agit en favorisant l\u2019afflux sanguin vers le p\u00e9nis, ce qui permet d\u2019obtenir une \u00e9rection plus ferme et plus durable.<\/p>\n<p data-start=\"1102\" data-end=\"1254\">Ce produit est particuli\u00e8rement appr\u00e9ci\u00e9 pour son <strong data-start=\"1152\" data-end=\"1173\">efficacit\u00e9 rapide<\/strong> et ses r\u00e9sultats fiables lorsqu\u2019il est utilis\u00e9 conform\u00e9ment aux recommandations.<\/p>\n<hr data-start=\"1256\" data-end=\"1259\" \/>\n<h2 data-section-id=\"i6b18p\" data-start=\"1261\" data-end=\"1308\"><span role=\"text\"><strong data-start=\"1264\" data-end=\"1308\">Les avantages de Vega Extra Cobra 120 mg<\/strong><\/span><\/h2>\n<ul data-start=\"1310\" data-end=\"1570\">\n<li data-section-id=\"1n83j4h\" data-start=\"1310\" data-end=\"1358\">\u2714 Favorise une <strong data-start=\"1327\" data-end=\"1356\">\u00e9rection ferme et durable<\/strong><\/li>\n<li data-section-id=\"xtqgct\" data-start=\"1359\" data-end=\"1411\">\u2714 Am\u00e9liore la <strong data-start=\"1375\" data-end=\"1409\">performance sexuelle masculine<\/strong><\/li>\n<li data-section-id=\"mruror\" data-start=\"1412\" data-end=\"1445\">\u2714 Effet rapide apr\u00e8s la prise<\/li>\n<li data-section-id=\"1ylq8pa\" data-start=\"1446\" data-end=\"1498\">\u2714 Aide \u00e0 retrouver <strong data-start=\"1467\" data-end=\"1496\">confiance et satisfaction<\/strong><\/li>\n<li data-section-id=\"1acycu3\" data-start=\"1499\" data-end=\"1570\">\u2714 Produit populaire pour le traitement de la <strong data-start=\"1546\" data-end=\"1570\">dysfonction \u00e9rectile<\/strong><\/li>\n<\/ul>\n<p data-start=\"1572\" data-end=\"1734\">Gr\u00e2ce \u00e0 sa puissance \u00e9lev\u00e9e de <strong data-start=\"1603\" data-end=\"1613\">120 mg<\/strong>, Vega Extra Cobra est souvent choisi par les hommes recherchant une solution efficace contre les troubles de l\u2019\u00e9rection.<\/p>\n<hr data-start=\"1736\" data-end=\"1739\" \/>\n<h2 data-section-id=\"1u4vnwr\" data-start=\"1741\" data-end=\"1790\"><span role=\"text\"><strong data-start=\"1744\" data-end=\"1790\">Comment utiliser Vega Extra Cobra 120 mg ?<\/strong><\/span><\/h2>\n<p data-start=\"1792\" data-end=\"1908\">Il est recommand\u00e9 de prendre <strong data-start=\"1821\" data-end=\"1886\">un comprim\u00e9 environ 30 \u00e0 60 minutes avant l\u2019activit\u00e9 sexuelle<\/strong>, avec un verre d\u2019eau.<\/p>\n<p data-start=\"1910\" data-end=\"1936\">Conseils d\u2019utilisation :<\/p>\n<ul data-start=\"1937\" data-end=\"2089\">\n<li data-section-id=\"1ow5x6m\" data-start=\"1937\" data-end=\"1981\">Ne pas d\u00e9passer <strong data-start=\"1955\" data-end=\"1979\">un comprim\u00e9 par jour<\/strong><\/li>\n<li data-section-id=\"8pv1pp\" data-start=\"1982\" data-end=\"2027\">\u00c9viter la consommation excessive d\u2019alcool<\/li>\n<li data-section-id=\"rdnadv\" data-start=\"2028\" data-end=\"2089\">Demander l\u2019avis d\u2019un professionnel de sant\u00e9 en cas de doute<\/li>\n<\/ul>\n<hr data-start=\"2091\" data-end=\"2094\" \/>\n<h2 data-section-id=\"1e2buox\" data-start=\"2096\" data-end=\"2172\"><span role=\"text\"><strong data-start=\"2099\" data-end=\"2172\">Pourquoi acheter Vega Extra Cobra 120 mg sur pharmacycanadienne.com ?<\/strong><\/span><\/h2>\n<p data-start=\"2174\" data-end=\"2244\">Sur <strong data-start=\"2178\" data-end=\"2208\"><a class=\"decorated-link\" href=\"http:\/\/lapharmaciexpress.com\" rel=\"noopener\" data-start=\"2180\" data-end=\"2206\">lapharmaciexpress.com<\/a><\/strong>, nous mettons \u00e0 votre disposition :<\/p>\n<ul data-start=\"2246\" data-end=\"2484\">\n<li data-section-id=\"1qq283o\" data-start=\"2246\" data-end=\"2285\">\ud83d\udce6 <strong data-start=\"2251\" data-end=\"2283\">Livraison discr\u00e8te et rapide<\/strong><\/li>\n<li data-section-id=\"6c1iyt\" data-start=\"2286\" data-end=\"2314\">\ud83d\udd12 <strong data-start=\"2291\" data-end=\"2312\">Paiement s\u00e9curis\u00e9<\/strong><\/li>\n<li data-section-id=\"ehr1wu\" data-start=\"2315\" data-end=\"2378\">\ud83d\udc8a Large choix de produits pour la <strong data-start=\"2352\" data-end=\"2376\">dysfonction \u00e9rectile<\/strong><\/li>\n<li data-section-id=\"13rb3qo\" data-start=\"2379\" data-end=\"2433\">\u2b50 Produits populaires et appr\u00e9ci\u00e9s par nos clients<\/li>\n<li data-section-id=\"14rf19a\" data-start=\"2434\" data-end=\"2484\">\ud83d\udcde Assistance client disponible en cas de besoin<\/li>\n<\/ul>\n<p data-start=\"2486\" data-end=\"2576\">Notre objectif est de vous offrir une exp\u00e9rience d\u2019achat simple, confidentielle et fiable.<\/p>\n<hr data-start=\"2578\" data-end=\"2581\" \/>\n","protected":false},"excerpt":{"rendered":"<p><strong data-start=\"449\" data-end=\"476\">Vega Extra Cobra 120 mg<\/strong> est un produit puissant con\u00e7u pour aider \u00e0 am\u00e9liorer l\u2019\u00e9rection et la performance masculine. Gr\u00e2ce \u00e0 son action rapide, il favorise une \u00e9rection ferme et durable, id\u00e9ale pour les hommes souffrant de troubles de l\u2019\u00e9rection. Disponible avec <strong data-start=\"716\" data-end=\"751\">livraison discr\u00e8te et s\u00e9curis\u00e9e<\/strong>, ce produit est une solution efficace pour retrouver confiance et satisfaction.<\/p>\n","protected":false},"featured_media":4349,"comment_status":"open","ping_status":"closed","template":"","meta":[],"pwb-brand":[],"product_brand":[],"product_cat":[19],"product_tag":[131,130],"class_list":{"0":"post-4340","1":"product","2":"type-product","3":"status-publish","4":"has-post-thumbnail","6":"product_cat-dysfonction-erectile","7":"product_tag-cialis","8":"product_tag-viagra","9":"clearfix","11":"first","12":"instock","13":"taxable","14":"shipping-taxable","15":"purchasable","16":"product-type-variable"},"yoast_head":"<!-- This site is optimized with the Yoast SEO plugin v27.4 - https:\/\/yoast.com\/product\/yoast-seo-wordpress\/ -->\n<title>Vega Extra Cobra 120 mg \u2013 Pilule puissante pour \u00e9rection durable La Pharmacie Express<\/title>\n<meta name=\"description\" content=\"Achetez Vega Extra Cobra 120 mg pour am\u00e9liorer vos performances masculines. Livraison discr\u00e8te et rapide. Commande s\u00e9curis\u00e9e sur lapharmaciexpress.com.\" \/>\n<meta name=\"robots\" content=\"index, follow, max-snippet:-1, max-image-preview:large, max-video-preview:-1\" \/>\n<link rel=\"canonical\" href=\"https:\/\/lapharmaciexpress.com\/?product=vega-extra-cobra-120-mg\" \/>\n<meta property=\"og:locale\" content=\"fr_FR\" \/>\n<meta property=\"og:type\" content=\"article\" \/>\n<meta property=\"og:title\" content=\"Vega Extra Cobra 120 mg \u2013 Pilule puissante pour \u00e9rection durable La Pharmacie Express\" \/>\n<meta property=\"og:description\" content=\"Achetez Vega Extra Cobra 120 mg pour am\u00e9liorer vos performances masculines. Livraison discr\u00e8te et rapide. Commande s\u00e9curis\u00e9e sur lapharmaciexpress.com.\" \/>\n<meta property=\"og:url\" content=\"https:\/\/lapharmaciexpress.com\/?product=vega-extra-cobra-120-mg\" \/>\n<meta property=\"og:site_name\" content=\"La Pharmacie Express\" \/>\n<meta property=\"article:modified_time\" content=\"2026-04-10T16:39:12+00:00\" \/>\n<meta property=\"og:image\" content=\"https:\/\/lapharmaciexpress.com\/wp-content\/uploads\/2026\/04\/cobra-120.jpg?wsr\" \/>\n\t<meta property=\"og:image:width\" content=\"500\" \/>\n\t<meta property=\"og:image:height\" content=\"500\" \/>\n\t<meta property=\"og:image:type\" content=\"image\/jpeg\" \/>\n<meta name=\"twitter:card\" content=\"summary_large_image\" \/>\n<meta name=\"twitter:label1\" content=\"Dur\u00e9e de lecture estim\u00e9e\" \/>\n\t<meta name=\"twitter:data1\" content=\"2 minutes\" \/>\n<script type=\"application\/ld+json\" class=\"yoast-schema-graph\">{\"@context\":\"https:\\\/\\\/schema.org\",\"@graph\":[{\"@type\":\"WebPage\",\"@id\":\"https:\\\/\\\/lapharmaciexpress.com\\\/?product=vega-extra-cobra-120-mg\",\"url\":\"https:\\\/\\\/lapharmaciexpress.com\\\/?product=vega-extra-cobra-120-mg\",\"name\":\"Vega Extra Cobra 120 mg \u2013 Pilule puissante pour \u00e9rection durable La Pharmacie Express\",\"isPartOf\":{\"@id\":\"https:\\\/\\\/lapharmaciexpress.com\\\/#website\"},\"primaryImageOfPage\":{\"@id\":\"https:\\\/\\\/lapharmaciexpress.com\\\/?product=vega-extra-cobra-120-mg#primaryimage\"},\"image\":{\"@id\":\"https:\\\/\\\/lapharmaciexpress.com\\\/?product=vega-extra-cobra-120-mg#primaryimage\"},\"thumbnailUrl\":\"https:\\\/\\\/lapharmaciexpress.com\\\/wp-content\\\/uploads\\\/2026\\\/04\\\/cobra-120.jpg?wsr\",\"datePublished\":\"2019-04-10T16:33:35+00:00\",\"dateModified\":\"2026-04-10T16:39:12+00:00\",\"description\":\"Achetez Vega Extra Cobra 120 mg pour am\u00e9liorer vos performances masculines. Livraison discr\u00e8te et rapide. Commande s\u00e9curis\u00e9e sur lapharmaciexpress.com.\",\"breadcrumb\":{\"@id\":\"https:\\\/\\\/lapharmaciexpress.com\\\/?product=vega-extra-cobra-120-mg#breadcrumb\"},\"inLanguage\":\"fr-FR\",\"potentialAction\":[{\"@type\":\"ReadAction\",\"target\":[\"https:\\\/\\\/lapharmaciexpress.com\\\/?product=vega-extra-cobra-120-mg\"]}]},{\"@type\":\"ImageObject\",\"inLanguage\":\"fr-FR\",\"@id\":\"https:\\\/\\\/lapharmaciexpress.com\\\/?product=vega-extra-cobra-120-mg#primaryimage\",\"url\":\"https:\\\/\\\/lapharmaciexpress.com\\\/wp-content\\\/uploads\\\/2026\\\/04\\\/cobra-120.jpg?wsr\",\"contentUrl\":\"https:\\\/\\\/lapharmaciexpress.com\\\/wp-content\\\/uploads\\\/2026\\\/04\\\/cobra-120.jpg?wsr\",\"width\":500,\"height\":500},{\"@type\":\"BreadcrumbList\",\"@id\":\"https:\\\/\\\/lapharmaciexpress.com\\\/?product=vega-extra-cobra-120-mg#breadcrumb\",\"itemListElement\":[{\"@type\":\"ListItem\",\"position\":1,\"name\":\"Accueil\",\"item\":\"https:\\\/\\\/lapharmaciexpress.com\\\/\"},{\"@type\":\"ListItem\",\"position\":2,\"name\":\"Boutique\",\"item\":\"https:\\\/\\\/lapharmaciexpress.com\\\/?page_id=6\"},{\"@type\":\"ListItem\",\"position\":3,\"name\":\"Vega Extra Cobra 120 mg\"}]},{\"@type\":\"WebSite\",\"@id\":\"https:\\\/\\\/lapharmaciexpress.com\\\/#website\",\"url\":\"https:\\\/\\\/lapharmaciexpress.com\\\/\",\"name\":\"La Pharmacie Express\",\"description\":\"La pharmacie en ligne\",\"publisher\":{\"@id\":\"https:\\\/\\\/lapharmaciexpress.com\\\/#organization\"},\"potentialAction\":[{\"@type\":\"SearchAction\",\"target\":{\"@type\":\"EntryPoint\",\"urlTemplate\":\"https:\\\/\\\/lapharmaciexpress.com\\\/?s={search_term_string}\"},\"query-input\":{\"@type\":\"PropertyValueSpecification\",\"valueRequired\":true,\"valueName\":\"search_term_string\"}}],\"inLanguage\":\"fr-FR\"},{\"@type\":\"Organization\",\"@id\":\"https:\\\/\\\/lapharmaciexpress.com\\\/#organization\",\"name\":\"La Pharmacie Express\",\"url\":\"https:\\\/\\\/lapharmaciexpress.com\\\/\",\"logo\":{\"@type\":\"ImageObject\",\"inLanguage\":\"fr-FR\",\"@id\":\"https:\\\/\\\/lapharmaciexpress.com\\\/#\\\/schema\\\/logo\\\/image\\\/\",\"url\":\"https:\\\/\\\/lapharmaciexpress.com\\\/wp-content\\\/uploads\\\/2019\\\/07\\\/ico-Lapharmacie-express.png\",\"contentUrl\":\"https:\\\/\\\/lapharmaciexpress.com\\\/wp-content\\\/uploads\\\/2019\\\/07\\\/ico-Lapharmacie-express.png\",\"width\":362,\"height\":300,\"caption\":\"La Pharmacie Express\"},\"image\":{\"@id\":\"https:\\\/\\\/lapharmaciexpress.com\\\/#\\\/schema\\\/logo\\\/image\\\/\"}}]}<\/script>\n<!-- \/ Yoast SEO plugin. -->","yoast_head_json":{"title":"Vega Extra Cobra 120 mg \u2013 Pilule puissante pour \u00e9rection durable La Pharmacie Express","description":"Achetez Vega Extra Cobra 120 mg pour am\u00e9liorer vos performances masculines. Livraison discr\u00e8te et rapide. Commande s\u00e9curis\u00e9e sur lapharmaciexpress.com.","robots":{"index":"index","follow":"follow","max-snippet":"max-snippet:-1","max-image-preview":"max-image-preview:large","max-video-preview":"max-video-preview:-1"},"canonical":"https:\/\/lapharmaciexpress.com\/?product=vega-extra-cobra-120-mg","og_locale":"fr_FR","og_type":"article","og_title":"Vega Extra Cobra 120 mg \u2013 Pilule puissante pour \u00e9rection durable La Pharmacie Express","og_description":"Achetez Vega Extra Cobra 120 mg pour am\u00e9liorer vos performances masculines. Livraison discr\u00e8te et rapide. Commande s\u00e9curis\u00e9e sur lapharmaciexpress.com.","og_url":"https:\/\/lapharmaciexpress.com\/?product=vega-extra-cobra-120-mg","og_site_name":"La Pharmacie Express","article_modified_time":"2026-04-10T16:39:12+00:00","og_image":[{"width":500,"height":500,"url":"https:\/\/lapharmaciexpress.com\/wp-content\/uploads\/2026\/04\/cobra-120.jpg?wsr","type":"image\/jpeg"}],"twitter_card":"summary_large_image","twitter_misc":{"Dur\u00e9e de lecture estim\u00e9e":"2 minutes"},"schema":{"@context":"https:\/\/schema.org","@graph":[{"@type":"WebPage","@id":"https:\/\/lapharmaciexpress.com\/?product=vega-extra-cobra-120-mg","url":"https:\/\/lapharmaciexpress.com\/?product=vega-extra-cobra-120-mg","name":"Vega Extra Cobra 120 mg \u2013 Pilule puissante pour \u00e9rection durable La Pharmacie Express","isPartOf":{"@id":"https:\/\/lapharmaciexpress.com\/#website"},"primaryImageOfPage":{"@id":"https:\/\/lapharmaciexpress.com\/?product=vega-extra-cobra-120-mg#primaryimage"},"image":{"@id":"https:\/\/lapharmaciexpress.com\/?product=vega-extra-cobra-120-mg#primaryimage"},"thumbnailUrl":"https:\/\/lapharmaciexpress.com\/wp-content\/uploads\/2026\/04\/cobra-120.jpg?wsr","datePublished":"2019-04-10T16:33:35+00:00","dateModified":"2026-04-10T16:39:12+00:00","description":"Achetez Vega Extra Cobra 120 mg pour am\u00e9liorer vos performances masculines. Livraison discr\u00e8te et rapide. Commande s\u00e9curis\u00e9e sur lapharmaciexpress.com.","breadcrumb":{"@id":"https:\/\/lapharmaciexpress.com\/?product=vega-extra-cobra-120-mg#breadcrumb"},"inLanguage":"fr-FR","potentialAction":[{"@type":"ReadAction","target":["https:\/\/lapharmaciexpress.com\/?product=vega-extra-cobra-120-mg"]}]},{"@type":"ImageObject","inLanguage":"fr-FR","@id":"https:\/\/lapharmaciexpress.com\/?product=vega-extra-cobra-120-mg#primaryimage","url":"https:\/\/lapharmaciexpress.com\/wp-content\/uploads\/2026\/04\/cobra-120.jpg?wsr","contentUrl":"https:\/\/lapharmaciexpress.com\/wp-content\/uploads\/2026\/04\/cobra-120.jpg?wsr","width":500,"height":500},{"@type":"BreadcrumbList","@id":"https:\/\/lapharmaciexpress.com\/?product=vega-extra-cobra-120-mg#breadcrumb","itemListElement":[{"@type":"ListItem","position":1,"name":"Accueil","item":"https:\/\/lapharmaciexpress.com\/"},{"@type":"ListItem","position":2,"name":"Boutique","item":"https:\/\/lapharmaciexpress.com\/?page_id=6"},{"@type":"ListItem","position":3,"name":"Vega Extra Cobra 120 mg"}]},{"@type":"WebSite","@id":"https:\/\/lapharmaciexpress.com\/#website","url":"https:\/\/lapharmaciexpress.com\/","name":"La Pharmacie Express","description":"La pharmacie en ligne","publisher":{"@id":"https:\/\/lapharmaciexpress.com\/#organization"},"potentialAction":[{"@type":"SearchAction","target":{"@type":"EntryPoint","urlTemplate":"https:\/\/lapharmaciexpress.com\/?s={search_term_string}"},"query-input":{"@type":"PropertyValueSpecification","valueRequired":true,"valueName":"search_term_string"}}],"inLanguage":"fr-FR"},{"@type":"Organization","@id":"https:\/\/lapharmaciexpress.com\/#organization","name":"La Pharmacie Express","url":"https:\/\/lapharmaciexpress.com\/","logo":{"@type":"ImageObject","inLanguage":"fr-FR","@id":"https:\/\/lapharmaciexpress.com\/#\/schema\/logo\/image\/","url":"https:\/\/lapharmaciexpress.com\/wp-content\/uploads\/2019\/07\/ico-Lapharmacie-express.png","contentUrl":"https:\/\/lapharmaciexpress.com\/wp-content\/uploads\/2019\/07\/ico-Lapharmacie-express.png","width":362,"height":300,"caption":"La Pharmacie Express"},"image":{"@id":"https:\/\/lapharmaciexpress.com\/#\/schema\/logo\/image\/"}}]}},"jetpack_sharing_enabled":true,"brands":[],"_links":{"self":[{"href":"https:\/\/lapharmaciexpress.com\/index.php?rest_route=\/wp\/v2\/product\/4340","targetHints":{"allow":["GET"]}}],"collection":[{"href":"https:\/\/lapharmaciexpress.com\/index.php?rest_route=\/wp\/v2\/product"}],"about":[{"href":"https:\/\/lapharmaciexpress.com\/index.php?rest_route=\/wp\/v2\/types\/product"}],"replies":[{"embeddable":true,"href":"https:\/\/lapharmaciexpress.com\/index.php?rest_route=%2Fwp%2Fv2%2Fcomments&post=4340"}],"wp:featuredmedia":[{"embeddable":true,"href":"https:\/\/lapharmaciexpress.com\/index.php?rest_route=\/wp\/v2\/media\/4349"}],"wp:attachment":[{"href":"https:\/\/lapharmaciexpress.com\/index.php?rest_route=%2Fwp%2Fv2%2Fmedia&parent=4340"}],"wp:term":[{"taxonomy":"pwb-brand","embeddable":true,"href":"https:\/\/lapharmaciexpress.com\/index.php?rest_route=%2Fwp%2Fv2%2Fpwb-brand&post=4340"},{"taxonomy":"product_brand","embeddable":true,"href":"https:\/\/lapharmaciexpress.com\/index.php?rest_route=%2Fwp%2Fv2%2Fproduct_brand&post=4340"},{"taxonomy":"product_cat","embeddable":true,"href":"https:\/\/lapharmaciexpress.com\/index.php?rest_route=%2Fwp%2Fv2%2Fproduct_cat&post=4340"},{"taxonomy":"product_tag","embeddable":true,"href":"https:\/\/lapharmaciexpress.com\/index.php?rest_route=%2Fwp%2Fv2%2Fproduct_tag&post=4340"}],"curies":[{"name":"wp","href":"https:\/\/api.w.org\/{rel}","templated":true}]}}